{"id":3703,"date":"2024-01-18T09:54:49","date_gmt":"2024-01-18T09:54:49","guid":{"rendered":"https:\/\/braintainment.com\/intaktsgenerering\/"},"modified":"2024-12-02T16:34:59","modified_gmt":"2024-12-02T16:34:59","slug":"intaktsgenerering","status":"publish","type":"page","link":"https:\/\/braintainment.com\/sv\/intaktsgenerering\/","title":{"rendered":"Int\u00e4ktsgenerering"},"content":{"rendered":"\t\t<div data-elementor-type=\"wp-page\" data-elementor-id=\"3703\" class=\"elementor elementor-3703 elementor-405\" data-elementor-post-type=\"page\">\n\t\t\t\t\t\t<section class=\"elementor-section elementor-top-section elementor-element elementor-element-a682887 section-pagetitle monetize elementor-section-boxed elementor-section-height-default elementor-section-height-default\" data-id=\"a682887\" data-element_type=\"section\" data-e-type=\"section\">\n\t\t\t\t\t\t<div class=\"elementor-container elementor-column-gap-default\">\n\t\t\t\t\t<div class=\"elementor-column elementor-col-100 elementor-top-column elementor-element elementor-element-f4c45ed\" data-id=\"f4c45ed\" data-element_type=\"column\" data-e-type=\"column\">\n\t\t\t<div class=\"elementor-widget-wrap elementor-element-populated\">\n\t\t\t\t\t\t<div class=\"elementor-element elementor-element-d769d4a shape shape-1 elementor-view-default elementor-widget elementor-widget-icon\" data-id=\"d769d4a\" data-element_type=\"widget\" data-e-type=\"widget\" data-settings=\"{&quot;motion_fx_motion_fx_scrolling&quot;:&quot;yes&quot;,&quot;motion_fx_devices&quot;:[&quot;desktop&quot;,&quot;tablet&quot;,&quot;mobile&quot;]}\" data-widget_type=\"icon.default\">\n\t\t\t\t<div class=\"elementor-widget-container\">\n\t\t\t\t\t\t\t<div class=\"elementor-icon-wrapper\">\n\t\t\t<div class=\"elementor-icon\">\n\t\t\t<svg xmlns=\"http:\/\/www.w3.org\/2000\/svg\" width=\"75\" height=\"75\" viewBox=\"0 0 75 75\"><path d=\"M54.515,71.485,37.5,54.47,20.485,71.485a12,12,0,1,1-16.97-16.97L20.529,37.5,3.515,20.485a12,12,0,0,1,16.97-16.97L37.5,20.529,54.515,3.515a12,12,0,1,1,16.97,16.97L54.47,37.5,71.485,54.515a12,12,0,0,1-16.97,16.97Z\" transform=\"translate(0)\" fill=\"#fc9335\"><\/path><\/svg>\t\t\t<\/div>\n\t\t<\/div>\n\t\t\t\t\t\t<\/div>\n\t\t\t\t<\/div>\n\t\t\t\t<div class=\"elementor-element elementor-element-59eb941 sub-title elementor-widget elementor-widget-heading\" data-id=\"59eb941\" data-element_type=\"widget\" data-e-type=\"widget\" data-widget_type=\"heading.default\">\n\t\t\t\t<div class=\"elementor-widget-container\">\n\t\t\t\t\t<p class=\"elementor-heading-title elementor-size-default\">Int\u00e4ktsgenerering<\/p>\t\t\t\t<\/div>\n\t\t\t\t<\/div>\n\t\t\t\t<div class=\"elementor-element elementor-element-209db71 elementor-widget elementor-widget-text-editor\" data-id=\"209db71\" data-element_type=\"widget\" data-e-type=\"widget\" data-widget_type=\"text-editor.default\">\n\t\t\t\t<div class=\"elementor-widget-container\">\n\t\t\t\t\t\t\t\t\t<h1><strong>Maximera int\u00e4ktsstr\u00f6mmar<\/strong><\/h1>\n<p>Utnyttja kraften i korsord och spel f\u00f6r att \u00f6ppna upp nya int\u00e4ktsstr\u00f6mmar!<\/p>\n\t\t\t\t\t\t\t\t<\/div>\n\t\t\t\t<\/div>\n\t\t\t\t<div class=\"elementor-element elementor-element-06ce0c0 shape shape-2 elementor-view-default elementor-widget elementor-widget-icon\" data-id=\"06ce0c0\" data-element_type=\"widget\" data-e-type=\"widget\" data-settings=\"{&quot;motion_fx_motion_fx_scrolling&quot;:&quot;yes&quot;,&quot;motion_fx_translateY_effect&quot;:&quot;yes&quot;,&quot;motion_fx_translateY_speed&quot;:{&quot;unit&quot;:&quot;px&quot;,&quot;size&quot;:2.5,&quot;sizes&quot;:[]},&quot;motion_fx_translateY_affectedRange&quot;:{&quot;unit&quot;:&quot;%&quot;,&quot;size&quot;:&quot;&quot;,&quot;sizes&quot;:{&quot;start&quot;:0,&quot;end&quot;:100}},&quot;motion_fx_devices&quot;:[&quot;desktop&quot;,&quot;tablet&quot;,&quot;mobile&quot;]}\" data-widget_type=\"icon.default\">\n\t\t\t\t<div class=\"elementor-widget-container\">\n\t\t\t\t\t\t\t<div class=\"elementor-icon-wrapper\">\n\t\t\t<div class=\"elementor-icon\">\n\t\t\t<svg xmlns=\"http:\/\/www.w3.org\/2000\/svg\" width=\"98.442\" height=\"94.229\" viewBox=\"0 0 98.442 94.229\"><path d=\"M48.4,5.857a5,5,0,0,1,8.194,0L71.2,26.733a5,5,0,0,0,2.632,1.915l24.35,7.46a5,5,0,0,1,2.531,7.786L85.388,64.27a5,5,0,0,0-1,3.092l.439,25.5A5,5,0,0,1,78.2,97.674L54.129,89.381a5,5,0,0,0-3.258,0L26.8,97.674a5,5,0,0,1-6.628-4.813l.439-25.5a5,5,0,0,0-1-3.092L4.286,43.894a5,5,0,0,1,2.531-7.786l24.35-7.46A5,5,0,0,0,33.8,26.733Z\" transform=\"translate(-3.279 -3.723)\" fill=\"#6a82e0\"><\/path><\/svg>\t\t\t<\/div>\n\t\t<\/div>\n\t\t\t\t\t\t<\/div>\n\t\t\t\t<\/div>\n\t\t\t\t\t<\/div>\n\t\t<\/div>\n\t\t\t\t\t<\/div>\n\t\t<\/section>\n\t\t\t\t<section class=\"elementor-section elementor-top-section elementor-element elementor-element-679f28d section-image-content monetize elementor-reverse-tablet elementor-reverse-mobile elementor-section-boxed elementor-section-height-default elementor-section-height-default\" data-id=\"679f28d\" data-element_type=\"section\" data-e-type=\"section\">\n\t\t\t\t\t\t<div class=\"elementor-container elementor-column-gap-default\">\n\t\t\t\t\t<div class=\"elementor-column elementor-col-50 elementor-top-column elementor-element elementor-element-ea5803f\" data-id=\"ea5803f\" data-element_type=\"column\" data-e-type=\"column\">\n\t\t\t<div class=\"elementor-widget-wrap elementor-element-populated\">\n\t\t\t\t\t\t<div class=\"elementor-element elementor-element-645734d elementor-widget elementor-widget-image\" data-id=\"645734d\" data-element_type=\"widget\" data-e-type=\"widget\" data-widget_type=\"image.default\">\n\t\t\t\t<div class=\"elementor-widget-container\">\n\t\t\t\t\t\t\t\t\t\t\t\t\t\t\t<img fetchpriority=\"high\" decoding=\"async\" width=\"531\" height=\"820\" src=\"https:\/\/braintainment.com\/wp-content\/uploads\/monetize-build-your-own-revenue.svg\" class=\"attachment-large size-large wp-image-2368\" alt=\"\" \/>\t\t\t\t\t\t\t\t\t\t\t\t\t\t\t<\/div>\n\t\t\t\t<\/div>\n\t\t\t\t<div class=\"elementor-element elementor-element-d88a6ec shape shape-1 elementor-view-default elementor-widget elementor-widget-icon\" data-id=\"d88a6ec\" data-element_type=\"widget\" data-e-type=\"widget\" data-settings=\"{&quot;motion_fx_motion_fx_scrolling&quot;:&quot;yes&quot;,&quot;motion_fx_translateY_effect&quot;:&quot;yes&quot;,&quot;motion_fx_translateY_direction&quot;:&quot;negative&quot;,&quot;motion_fx_translateY_speed&quot;:{&quot;unit&quot;:&quot;px&quot;,&quot;size&quot;:2,&quot;sizes&quot;:[]},&quot;motion_fx_rotateZ_effect&quot;:&quot;yes&quot;,&quot;motion_fx_rotateZ_speed&quot;:{&quot;unit&quot;:&quot;px&quot;,&quot;size&quot;:4,&quot;sizes&quot;:[]},&quot;motion_fx_translateY_affectedRange&quot;:{&quot;unit&quot;:&quot;%&quot;,&quot;size&quot;:&quot;&quot;,&quot;sizes&quot;:{&quot;start&quot;:0,&quot;end&quot;:100}},&quot;motion_fx_rotateZ_affectedRange&quot;:{&quot;unit&quot;:&quot;%&quot;,&quot;size&quot;:&quot;&quot;,&quot;sizes&quot;:{&quot;start&quot;:0,&quot;end&quot;:100}},&quot;motion_fx_devices&quot;:[&quot;desktop&quot;,&quot;tablet&quot;,&quot;mobile&quot;]}\" data-widget_type=\"icon.default\">\n\t\t\t\t<div class=\"elementor-widget-container\">\n\t\t\t\t\t\t\t<div class=\"elementor-icon-wrapper\">\n\t\t\t<div class=\"elementor-icon\">\n\t\t\t<svg xmlns=\"http:\/\/www.w3.org\/2000\/svg\" width=\"103.249\" height=\"98.816\" viewBox=\"0 0 103.249 98.816\"><path d=\"M49.558,2.14a5,5,0,0,1,5.883,0l46.624,33.922a5,5,0,0,1,1.814,5.586l-17.812,54.9A5,5,0,0,1,81.313,100H23.687a5,5,0,0,1-4.756-3.457L1.12,41.648a5,5,0,0,1,1.814-5.586Z\" transform=\"translate(-0.875 -1.184)\" fill=\"#ff8691\"><\/path><\/svg>\t\t\t<\/div>\n\t\t<\/div>\n\t\t\t\t\t\t<\/div>\n\t\t\t\t<\/div>\n\t\t\t\t\t<\/div>\n\t\t<\/div>\n\t\t\t\t<div class=\"elementor-column elementor-col-50 elementor-top-column elementor-element elementor-element-c1f3fc1\" data-id=\"c1f3fc1\" data-element_type=\"column\" data-e-type=\"column\">\n\t\t\t<div class=\"elementor-widget-wrap elementor-element-populated\">\n\t\t\t\t\t\t<div class=\"elementor-element elementor-element-8456004 sub-title elementor-widget elementor-widget-heading\" data-id=\"8456004\" data-element_type=\"widget\" data-e-type=\"widget\" data-widget_type=\"heading.default\">\n\t\t\t\t<div class=\"elementor-widget-container\">\n\t\t\t\t\t<p class=\"elementor-heading-title elementor-size-default\">Int\u00e4ktsgenerering<\/p>\t\t\t\t<\/div>\n\t\t\t\t<\/div>\n\t\t\t\t<div class=\"elementor-element elementor-element-57b4142 elementor-widget elementor-widget-text-editor\" data-id=\"57b4142\" data-element_type=\"widget\" data-e-type=\"widget\" data-widget_type=\"text-editor.default\">\n\t\t\t\t<div class=\"elementor-widget-container\">\n\t\t\t\t\t\t\t\t\t<h2><strong>Skapa din egen int\u00e4ktsstr\u00f6m<\/strong><\/h2>\n<p>Genom att kommersialisera spel och korsord p\u00e5 din plattform kan du omvandla anv\u00e4ndarengagemanget till en l\u00f6nsam int\u00e4ktsstr\u00f6m, diversifiera dina inkomstk\u00e4llor och st\u00e4rka det samlade kunderbjudandet.<\/p>\n<p>N\u00e4r det g\u00e4ller att generera int\u00e4kter fr\u00e5n spel- och korsordsinneh\u00e5ll \u00e4r freemium-modellen och kanalstrategin tv\u00e5 popul\u00e4ra alternativ:<\/p>\n<ul>\n<li>Freemium-modellen inneb\u00e4r en avskalad gratisversion av spelen och korsorden, medan ytterligare funktioner, niv\u00e5er och inneh\u00e5ll tillhandah\u00e5lls mot en avgift (premiumversionen).<\/li>\n<li>Kanalstrategin g\u00e5r ut p\u00e5 att skapa en spel- eller korsordskanal och att kapitalisera p\u00e5 denna genom att erbjuda prenumerationer p\u00e5 den.<\/li>\n<\/ul>\n<p>B\u00e5da alternativen har sina f\u00f6rdelar och kan vara effektiva strategier f\u00f6r att generera int\u00e4kter. En del plattformar kombinerar till och med delar fr\u00e5n b\u00e5da modellerna f\u00f6r att optimera int\u00e4ktsgenerering och kundn\u00f6jdhet.<\/p>\n\t\t\t\t\t\t\t\t<\/div>\n\t\t\t\t<\/div>\n\t\t\t\t<div class=\"elementor-element elementor-element-44da132 elementor-widget elementor-widget-button\" data-id=\"44da132\" data-element_type=\"widget\" data-e-type=\"widget\" data-settings=\"{&quot;enabled_visibility&quot;:&quot;yes&quot;,&quot;dce_visibility_selected&quot;:&quot;hide&quot;}\" data-widget_type=\"button.default\">\n\t\t\t\t<div class=\"elementor-widget-container\">\n\t\t\t\t\t\t\t\t\t<div class=\"elementor-button-wrapper\">\n\t\t\t\t\t<a class=\"elementor-button elementor-button-link elementor-size-sm\" href=\"https:\/\/braintainment.com\/sv\/begar-en-demo\/\">\n\t\t\t\t\t\t<span class=\"elementor-button-content-wrapper\">\n\t\t\t\t\t\t\t\t\t<span class=\"elementor-button-text\">Klicka f\u00f6r demo<\/span>\n\t\t\t\t\t<\/span>\n\t\t\t\t\t<\/a>\n\t\t\t\t<\/div>\n\t\t\t\t\t\t\t\t<\/div>\n\t\t\t\t<\/div>\n\t\t<!-- dce invisible element 7c5db23 -->\t\t<div class=\"elementor-element elementor-element-b89dc2b shape shape-2 elementor-widget elementor-widget-html\" data-id=\"b89dc2b\" data-element_type=\"widget\" data-e-type=\"widget\" data-widget_type=\"html.default\">\n\t\t\t\t<div class=\"elementor-widget-container\">\n\t\t\t\t\t<object type=\"image\/svg+xml\" data=\"\/wp-content\/uploads\/icon-arrows-groen.svg\" width=\"120\" height=\"200\"><\/object>\t\t\t\t<\/div>\n\t\t\t\t<\/div>\n\t\t\t\t\t<\/div>\n\t\t<\/div>\n\t\t\t\t\t<\/div>\n\t\t<\/section>\n\t\t\t\t<section class=\"elementor-section elementor-top-section elementor-element elementor-element-20b8cbf section-highlighted-black monetize elementor-section-boxed elementor-section-height-default elementor-section-height-default\" data-id=\"20b8cbf\" data-element_type=\"section\" data-e-type=\"section\">\n\t\t\t\t\t\t<div class=\"elementor-container elementor-column-gap-default\">\n\t\t\t\t\t<div class=\"elementor-column elementor-col-100 elementor-top-column elementor-element elementor-element-e891132\" data-id=\"e891132\" data-element_type=\"column\" data-e-type=\"column\">\n\t\t\t<div class=\"elementor-widget-wrap elementor-element-populated\">\n\t\t\t\t\t\t<div class=\"elementor-element elementor-element-638a14c sub-title elementor-widget elementor-widget-heading\" data-id=\"638a14c\" data-element_type=\"widget\" data-e-type=\"widget\" data-widget_type=\"heading.default\">\n\t\t\t\t<div class=\"elementor-widget-container\">\n\t\t\t\t\t<p class=\"elementor-heading-title elementor-size-default\">KUNDEXEMPEL<\/p>\t\t\t\t<\/div>\n\t\t\t\t<\/div>\n\t\t\t\t<div class=\"elementor-element elementor-element-7816c8a elementor-widget elementor-widget-text-editor\" data-id=\"7816c8a\" data-element_type=\"widget\" data-e-type=\"widget\" data-widget_type=\"text-editor.default\">\n\t\t\t\t<div class=\"elementor-widget-container\">\n\t\t\t\t\t\t\t\t\t<h2><strong>En av v\u00e5ra kunders framg\u00e5ngshistoria<\/strong><\/h2><p>\nEtt framst\u00e5ende nordiskt f\u00f6rlag s\u00f6kte efter s\u00e4tt att \u00f6ka anv\u00e4ndarengagemanget och ut\u00f6ka sin lojala prenumerantbas. Genom att nyttja populariteten i korsord, spel och klurigheter inledde f\u00f6rlaget en strategisk f\u00f6r\u00e4ndring f\u00f6r att kapitalisera p\u00e5 denna v\u00e4xande marknad samtidigt som de siktade p\u00e5 att driva int\u00e4kter genom en premium-aff\u00e4rsmodell. F\u00f6rlaget b\u00f6rjade med att erbjuda en rad kostnadsfria klurigheter och spel, vilket lockade en betydande anv\u00e4ndarbas. Denna inledande fas var avg\u00f6rande f\u00f6r att bygga f\u00f6rtroende, fr\u00e4mja engagemang och f\u00f6rst\u00e5 anv\u00e4ndarpreferenser. Resultatet:<\/p>\n<ul>\n \t<li><strong>Prenumerantf\u00f6rv\u00e4rv:<\/strong> Hela femtio procent av alla prenumeranter f\u00f6rv\u00e4rvades genom kanalen med spel och klurigheter, vilket understryker dess avg\u00f6rande roll i att driva konverteringar.<\/li>\n \t<li><strong>Engagerad anv\u00e4ndarbas:<\/strong> Den inledande gratismodellen ledde till en betydande \u00f6kning av engagerade anv\u00e4ndare, vilket lade grunden f\u00f6r framg\u00e5ngsrika insatser kring int\u00e4ktsgenerering.<\/li>\n \t<li><strong>Framg\u00e5ngsrik int\u00e4ktsgenerering:<\/strong> Med premiummodellen kunde f\u00f6rlaget effektivt generera int\u00e4kter fr\u00e5n sin engagerade publik, genom att en betydande del av gratisanv\u00e4ndarna gick \u00f6ver till att bli betalande prenumeranter.<\/li>\n \t<li><strong>Int\u00e4kts\u00f6kning:<\/strong> \u00d6verg\u00e5ngen till en premiummodell st\u00e4rkte int\u00e4ktsstr\u00f6mmarna avsev\u00e4rt, vilket visar p\u00e5 l\u00f6nsamheten i att tillgodose en dedikerad publik deras korsord, klurigheter och spel.<\/li>\n<\/ul>\t\t\t\t\t\t\t\t<\/div>\n\t\t\t\t<\/div>\n\t\t\t\t<div class=\"elementor-element elementor-element-5602219 elementor-widget elementor-widget-html\" data-id=\"5602219\" data-element_type=\"widget\" data-e-type=\"widget\" data-widget_type=\"html.default\">\n\t\t\t\t<div class=\"elementor-widget-container\">\n\t\t\t\t\t<object type=\"image\/svg+xml\" data=\"\/wp-content\/uploads\/icon-dots-animated.svg\" width=\"120\" height=\"260\"><\/object>\t\t\t\t<\/div>\n\t\t\t\t<\/div>\n\t\t\t\t\t<\/div>\n\t\t<\/div>\n\t\t\t\t\t<\/div>\n\t\t<\/section>\n\t\t\t\t<\/div>\n\t\t","protected":false},"excerpt":{"rendered":"<p>Int\u00e4ktsgenerering Maximera int\u00e4ktsstr\u00f6mmar Utnyttja kraften i korsord och spel f\u00f6r att \u00f6ppna upp nya int\u00e4ktsstr\u00f6mmar! Int\u00e4ktsgenerering Skapa din egen int\u00e4ktsstr\u00f6m Genom att kommersialisera spel och korsord p\u00e5 din plattform kan du omvandla anv\u00e4ndarengagemanget till en l\u00f6nsam int\u00e4ktsstr\u00f6m, diversifiera dina inkomstk\u00e4llor och st\u00e4rka det samlade kunderbjudandet. N\u00e4r det g\u00e4ller att generera int\u00e4kter fr\u00e5n spel- och korsordsinneh\u00e5ll [&hellip;]<\/p>\n","protected":false},"author":1,"featured_media":0,"parent":0,"menu_order":0,"comment_status":"closed","ping_status":"closed","template":"","meta":{"_acf_changed":false,"footnotes":""},"class_list":["post-3703","page","type-page","status-publish","hentry"],"acf":[],"yoast_head":"<!-- This site is optimized with the Yoast SEO plugin v27.4 - https:\/\/yoast.com\/product\/yoast-seo-wordpress\/ -->\n<title>Monetarisering - maximera int\u00e4ktsstr\u00f6mmar och inkomstk\u00e4llor<\/title>\n<meta name=\"description\" content=\"Genom att kommersialisera spel och korsord p\u00e5 din plattform omvandlar du anv\u00e4ndarnas engagemang till int\u00e4ktsstr\u00f6mmar, int\u00e4ktsk\u00e4llor och st\u00e4rker v\u00e4rdet\" \/>\n<meta name=\"robots\" content=\"index, follow, max-snippet:-1, max-image-preview:large, max-video-preview:-1\" \/>\n<link rel=\"canonical\" href=\"https:\/\/braintainment.com\/sv\/intaktsgenerering\/\" \/>\n<meta property=\"og:locale\" content=\"sv_SE\" \/>\n<meta property=\"og:type\" content=\"article\" \/>\n<meta property=\"og:title\" content=\"Monetarisering - maximera int\u00e4ktsstr\u00f6mmar och inkomstk\u00e4llor\" \/>\n<meta property=\"og:description\" content=\"Genom att kommersialisera spel och korsord p\u00e5 din plattform omvandlar du anv\u00e4ndarnas engagemang till int\u00e4ktsstr\u00f6mmar, int\u00e4ktsk\u00e4llor och st\u00e4rker v\u00e4rdet\" \/>\n<meta property=\"og:url\" content=\"https:\/\/braintainment.com\/sv\/intaktsgenerering\/\" \/>\n<meta property=\"og:site_name\" content=\"Braintainment\" \/>\n<meta property=\"article:modified_time\" content=\"2024-12-02T16:34:59+00:00\" \/>\n<meta property=\"og:image\" content=\"https:\/\/braintainment.com\/wp-content\/uploads\/site-image-keesing.jpg\" \/>\n\t<meta property=\"og:image:width\" content=\"1200\" \/>\n\t<meta property=\"og:image:height\" content=\"675\" \/>\n\t<meta property=\"og:image:type\" content=\"image\/jpeg\" \/>\n<meta name=\"twitter:card\" content=\"summary_large_image\" \/>\n<meta name=\"twitter:label1\" content=\"Ber\u00e4knad l\u00e4stid\" \/>\n\t<meta name=\"twitter:data1\" content=\"2 minuter\" \/>\n<script type=\"application\/ld+json\" class=\"yoast-schema-graph\">{\"@context\":\"https:\\\/\\\/schema.org\",\"@graph\":[{\"@type\":\"WebPage\",\"@id\":\"https:\\\/\\\/braintainment.com\\\/sv\\\/intaktsgenerering\\\/\",\"url\":\"https:\\\/\\\/braintainment.com\\\/sv\\\/intaktsgenerering\\\/\",\"name\":\"Monetarisering - maximera int\u00e4ktsstr\u00f6mmar och inkomstk\u00e4llor\",\"isPartOf\":{\"@id\":\"https:\\\/\\\/braintainment.com\\\/sv\\\/#website\"},\"primaryImageOfPage\":{\"@id\":\"https:\\\/\\\/braintainment.com\\\/sv\\\/intaktsgenerering\\\/#primaryimage\"},\"image\":{\"@id\":\"https:\\\/\\\/braintainment.com\\\/sv\\\/intaktsgenerering\\\/#primaryimage\"},\"thumbnailUrl\":\"https:\\\/\\\/braintainment.com\\\/wp-content\\\/uploads\\\/monetize-build-your-own-revenue.svg\",\"datePublished\":\"2024-01-18T09:54:49+00:00\",\"dateModified\":\"2024-12-02T16:34:59+00:00\",\"description\":\"Genom att kommersialisera spel och korsord p\u00e5 din plattform omvandlar du anv\u00e4ndarnas engagemang till int\u00e4ktsstr\u00f6mmar, int\u00e4ktsk\u00e4llor och st\u00e4rker v\u00e4rdet\",\"breadcrumb\":{\"@id\":\"https:\\\/\\\/braintainment.com\\\/sv\\\/intaktsgenerering\\\/#breadcrumb\"},\"inLanguage\":\"sv-SE\",\"potentialAction\":[{\"@type\":\"ReadAction\",\"target\":[\"https:\\\/\\\/braintainment.com\\\/sv\\\/intaktsgenerering\\\/\"]}]},{\"@type\":\"ImageObject\",\"inLanguage\":\"sv-SE\",\"@id\":\"https:\\\/\\\/braintainment.com\\\/sv\\\/intaktsgenerering\\\/#primaryimage\",\"url\":\"https:\\\/\\\/braintainment.com\\\/wp-content\\\/uploads\\\/monetize-build-your-own-revenue.svg\",\"contentUrl\":\"https:\\\/\\\/braintainment.com\\\/wp-content\\\/uploads\\\/monetize-build-your-own-revenue.svg\"},{\"@type\":\"BreadcrumbList\",\"@id\":\"https:\\\/\\\/braintainment.com\\\/sv\\\/intaktsgenerering\\\/#breadcrumb\",\"itemListElement\":[{\"@type\":\"ListItem\",\"position\":1,\"name\":\"Home\",\"item\":\"https:\\\/\\\/braintainment.com\\\/sv\\\/\"},{\"@type\":\"ListItem\",\"position\":2,\"name\":\"Int\u00e4ktsgenerering\"}]},{\"@type\":\"WebSite\",\"@id\":\"https:\\\/\\\/braintainment.com\\\/sv\\\/#website\",\"url\":\"https:\\\/\\\/braintainment.com\\\/sv\\\/\",\"name\":\"Braintainment\",\"description\":\"\",\"publisher\":{\"@id\":\"https:\\\/\\\/braintainment.com\\\/sv\\\/#organization\"},\"potentialAction\":[{\"@type\":\"SearchAction\",\"target\":{\"@type\":\"EntryPoint\",\"urlTemplate\":\"https:\\\/\\\/braintainment.com\\\/sv\\\/?s={search_term_string}\"},\"query-input\":{\"@type\":\"PropertyValueSpecification\",\"valueRequired\":true,\"valueName\":\"search_term_string\"}}],\"inLanguage\":\"sv-SE\"},{\"@type\":\"Organization\",\"@id\":\"https:\\\/\\\/braintainment.com\\\/sv\\\/#organization\",\"name\":\"Braintainment\",\"url\":\"https:\\\/\\\/braintainment.com\\\/sv\\\/\",\"logo\":{\"@type\":\"ImageObject\",\"inLanguage\":\"sv-SE\",\"@id\":\"https:\\\/\\\/braintainment.com\\\/sv\\\/#\\\/schema\\\/logo\\\/image\\\/\",\"url\":\"https:\\\/\\\/braintainment.com\\\/wp-content\\\/uploads\\\/Logo-Braintaiment-Keesing-Color.png\",\"contentUrl\":\"https:\\\/\\\/braintainment.com\\\/wp-content\\\/uploads\\\/Logo-Braintaiment-Keesing-Color.png\",\"width\":468,\"height\":98,\"caption\":\"Braintainment\"},\"image\":{\"@id\":\"https:\\\/\\\/braintainment.com\\\/sv\\\/#\\\/schema\\\/logo\\\/image\\\/\"}}]}<\/script>\n<!-- \/ Yoast SEO plugin. -->","yoast_head_json":{"title":"Monetarisering - maximera int\u00e4ktsstr\u00f6mmar och inkomstk\u00e4llor","description":"Genom att kommersialisera spel och korsord p\u00e5 din plattform omvandlar du anv\u00e4ndarnas engagemang till int\u00e4ktsstr\u00f6mmar, int\u00e4ktsk\u00e4llor och st\u00e4rker v\u00e4rdet","robots":{"index":"index","follow":"follow","max-snippet":"max-snippet:-1","max-image-preview":"max-image-preview:large","max-video-preview":"max-video-preview:-1"},"canonical":"https:\/\/braintainment.com\/sv\/intaktsgenerering\/","og_locale":"sv_SE","og_type":"article","og_title":"Monetarisering - maximera int\u00e4ktsstr\u00f6mmar och inkomstk\u00e4llor","og_description":"Genom att kommersialisera spel och korsord p\u00e5 din plattform omvandlar du anv\u00e4ndarnas engagemang till int\u00e4ktsstr\u00f6mmar, int\u00e4ktsk\u00e4llor och st\u00e4rker v\u00e4rdet","og_url":"https:\/\/braintainment.com\/sv\/intaktsgenerering\/","og_site_name":"Braintainment","article_modified_time":"2024-12-02T16:34:59+00:00","og_image":[{"width":1200,"height":675,"url":"https:\/\/braintainment.com\/wp-content\/uploads\/site-image-keesing.jpg","type":"image\/jpeg"}],"twitter_card":"summary_large_image","twitter_misc":{"Ber\u00e4knad l\u00e4stid":"2 minuter"},"schema":{"@context":"https:\/\/schema.org","@graph":[{"@type":"WebPage","@id":"https:\/\/braintainment.com\/sv\/intaktsgenerering\/","url":"https:\/\/braintainment.com\/sv\/intaktsgenerering\/","name":"Monetarisering - maximera int\u00e4ktsstr\u00f6mmar och inkomstk\u00e4llor","isPartOf":{"@id":"https:\/\/braintainment.com\/sv\/#website"},"primaryImageOfPage":{"@id":"https:\/\/braintainment.com\/sv\/intaktsgenerering\/#primaryimage"},"image":{"@id":"https:\/\/braintainment.com\/sv\/intaktsgenerering\/#primaryimage"},"thumbnailUrl":"https:\/\/braintainment.com\/wp-content\/uploads\/monetize-build-your-own-revenue.svg","datePublished":"2024-01-18T09:54:49+00:00","dateModified":"2024-12-02T16:34:59+00:00","description":"Genom att kommersialisera spel och korsord p\u00e5 din plattform omvandlar du anv\u00e4ndarnas engagemang till int\u00e4ktsstr\u00f6mmar, int\u00e4ktsk\u00e4llor och st\u00e4rker v\u00e4rdet","breadcrumb":{"@id":"https:\/\/braintainment.com\/sv\/intaktsgenerering\/#breadcrumb"},"inLanguage":"sv-SE","potentialAction":[{"@type":"ReadAction","target":["https:\/\/braintainment.com\/sv\/intaktsgenerering\/"]}]},{"@type":"ImageObject","inLanguage":"sv-SE","@id":"https:\/\/braintainment.com\/sv\/intaktsgenerering\/#primaryimage","url":"https:\/\/braintainment.com\/wp-content\/uploads\/monetize-build-your-own-revenue.svg","contentUrl":"https:\/\/braintainment.com\/wp-content\/uploads\/monetize-build-your-own-revenue.svg"},{"@type":"BreadcrumbList","@id":"https:\/\/braintainment.com\/sv\/intaktsgenerering\/#breadcrumb","itemListElement":[{"@type":"ListItem","position":1,"name":"Home","item":"https:\/\/braintainment.com\/sv\/"},{"@type":"ListItem","position":2,"name":"Int\u00e4ktsgenerering"}]},{"@type":"WebSite","@id":"https:\/\/braintainment.com\/sv\/#website","url":"https:\/\/braintainment.com\/sv\/","name":"Braintainment","description":"","publisher":{"@id":"https:\/\/braintainment.com\/sv\/#organization"},"potentialAction":[{"@type":"SearchAction","target":{"@type":"EntryPoint","urlTemplate":"https:\/\/braintainment.com\/sv\/?s={search_term_string}"},"query-input":{"@type":"PropertyValueSpecification","valueRequired":true,"valueName":"search_term_string"}}],"inLanguage":"sv-SE"},{"@type":"Organization","@id":"https:\/\/braintainment.com\/sv\/#organization","name":"Braintainment","url":"https:\/\/braintainment.com\/sv\/","logo":{"@type":"ImageObject","inLanguage":"sv-SE","@id":"https:\/\/braintainment.com\/sv\/#\/schema\/logo\/image\/","url":"https:\/\/braintainment.com\/wp-content\/uploads\/Logo-Braintaiment-Keesing-Color.png","contentUrl":"https:\/\/braintainment.com\/wp-content\/uploads\/Logo-Braintaiment-Keesing-Color.png","width":468,"height":98,"caption":"Braintainment"},"image":{"@id":"https:\/\/braintainment.com\/sv\/#\/schema\/logo\/image\/"}}]}},"_links":{"self":[{"href":"https:\/\/braintainment.com\/sv\/wp-json\/wp\/v2\/pages\/3703","targetHints":{"allow":["GET"]}}],"collection":[{"href":"https:\/\/braintainment.com\/sv\/wp-json\/wp\/v2\/pages"}],"about":[{"href":"https:\/\/braintainment.com\/sv\/wp-json\/wp\/v2\/types\/page"}],"author":[{"embeddable":true,"href":"https:\/\/braintainment.com\/sv\/wp-json\/wp\/v2\/users\/1"}],"replies":[{"embeddable":true,"href":"https:\/\/braintainment.com\/sv\/wp-json\/wp\/v2\/comments?post=3703"}],"version-history":[{"count":2,"href":"https:\/\/braintainment.com\/sv\/wp-json\/wp\/v2\/pages\/3703\/revisions"}],"predecessor-version":[{"id":4029,"href":"https:\/\/braintainment.com\/sv\/wp-json\/wp\/v2\/pages\/3703\/revisions\/4029"}],"wp:attachment":[{"href":"https:\/\/braintainment.com\/sv\/wp-json\/wp\/v2\/media?parent=3703"}],"curies":[{"name":"wp","href":"https:\/\/api.w.org\/{rel}","templated":true}]}}