{"id":3293,"date":"2024-01-18T15:08:37","date_gmt":"2024-01-18T15:08:37","guid":{"rendered":"https:\/\/braintainment.com\/logga-in\/"},"modified":"2024-10-04T07:56:50","modified_gmt":"2024-10-04T07:56:50","slug":"logga-in","status":"publish","type":"page","link":"https:\/\/braintainment.com\/sv\/logga-in\/","title":{"rendered":"Logga in"},"content":{"rendered":"\t\t<div data-elementor-type=\"wp-page\" data-elementor-id=\"3293\" class=\"elementor elementor-3293 elementor-478\" data-elementor-post-type=\"page\">\n\t\t\t\t\t\t<section class=\"elementor-section elementor-top-section elementor-element elementor-element-7ba3ace4 section-member-form login elementor-section-boxed elementor-section-height-default elementor-section-height-default\" data-id=\"7ba3ace4\" data-element_type=\"section\" data-e-type=\"section\">\n\t\t\t\t\t\t<div class=\"elementor-container elementor-column-gap-default\">\n\t\t\t\t\t<div class=\"elementor-column elementor-col-50 elementor-top-column elementor-element elementor-element-1a7effc0 column-form\" data-id=\"1a7effc0\" data-element_type=\"column\" data-e-type=\"column\">\n\t\t\t<div class=\"elementor-widget-wrap elementor-element-populated\">\n\t\t\t\t\t\t<div class=\"elementor-element elementor-element-8669850 elementor-widget elementor-widget-text-editor\" data-id=\"8669850\" data-element_type=\"widget\" data-e-type=\"widget\" data-widget_type=\"text-editor.default\">\n\t\t\t\t<div class=\"elementor-widget-container\">\n\t\t\t\t\t\t\t\t\t<h1>Logga in<\/h1>\n<p>F\u00e5 tillg\u00e5ng till v\u00e5r demo och se vad vi kan g\u00f6ra f\u00f6r dig.<\/p>\n\t\t\t\t\t\t\t\t<\/div>\n\t\t\t\t<\/div>\n\t\t\t\t<div class=\"elementor-element elementor-element-72e65bf5 form elementor-widget elementor-widget-shortcode\" data-id=\"72e65bf5\" data-element_type=\"widget\" data-e-type=\"widget\" data-widget_type=\"shortcode.default\">\n\t\t\t\t<div class=\"elementor-widget-container\">\n\t\t\t\t\t\t\t<div class=\"elementor-shortcode\"><div class=\"swpm-login-widget-form\">\n    <form id=\"swpm-login-form\" name=\"swpm-login-form\" method=\"post\" action=\"\">\n        <input type=\"hidden\" name=\"swpm_login_origination_flag\" value=\"1\" \/>\n        <div class=\"swpm-login-form-inner\">\n            <div class=\"swpm-username-label\">\n                <label for=\"swpm_user_name\" class=\"swpm-label\">Anv\u00e4ndarnamn eller E-post<\/label>\n            <\/div>\n            <div class=\"swpm-username-input\">\n                <input type=\"text\" class=\"swpm-text-field swpm-username-field\" id=\"swpm_user_name\" value=\"\" size=\"25\" name=\"swpm_user_name\" \/>\n            <\/div>\n            <div class=\"swpm-password-label\">\n                <label for=\"swpm_password\" class=\"swpm-label\">L\u00f6senord<\/label>\n            <\/div>\n            <div class=\"swpm-password-input\">                \n                <input type=\"password\" class=\"swpm-text-field swpm-password-field\" id=\"swpm_password\" value=\"\" size=\"25\" name=\"swpm_password\" \/>                \n            <\/div>\n                        <div class=\"swpm-remember-me\">\n                <span class=\"swpm-remember-checkbox\"><input type=\"checkbox\" name=\"rememberme\" id=\"swpm-rememberme\"><\/span>\n                <label for=\"swpm-rememberme\" class=\"swpm-rememberme-label\">\n                    <span class=\"swpm-rember-label\"> Kom ih\u00e5g mig<\/span>\n                <\/label>\n            <\/div>\n\n            <div class=\"swpm-before-login-submit-section\">        <script src=\"https:\/\/www.google.com\/recaptcha\/api.js?render=6LcTN4YpAAAAAIj0mfeviwnj1Att4ymCL_47tf-i&onload=onGoogleCaptchaV3ScriptLoaded\"><\/script>\n\n        <input type=\"hidden\" class=\"g-recaptcha-response\" name=\"g-recaptcha-response\" \/>\n\n        <script>\n            function onGoogleCaptchaV3ScriptLoaded (){\n                grecaptcha.ready(function() {\n                    const captchaResponseInput = document.querySelector(\".g-recaptcha-response\");\n                    grecaptcha.execute(\n                        \"6LcTN4YpAAAAAIj0mfeviwnj1Att4ymCL_47tf-i\",\n                        {\n                            action: \"login\"\n                        }\n                    )\n                    .then(function(token) {\n                        \/\/ Add your logic to submit to your backend server here.\n                        captchaResponseInput.value = token\n                        console.log(token) \/\/ Debug purpose only.\n                    });\n                });\n            }\n        <\/script>\n\n        <\/div>\n\n            <div class=\"swpm-login-submit\">\n                <input type=\"submit\" class=\"swpm-login-form-submit\" name=\"swpm-login\" value=\"Logga in\"\/>\n            <\/div>\n            <div class=\"swpm-forgot-pass-link\">\n                <a id=\"forgot_pass\" class=\"swpm-login-form-pw-reset-link\"  href=\"https:\/\/braintainment.com\/demo-login\/password-reset\/\">Gl\u00f6mt ditt l\u00f6senord?<\/a>\n            <\/div>\n                        <div class=\"swpm-join-us-link\">\n                <a id=\"register\" class=\"swpm-login-form-register-link\" href=\"https:\/\/braintainment.com\/request-demo\/\">Bli medlem.<\/a>\n            <\/div>\n                        <div class=\"swpm-login-action-msg\">\n                <span class=\"swpm-login-widget-action-msg\"><\/span>\n            <\/div>\n        <\/div>\n    <\/form>\n\n    <\/div>\n<\/div>\n\t\t\t\t\t\t<\/div>\n\t\t\t\t<\/div>\n\t\t\t\t\t<\/div>\n\t\t<\/div>\n\t\t\t\t<div class=\"elementor-column elementor-col-50 elementor-top-column elementor-element elementor-element-2427a89 column-image\" data-id=\"2427a89\" data-element_type=\"column\" data-e-type=\"column\">\n\t\t\t<div class=\"elementor-widget-wrap elementor-element-populated\">\n\t\t\t\t\t\t<div class=\"elementor-element elementor-element-74519aa elementor-widget elementor-widget-image\" data-id=\"74519aa\" data-element_type=\"widget\" data-e-type=\"widget\" data-widget_type=\"image.default\">\n\t\t\t\t<div class=\"elementor-widget-container\">\n\t\t\t\t\t\t\t\t\t\t\t\t\t\t\t<img fetchpriority=\"high\" decoding=\"async\" width=\"800\" height=\"906\" src=\"https:\/\/braintainment.com\/wp-content\/uploads\/about-us-games-904x1024.webp\" class=\"attachment-large size-large wp-image-2186\" alt=\"\" srcset=\"https:\/\/braintainment.com\/wp-content\/uploads\/about-us-games-904x1024.webp 904w, https:\/\/braintainment.com\/wp-content\/uploads\/about-us-games-265x300.webp 265w, https:\/\/braintainment.com\/wp-content\/uploads\/about-us-games-768x870.webp 768w, https:\/\/braintainment.com\/wp-content\/uploads\/about-us-games.webp 920w\" sizes=\"(max-width: 800px) 100vw, 800px\" \/>\t\t\t\t\t\t\t\t\t\t\t\t\t\t\t<\/div>\n\t\t\t\t<\/div>\n\t\t\t\t\t<\/div>\n\t\t<\/div>\n\t\t\t\t\t<\/div>\n\t\t<\/section>\n\t\t\t\t<\/div>\n\t\t","protected":false},"excerpt":{"rendered":"<p>Logga in F\u00e5 tillg\u00e5ng till v\u00e5r demo och se vad vi kan g\u00f6ra f\u00f6r dig.<\/p>\n","protected":false},"author":1,"featured_media":0,"parent":0,"menu_order":0,"comment_status":"closed","ping_status":"closed","template":"","meta":{"_acf_changed":false,"footnotes":""},"class_list":["post-3293","page","type-page","status-publish","hentry"],"acf":[],"yoast_head":"<!-- This site is optimized with the Yoast SEO plugin v27.3 - https:\/\/yoast.com\/product\/yoast-seo-wordpress\/ -->\n<title>Logga in p\u00e5 v\u00e5r webbplats och f\u00e5 tillg\u00e5ng till v\u00e5ra demos<\/title>\n<meta name=\"description\" content=\"Du kan logga in h\u00e4r f\u00f6r att f\u00e5 tillg\u00e5ng till v\u00e5ra demos och se vad vi kan g\u00f6ra f\u00f6r dig. \u00d6ka anv\u00e4ndarnas engagemang och lojalitet redan idag.\" \/>\n<meta name=\"robots\" content=\"index, follow, max-snippet:-1, max-image-preview:large, max-video-preview:-1\" \/>\n<link rel=\"canonical\" href=\"https:\/\/braintainment.com\/sv\/logga-in\/\" \/>\n<meta property=\"og:locale\" content=\"sv_SE\" \/>\n<meta property=\"og:type\" content=\"article\" \/>\n<meta property=\"og:title\" content=\"Logga in p\u00e5 v\u00e5r webbplats och f\u00e5 tillg\u00e5ng till v\u00e5ra demos\" \/>\n<meta property=\"og:description\" content=\"Du kan logga in h\u00e4r f\u00f6r att f\u00e5 tillg\u00e5ng till v\u00e5ra demos och se vad vi kan g\u00f6ra f\u00f6r dig. \u00d6ka anv\u00e4ndarnas engagemang och lojalitet redan idag.\" \/>\n<meta property=\"og:url\" content=\"https:\/\/braintainment.com\/sv\/logga-in\/\" \/>\n<meta property=\"og:site_name\" content=\"Braintainment\" \/>\n<meta property=\"article:modified_time\" content=\"2024-10-04T07:56:50+00:00\" \/>\n<meta property=\"og:image\" content=\"http:\/\/braintainment.com\/wp-content\/uploads\/about-us-games-904x1024.webp\" \/>\n<meta name=\"twitter:card\" content=\"summary_large_image\" \/>\n<meta name=\"twitter:label1\" content=\"Ber\u00e4knad l\u00e4stid\" \/>\n\t<meta name=\"twitter:data1\" content=\"1 minut\" \/>\n<script type=\"application\/ld+json\" class=\"yoast-schema-graph\">{\"@context\":\"https:\\\/\\\/schema.org\",\"@graph\":[{\"@type\":\"WebPage\",\"@id\":\"https:\\\/\\\/braintainment.com\\\/sv\\\/logga-in\\\/\",\"url\":\"https:\\\/\\\/braintainment.com\\\/sv\\\/logga-in\\\/\",\"name\":\"Logga in p\u00e5 v\u00e5r webbplats och f\u00e5 tillg\u00e5ng till v\u00e5ra demos\",\"isPartOf\":{\"@id\":\"https:\\\/\\\/braintainment.com\\\/sv\\\/#website\"},\"primaryImageOfPage\":{\"@id\":\"https:\\\/\\\/braintainment.com\\\/sv\\\/logga-in\\\/#primaryimage\"},\"image\":{\"@id\":\"https:\\\/\\\/braintainment.com\\\/sv\\\/logga-in\\\/#primaryimage\"},\"thumbnailUrl\":\"http:\\\/\\\/braintainment.com\\\/wp-content\\\/uploads\\\/about-us-games-904x1024.webp\",\"datePublished\":\"2024-01-18T15:08:37+00:00\",\"dateModified\":\"2024-10-04T07:56:50+00:00\",\"description\":\"Du kan logga in h\u00e4r f\u00f6r att f\u00e5 tillg\u00e5ng till v\u00e5ra demos och se vad vi kan g\u00f6ra f\u00f6r dig. \u00d6ka anv\u00e4ndarnas engagemang och lojalitet redan idag.\",\"breadcrumb\":{\"@id\":\"https:\\\/\\\/braintainment.com\\\/sv\\\/logga-in\\\/#breadcrumb\"},\"inLanguage\":\"sv-SE\",\"potentialAction\":[{\"@type\":\"ReadAction\",\"target\":[\"https:\\\/\\\/braintainment.com\\\/sv\\\/logga-in\\\/\"]}]},{\"@type\":\"ImageObject\",\"inLanguage\":\"sv-SE\",\"@id\":\"https:\\\/\\\/braintainment.com\\\/sv\\\/logga-in\\\/#primaryimage\",\"url\":\"http:\\\/\\\/braintainment.com\\\/wp-content\\\/uploads\\\/about-us-games-904x1024.webp\",\"contentUrl\":\"http:\\\/\\\/braintainment.com\\\/wp-content\\\/uploads\\\/about-us-games-904x1024.webp\"},{\"@type\":\"BreadcrumbList\",\"@id\":\"https:\\\/\\\/braintainment.com\\\/sv\\\/logga-in\\\/#breadcrumb\",\"itemListElement\":[{\"@type\":\"ListItem\",\"position\":1,\"name\":\"Home\",\"item\":\"https:\\\/\\\/braintainment.com\\\/sv\\\/\"},{\"@type\":\"ListItem\",\"position\":2,\"name\":\"Logga in\"}]},{\"@type\":\"WebSite\",\"@id\":\"https:\\\/\\\/braintainment.com\\\/sv\\\/#website\",\"url\":\"https:\\\/\\\/braintainment.com\\\/sv\\\/\",\"name\":\"Braintainment\",\"description\":\"\",\"publisher\":{\"@id\":\"https:\\\/\\\/braintainment.com\\\/sv\\\/#organization\"},\"potentialAction\":[{\"@type\":\"SearchAction\",\"target\":{\"@type\":\"EntryPoint\",\"urlTemplate\":\"https:\\\/\\\/braintainment.com\\\/sv\\\/?s={search_term_string}\"},\"query-input\":{\"@type\":\"PropertyValueSpecification\",\"valueRequired\":true,\"valueName\":\"search_term_string\"}}],\"inLanguage\":\"sv-SE\"},{\"@type\":\"Organization\",\"@id\":\"https:\\\/\\\/braintainment.com\\\/sv\\\/#organization\",\"name\":\"Braintainment\",\"url\":\"https:\\\/\\\/braintainment.com\\\/sv\\\/\",\"logo\":{\"@type\":\"ImageObject\",\"inLanguage\":\"sv-SE\",\"@id\":\"https:\\\/\\\/braintainment.com\\\/sv\\\/#\\\/schema\\\/logo\\\/image\\\/\",\"url\":\"https:\\\/\\\/braintainment.com\\\/wp-content\\\/uploads\\\/Logo-Braintaiment-Keesing-Color.png\",\"contentUrl\":\"https:\\\/\\\/braintainment.com\\\/wp-content\\\/uploads\\\/Logo-Braintaiment-Keesing-Color.png\",\"width\":468,\"height\":98,\"caption\":\"Braintainment\"},\"image\":{\"@id\":\"https:\\\/\\\/braintainment.com\\\/sv\\\/#\\\/schema\\\/logo\\\/image\\\/\"}}]}<\/script>\n<!-- \/ Yoast SEO plugin. -->","yoast_head_json":{"title":"Logga in p\u00e5 v\u00e5r webbplats och f\u00e5 tillg\u00e5ng till v\u00e5ra demos","description":"Du kan logga in h\u00e4r f\u00f6r att f\u00e5 tillg\u00e5ng till v\u00e5ra demos och se vad vi kan g\u00f6ra f\u00f6r dig. \u00d6ka anv\u00e4ndarnas engagemang och lojalitet redan idag.","robots":{"index":"index","follow":"follow","max-snippet":"max-snippet:-1","max-image-preview":"max-image-preview:large","max-video-preview":"max-video-preview:-1"},"canonical":"https:\/\/braintainment.com\/sv\/logga-in\/","og_locale":"sv_SE","og_type":"article","og_title":"Logga in p\u00e5 v\u00e5r webbplats och f\u00e5 tillg\u00e5ng till v\u00e5ra demos","og_description":"Du kan logga in h\u00e4r f\u00f6r att f\u00e5 tillg\u00e5ng till v\u00e5ra demos och se vad vi kan g\u00f6ra f\u00f6r dig. \u00d6ka anv\u00e4ndarnas engagemang och lojalitet redan idag.","og_url":"https:\/\/braintainment.com\/sv\/logga-in\/","og_site_name":"Braintainment","article_modified_time":"2024-10-04T07:56:50+00:00","og_image":[{"url":"http:\/\/braintainment.com\/wp-content\/uploads\/about-us-games-904x1024.webp","type":"","width":"","height":""}],"twitter_card":"summary_large_image","twitter_misc":{"Ber\u00e4knad l\u00e4stid":"1 minut"},"schema":{"@context":"https:\/\/schema.org","@graph":[{"@type":"WebPage","@id":"https:\/\/braintainment.com\/sv\/logga-in\/","url":"https:\/\/braintainment.com\/sv\/logga-in\/","name":"Logga in p\u00e5 v\u00e5r webbplats och f\u00e5 tillg\u00e5ng till v\u00e5ra demos","isPartOf":{"@id":"https:\/\/braintainment.com\/sv\/#website"},"primaryImageOfPage":{"@id":"https:\/\/braintainment.com\/sv\/logga-in\/#primaryimage"},"image":{"@id":"https:\/\/braintainment.com\/sv\/logga-in\/#primaryimage"},"thumbnailUrl":"http:\/\/braintainment.com\/wp-content\/uploads\/about-us-games-904x1024.webp","datePublished":"2024-01-18T15:08:37+00:00","dateModified":"2024-10-04T07:56:50+00:00","description":"Du kan logga in h\u00e4r f\u00f6r att f\u00e5 tillg\u00e5ng till v\u00e5ra demos och se vad vi kan g\u00f6ra f\u00f6r dig. \u00d6ka anv\u00e4ndarnas engagemang och lojalitet redan idag.","breadcrumb":{"@id":"https:\/\/braintainment.com\/sv\/logga-in\/#breadcrumb"},"inLanguage":"sv-SE","potentialAction":[{"@type":"ReadAction","target":["https:\/\/braintainment.com\/sv\/logga-in\/"]}]},{"@type":"ImageObject","inLanguage":"sv-SE","@id":"https:\/\/braintainment.com\/sv\/logga-in\/#primaryimage","url":"http:\/\/braintainment.com\/wp-content\/uploads\/about-us-games-904x1024.webp","contentUrl":"http:\/\/braintainment.com\/wp-content\/uploads\/about-us-games-904x1024.webp"},{"@type":"BreadcrumbList","@id":"https:\/\/braintainment.com\/sv\/logga-in\/#breadcrumb","itemListElement":[{"@type":"ListItem","position":1,"name":"Home","item":"https:\/\/braintainment.com\/sv\/"},{"@type":"ListItem","position":2,"name":"Logga in"}]},{"@type":"WebSite","@id":"https:\/\/braintainment.com\/sv\/#website","url":"https:\/\/braintainment.com\/sv\/","name":"Braintainment","description":"","publisher":{"@id":"https:\/\/braintainment.com\/sv\/#organization"},"potentialAction":[{"@type":"SearchAction","target":{"@type":"EntryPoint","urlTemplate":"https:\/\/braintainment.com\/sv\/?s={search_term_string}"},"query-input":{"@type":"PropertyValueSpecification","valueRequired":true,"valueName":"search_term_string"}}],"inLanguage":"sv-SE"},{"@type":"Organization","@id":"https:\/\/braintainment.com\/sv\/#organization","name":"Braintainment","url":"https:\/\/braintainment.com\/sv\/","logo":{"@type":"ImageObject","inLanguage":"sv-SE","@id":"https:\/\/braintainment.com\/sv\/#\/schema\/logo\/image\/","url":"https:\/\/braintainment.com\/wp-content\/uploads\/Logo-Braintaiment-Keesing-Color.png","contentUrl":"https:\/\/braintainment.com\/wp-content\/uploads\/Logo-Braintaiment-Keesing-Color.png","width":468,"height":98,"caption":"Braintainment"},"image":{"@id":"https:\/\/braintainment.com\/sv\/#\/schema\/logo\/image\/"}}]}},"_links":{"self":[{"href":"https:\/\/braintainment.com\/sv\/wp-json\/wp\/v2\/pages\/3293","targetHints":{"allow":["GET"]}}],"collection":[{"href":"https:\/\/braintainment.com\/sv\/wp-json\/wp\/v2\/pages"}],"about":[{"href":"https:\/\/braintainment.com\/sv\/wp-json\/wp\/v2\/types\/page"}],"author":[{"embeddable":true,"href":"https:\/\/braintainment.com\/sv\/wp-json\/wp\/v2\/users\/1"}],"replies":[{"embeddable":true,"href":"https:\/\/braintainment.com\/sv\/wp-json\/wp\/v2\/comments?post=3293"}],"version-history":[{"count":1,"href":"https:\/\/braintainment.com\/sv\/wp-json\/wp\/v2\/pages\/3293\/revisions"}],"predecessor-version":[{"id":3294,"href":"https:\/\/braintainment.com\/sv\/wp-json\/wp\/v2\/pages\/3293\/revisions\/3294"}],"wp:attachment":[{"href":"https:\/\/braintainment.com\/sv\/wp-json\/wp\/v2\/media?parent=3293"}],"curies":[{"name":"wp","href":"https:\/\/api.w.org\/{rel}","templated":true}]}}