{"id":3285,"date":"2024-01-18T15:08:37","date_gmt":"2024-01-18T15:08:37","guid":{"rendered":"https:\/\/braintainment.com\/oversikt\/mitt-konto\/"},"modified":"2024-10-04T08:20:49","modified_gmt":"2024-10-04T08:20:49","slug":"mitt-konto","status":"publish","type":"page","link":"https:\/\/braintainment.com\/sv\/oversikt\/mitt-konto\/","title":{"rendered":"Mitt konto"},"content":{"rendered":"\t\t<div data-elementor-type=\"wp-page\" data-elementor-id=\"3285\" class=\"elementor elementor-3285 elementor-479\" data-elementor-post-type=\"page\">\n\t\t\t\t\t\t<section class=\"elementor-section elementor-top-section elementor-element elementor-element-e4dfd92 section-demo account elementor-section-boxed elementor-section-height-default elementor-section-height-default\" data-id=\"e4dfd92\" data-element_type=\"section\" data-e-type=\"section\">\n\t\t\t\t\t\t<div class=\"elementor-container elementor-column-gap-default\">\n\t\t\t\t\t<div class=\"elementor-column elementor-col-33 elementor-top-column elementor-element elementor-element-fb5df6d column-nav\" data-id=\"fb5df6d\" data-element_type=\"column\" data-e-type=\"column\">\n\t\t\t<div class=\"elementor-widget-wrap elementor-element-populated\">\n\t\t\t\t\t\t<div class=\"elementor-element elementor-element-762024d elementor-nav-menu--dropdown-none elementor-widget elementor-widget-nav-menu\" data-id=\"762024d\" data-element_type=\"widget\" data-e-type=\"widget\" data-settings=\"{&quot;layout&quot;:&quot;vertical&quot;,&quot;submenu_icon&quot;:{&quot;value&quot;:&quot;&lt;i aria-hidden=\\&quot;true\\&quot; class=\\&quot;\\&quot;&gt;&lt;\\\/i&gt;&quot;,&quot;library&quot;:&quot;&quot;}}\" data-widget_type=\"nav-menu.default\">\n\t\t\t\t<div class=\"elementor-widget-container\">\n\t\t\t\t\t\t\t\t<nav aria-label=\"Meny\" class=\"elementor-nav-menu--main elementor-nav-menu__container elementor-nav-menu--layout-vertical e--pointer-none\">\n\t\t\t\t<ul id=\"menu-1-762024d\" class=\"elementor-nav-menu sm-vertical\"><li class=\"button-logout menu-item menu-item-type-custom menu-item-object-custom menu-item-3953\"><a href=\"https:\/\/braintainment.com\/sv\/logga-in\/?swpm-logout=true\" class=\"elementor-item\">Log out<\/a><\/li>\n<li class=\"menu-item menu-item-type-post_type menu-item-object-page menu-item-3948\"><a href=\"https:\/\/braintainment.com\/sv\/oversikt\/\" class=\"elementor-item\">\u00d6versikt<\/a><\/li>\n<li class=\"menu-item menu-item-type-post_type menu-item-object-page menu-item-3949\"><a href=\"https:\/\/braintainment.com\/sv\/oversikt\/plattformsdemo\/\" class=\"elementor-item\">Plattformsdemo<\/a><\/li>\n<li class=\"menu-item menu-item-type-post_type menu-item-object-page menu-item-3950\"><a href=\"https:\/\/braintainment.com\/sv\/oversikt\/produktrapportering\/\" class=\"elementor-item\">Produktrapportering<\/a><\/li>\n<li class=\"menu-item menu-item-type-post_type menu-item-object-page menu-item-3951\"><a href=\"https:\/\/braintainment.com\/sv\/oversikt\/dokumentation\/\" class=\"elementor-item\">Dokumentation<\/a><\/li>\n<li class=\"menu-item menu-item-type-post_type menu-item-object-page menu-item-3952\"><a href=\"https:\/\/braintainment.com\/sv\/oversikt\/mitt-konto\/\" class=\"elementor-item\">Mitt konto<\/a><\/li>\n<\/ul>\t\t\t<\/nav>\n\t\t\t\t\t\t<nav class=\"elementor-nav-menu--dropdown elementor-nav-menu__container\" aria-hidden=\"true\">\n\t\t\t\t<ul id=\"menu-2-762024d\" class=\"elementor-nav-menu sm-vertical\"><li class=\"button-logout menu-item menu-item-type-custom menu-item-object-custom menu-item-3953\"><a href=\"https:\/\/braintainment.com\/sv\/logga-in\/?swpm-logout=true\" class=\"elementor-item\" tabindex=\"-1\">Log out<\/a><\/li>\n<li class=\"menu-item menu-item-type-post_type menu-item-object-page menu-item-3948\"><a href=\"https:\/\/braintainment.com\/sv\/oversikt\/\" class=\"elementor-item\" tabindex=\"-1\">\u00d6versikt<\/a><\/li>\n<li class=\"menu-item menu-item-type-post_type menu-item-object-page menu-item-3949\"><a href=\"https:\/\/braintainment.com\/sv\/oversikt\/plattformsdemo\/\" class=\"elementor-item\" tabindex=\"-1\">Plattformsdemo<\/a><\/li>\n<li class=\"menu-item menu-item-type-post_type menu-item-object-page menu-item-3950\"><a href=\"https:\/\/braintainment.com\/sv\/oversikt\/produktrapportering\/\" class=\"elementor-item\" tabindex=\"-1\">Produktrapportering<\/a><\/li>\n<li class=\"menu-item menu-item-type-post_type menu-item-object-page menu-item-3951\"><a href=\"https:\/\/braintainment.com\/sv\/oversikt\/dokumentation\/\" class=\"elementor-item\" tabindex=\"-1\">Dokumentation<\/a><\/li>\n<li class=\"menu-item menu-item-type-post_type menu-item-object-page menu-item-3952\"><a href=\"https:\/\/braintainment.com\/sv\/oversikt\/mitt-konto\/\" class=\"elementor-item\" tabindex=\"-1\">Mitt konto<\/a><\/li>\n<\/ul>\t\t\t<\/nav>\n\t\t\t\t\t\t<\/div>\n\t\t\t\t<\/div>\n\t\t\t\t\t<\/div>\n\t\t<\/div>\n\t\t\t\t<div class=\"elementor-column elementor-col-66 elementor-top-column elementor-element elementor-element-0348491\" data-id=\"0348491\" data-element_type=\"column\" data-e-type=\"column\">\n\t\t\t<div class=\"elementor-widget-wrap elementor-element-populated\">\n\t\t\t\t\t\t<div class=\"elementor-element elementor-element-950dd9c sub-title elementor-widget elementor-widget-heading\" data-id=\"950dd9c\" data-element_type=\"widget\" data-e-type=\"widget\" data-widget_type=\"heading.default\">\n\t\t\t\t<div class=\"elementor-widget-container\">\n\t\t\t\t\t<p class=\"elementor-heading-title elementor-size-default\">Profil<\/p>\t\t\t\t<\/div>\n\t\t\t\t<\/div>\n\t\t\t\t<div class=\"elementor-element elementor-element-4e80007 elementor-widget elementor-widget-text-editor\" data-id=\"4e80007\" data-element_type=\"widget\" data-e-type=\"widget\" data-widget_type=\"text-editor.default\">\n\t\t\t\t<div class=\"elementor-widget-container\">\n\t\t\t\t\t\t\t\t\t<h1>Mitt konto<\/h1>\n\t\t\t\t\t\t\t\t<\/div>\n\t\t\t\t<\/div>\n\t\t\t\t<div class=\"elementor-element elementor-element-37bb68b6 form elementor-widget elementor-widget-shortcode\" data-id=\"37bb68b6\" data-element_type=\"widget\" data-e-type=\"widget\" data-widget_type=\"shortcode.default\">\n\t\t\t\t<div class=\"elementor-widget-container\">\n\t\t\t\t\t\t\t<div class=\"elementor-shortcode\"><div class=\"swpm_profile_not_logged_in_msg\">Du \u00e4r inte inloggad.<\/div><\/div>\n\t\t\t\t\t\t<\/div>\n\t\t\t\t<\/div>\n\t\t\t\t\t<\/div>\n\t\t<\/div>\n\t\t\t\t\t<\/div>\n\t\t<\/section>\n\t\t\t\t<\/div>\n\t\t","protected":false},"excerpt":{"rendered":"<p>Profil Mitt konto<\/p>\n","protected":false},"author":1,"featured_media":0,"parent":3270,"menu_order":0,"comment_status":"closed","ping_status":"closed","template":"","meta":{"_acf_changed":false,"footnotes":""},"class_list":["post-3285","page","type-page","status-publish","hentry"],"acf":[],"yoast_head":"<!-- This site is optimized with the Yoast SEO plugin v27.4 - https:\/\/yoast.com\/product\/yoast-seo-wordpress\/ -->\n<title>Mitt konto - Din profil p\u00e5 Braintainment<\/title>\n<meta name=\"description\" content=\"H\u00e4r hittar du all information som r\u00f6r ditt konto och dina inst\u00e4llningar. Inklusive m\u00f6jligheten att \u00e4ndra information som t.ex. telefonnummer och l\u00f6senord\" \/>\n<meta name=\"robots\" content=\"index, follow, max-snippet:-1, max-image-preview:large, max-video-preview:-1\" \/>\n<link rel=\"canonical\" href=\"https:\/\/braintainment.com\/sv\/oversikt\/mitt-konto\/\" \/>\n<meta property=\"og:locale\" content=\"sv_SE\" \/>\n<meta property=\"og:type\" content=\"article\" \/>\n<meta property=\"og:title\" content=\"Mitt konto - Din profil p\u00e5 Braintainment\" \/>\n<meta property=\"og:description\" content=\"H\u00e4r hittar du all information som r\u00f6r ditt konto och dina inst\u00e4llningar. Inklusive m\u00f6jligheten att \u00e4ndra information som t.ex. telefonnummer och l\u00f6senord\" \/>\n<meta property=\"og:url\" content=\"https:\/\/braintainment.com\/sv\/oversikt\/mitt-konto\/\" \/>\n<meta property=\"og:site_name\" content=\"Braintainment\" \/>\n<meta property=\"article:modified_time\" content=\"2024-10-04T08:20:49+00:00\" \/>\n<meta property=\"og:image\" content=\"https:\/\/braintainment.com\/wp-content\/uploads\/site-image-keesing.jpg\" \/>\n\t<meta property=\"og:image:width\" content=\"1200\" \/>\n\t<meta property=\"og:image:height\" content=\"675\" \/>\n\t<meta property=\"og:image:type\" content=\"image\/jpeg\" \/>\n<meta name=\"twitter:card\" content=\"summary_large_image\" \/>\n<meta name=\"twitter:label1\" content=\"Ber\u00e4knad l\u00e4stid\" \/>\n\t<meta name=\"twitter:data1\" content=\"1 minut\" \/>\n<script type=\"application\/ld+json\" class=\"yoast-schema-graph\">{\"@context\":\"https:\\\/\\\/schema.org\",\"@graph\":[{\"@type\":\"WebPage\",\"@id\":\"https:\\\/\\\/braintainment.com\\\/sv\\\/oversikt\\\/mitt-konto\\\/\",\"url\":\"https:\\\/\\\/braintainment.com\\\/sv\\\/oversikt\\\/mitt-konto\\\/\",\"name\":\"Mitt konto - Din profil p\u00e5 Braintainment\",\"isPartOf\":{\"@id\":\"https:\\\/\\\/braintainment.com\\\/sv\\\/#website\"},\"datePublished\":\"2024-01-18T15:08:37+00:00\",\"dateModified\":\"2024-10-04T08:20:49+00:00\",\"description\":\"H\u00e4r hittar du all information som r\u00f6r ditt konto och dina inst\u00e4llningar. Inklusive m\u00f6jligheten att \u00e4ndra information som t.ex. telefonnummer och l\u00f6senord\",\"breadcrumb\":{\"@id\":\"https:\\\/\\\/braintainment.com\\\/sv\\\/oversikt\\\/mitt-konto\\\/#breadcrumb\"},\"inLanguage\":\"sv-SE\",\"potentialAction\":[{\"@type\":\"ReadAction\",\"target\":[\"https:\\\/\\\/braintainment.com\\\/sv\\\/oversikt\\\/mitt-konto\\\/\"]}]},{\"@type\":\"BreadcrumbList\",\"@id\":\"https:\\\/\\\/braintainment.com\\\/sv\\\/oversikt\\\/mitt-konto\\\/#breadcrumb\",\"itemListElement\":[{\"@type\":\"ListItem\",\"position\":1,\"name\":\"Home\",\"item\":\"https:\\\/\\\/braintainment.com\\\/sv\\\/\"},{\"@type\":\"ListItem\",\"position\":2,\"name\":\"\u00d6versikt\",\"item\":\"https:\\\/\\\/braintainment.com\\\/sv\\\/oversikt\\\/\"},{\"@type\":\"ListItem\",\"position\":3,\"name\":\"Mitt konto\"}]},{\"@type\":\"WebSite\",\"@id\":\"https:\\\/\\\/braintainment.com\\\/sv\\\/#website\",\"url\":\"https:\\\/\\\/braintainment.com\\\/sv\\\/\",\"name\":\"Braintainment\",\"description\":\"\",\"publisher\":{\"@id\":\"https:\\\/\\\/braintainment.com\\\/sv\\\/#organization\"},\"potentialAction\":[{\"@type\":\"SearchAction\",\"target\":{\"@type\":\"EntryPoint\",\"urlTemplate\":\"https:\\\/\\\/braintainment.com\\\/sv\\\/?s={search_term_string}\"},\"query-input\":{\"@type\":\"PropertyValueSpecification\",\"valueRequired\":true,\"valueName\":\"search_term_string\"}}],\"inLanguage\":\"sv-SE\"},{\"@type\":\"Organization\",\"@id\":\"https:\\\/\\\/braintainment.com\\\/sv\\\/#organization\",\"name\":\"Braintainment\",\"url\":\"https:\\\/\\\/braintainment.com\\\/sv\\\/\",\"logo\":{\"@type\":\"ImageObject\",\"inLanguage\":\"sv-SE\",\"@id\":\"https:\\\/\\\/braintainment.com\\\/sv\\\/#\\\/schema\\\/logo\\\/image\\\/\",\"url\":\"https:\\\/\\\/braintainment.com\\\/wp-content\\\/uploads\\\/Logo-Braintaiment-Keesing-Color.png\",\"contentUrl\":\"https:\\\/\\\/braintainment.com\\\/wp-content\\\/uploads\\\/Logo-Braintaiment-Keesing-Color.png\",\"width\":468,\"height\":98,\"caption\":\"Braintainment\"},\"image\":{\"@id\":\"https:\\\/\\\/braintainment.com\\\/sv\\\/#\\\/schema\\\/logo\\\/image\\\/\"}}]}<\/script>\n<!-- \/ Yoast SEO plugin. -->","yoast_head_json":{"title":"Mitt konto - Din profil p\u00e5 Braintainment","description":"H\u00e4r hittar du all information som r\u00f6r ditt konto och dina inst\u00e4llningar. Inklusive m\u00f6jligheten att \u00e4ndra information som t.ex. telefonnummer och l\u00f6senord","robots":{"index":"index","follow":"follow","max-snippet":"max-snippet:-1","max-image-preview":"max-image-preview:large","max-video-preview":"max-video-preview:-1"},"canonical":"https:\/\/braintainment.com\/sv\/oversikt\/mitt-konto\/","og_locale":"sv_SE","og_type":"article","og_title":"Mitt konto - Din profil p\u00e5 Braintainment","og_description":"H\u00e4r hittar du all information som r\u00f6r ditt konto och dina inst\u00e4llningar. Inklusive m\u00f6jligheten att \u00e4ndra information som t.ex. telefonnummer och l\u00f6senord","og_url":"https:\/\/braintainment.com\/sv\/oversikt\/mitt-konto\/","og_site_name":"Braintainment","article_modified_time":"2024-10-04T08:20:49+00:00","og_image":[{"width":1200,"height":675,"url":"https:\/\/braintainment.com\/wp-content\/uploads\/site-image-keesing.jpg","type":"image\/jpeg"}],"twitter_card":"summary_large_image","twitter_misc":{"Ber\u00e4knad l\u00e4stid":"1 minut"},"schema":{"@context":"https:\/\/schema.org","@graph":[{"@type":"WebPage","@id":"https:\/\/braintainment.com\/sv\/oversikt\/mitt-konto\/","url":"https:\/\/braintainment.com\/sv\/oversikt\/mitt-konto\/","name":"Mitt konto - Din profil p\u00e5 Braintainment","isPartOf":{"@id":"https:\/\/braintainment.com\/sv\/#website"},"datePublished":"2024-01-18T15:08:37+00:00","dateModified":"2024-10-04T08:20:49+00:00","description":"H\u00e4r hittar du all information som r\u00f6r ditt konto och dina inst\u00e4llningar. Inklusive m\u00f6jligheten att \u00e4ndra information som t.ex. telefonnummer och l\u00f6senord","breadcrumb":{"@id":"https:\/\/braintainment.com\/sv\/oversikt\/mitt-konto\/#breadcrumb"},"inLanguage":"sv-SE","potentialAction":[{"@type":"ReadAction","target":["https:\/\/braintainment.com\/sv\/oversikt\/mitt-konto\/"]}]},{"@type":"BreadcrumbList","@id":"https:\/\/braintainment.com\/sv\/oversikt\/mitt-konto\/#breadcrumb","itemListElement":[{"@type":"ListItem","position":1,"name":"Home","item":"https:\/\/braintainment.com\/sv\/"},{"@type":"ListItem","position":2,"name":"\u00d6versikt","item":"https:\/\/braintainment.com\/sv\/oversikt\/"},{"@type":"ListItem","position":3,"name":"Mitt konto"}]},{"@type":"WebSite","@id":"https:\/\/braintainment.com\/sv\/#website","url":"https:\/\/braintainment.com\/sv\/","name":"Braintainment","description":"","publisher":{"@id":"https:\/\/braintainment.com\/sv\/#organization"},"potentialAction":[{"@type":"SearchAction","target":{"@type":"EntryPoint","urlTemplate":"https:\/\/braintainment.com\/sv\/?s={search_term_string}"},"query-input":{"@type":"PropertyValueSpecification","valueRequired":true,"valueName":"search_term_string"}}],"inLanguage":"sv-SE"},{"@type":"Organization","@id":"https:\/\/braintainment.com\/sv\/#organization","name":"Braintainment","url":"https:\/\/braintainment.com\/sv\/","logo":{"@type":"ImageObject","inLanguage":"sv-SE","@id":"https:\/\/braintainment.com\/sv\/#\/schema\/logo\/image\/","url":"https:\/\/braintainment.com\/wp-content\/uploads\/Logo-Braintaiment-Keesing-Color.png","contentUrl":"https:\/\/braintainment.com\/wp-content\/uploads\/Logo-Braintaiment-Keesing-Color.png","width":468,"height":98,"caption":"Braintainment"},"image":{"@id":"https:\/\/braintainment.com\/sv\/#\/schema\/logo\/image\/"}}]}},"_links":{"self":[{"href":"https:\/\/braintainment.com\/sv\/wp-json\/wp\/v2\/pages\/3285","targetHints":{"allow":["GET"]}}],"collection":[{"href":"https:\/\/braintainment.com\/sv\/wp-json\/wp\/v2\/pages"}],"about":[{"href":"https:\/\/braintainment.com\/sv\/wp-json\/wp\/v2\/types\/page"}],"author":[{"embeddable":true,"href":"https:\/\/braintainment.com\/sv\/wp-json\/wp\/v2\/users\/1"}],"replies":[{"embeddable":true,"href":"https:\/\/braintainment.com\/sv\/wp-json\/wp\/v2\/comments?post=3285"}],"version-history":[{"count":1,"href":"https:\/\/braintainment.com\/sv\/wp-json\/wp\/v2\/pages\/3285\/revisions"}],"predecessor-version":[{"id":3286,"href":"https:\/\/braintainment.com\/sv\/wp-json\/wp\/v2\/pages\/3285\/revisions\/3286"}],"up":[{"embeddable":true,"href":"https:\/\/braintainment.com\/sv\/wp-json\/wp\/v2\/pages\/3270"}],"wp:attachment":[{"href":"https:\/\/braintainment.com\/sv\/wp-json\/wp\/v2\/media?parent=3285"}],"curies":[{"name":"wp","href":"https:\/\/api.w.org\/{rel}","templated":true}]}}