{"id":3283,"date":"2024-01-23T13:45:49","date_gmt":"2024-01-23T13:45:49","guid":{"rendered":"https:\/\/braintainment.com\/oversikt\/dokumentation\/"},"modified":"2024-10-04T08:18:56","modified_gmt":"2024-10-04T08:18:56","slug":"dokumentation","status":"publish","type":"page","link":"https:\/\/braintainment.com\/sv\/oversikt\/dokumentation\/","title":{"rendered":"Dokumentation"},"content":{"rendered":"\t\t<div data-elementor-type=\"wp-page\" data-elementor-id=\"3283\" class=\"elementor elementor-3283 elementor-619\" data-elementor-post-type=\"page\">\n\t\t\t\t\t\t<section class=\"elementor-section elementor-top-section elementor-element elementor-element-6cdecc0 section-demo elementor-section-boxed elementor-section-height-default elementor-section-height-default\" data-id=\"6cdecc0\" data-element_type=\"section\" data-e-type=\"section\">\n\t\t\t\t\t\t<div class=\"elementor-container elementor-column-gap-default\">\n\t\t\t\t\t<div class=\"elementor-column elementor-col-33 elementor-top-column elementor-element elementor-element-66f5684 column-nav\" data-id=\"66f5684\" data-element_type=\"column\" data-e-type=\"column\">\n\t\t\t<div class=\"elementor-widget-wrap elementor-element-populated\">\n\t\t\t\t\t\t<div class=\"elementor-element elementor-element-76a251a elementor-nav-menu--dropdown-none elementor-widget elementor-widget-nav-menu\" data-id=\"76a251a\" data-element_type=\"widget\" data-e-type=\"widget\" data-settings=\"{&quot;layout&quot;:&quot;vertical&quot;,&quot;submenu_icon&quot;:{&quot;value&quot;:&quot;&lt;i aria-hidden=\\&quot;true\\&quot; class=\\&quot;\\&quot;&gt;&lt;\\\/i&gt;&quot;,&quot;library&quot;:&quot;&quot;}}\" data-widget_type=\"nav-menu.default\">\n\t\t\t\t<div class=\"elementor-widget-container\">\n\t\t\t\t\t\t\t\t<nav aria-label=\"Meny\" class=\"elementor-nav-menu--main elementor-nav-menu__container elementor-nav-menu--layout-vertical e--pointer-none\">\n\t\t\t\t<ul id=\"menu-1-76a251a\" class=\"elementor-nav-menu sm-vertical\"><li class=\"button-logout menu-item menu-item-type-custom menu-item-object-custom menu-item-3953\"><a href=\"https:\/\/braintainment.com\/sv\/logga-in\/?swpm-logout=true\" class=\"elementor-item\">Log out<\/a><\/li>\n<li class=\"menu-item menu-item-type-post_type menu-item-object-page menu-item-3948\"><a href=\"https:\/\/braintainment.com\/sv\/oversikt\/\" class=\"elementor-item\">\u00d6versikt<\/a><\/li>\n<li class=\"menu-item menu-item-type-post_type menu-item-object-page menu-item-3949\"><a href=\"https:\/\/braintainment.com\/sv\/oversikt\/plattformsdemo\/\" class=\"elementor-item\">Plattformsdemo<\/a><\/li>\n<li class=\"menu-item menu-item-type-post_type menu-item-object-page menu-item-3950\"><a href=\"https:\/\/braintainment.com\/sv\/oversikt\/produktrapportering\/\" class=\"elementor-item\">Produktrapportering<\/a><\/li>\n<li class=\"menu-item menu-item-type-post_type menu-item-object-page menu-item-3951\"><a href=\"https:\/\/braintainment.com\/sv\/oversikt\/dokumentation\/\" class=\"elementor-item\">Dokumentation<\/a><\/li>\n<li class=\"menu-item menu-item-type-post_type menu-item-object-page menu-item-3952\"><a href=\"https:\/\/braintainment.com\/sv\/oversikt\/mitt-konto\/\" class=\"elementor-item\">Mitt konto<\/a><\/li>\n<\/ul>\t\t\t<\/nav>\n\t\t\t\t\t\t<nav class=\"elementor-nav-menu--dropdown elementor-nav-menu__container\" aria-hidden=\"true\">\n\t\t\t\t<ul id=\"menu-2-76a251a\" class=\"elementor-nav-menu sm-vertical\"><li class=\"button-logout menu-item menu-item-type-custom menu-item-object-custom menu-item-3953\"><a href=\"https:\/\/braintainment.com\/sv\/logga-in\/?swpm-logout=true\" class=\"elementor-item\" tabindex=\"-1\">Log out<\/a><\/li>\n<li class=\"menu-item menu-item-type-post_type menu-item-object-page menu-item-3948\"><a href=\"https:\/\/braintainment.com\/sv\/oversikt\/\" class=\"elementor-item\" tabindex=\"-1\">\u00d6versikt<\/a><\/li>\n<li class=\"menu-item menu-item-type-post_type menu-item-object-page menu-item-3949\"><a href=\"https:\/\/braintainment.com\/sv\/oversikt\/plattformsdemo\/\" class=\"elementor-item\" tabindex=\"-1\">Plattformsdemo<\/a><\/li>\n<li class=\"menu-item menu-item-type-post_type menu-item-object-page menu-item-3950\"><a href=\"https:\/\/braintainment.com\/sv\/oversikt\/produktrapportering\/\" class=\"elementor-item\" tabindex=\"-1\">Produktrapportering<\/a><\/li>\n<li class=\"menu-item menu-item-type-post_type menu-item-object-page menu-item-3951\"><a href=\"https:\/\/braintainment.com\/sv\/oversikt\/dokumentation\/\" class=\"elementor-item\" tabindex=\"-1\">Dokumentation<\/a><\/li>\n<li class=\"menu-item menu-item-type-post_type menu-item-object-page menu-item-3952\"><a href=\"https:\/\/braintainment.com\/sv\/oversikt\/mitt-konto\/\" class=\"elementor-item\" tabindex=\"-1\">Mitt konto<\/a><\/li>\n<\/ul>\t\t\t<\/nav>\n\t\t\t\t\t\t<\/div>\n\t\t\t\t<\/div>\n\t\t\t\t\t<\/div>\n\t\t<\/div>\n\t\t\t\t<div class=\"elementor-column elementor-col-66 elementor-top-column elementor-element elementor-element-3f55056\" data-id=\"3f55056\" data-element_type=\"column\" data-e-type=\"column\">\n\t\t\t<div class=\"elementor-widget-wrap elementor-element-populated\">\n\t\t\t\t\t\t<div class=\"elementor-element elementor-element-8768cb9 sub-title elementor-widget elementor-widget-heading\" data-id=\"8768cb9\" data-element_type=\"widget\" data-e-type=\"widget\" data-widget_type=\"heading.default\">\n\t\t\t\t<div class=\"elementor-widget-container\">\n\t\t\t\t\t<p class=\"elementor-heading-title elementor-size-default\">Information<\/p>\t\t\t\t<\/div>\n\t\t\t\t<\/div>\n\t\t\t\t<div class=\"elementor-element elementor-element-3c4043b elementor-widget elementor-widget-text-editor\" data-id=\"3c4043b\" data-element_type=\"widget\" data-e-type=\"widget\" data-widget_type=\"text-editor.default\">\n\t\t\t\t<div class=\"elementor-widget-container\">\n\t\t\t\t\t\t\t\t\t<h1>Dokumentation<\/h1>\n<p>H\u00e4r kan du f\u00f6rdjupa dig i alla tekniska detaljer.<\/p>\n\t\t\t\t\t\t\t\t<\/div>\n\t\t\t\t<\/div>\n\t\t\t\t<section class=\"elementor-section elementor-inner-section elementor-element elementor-element-cef20fb section-download elementor-section-boxed elementor-section-height-default elementor-section-height-default\" data-id=\"cef20fb\" data-element_type=\"section\" data-e-type=\"section\">\n\t\t\t\t\t\t<div class=\"elementor-container elementor-column-gap-default\">\n\t\t\t\t\t<div class=\"elementor-column elementor-col-50 elementor-inner-column elementor-element elementor-element-c525603\" data-id=\"c525603\" data-element_type=\"column\" data-e-type=\"column\">\n\t\t\t<div class=\"elementor-widget-wrap elementor-element-populated\">\n\t\t\t\t\t\t<div class=\"elementor-element elementor-element-6687cf0 elementor-widget elementor-widget-text-editor\" data-id=\"6687cf0\" data-element_type=\"widget\" data-e-type=\"widget\" data-widget_type=\"text-editor.default\">\n\t\t\t\t<div class=\"elementor-widget-container\">\n\t\t\t\t\t\t\t\t\t<p><strong>Guide f\u00f6r anpassning av plattformen<\/strong><\/p>\n<p>Detta dokument listar de anpassningsalternativ som finns tillg\u00e4ngliga f\u00f6r anv\u00e4ndare av Keesing Media Group Puzzle Platform.<\/p>\n\t\t\t\t\t\t\t\t<\/div>\n\t\t\t\t<\/div>\n\t\t\t\t\t<\/div>\n\t\t<\/div>\n\t\t\t\t<div class=\"elementor-column elementor-col-50 elementor-inner-column elementor-element elementor-element-61579bc\" data-id=\"61579bc\" data-element_type=\"column\" data-e-type=\"column\">\n\t\t\t<div class=\"elementor-widget-wrap elementor-element-populated\">\n\t\t\t\t\t\t<div class=\"elementor-element elementor-element-eba812c elementor-widget elementor-widget-button\" data-id=\"eba812c\" data-element_type=\"widget\" data-e-type=\"widget\" data-widget_type=\"button.default\">\n\t\t\t\t<div class=\"elementor-widget-container\">\n\t\t\t\t\t\t\t\t\t<div class=\"elementor-button-wrapper\">\n\t\t\t\t\t<a class=\"elementor-button elementor-button-link elementor-size-sm\" href=\"https:\/\/braintainment.com\/sv\/puzzle-platform-customization-guide\/\" target=\"_blank\">\n\t\t\t\t\t\t<span class=\"elementor-button-content-wrapper\">\n\t\t\t\t\t\t<span class=\"elementor-button-icon\">\n\t\t\t\t<svg xmlns=\"http:\/\/www.w3.org\/2000\/svg\" width=\"17.773\" height=\"17.773\" viewBox=\"0 0 17.773 17.773\"><g id=\"Icon_feather-download\" data-name=\"Icon feather-download\" transform=\"translate(-3 -3)\"><path id=\"Path_562\" data-name=\"Path 562\" d=\"M18.107,28.109H5.666A2.669,2.669,0,0,1,3,25.443V21.889a.889.889,0,0,1,1.777,0v3.555a.89.89,0,0,0,.889.889H18.107A.89.89,0,0,0,19,25.443V21.889a.889.889,0,0,1,1.777,0v3.555A2.669,2.669,0,0,1,18.107,28.109Z\" transform=\"translate(0 -7.336)\" fill=\"#fff\"><\/path><path id=\"Path_563\" data-name=\"Path 563\" d=\"M14.332,19.721a.886.886,0,0,1-.628-.26L9.26,15.017a.889.889,0,1,1,1.257-1.257l3.815,3.815,3.815-3.815A.889.889,0,0,1,19.4,15.017L14.96,19.46A.886.886,0,0,1,14.332,19.721Z\" transform=\"translate(-2.445 -4.279)\" fill=\"#fff\"><\/path><path id=\"Path_564\" data-name=\"Path 564\" d=\"M17.389,15.441a.889.889,0,0,1-.889-.889V3.889a.889.889,0,0,1,1.777,0V14.553A.889.889,0,0,1,17.389,15.441Z\" transform=\"translate(-5.502)\" fill=\"#fff\"><\/path><\/g><\/svg>\t\t\t<\/span>\n\t\t\t\t\t\t\t\t<\/span>\n\t\t\t\t\t<\/a>\n\t\t\t\t<\/div>\n\t\t\t\t\t\t\t\t<\/div>\n\t\t\t\t<\/div>\n\t\t\t\t\t<\/div>\n\t\t<\/div>\n\t\t\t\t\t<\/div>\n\t\t<\/section>\n\t\t\t\t<section class=\"elementor-section elementor-inner-section elementor-element elementor-element-540c747 section-download elementor-section-boxed elementor-section-height-default elementor-section-height-default\" data-id=\"540c747\" data-element_type=\"section\" data-e-type=\"section\">\n\t\t\t\t\t\t<div class=\"elementor-container elementor-column-gap-default\">\n\t\t\t\t\t<div class=\"elementor-column elementor-col-50 elementor-inner-column elementor-element elementor-element-866102e\" data-id=\"866102e\" data-element_type=\"column\" data-e-type=\"column\">\n\t\t\t<div class=\"elementor-widget-wrap elementor-element-populated\">\n\t\t\t\t\t\t<div class=\"elementor-element elementor-element-6d5e3a0 elementor-widget elementor-widget-text-editor\" data-id=\"6d5e3a0\" data-element_type=\"widget\" data-e-type=\"widget\" data-widget_type=\"text-editor.default\">\n\t\t\t\t<div class=\"elementor-widget-container\">\n\t\t\t\t\t\t\t\t\t<p><b>Teknisk FAQ<\/b><\/p>\n<p>Detta dokument t\u00e4cker n\u00e5gra av de vanligaste fr\u00e5gorna.<\/p>\n\t\t\t\t\t\t\t\t<\/div>\n\t\t\t\t<\/div>\n\t\t\t\t\t<\/div>\n\t\t<\/div>\n\t\t\t\t<div class=\"elementor-column elementor-col-50 elementor-inner-column elementor-element elementor-element-3de2da4\" data-id=\"3de2da4\" data-element_type=\"column\" data-e-type=\"column\">\n\t\t\t<div class=\"elementor-widget-wrap elementor-element-populated\">\n\t\t\t\t\t\t<div class=\"elementor-element elementor-element-3a7cfad elementor-widget elementor-widget-button\" data-id=\"3a7cfad\" data-element_type=\"widget\" data-e-type=\"widget\" data-widget_type=\"button.default\">\n\t\t\t\t<div class=\"elementor-widget-container\">\n\t\t\t\t\t\t\t\t\t<div class=\"elementor-button-wrapper\">\n\t\t\t\t\t<a class=\"elementor-button elementor-button-link elementor-size-sm\" href=\"https:\/\/braintainment.com\/sv\/frequently-asked-questions\/\" target=\"_blank\">\n\t\t\t\t\t\t<span class=\"elementor-button-content-wrapper\">\n\t\t\t\t\t\t<span class=\"elementor-button-icon\">\n\t\t\t\t<svg xmlns=\"http:\/\/www.w3.org\/2000\/svg\" width=\"17.773\" height=\"17.773\" viewBox=\"0 0 17.773 17.773\"><g id=\"Icon_feather-download\" data-name=\"Icon feather-download\" transform=\"translate(-3 -3)\"><path id=\"Path_562\" data-name=\"Path 562\" d=\"M18.107,28.109H5.666A2.669,2.669,0,0,1,3,25.443V21.889a.889.889,0,0,1,1.777,0v3.555a.89.89,0,0,0,.889.889H18.107A.89.89,0,0,0,19,25.443V21.889a.889.889,0,0,1,1.777,0v3.555A2.669,2.669,0,0,1,18.107,28.109Z\" transform=\"translate(0 -7.336)\" fill=\"#fff\"><\/path><path id=\"Path_563\" data-name=\"Path 563\" d=\"M14.332,19.721a.886.886,0,0,1-.628-.26L9.26,15.017a.889.889,0,1,1,1.257-1.257l3.815,3.815,3.815-3.815A.889.889,0,0,1,19.4,15.017L14.96,19.46A.886.886,0,0,1,14.332,19.721Z\" transform=\"translate(-2.445 -4.279)\" fill=\"#fff\"><\/path><path id=\"Path_564\" data-name=\"Path 564\" d=\"M17.389,15.441a.889.889,0,0,1-.889-.889V3.889a.889.889,0,0,1,1.777,0V14.553A.889.889,0,0,1,17.389,15.441Z\" transform=\"translate(-5.502)\" fill=\"#fff\"><\/path><\/g><\/svg>\t\t\t<\/span>\n\t\t\t\t\t\t\t\t<\/span>\n\t\t\t\t\t<\/a>\n\t\t\t\t<\/div>\n\t\t\t\t\t\t\t\t<\/div>\n\t\t\t\t<\/div>\n\t\t\t\t\t<\/div>\n\t\t<\/div>\n\t\t\t\t\t<\/div>\n\t\t<\/section>\n\t\t\t\t\t<\/div>\n\t\t<\/div>\n\t\t\t\t\t<\/div>\n\t\t<\/section>\n\t\t\t\t<\/div>\n\t\t","protected":false},"excerpt":{"rendered":"<p>Information Dokumentation H\u00e4r kan du f\u00f6rdjupa dig i alla tekniska detaljer. Guide f\u00f6r anpassning av plattformen Detta dokument listar de anpassningsalternativ som finns tillg\u00e4ngliga f\u00f6r anv\u00e4ndare av Keesing Media Group Puzzle Platform. Teknisk FAQ Detta dokument t\u00e4cker n\u00e5gra av de vanligaste fr\u00e5gorna.<\/p>\n","protected":false},"author":1,"featured_media":0,"parent":3270,"menu_order":0,"comment_status":"closed","ping_status":"closed","template":"","meta":{"_acf_changed":false,"footnotes":""},"class_list":["post-3283","page","type-page","status-publish","hentry"],"acf":[],"yoast_head":"<!-- This site is optimized with the Yoast SEO plugin v27.5 - https:\/\/yoast.com\/product\/yoast-seo-wordpress\/ -->\n<title>Dokumentationsavdelning - Tekniska detaljer och guider<\/title>\n<meta name=\"description\" content=\"H\u00e4r kan du f\u00f6rdjupa dig i alla tekniska detaljer, guide till anpassning av plattformen och teknisk FAQ f\u00f6r v\u00e5ra produkter.\" \/>\n<meta name=\"robots\" content=\"index, follow, max-snippet:-1, max-image-preview:large, max-video-preview:-1\" \/>\n<link rel=\"canonical\" href=\"https:\/\/braintainment.com\/sv\/oversikt\/dokumentation\/\" \/>\n<meta property=\"og:locale\" content=\"sv_SE\" \/>\n<meta property=\"og:type\" content=\"article\" \/>\n<meta property=\"og:title\" content=\"Dokumentationsavdelning - Tekniska detaljer och guider\" \/>\n<meta property=\"og:description\" content=\"H\u00e4r kan du f\u00f6rdjupa dig i alla tekniska detaljer, guide till anpassning av plattformen och teknisk FAQ f\u00f6r v\u00e5ra produkter.\" \/>\n<meta property=\"og:url\" content=\"https:\/\/braintainment.com\/sv\/oversikt\/dokumentation\/\" \/>\n<meta property=\"og:site_name\" content=\"Braintainment\" \/>\n<meta property=\"article:modified_time\" content=\"2024-10-04T08:18:56+00:00\" \/>\n<meta property=\"og:image\" content=\"https:\/\/braintainment.com\/wp-content\/uploads\/site-image-keesing.jpg\" \/>\n\t<meta property=\"og:image:width\" content=\"1200\" \/>\n\t<meta property=\"og:image:height\" content=\"675\" \/>\n\t<meta property=\"og:image:type\" content=\"image\/jpeg\" \/>\n<meta name=\"twitter:card\" content=\"summary_large_image\" \/>\n<meta name=\"twitter:label1\" content=\"Ber\u00e4knad l\u00e4stid\" \/>\n\t<meta name=\"twitter:data1\" content=\"1 minut\" \/>\n<script type=\"application\/ld+json\" class=\"yoast-schema-graph\">{\"@context\":\"https:\\\/\\\/schema.org\",\"@graph\":[{\"@type\":\"WebPage\",\"@id\":\"https:\\\/\\\/braintainment.com\\\/sv\\\/oversikt\\\/dokumentation\\\/\",\"url\":\"https:\\\/\\\/braintainment.com\\\/sv\\\/oversikt\\\/dokumentation\\\/\",\"name\":\"Dokumentationsavdelning - Tekniska detaljer och guider\",\"isPartOf\":{\"@id\":\"https:\\\/\\\/braintainment.com\\\/sv\\\/#website\"},\"datePublished\":\"2024-01-23T13:45:49+00:00\",\"dateModified\":\"2024-10-04T08:18:56+00:00\",\"description\":\"H\u00e4r kan du f\u00f6rdjupa dig i alla tekniska detaljer, guide till anpassning av plattformen och teknisk FAQ f\u00f6r v\u00e5ra produkter.\",\"breadcrumb\":{\"@id\":\"https:\\\/\\\/braintainment.com\\\/sv\\\/oversikt\\\/dokumentation\\\/#breadcrumb\"},\"inLanguage\":\"sv-SE\",\"potentialAction\":[{\"@type\":\"ReadAction\",\"target\":[\"https:\\\/\\\/braintainment.com\\\/sv\\\/oversikt\\\/dokumentation\\\/\"]}]},{\"@type\":\"BreadcrumbList\",\"@id\":\"https:\\\/\\\/braintainment.com\\\/sv\\\/oversikt\\\/dokumentation\\\/#breadcrumb\",\"itemListElement\":[{\"@type\":\"ListItem\",\"position\":1,\"name\":\"Home\",\"item\":\"https:\\\/\\\/braintainment.com\\\/sv\\\/\"},{\"@type\":\"ListItem\",\"position\":2,\"name\":\"\u00d6versikt\",\"item\":\"https:\\\/\\\/braintainment.com\\\/sv\\\/oversikt\\\/\"},{\"@type\":\"ListItem\",\"position\":3,\"name\":\"Dokumentation\"}]},{\"@type\":\"WebSite\",\"@id\":\"https:\\\/\\\/braintainment.com\\\/sv\\\/#website\",\"url\":\"https:\\\/\\\/braintainment.com\\\/sv\\\/\",\"name\":\"Braintainment\",\"description\":\"\",\"publisher\":{\"@id\":\"https:\\\/\\\/braintainment.com\\\/sv\\\/#organization\"},\"potentialAction\":[{\"@type\":\"SearchAction\",\"target\":{\"@type\":\"EntryPoint\",\"urlTemplate\":\"https:\\\/\\\/braintainment.com\\\/sv\\\/?s={search_term_string}\"},\"query-input\":{\"@type\":\"PropertyValueSpecification\",\"valueRequired\":true,\"valueName\":\"search_term_string\"}}],\"inLanguage\":\"sv-SE\"},{\"@type\":\"Organization\",\"@id\":\"https:\\\/\\\/braintainment.com\\\/sv\\\/#organization\",\"name\":\"Braintainment\",\"url\":\"https:\\\/\\\/braintainment.com\\\/sv\\\/\",\"logo\":{\"@type\":\"ImageObject\",\"inLanguage\":\"sv-SE\",\"@id\":\"https:\\\/\\\/braintainment.com\\\/sv\\\/#\\\/schema\\\/logo\\\/image\\\/\",\"url\":\"https:\\\/\\\/braintainment.com\\\/wp-content\\\/uploads\\\/Logo-Braintaiment-Keesing-Color.png\",\"contentUrl\":\"https:\\\/\\\/braintainment.com\\\/wp-content\\\/uploads\\\/Logo-Braintaiment-Keesing-Color.png\",\"width\":468,\"height\":98,\"caption\":\"Braintainment\"},\"image\":{\"@id\":\"https:\\\/\\\/braintainment.com\\\/sv\\\/#\\\/schema\\\/logo\\\/image\\\/\"}}]}<\/script>\n<!-- \/ Yoast SEO plugin. -->","yoast_head_json":{"title":"Dokumentationsavdelning - Tekniska detaljer och guider","description":"H\u00e4r kan du f\u00f6rdjupa dig i alla tekniska detaljer, guide till anpassning av plattformen och teknisk FAQ f\u00f6r v\u00e5ra produkter.","robots":{"index":"index","follow":"follow","max-snippet":"max-snippet:-1","max-image-preview":"max-image-preview:large","max-video-preview":"max-video-preview:-1"},"canonical":"https:\/\/braintainment.com\/sv\/oversikt\/dokumentation\/","og_locale":"sv_SE","og_type":"article","og_title":"Dokumentationsavdelning - Tekniska detaljer och guider","og_description":"H\u00e4r kan du f\u00f6rdjupa dig i alla tekniska detaljer, guide till anpassning av plattformen och teknisk FAQ f\u00f6r v\u00e5ra produkter.","og_url":"https:\/\/braintainment.com\/sv\/oversikt\/dokumentation\/","og_site_name":"Braintainment","article_modified_time":"2024-10-04T08:18:56+00:00","og_image":[{"width":1200,"height":675,"url":"https:\/\/braintainment.com\/wp-content\/uploads\/site-image-keesing.jpg","type":"image\/jpeg"}],"twitter_card":"summary_large_image","twitter_misc":{"Ber\u00e4knad l\u00e4stid":"1 minut"},"schema":{"@context":"https:\/\/schema.org","@graph":[{"@type":"WebPage","@id":"https:\/\/braintainment.com\/sv\/oversikt\/dokumentation\/","url":"https:\/\/braintainment.com\/sv\/oversikt\/dokumentation\/","name":"Dokumentationsavdelning - Tekniska detaljer och guider","isPartOf":{"@id":"https:\/\/braintainment.com\/sv\/#website"},"datePublished":"2024-01-23T13:45:49+00:00","dateModified":"2024-10-04T08:18:56+00:00","description":"H\u00e4r kan du f\u00f6rdjupa dig i alla tekniska detaljer, guide till anpassning av plattformen och teknisk FAQ f\u00f6r v\u00e5ra produkter.","breadcrumb":{"@id":"https:\/\/braintainment.com\/sv\/oversikt\/dokumentation\/#breadcrumb"},"inLanguage":"sv-SE","potentialAction":[{"@type":"ReadAction","target":["https:\/\/braintainment.com\/sv\/oversikt\/dokumentation\/"]}]},{"@type":"BreadcrumbList","@id":"https:\/\/braintainment.com\/sv\/oversikt\/dokumentation\/#breadcrumb","itemListElement":[{"@type":"ListItem","position":1,"name":"Home","item":"https:\/\/braintainment.com\/sv\/"},{"@type":"ListItem","position":2,"name":"\u00d6versikt","item":"https:\/\/braintainment.com\/sv\/oversikt\/"},{"@type":"ListItem","position":3,"name":"Dokumentation"}]},{"@type":"WebSite","@id":"https:\/\/braintainment.com\/sv\/#website","url":"https:\/\/braintainment.com\/sv\/","name":"Braintainment","description":"","publisher":{"@id":"https:\/\/braintainment.com\/sv\/#organization"},"potentialAction":[{"@type":"SearchAction","target":{"@type":"EntryPoint","urlTemplate":"https:\/\/braintainment.com\/sv\/?s={search_term_string}"},"query-input":{"@type":"PropertyValueSpecification","valueRequired":true,"valueName":"search_term_string"}}],"inLanguage":"sv-SE"},{"@type":"Organization","@id":"https:\/\/braintainment.com\/sv\/#organization","name":"Braintainment","url":"https:\/\/braintainment.com\/sv\/","logo":{"@type":"ImageObject","inLanguage":"sv-SE","@id":"https:\/\/braintainment.com\/sv\/#\/schema\/logo\/image\/","url":"https:\/\/braintainment.com\/wp-content\/uploads\/Logo-Braintaiment-Keesing-Color.png","contentUrl":"https:\/\/braintainment.com\/wp-content\/uploads\/Logo-Braintaiment-Keesing-Color.png","width":468,"height":98,"caption":"Braintainment"},"image":{"@id":"https:\/\/braintainment.com\/sv\/#\/schema\/logo\/image\/"}}]}},"_links":{"self":[{"href":"https:\/\/braintainment.com\/sv\/wp-json\/wp\/v2\/pages\/3283","targetHints":{"allow":["GET"]}}],"collection":[{"href":"https:\/\/braintainment.com\/sv\/wp-json\/wp\/v2\/pages"}],"about":[{"href":"https:\/\/braintainment.com\/sv\/wp-json\/wp\/v2\/types\/page"}],"author":[{"embeddable":true,"href":"https:\/\/braintainment.com\/sv\/wp-json\/wp\/v2\/users\/1"}],"replies":[{"embeddable":true,"href":"https:\/\/braintainment.com\/sv\/wp-json\/wp\/v2\/comments?post=3283"}],"version-history":[{"count":1,"href":"https:\/\/braintainment.com\/sv\/wp-json\/wp\/v2\/pages\/3283\/revisions"}],"predecessor-version":[{"id":3284,"href":"https:\/\/braintainment.com\/sv\/wp-json\/wp\/v2\/pages\/3283\/revisions\/3284"}],"up":[{"embeddable":true,"href":"https:\/\/braintainment.com\/sv\/wp-json\/wp\/v2\/pages\/3270"}],"wp:attachment":[{"href":"https:\/\/braintainment.com\/sv\/wp-json\/wp\/v2\/media?parent=3283"}],"curies":[{"name":"wp","href":"https:\/\/api.w.org\/{rel}","templated":true}]}}