{"id":3275,"date":"2024-01-23T13:45:35","date_gmt":"2024-01-23T13:45:35","guid":{"rendered":"https:\/\/braintainment.com\/oversikt\/produktrapportering\/"},"modified":"2024-10-04T08:25:21","modified_gmt":"2024-10-04T08:25:21","slug":"produktrapportering","status":"publish","type":"page","link":"https:\/\/braintainment.com\/sv\/oversikt\/produktrapportering\/","title":{"rendered":"Produktrapportering"},"content":{"rendered":"\t\t<div data-elementor-type=\"wp-page\" data-elementor-id=\"3275\" class=\"elementor elementor-3275 elementor-617\" data-elementor-post-type=\"page\">\n\t\t\t\t\t\t<section class=\"elementor-section elementor-top-section elementor-element elementor-element-6cdecc0 section-demo elementor-section-boxed elementor-section-height-default elementor-section-height-default\" data-id=\"6cdecc0\" data-element_type=\"section\" data-e-type=\"section\">\n\t\t\t\t\t\t<div class=\"elementor-container elementor-column-gap-default\">\n\t\t\t\t\t<div class=\"elementor-column elementor-col-33 elementor-top-column elementor-element elementor-element-66f5684 column-nav\" data-id=\"66f5684\" data-element_type=\"column\" data-e-type=\"column\">\n\t\t\t<div class=\"elementor-widget-wrap elementor-element-populated\">\n\t\t\t\t\t\t<div class=\"elementor-element elementor-element-76a251a elementor-nav-menu--dropdown-none elementor-widget elementor-widget-nav-menu\" data-id=\"76a251a\" data-element_type=\"widget\" data-e-type=\"widget\" data-settings=\"{&quot;layout&quot;:&quot;vertical&quot;,&quot;submenu_icon&quot;:{&quot;value&quot;:&quot;&lt;i aria-hidden=\\&quot;true\\&quot; class=\\&quot;\\&quot;&gt;&lt;\\\/i&gt;&quot;,&quot;library&quot;:&quot;&quot;}}\" data-widget_type=\"nav-menu.default\">\n\t\t\t\t<div class=\"elementor-widget-container\">\n\t\t\t\t\t\t\t\t<nav aria-label=\"Meny\" class=\"elementor-nav-menu--main elementor-nav-menu__container elementor-nav-menu--layout-vertical e--pointer-none\">\n\t\t\t\t<ul id=\"menu-1-76a251a\" class=\"elementor-nav-menu sm-vertical\"><li class=\"button-logout menu-item menu-item-type-custom menu-item-object-custom menu-item-3953\"><a href=\"https:\/\/braintainment.com\/sv\/logga-in\/?swpm-logout=true\" class=\"elementor-item\">Log out<\/a><\/li>\n<li class=\"menu-item menu-item-type-post_type menu-item-object-page menu-item-3948\"><a href=\"https:\/\/braintainment.com\/sv\/oversikt\/\" class=\"elementor-item\">\u00d6versikt<\/a><\/li>\n<li class=\"menu-item menu-item-type-post_type menu-item-object-page menu-item-3949\"><a href=\"https:\/\/braintainment.com\/sv\/oversikt\/plattformsdemo\/\" class=\"elementor-item\">Plattformsdemo<\/a><\/li>\n<li class=\"menu-item menu-item-type-post_type menu-item-object-page menu-item-3950\"><a href=\"https:\/\/braintainment.com\/sv\/oversikt\/produktrapportering\/\" class=\"elementor-item\">Produktrapportering<\/a><\/li>\n<li class=\"menu-item menu-item-type-post_type menu-item-object-page menu-item-3951\"><a href=\"https:\/\/braintainment.com\/sv\/oversikt\/dokumentation\/\" class=\"elementor-item\">Dokumentation<\/a><\/li>\n<li class=\"menu-item menu-item-type-post_type menu-item-object-page menu-item-3952\"><a href=\"https:\/\/braintainment.com\/sv\/oversikt\/mitt-konto\/\" class=\"elementor-item\">Mitt konto<\/a><\/li>\n<\/ul>\t\t\t<\/nav>\n\t\t\t\t\t\t<nav class=\"elementor-nav-menu--dropdown elementor-nav-menu__container\" aria-hidden=\"true\">\n\t\t\t\t<ul id=\"menu-2-76a251a\" class=\"elementor-nav-menu sm-vertical\"><li class=\"button-logout menu-item menu-item-type-custom menu-item-object-custom menu-item-3953\"><a href=\"https:\/\/braintainment.com\/sv\/logga-in\/?swpm-logout=true\" class=\"elementor-item\" tabindex=\"-1\">Log out<\/a><\/li>\n<li class=\"menu-item menu-item-type-post_type menu-item-object-page menu-item-3948\"><a href=\"https:\/\/braintainment.com\/sv\/oversikt\/\" class=\"elementor-item\" tabindex=\"-1\">\u00d6versikt<\/a><\/li>\n<li class=\"menu-item menu-item-type-post_type menu-item-object-page menu-item-3949\"><a href=\"https:\/\/braintainment.com\/sv\/oversikt\/plattformsdemo\/\" class=\"elementor-item\" tabindex=\"-1\">Plattformsdemo<\/a><\/li>\n<li class=\"menu-item menu-item-type-post_type menu-item-object-page menu-item-3950\"><a href=\"https:\/\/braintainment.com\/sv\/oversikt\/produktrapportering\/\" class=\"elementor-item\" tabindex=\"-1\">Produktrapportering<\/a><\/li>\n<li class=\"menu-item menu-item-type-post_type menu-item-object-page menu-item-3951\"><a href=\"https:\/\/braintainment.com\/sv\/oversikt\/dokumentation\/\" class=\"elementor-item\" tabindex=\"-1\">Dokumentation<\/a><\/li>\n<li class=\"menu-item menu-item-type-post_type menu-item-object-page menu-item-3952\"><a href=\"https:\/\/braintainment.com\/sv\/oversikt\/mitt-konto\/\" class=\"elementor-item\" tabindex=\"-1\">Mitt konto<\/a><\/li>\n<\/ul>\t\t\t<\/nav>\n\t\t\t\t\t\t<\/div>\n\t\t\t\t<\/div>\n\t\t\t\t\t<\/div>\n\t\t<\/div>\n\t\t\t\t<div class=\"elementor-column elementor-col-66 elementor-top-column elementor-element elementor-element-3f55056\" data-id=\"3f55056\" data-element_type=\"column\" data-e-type=\"column\">\n\t\t\t<div class=\"elementor-widget-wrap elementor-element-populated\">\n\t\t\t\t\t\t<div class=\"elementor-element elementor-element-8768cb9 sub-title elementor-widget elementor-widget-heading\" data-id=\"8768cb9\" data-element_type=\"widget\" data-e-type=\"widget\" data-widget_type=\"heading.default\">\n\t\t\t\t<div class=\"elementor-widget-container\">\n\t\t\t\t\t<p class=\"elementor-heading-title elementor-size-default\">Analys<\/p>\t\t\t\t<\/div>\n\t\t\t\t<\/div>\n\t\t\t\t<div class=\"elementor-element elementor-element-3c4043b elementor-widget elementor-widget-text-editor\" data-id=\"3c4043b\" data-element_type=\"widget\" data-e-type=\"widget\" data-widget_type=\"text-editor.default\">\n\t\t\t\t<div class=\"elementor-widget-container\">\n\t\t\t\t\t\t\t\t\t<h1>Produktrapportering<\/h1>\n<p>Varje m\u00e5nad ger vi dig en \u00f6versikt som visar hur din milj\u00f6 presterar. D\u00e4r hittar du viktiga m\u00e4tv\u00e4rden som \u00e5terkommande anv\u00e4ndare, genomsnittlig tid tillbringad p\u00e5 sidan etc.<\/p>\n\t\t\t\t\t\t\t\t<\/div>\n\t\t\t\t<\/div>\n\t\t\t\t<div class=\"elementor-element elementor-element-0e621f4 elementor-widget elementor-widget-image\" data-id=\"0e621f4\" data-element_type=\"widget\" data-e-type=\"widget\" data-widget_type=\"image.default\">\n\t\t\t\t<div class=\"elementor-widget-container\">\n\t\t\t\t\t\t\t\t\t\t\t\t\t\t\t<img fetchpriority=\"high\" decoding=\"async\" width=\"800\" height=\"288\" src=\"https:\/\/braintainment.com\/wp-content\/uploads\/product-reporting-image-1024x368.webp\" class=\"attachment-large size-large wp-image-2487\" alt=\"\" srcset=\"https:\/\/braintainment.com\/wp-content\/uploads\/product-reporting-image-1024x368.webp 1024w, https:\/\/braintainment.com\/wp-content\/uploads\/product-reporting-image-300x108.webp 300w, https:\/\/braintainment.com\/wp-content\/uploads\/product-reporting-image-768x276.webp 768w, https:\/\/braintainment.com\/wp-content\/uploads\/product-reporting-image-1536x551.webp 1536w, https:\/\/braintainment.com\/wp-content\/uploads\/product-reporting-image.webp 1950w\" sizes=\"(max-width: 800px) 100vw, 800px\" \/>\t\t\t\t\t\t\t\t\t\t\t\t\t\t\t<\/div>\n\t\t\t\t<\/div>\n\t\t\t\t<div class=\"elementor-element elementor-element-04ea519 elementor-widget elementor-widget-text-editor\" data-id=\"04ea519\" data-element_type=\"widget\" data-e-type=\"widget\" data-widget_type=\"text-editor.default\">\n\t\t\t\t<div class=\"elementor-widget-container\">\n\t\t\t\t\t\t\t\t\t<h2>F\u00f6rb\u00e4ttrade analysdata<\/h2>\n<p>V\u00e5r plattform genererar triggers n\u00e4r anv\u00e4ndare spelar v\u00e5ra spel, och detta kan du anv\u00e4nda f\u00f6r att f\u00e5 f\u00f6rb\u00e4ttrade analysdata och optimera konverteringen.<\/p>\n\t\t\t\t\t\t\t\t<\/div>\n\t\t\t\t<\/div>\n\t\t\t\t\t<\/div>\n\t\t<\/div>\n\t\t\t\t\t<\/div>\n\t\t<\/section>\n\t\t\t\t<\/div>\n\t\t","protected":false},"excerpt":{"rendered":"<p>Analys Produktrapportering Varje m\u00e5nad ger vi dig en \u00f6versikt som visar hur din milj\u00f6 presterar. D\u00e4r hittar du viktiga m\u00e4tv\u00e4rden som \u00e5terkommande anv\u00e4ndare, genomsnittlig tid tillbringad p\u00e5 sidan etc. F\u00f6rb\u00e4ttrade analysdata V\u00e5r plattform genererar triggers n\u00e4r anv\u00e4ndare spelar v\u00e5ra spel, och detta kan du anv\u00e4nda f\u00f6r att f\u00e5 f\u00f6rb\u00e4ttrade analysdata och optimera konverteringen.<\/p>\n","protected":false},"author":1,"featured_media":0,"parent":3270,"menu_order":0,"comment_status":"closed","ping_status":"closed","template":"","meta":{"_acf_changed":false,"footnotes":""},"class_list":["post-3275","page","type-page","status-publish","hentry"],"acf":[],"yoast_head":"<!-- This site is optimized with the Yoast SEO plugin v27.4 - https:\/\/yoast.com\/product\/yoast-seo-wordpress\/ -->\n<title>Produktrapportering - Hitta prestandadata f\u00f6r din plattform<\/title>\n<meta name=\"description\" content=\"Varje m\u00e5nad ger vi dig en \u00f6versikt som visar hur din milj\u00f6 presterar. D\u00e4r hittar du nyckeltal som \u00e5terkommande anv\u00e4ndare, genomsnittlig tid p\u00e5 sidan etc.\" \/>\n<meta name=\"robots\" content=\"index, follow, max-snippet:-1, max-image-preview:large, max-video-preview:-1\" \/>\n<link rel=\"canonical\" href=\"https:\/\/braintainment.com\/sv\/oversikt\/produktrapportering\/\" \/>\n<meta property=\"og:locale\" content=\"sv_SE\" \/>\n<meta property=\"og:type\" content=\"article\" \/>\n<meta property=\"og:title\" content=\"Produktrapportering - Hitta prestandadata f\u00f6r din plattform\" \/>\n<meta property=\"og:description\" content=\"Varje m\u00e5nad ger vi dig en \u00f6versikt som visar hur din milj\u00f6 presterar. D\u00e4r hittar du nyckeltal som \u00e5terkommande anv\u00e4ndare, genomsnittlig tid p\u00e5 sidan etc.\" \/>\n<meta property=\"og:url\" content=\"https:\/\/braintainment.com\/sv\/oversikt\/produktrapportering\/\" \/>\n<meta property=\"og:site_name\" content=\"Braintainment\" \/>\n<meta property=\"article:modified_time\" content=\"2024-10-04T08:25:21+00:00\" \/>\n<meta property=\"og:image\" content=\"http:\/\/braintainment.com\/wp-content\/uploads\/product-reporting-image-1024x368.webp\" \/>\n<meta name=\"twitter:card\" content=\"summary_large_image\" \/>\n<meta name=\"twitter:label1\" content=\"Ber\u00e4knad l\u00e4stid\" \/>\n\t<meta name=\"twitter:data1\" content=\"1 minut\" \/>\n<script type=\"application\/ld+json\" class=\"yoast-schema-graph\">{\"@context\":\"https:\\\/\\\/schema.org\",\"@graph\":[{\"@type\":\"WebPage\",\"@id\":\"https:\\\/\\\/braintainment.com\\\/sv\\\/oversikt\\\/produktrapportering\\\/\",\"url\":\"https:\\\/\\\/braintainment.com\\\/sv\\\/oversikt\\\/produktrapportering\\\/\",\"name\":\"Produktrapportering - Hitta prestandadata f\u00f6r din plattform\",\"isPartOf\":{\"@id\":\"https:\\\/\\\/braintainment.com\\\/sv\\\/#website\"},\"primaryImageOfPage\":{\"@id\":\"https:\\\/\\\/braintainment.com\\\/sv\\\/oversikt\\\/produktrapportering\\\/#primaryimage\"},\"image\":{\"@id\":\"https:\\\/\\\/braintainment.com\\\/sv\\\/oversikt\\\/produktrapportering\\\/#primaryimage\"},\"thumbnailUrl\":\"http:\\\/\\\/braintainment.com\\\/wp-content\\\/uploads\\\/product-reporting-image-1024x368.webp\",\"datePublished\":\"2024-01-23T13:45:35+00:00\",\"dateModified\":\"2024-10-04T08:25:21+00:00\",\"description\":\"Varje m\u00e5nad ger vi dig en \u00f6versikt som visar hur din milj\u00f6 presterar. D\u00e4r hittar du nyckeltal som \u00e5terkommande anv\u00e4ndare, genomsnittlig tid p\u00e5 sidan etc.\",\"breadcrumb\":{\"@id\":\"https:\\\/\\\/braintainment.com\\\/sv\\\/oversikt\\\/produktrapportering\\\/#breadcrumb\"},\"inLanguage\":\"sv-SE\",\"potentialAction\":[{\"@type\":\"ReadAction\",\"target\":[\"https:\\\/\\\/braintainment.com\\\/sv\\\/oversikt\\\/produktrapportering\\\/\"]}]},{\"@type\":\"ImageObject\",\"inLanguage\":\"sv-SE\",\"@id\":\"https:\\\/\\\/braintainment.com\\\/sv\\\/oversikt\\\/produktrapportering\\\/#primaryimage\",\"url\":\"http:\\\/\\\/braintainment.com\\\/wp-content\\\/uploads\\\/product-reporting-image-1024x368.webp\",\"contentUrl\":\"http:\\\/\\\/braintainment.com\\\/wp-content\\\/uploads\\\/product-reporting-image-1024x368.webp\"},{\"@type\":\"BreadcrumbList\",\"@id\":\"https:\\\/\\\/braintainment.com\\\/sv\\\/oversikt\\\/produktrapportering\\\/#breadcrumb\",\"itemListElement\":[{\"@type\":\"ListItem\",\"position\":1,\"name\":\"Home\",\"item\":\"https:\\\/\\\/braintainment.com\\\/sv\\\/\"},{\"@type\":\"ListItem\",\"position\":2,\"name\":\"\u00d6versikt\",\"item\":\"https:\\\/\\\/braintainment.com\\\/sv\\\/oversikt\\\/\"},{\"@type\":\"ListItem\",\"position\":3,\"name\":\"Produktrapportering\"}]},{\"@type\":\"WebSite\",\"@id\":\"https:\\\/\\\/braintainment.com\\\/sv\\\/#website\",\"url\":\"https:\\\/\\\/braintainment.com\\\/sv\\\/\",\"name\":\"Braintainment\",\"description\":\"\",\"publisher\":{\"@id\":\"https:\\\/\\\/braintainment.com\\\/sv\\\/#organization\"},\"potentialAction\":[{\"@type\":\"SearchAction\",\"target\":{\"@type\":\"EntryPoint\",\"urlTemplate\":\"https:\\\/\\\/braintainment.com\\\/sv\\\/?s={search_term_string}\"},\"query-input\":{\"@type\":\"PropertyValueSpecification\",\"valueRequired\":true,\"valueName\":\"search_term_string\"}}],\"inLanguage\":\"sv-SE\"},{\"@type\":\"Organization\",\"@id\":\"https:\\\/\\\/braintainment.com\\\/sv\\\/#organization\",\"name\":\"Braintainment\",\"url\":\"https:\\\/\\\/braintainment.com\\\/sv\\\/\",\"logo\":{\"@type\":\"ImageObject\",\"inLanguage\":\"sv-SE\",\"@id\":\"https:\\\/\\\/braintainment.com\\\/sv\\\/#\\\/schema\\\/logo\\\/image\\\/\",\"url\":\"https:\\\/\\\/braintainment.com\\\/wp-content\\\/uploads\\\/Logo-Braintaiment-Keesing-Color.png\",\"contentUrl\":\"https:\\\/\\\/braintainment.com\\\/wp-content\\\/uploads\\\/Logo-Braintaiment-Keesing-Color.png\",\"width\":468,\"height\":98,\"caption\":\"Braintainment\"},\"image\":{\"@id\":\"https:\\\/\\\/braintainment.com\\\/sv\\\/#\\\/schema\\\/logo\\\/image\\\/\"}}]}<\/script>\n<!-- \/ Yoast SEO plugin. -->","yoast_head_json":{"title":"Produktrapportering - Hitta prestandadata f\u00f6r din plattform","description":"Varje m\u00e5nad ger vi dig en \u00f6versikt som visar hur din milj\u00f6 presterar. D\u00e4r hittar du nyckeltal som \u00e5terkommande anv\u00e4ndare, genomsnittlig tid p\u00e5 sidan etc.","robots":{"index":"index","follow":"follow","max-snippet":"max-snippet:-1","max-image-preview":"max-image-preview:large","max-video-preview":"max-video-preview:-1"},"canonical":"https:\/\/braintainment.com\/sv\/oversikt\/produktrapportering\/","og_locale":"sv_SE","og_type":"article","og_title":"Produktrapportering - Hitta prestandadata f\u00f6r din plattform","og_description":"Varje m\u00e5nad ger vi dig en \u00f6versikt som visar hur din milj\u00f6 presterar. D\u00e4r hittar du nyckeltal som \u00e5terkommande anv\u00e4ndare, genomsnittlig tid p\u00e5 sidan etc.","og_url":"https:\/\/braintainment.com\/sv\/oversikt\/produktrapportering\/","og_site_name":"Braintainment","article_modified_time":"2024-10-04T08:25:21+00:00","og_image":[{"url":"http:\/\/braintainment.com\/wp-content\/uploads\/product-reporting-image-1024x368.webp","type":"","width":"","height":""}],"twitter_card":"summary_large_image","twitter_misc":{"Ber\u00e4knad l\u00e4stid":"1 minut"},"schema":{"@context":"https:\/\/schema.org","@graph":[{"@type":"WebPage","@id":"https:\/\/braintainment.com\/sv\/oversikt\/produktrapportering\/","url":"https:\/\/braintainment.com\/sv\/oversikt\/produktrapportering\/","name":"Produktrapportering - Hitta prestandadata f\u00f6r din plattform","isPartOf":{"@id":"https:\/\/braintainment.com\/sv\/#website"},"primaryImageOfPage":{"@id":"https:\/\/braintainment.com\/sv\/oversikt\/produktrapportering\/#primaryimage"},"image":{"@id":"https:\/\/braintainment.com\/sv\/oversikt\/produktrapportering\/#primaryimage"},"thumbnailUrl":"http:\/\/braintainment.com\/wp-content\/uploads\/product-reporting-image-1024x368.webp","datePublished":"2024-01-23T13:45:35+00:00","dateModified":"2024-10-04T08:25:21+00:00","description":"Varje m\u00e5nad ger vi dig en \u00f6versikt som visar hur din milj\u00f6 presterar. D\u00e4r hittar du nyckeltal som \u00e5terkommande anv\u00e4ndare, genomsnittlig tid p\u00e5 sidan etc.","breadcrumb":{"@id":"https:\/\/braintainment.com\/sv\/oversikt\/produktrapportering\/#breadcrumb"},"inLanguage":"sv-SE","potentialAction":[{"@type":"ReadAction","target":["https:\/\/braintainment.com\/sv\/oversikt\/produktrapportering\/"]}]},{"@type":"ImageObject","inLanguage":"sv-SE","@id":"https:\/\/braintainment.com\/sv\/oversikt\/produktrapportering\/#primaryimage","url":"http:\/\/braintainment.com\/wp-content\/uploads\/product-reporting-image-1024x368.webp","contentUrl":"http:\/\/braintainment.com\/wp-content\/uploads\/product-reporting-image-1024x368.webp"},{"@type":"BreadcrumbList","@id":"https:\/\/braintainment.com\/sv\/oversikt\/produktrapportering\/#breadcrumb","itemListElement":[{"@type":"ListItem","position":1,"name":"Home","item":"https:\/\/braintainment.com\/sv\/"},{"@type":"ListItem","position":2,"name":"\u00d6versikt","item":"https:\/\/braintainment.com\/sv\/oversikt\/"},{"@type":"ListItem","position":3,"name":"Produktrapportering"}]},{"@type":"WebSite","@id":"https:\/\/braintainment.com\/sv\/#website","url":"https:\/\/braintainment.com\/sv\/","name":"Braintainment","description":"","publisher":{"@id":"https:\/\/braintainment.com\/sv\/#organization"},"potentialAction":[{"@type":"SearchAction","target":{"@type":"EntryPoint","urlTemplate":"https:\/\/braintainment.com\/sv\/?s={search_term_string}"},"query-input":{"@type":"PropertyValueSpecification","valueRequired":true,"valueName":"search_term_string"}}],"inLanguage":"sv-SE"},{"@type":"Organization","@id":"https:\/\/braintainment.com\/sv\/#organization","name":"Braintainment","url":"https:\/\/braintainment.com\/sv\/","logo":{"@type":"ImageObject","inLanguage":"sv-SE","@id":"https:\/\/braintainment.com\/sv\/#\/schema\/logo\/image\/","url":"https:\/\/braintainment.com\/wp-content\/uploads\/Logo-Braintaiment-Keesing-Color.png","contentUrl":"https:\/\/braintainment.com\/wp-content\/uploads\/Logo-Braintaiment-Keesing-Color.png","width":468,"height":98,"caption":"Braintainment"},"image":{"@id":"https:\/\/braintainment.com\/sv\/#\/schema\/logo\/image\/"}}]}},"_links":{"self":[{"href":"https:\/\/braintainment.com\/sv\/wp-json\/wp\/v2\/pages\/3275","targetHints":{"allow":["GET"]}}],"collection":[{"href":"https:\/\/braintainment.com\/sv\/wp-json\/wp\/v2\/pages"}],"about":[{"href":"https:\/\/braintainment.com\/sv\/wp-json\/wp\/v2\/types\/page"}],"author":[{"embeddable":true,"href":"https:\/\/braintainment.com\/sv\/wp-json\/wp\/v2\/users\/1"}],"replies":[{"embeddable":true,"href":"https:\/\/braintainment.com\/sv\/wp-json\/wp\/v2\/comments?post=3275"}],"version-history":[{"count":2,"href":"https:\/\/braintainment.com\/sv\/wp-json\/wp\/v2\/pages\/3275\/revisions"}],"predecessor-version":[{"id":3731,"href":"https:\/\/braintainment.com\/sv\/wp-json\/wp\/v2\/pages\/3275\/revisions\/3731"}],"up":[{"embeddable":true,"href":"https:\/\/braintainment.com\/sv\/wp-json\/wp\/v2\/pages\/3270"}],"wp:attachment":[{"href":"https:\/\/braintainment.com\/sv\/wp-json\/wp\/v2\/media?parent=3275"}],"curies":[{"name":"wp","href":"https:\/\/api.w.org\/{rel}","templated":true}]}}