{"id":3270,"date":"2024-01-23T11:12:19","date_gmt":"2024-01-23T11:12:19","guid":{"rendered":"https:\/\/braintainment.com\/oversikt\/"},"modified":"2024-10-04T08:17:20","modified_gmt":"2024-10-04T08:17:20","slug":"oversikt","status":"publish","type":"page","link":"https:\/\/braintainment.com\/sv\/oversikt\/","title":{"rendered":"\u00d6versikt"},"content":{"rendered":"\t\t<div data-elementor-type=\"wp-page\" data-elementor-id=\"3270\" class=\"elementor elementor-3270 elementor-558\" data-elementor-post-type=\"page\">\n\t\t\t\t\t\t<section class=\"elementor-section elementor-top-section elementor-element elementor-element-c358adc section-intro elementor-section-boxed elementor-section-height-default elementor-section-height-default\" data-id=\"c358adc\" data-element_type=\"section\" data-e-type=\"section\">\n\t\t\t\t\t\t<div class=\"elementor-container elementor-column-gap-default\">\n\t\t\t\t\t<div class=\"elementor-column elementor-col-100 elementor-top-column elementor-element elementor-element-5097ec8\" data-id=\"5097ec8\" data-element_type=\"column\" data-e-type=\"column\">\n\t\t\t<div class=\"elementor-widget-wrap elementor-element-populated\">\n\t\t\t\t\t\t<div class=\"elementor-element elementor-element-e829b70 elementor-widget elementor-widget-text-editor\" data-id=\"e829b70\" data-element_type=\"widget\" data-e-type=\"widget\" data-widget_type=\"text-editor.default\">\n\t\t\t\t<div class=\"elementor-widget-container\">\n\t\t\t\t\t\t\t\t\t<h1>V\u00e4lkommen<\/h1>\n<p>Uppt\u00e4ck magin i v\u00e5ra demos, l\u00e4r dig hur du smidigt kan integrera dessa engagerande upplevelser p\u00e5 din webbplats och upplev sj\u00e4lv hur den \u00f6kar anv\u00e4ndarengagemanget.<\/p>\n\t\t\t\t\t\t\t\t<\/div>\n\t\t\t\t<\/div>\n\t\t\t\t\t<\/div>\n\t\t<\/div>\n\t\t\t\t\t<\/div>\n\t\t<\/section>\n\t\t\t\t<section class=\"elementor-section elementor-top-section elementor-element elementor-element-5e23b12 section-dashboard elementor-section-boxed elementor-section-height-default elementor-section-height-default\" data-id=\"5e23b12\" data-element_type=\"section\" data-e-type=\"section\">\n\t\t\t\t\t\t<div class=\"elementor-container elementor-column-gap-default\">\n\t\t\t\t\t<div class=\"make-column-clickable-elementor elementor-column elementor-col-50 elementor-top-column elementor-element elementor-element-87549ae column-green\" style=\"cursor: pointer;\" data-column-clickable=\"https:\/\/braintainment.com\/dashboard\/product-reporting\/\" data-column-clickable-blank=\"_self\" data-id=\"87549ae\" data-element_type=\"column\" data-e-type=\"column\">\n\t\t\t<div class=\"elementor-widget-wrap elementor-element-populated\">\n\t\t\t\t\t\t<div class=\"elementor-element elementor-element-327d725 elementor-widget elementor-widget-text-editor\" data-id=\"327d725\" data-element_type=\"widget\" data-e-type=\"widget\" data-widget_type=\"text-editor.default\">\n\t\t\t\t<div class=\"elementor-widget-container\">\n\t\t\t\t\t\t\t\t\t<h2>Produktrapportering<\/h2>\n<p>F\u00e5 v\u00e4rdefulla analysdata f\u00f6r att finslipa strategier, f\u00f6rb\u00e4ttra anv\u00e4ndarupplevelser och skapa framg\u00e5ng f\u00f6r dina digitala underh\u00e5llningserbjudanden.<\/p>\n\t\t\t\t\t\t\t\t<\/div>\n\t\t\t\t<\/div>\n\t\t\t\t\t<\/div>\n\t\t<\/div>\n\t\t\t\t<div class=\"make-column-clickable-elementor elementor-column elementor-col-50 elementor-top-column elementor-element elementor-element-a3189c2 column-purple\" style=\"cursor: pointer;\" data-column-clickable=\"https:\/\/braintainment.com\/dashboard\/platform-demo\/\" data-column-clickable-blank=\"_self\" data-id=\"a3189c2\" data-element_type=\"column\" data-e-type=\"column\">\n\t\t\t<div class=\"elementor-widget-wrap elementor-element-populated\">\n\t\t\t\t\t\t<div class=\"elementor-element elementor-element-5c2f1fc elementor-widget elementor-widget-text-editor\" data-id=\"5c2f1fc\" data-element_type=\"widget\" data-e-type=\"widget\" data-widget_type=\"text-editor.default\">\n\t\t\t\t<div class=\"elementor-widget-container\">\n\t\t\t\t\t\t\t\t\t<h2>Plattformsdemo<\/h2>\n<p>Uppt\u00e4ck magin i v\u00e5ra demos och l\u00e4r dig hur du smidigt kan integrera dessa engagerande upplevelser p\u00e5 din webbplats, och upplev sj\u00e4lv hur anv\u00e4ndarengagemanget \u00f6kar.<\/p>\n\t\t\t\t\t\t\t\t<\/div>\n\t\t\t\t<\/div>\n\t\t\t\t\t<\/div>\n\t\t<\/div>\n\t\t\t\t\t<\/div>\n\t\t<\/section>\n\t\t\t\t<section class=\"elementor-section elementor-top-section elementor-element elementor-element-9e2f352 section-dashboard elementor-section-boxed elementor-section-height-default elementor-section-height-default\" data-id=\"9e2f352\" data-element_type=\"section\" data-e-type=\"section\">\n\t\t\t\t\t\t<div class=\"elementor-container elementor-column-gap-default\">\n\t\t\t\t\t<div class=\"make-column-clickable-elementor elementor-column elementor-col-50 elementor-top-column elementor-element elementor-element-2ff5a1f column-pink\" style=\"cursor: pointer;\" data-column-clickable=\"https:\/\/braintainment.com\/dashboard\/documentation\/\" data-column-clickable-blank=\"_self\" data-id=\"2ff5a1f\" data-element_type=\"column\" data-e-type=\"column\">\n\t\t\t<div class=\"elementor-widget-wrap elementor-element-populated\">\n\t\t\t\t\t\t<div class=\"elementor-element elementor-element-9673511 elementor-widget elementor-widget-text-editor\" data-id=\"9673511\" data-element_type=\"widget\" data-e-type=\"widget\" data-widget_type=\"text-editor.default\">\n\t\t\t\t<div class=\"elementor-widget-container\">\n\t\t\t\t\t\t\t\t\t<h2>Dokumentation<\/h2>\n<p>F\u00e5 den v\u00e4gledning du beh\u00f6ver f\u00f6r att s\u00f6ml\u00f6st integrera, optimera och f\u00f6rh\u00f6ja anv\u00e4ndarupplevelsen med v\u00e5ra klurigheter och spel p\u00e5 din plattform.<\/p>\n\t\t\t\t\t\t\t\t<\/div>\n\t\t\t\t<\/div>\n\t\t\t\t\t<\/div>\n\t\t<\/div>\n\t\t\t\t<div class=\"elementor-column elementor-col-50 elementor-top-column elementor-element elementor-element-e6e2d5c column-orange\" data-id=\"e6e2d5c\" data-element_type=\"column\" data-e-type=\"column\">\n\t\t\t<div class=\"elementor-widget-wrap elementor-element-populated\">\n\t\t\t\t\t\t<div class=\"elementor-element elementor-element-35971e9 elementor-widget elementor-widget-text-editor\" data-id=\"35971e9\" data-element_type=\"widget\" data-e-type=\"widget\" data-widget_type=\"text-editor.default\">\n\t\t\t\t<div class=\"elementor-widget-container\">\n\t\t\t\t\t\t\t\t\t<h2>Kontakt<\/h2>\n<p><strong>Braintainment Sverige<\/strong><\/p>\n<p><a href=\"mailto:info@keesing.se\"><img decoding=\"async\" class=\"alignnone wp-image-1043 size-full\" src=\"http:\/\/braintainment.com\/wp-content\/uploads\/icon-email.svg\" alt=\"\" width=\"29\" height=\"30\" \/> info@keesing.se<\/a><a href=\"mailto:y.niklasson@keesing.se\"><img decoding=\"async\" class=\"alignnone wp-image-1043 size-full\" src=\"http:\/\/braintainment.com\/wp-content\/uploads\/icon-email.svg\" alt=\"\" width=\"29\" height=\"30\" \/> Aff\u00e4rschef: y.niklasson@keesing.se<\/a><\/p>\n\t\t\t\t\t\t\t\t<\/div>\n\t\t\t\t<\/div>\n\t\t\t\t\t<\/div>\n\t\t<\/div>\n\t\t\t\t\t<\/div>\n\t\t<\/section>\n\t\t\t\t<\/div>\n\t\t","protected":false},"excerpt":{"rendered":"<p>V\u00e4lkommen Uppt\u00e4ck magin i v\u00e5ra demos, l\u00e4r dig hur du smidigt kan integrera dessa engagerande upplevelser p\u00e5 din webbplats och upplev sj\u00e4lv hur den \u00f6kar anv\u00e4ndarengagemanget. Produktrapportering F\u00e5 v\u00e4rdefulla analysdata f\u00f6r att finslipa strategier, f\u00f6rb\u00e4ttra anv\u00e4ndarupplevelser och skapa framg\u00e5ng f\u00f6r dina digitala underh\u00e5llningserbjudanden. Plattformsdemo Uppt\u00e4ck magin i v\u00e5ra demos och l\u00e4r dig hur du smidigt [&hellip;]<\/p>\n","protected":false},"author":1,"featured_media":0,"parent":0,"menu_order":0,"comment_status":"closed","ping_status":"closed","template":"","meta":{"_acf_changed":false,"footnotes":""},"class_list":["post-3270","page","type-page","status-publish","hentry"],"acf":[],"yoast_head":"<!-- This site is optimized with the Yoast SEO plugin v27.5 - https:\/\/yoast.com\/product\/yoast-seo-wordpress\/ -->\n<title>Oversikt - V\u00e4lkommen till v\u00e5r demoplattform<\/title>\n<meta name=\"description\" content=\"Uppt\u00e4ck magin med v\u00e5ra demos, l\u00e4r dig hur du integrerar dessa engagerande upplevelser p\u00e5 din webbplats och upplev sj\u00e4lv hur det \u00f6kar anv\u00e4ndarnas engagemang\" \/>\n<meta name=\"robots\" content=\"index, follow, max-snippet:-1, max-image-preview:large, max-video-preview:-1\" \/>\n<link rel=\"canonical\" href=\"https:\/\/braintainment.com\/sv\/oversikt\/\" \/>\n<meta property=\"og:locale\" content=\"sv_SE\" \/>\n<meta property=\"og:type\" content=\"article\" \/>\n<meta property=\"og:title\" content=\"Oversikt - V\u00e4lkommen till v\u00e5r demoplattform\" \/>\n<meta property=\"og:description\" content=\"Uppt\u00e4ck magin med v\u00e5ra demos, l\u00e4r dig hur du integrerar dessa engagerande upplevelser p\u00e5 din webbplats och upplev sj\u00e4lv hur det \u00f6kar anv\u00e4ndarnas engagemang\" \/>\n<meta property=\"og:url\" content=\"https:\/\/braintainment.com\/sv\/oversikt\/\" \/>\n<meta property=\"og:site_name\" content=\"Braintainment\" \/>\n<meta property=\"article:modified_time\" content=\"2024-10-04T08:17:20+00:00\" \/>\n<meta property=\"og:image\" content=\"http:\/\/braintainment.com\/wp-content\/uploads\/icon-email.svg\" \/>\n<meta name=\"twitter:card\" content=\"summary_large_image\" \/>\n<meta name=\"twitter:label1\" content=\"Ber\u00e4knad l\u00e4stid\" \/>\n\t<meta name=\"twitter:data1\" content=\"1 minut\" \/>\n<script type=\"application\/ld+json\" class=\"yoast-schema-graph\">{\"@context\":\"https:\\\/\\\/schema.org\",\"@graph\":[{\"@type\":\"WebPage\",\"@id\":\"https:\\\/\\\/braintainment.com\\\/sv\\\/oversikt\\\/\",\"url\":\"https:\\\/\\\/braintainment.com\\\/sv\\\/oversikt\\\/\",\"name\":\"Oversikt - V\u00e4lkommen till v\u00e5r demoplattform\",\"isPartOf\":{\"@id\":\"https:\\\/\\\/braintainment.com\\\/sv\\\/#website\"},\"primaryImageOfPage\":{\"@id\":\"https:\\\/\\\/braintainment.com\\\/sv\\\/oversikt\\\/#primaryimage\"},\"image\":{\"@id\":\"https:\\\/\\\/braintainment.com\\\/sv\\\/oversikt\\\/#primaryimage\"},\"thumbnailUrl\":\"http:\\\/\\\/braintainment.com\\\/wp-content\\\/uploads\\\/icon-email.svg\",\"datePublished\":\"2024-01-23T11:12:19+00:00\",\"dateModified\":\"2024-10-04T08:17:20+00:00\",\"description\":\"Uppt\u00e4ck magin med v\u00e5ra demos, l\u00e4r dig hur du integrerar dessa engagerande upplevelser p\u00e5 din webbplats och upplev sj\u00e4lv hur det \u00f6kar anv\u00e4ndarnas engagemang\",\"breadcrumb\":{\"@id\":\"https:\\\/\\\/braintainment.com\\\/sv\\\/oversikt\\\/#breadcrumb\"},\"inLanguage\":\"sv-SE\",\"potentialAction\":[{\"@type\":\"ReadAction\",\"target\":[\"https:\\\/\\\/braintainment.com\\\/sv\\\/oversikt\\\/\"]}]},{\"@type\":\"ImageObject\",\"inLanguage\":\"sv-SE\",\"@id\":\"https:\\\/\\\/braintainment.com\\\/sv\\\/oversikt\\\/#primaryimage\",\"url\":\"http:\\\/\\\/braintainment.com\\\/wp-content\\\/uploads\\\/icon-email.svg\",\"contentUrl\":\"http:\\\/\\\/braintainment.com\\\/wp-content\\\/uploads\\\/icon-email.svg\"},{\"@type\":\"BreadcrumbList\",\"@id\":\"https:\\\/\\\/braintainment.com\\\/sv\\\/oversikt\\\/#breadcrumb\",\"itemListElement\":[{\"@type\":\"ListItem\",\"position\":1,\"name\":\"Home\",\"item\":\"https:\\\/\\\/braintainment.com\\\/sv\\\/\"},{\"@type\":\"ListItem\",\"position\":2,\"name\":\"\u00d6versikt\"}]},{\"@type\":\"WebSite\",\"@id\":\"https:\\\/\\\/braintainment.com\\\/sv\\\/#website\",\"url\":\"https:\\\/\\\/braintainment.com\\\/sv\\\/\",\"name\":\"Braintainment\",\"description\":\"\",\"publisher\":{\"@id\":\"https:\\\/\\\/braintainment.com\\\/sv\\\/#organization\"},\"potentialAction\":[{\"@type\":\"SearchAction\",\"target\":{\"@type\":\"EntryPoint\",\"urlTemplate\":\"https:\\\/\\\/braintainment.com\\\/sv\\\/?s={search_term_string}\"},\"query-input\":{\"@type\":\"PropertyValueSpecification\",\"valueRequired\":true,\"valueName\":\"search_term_string\"}}],\"inLanguage\":\"sv-SE\"},{\"@type\":\"Organization\",\"@id\":\"https:\\\/\\\/braintainment.com\\\/sv\\\/#organization\",\"name\":\"Braintainment\",\"url\":\"https:\\\/\\\/braintainment.com\\\/sv\\\/\",\"logo\":{\"@type\":\"ImageObject\",\"inLanguage\":\"sv-SE\",\"@id\":\"https:\\\/\\\/braintainment.com\\\/sv\\\/#\\\/schema\\\/logo\\\/image\\\/\",\"url\":\"https:\\\/\\\/braintainment.com\\\/wp-content\\\/uploads\\\/Logo-Braintaiment-Keesing-Color.png\",\"contentUrl\":\"https:\\\/\\\/braintainment.com\\\/wp-content\\\/uploads\\\/Logo-Braintaiment-Keesing-Color.png\",\"width\":468,\"height\":98,\"caption\":\"Braintainment\"},\"image\":{\"@id\":\"https:\\\/\\\/braintainment.com\\\/sv\\\/#\\\/schema\\\/logo\\\/image\\\/\"}}]}<\/script>\n<!-- \/ Yoast SEO plugin. -->","yoast_head_json":{"title":"Oversikt - V\u00e4lkommen till v\u00e5r demoplattform","description":"Uppt\u00e4ck magin med v\u00e5ra demos, l\u00e4r dig hur du integrerar dessa engagerande upplevelser p\u00e5 din webbplats och upplev sj\u00e4lv hur det \u00f6kar anv\u00e4ndarnas engagemang","robots":{"index":"index","follow":"follow","max-snippet":"max-snippet:-1","max-image-preview":"max-image-preview:large","max-video-preview":"max-video-preview:-1"},"canonical":"https:\/\/braintainment.com\/sv\/oversikt\/","og_locale":"sv_SE","og_type":"article","og_title":"Oversikt - V\u00e4lkommen till v\u00e5r demoplattform","og_description":"Uppt\u00e4ck magin med v\u00e5ra demos, l\u00e4r dig hur du integrerar dessa engagerande upplevelser p\u00e5 din webbplats och upplev sj\u00e4lv hur det \u00f6kar anv\u00e4ndarnas engagemang","og_url":"https:\/\/braintainment.com\/sv\/oversikt\/","og_site_name":"Braintainment","article_modified_time":"2024-10-04T08:17:20+00:00","og_image":[{"url":"http:\/\/braintainment.com\/wp-content\/uploads\/icon-email.svg","type":"","width":"","height":""}],"twitter_card":"summary_large_image","twitter_misc":{"Ber\u00e4knad l\u00e4stid":"1 minut"},"schema":{"@context":"https:\/\/schema.org","@graph":[{"@type":"WebPage","@id":"https:\/\/braintainment.com\/sv\/oversikt\/","url":"https:\/\/braintainment.com\/sv\/oversikt\/","name":"Oversikt - V\u00e4lkommen till v\u00e5r demoplattform","isPartOf":{"@id":"https:\/\/braintainment.com\/sv\/#website"},"primaryImageOfPage":{"@id":"https:\/\/braintainment.com\/sv\/oversikt\/#primaryimage"},"image":{"@id":"https:\/\/braintainment.com\/sv\/oversikt\/#primaryimage"},"thumbnailUrl":"http:\/\/braintainment.com\/wp-content\/uploads\/icon-email.svg","datePublished":"2024-01-23T11:12:19+00:00","dateModified":"2024-10-04T08:17:20+00:00","description":"Uppt\u00e4ck magin med v\u00e5ra demos, l\u00e4r dig hur du integrerar dessa engagerande upplevelser p\u00e5 din webbplats och upplev sj\u00e4lv hur det \u00f6kar anv\u00e4ndarnas engagemang","breadcrumb":{"@id":"https:\/\/braintainment.com\/sv\/oversikt\/#breadcrumb"},"inLanguage":"sv-SE","potentialAction":[{"@type":"ReadAction","target":["https:\/\/braintainment.com\/sv\/oversikt\/"]}]},{"@type":"ImageObject","inLanguage":"sv-SE","@id":"https:\/\/braintainment.com\/sv\/oversikt\/#primaryimage","url":"http:\/\/braintainment.com\/wp-content\/uploads\/icon-email.svg","contentUrl":"http:\/\/braintainment.com\/wp-content\/uploads\/icon-email.svg"},{"@type":"BreadcrumbList","@id":"https:\/\/braintainment.com\/sv\/oversikt\/#breadcrumb","itemListElement":[{"@type":"ListItem","position":1,"name":"Home","item":"https:\/\/braintainment.com\/sv\/"},{"@type":"ListItem","position":2,"name":"\u00d6versikt"}]},{"@type":"WebSite","@id":"https:\/\/braintainment.com\/sv\/#website","url":"https:\/\/braintainment.com\/sv\/","name":"Braintainment","description":"","publisher":{"@id":"https:\/\/braintainment.com\/sv\/#organization"},"potentialAction":[{"@type":"SearchAction","target":{"@type":"EntryPoint","urlTemplate":"https:\/\/braintainment.com\/sv\/?s={search_term_string}"},"query-input":{"@type":"PropertyValueSpecification","valueRequired":true,"valueName":"search_term_string"}}],"inLanguage":"sv-SE"},{"@type":"Organization","@id":"https:\/\/braintainment.com\/sv\/#organization","name":"Braintainment","url":"https:\/\/braintainment.com\/sv\/","logo":{"@type":"ImageObject","inLanguage":"sv-SE","@id":"https:\/\/braintainment.com\/sv\/#\/schema\/logo\/image\/","url":"https:\/\/braintainment.com\/wp-content\/uploads\/Logo-Braintaiment-Keesing-Color.png","contentUrl":"https:\/\/braintainment.com\/wp-content\/uploads\/Logo-Braintaiment-Keesing-Color.png","width":468,"height":98,"caption":"Braintainment"},"image":{"@id":"https:\/\/braintainment.com\/sv\/#\/schema\/logo\/image\/"}}]}},"_links":{"self":[{"href":"https:\/\/braintainment.com\/sv\/wp-json\/wp\/v2\/pages\/3270","targetHints":{"allow":["GET"]}}],"collection":[{"href":"https:\/\/braintainment.com\/sv\/wp-json\/wp\/v2\/pages"}],"about":[{"href":"https:\/\/braintainment.com\/sv\/wp-json\/wp\/v2\/types\/page"}],"author":[{"embeddable":true,"href":"https:\/\/braintainment.com\/sv\/wp-json\/wp\/v2\/users\/1"}],"replies":[{"embeddable":true,"href":"https:\/\/braintainment.com\/sv\/wp-json\/wp\/v2\/comments?post=3270"}],"version-history":[{"count":1,"href":"https:\/\/braintainment.com\/sv\/wp-json\/wp\/v2\/pages\/3270\/revisions"}],"predecessor-version":[{"id":3271,"href":"https:\/\/braintainment.com\/sv\/wp-json\/wp\/v2\/pages\/3270\/revisions\/3271"}],"wp:attachment":[{"href":"https:\/\/braintainment.com\/sv\/wp-json\/wp\/v2\/media?parent=3270"}],"curies":[{"name":"wp","href":"https:\/\/api.w.org\/{rel}","templated":true}]}}