{"id":3228,"date":"2024-04-18T10:08:50","date_gmt":"2024-04-18T10:08:50","guid":{"rendered":"https:\/\/braintainment.com\/skraddarsytt-upplagg\/"},"modified":"2024-10-04T08:36:26","modified_gmt":"2024-10-04T08:36:26","slug":"skraddarsytt-upplagg","status":"publish","type":"page","link":"https:\/\/braintainment.com\/sv\/skraddarsytt-upplagg\/","title":{"rendered":"Skr\u00e4ddarsytt uppl\u00e4gg"},"content":{"rendered":"\t\t<div data-elementor-type=\"wp-page\" data-elementor-id=\"3228\" class=\"elementor elementor-3228 elementor-1768\" data-elementor-post-type=\"page\">\n\t\t\t\t\t\t<section class=\"elementor-section elementor-top-section elementor-element elementor-element-a682887 section-pagetitle vertical elementor-section-boxed elementor-section-height-default elementor-section-height-default\" data-id=\"a682887\" data-element_type=\"section\" data-e-type=\"section\">\n\t\t\t\t\t\t<div class=\"elementor-container elementor-column-gap-default\">\n\t\t\t\t\t<div class=\"elementor-column elementor-col-100 elementor-top-column elementor-element elementor-element-f4c45ed\" data-id=\"f4c45ed\" data-element_type=\"column\" data-e-type=\"column\">\n\t\t\t<div class=\"elementor-widget-wrap elementor-element-populated\">\n\t\t\t\t\t\t<div class=\"elementor-element elementor-element-df358c9 shape elementor-view-default elementor-widget elementor-widget-icon\" data-id=\"df358c9\" data-element_type=\"widget\" data-e-type=\"widget\" data-settings=\"{&quot;motion_fx_motion_fx_scrolling&quot;:&quot;yes&quot;,&quot;motion_fx_translateY_speed&quot;:{&quot;unit&quot;:&quot;px&quot;,&quot;size&quot;:2.5,&quot;sizes&quot;:[]},&quot;motion_fx_translateY_effect&quot;:&quot;yes&quot;,&quot;motion_fx_translateY_affectedRange&quot;:{&quot;unit&quot;:&quot;%&quot;,&quot;size&quot;:&quot;&quot;,&quot;sizes&quot;:{&quot;start&quot;:0,&quot;end&quot;:100}},&quot;motion_fx_devices&quot;:[&quot;desktop&quot;,&quot;tablet&quot;,&quot;mobile&quot;]}\" data-widget_type=\"icon.default\">\n\t\t\t\t<div class=\"elementor-widget-container\">\n\t\t\t\t\t\t\t<div class=\"elementor-icon-wrapper\">\n\t\t\t<div class=\"elementor-icon\">\n\t\t\t<svg xmlns=\"http:\/\/www.w3.org\/2000\/svg\" width=\"98.442\" height=\"94.229\" viewBox=\"0 0 98.442 94.229\"><path d=\"M48.4,5.857a5,5,0,0,1,8.194,0L71.2,26.733a5,5,0,0,0,2.632,1.915l24.35,7.46a5,5,0,0,1,2.531,7.786L85.388,64.27a5,5,0,0,0-1,3.092l.439,25.5A5,5,0,0,1,78.2,97.674L54.129,89.381a5,5,0,0,0-3.258,0L26.8,97.674a5,5,0,0,1-6.628-4.813l.439-25.5a5,5,0,0,0-1-3.092L4.286,43.894a5,5,0,0,1,2.531-7.786l24.35-7.46A5,5,0,0,0,33.8,26.733Z\" transform=\"translate(-3.279 -3.723)\" fill=\"#6a82e0\"><\/path><\/svg>\t\t\t<\/div>\n\t\t<\/div>\n\t\t\t\t\t\t<\/div>\n\t\t\t\t<\/div>\n\t\t\t\t<div class=\"elementor-element elementor-element-59eb941 sub-title elementor-widget elementor-widget-heading\" data-id=\"59eb941\" data-element_type=\"widget\" data-e-type=\"widget\" data-widget_type=\"heading.default\">\n\t\t\t\t<div class=\"elementor-widget-container\">\n\t\t\t\t\t<p class=\"elementor-heading-title elementor-size-default\">Skr\u00e4ddarsytt uppl\u00e4gg<\/p>\t\t\t\t<\/div>\n\t\t\t\t<\/div>\n\t\t\t\t<div class=\"elementor-element elementor-element-209db71 elementor-widget elementor-widget-text-editor\" data-id=\"209db71\" data-element_type=\"widget\" data-e-type=\"widget\" data-widget_type=\"text-editor.default\">\n\t\t\t\t<div class=\"elementor-widget-container\">\n\t\t\t\t\t\t\t\t\t<h1>V\u00e5ra skr\u00e4ddarsydda erbjudanden<\/h1>\n<p>Oavsett om du vill f\u00f6rb\u00e4ttra din webbplats, mobila webbplats, app eller dina e-postkampanjer har Keesing de l\u00f6sningar du beh\u00f6ver f\u00f6r att lyfta ditt inneh\u00e5ll och engagera din publik som aldrig f\u00f6rr. V\u00e5rt team av erfarna proffs \u00e4r redo att utforska hur v\u00e5ra l\u00f6sningar kan anpassas f\u00f6r att m\u00f6ta dina specifika behov och m\u00e5l.<\/p>\n\t\t\t\t\t\t\t\t<\/div>\n\t\t\t\t<\/div>\n\t\t\t\t<div class=\"elementor-element elementor-element-8a482b4 shape shape-1 elementor-hidden-tablet elementor-hidden-mobile elementor-view-default elementor-widget elementor-widget-icon\" data-id=\"8a482b4\" data-element_type=\"widget\" data-e-type=\"widget\" data-settings=\"{&quot;motion_fx_motion_fx_scrolling&quot;:&quot;yes&quot;,&quot;motion_fx_rotateZ_speed&quot;:{&quot;unit&quot;:&quot;px&quot;,&quot;size&quot;:4,&quot;sizes&quot;:[]},&quot;motion_fx_rotateZ_effect&quot;:&quot;yes&quot;,&quot;motion_fx_rotateZ_affectedRange&quot;:{&quot;unit&quot;:&quot;%&quot;,&quot;size&quot;:&quot;&quot;,&quot;sizes&quot;:{&quot;start&quot;:0,&quot;end&quot;:100}},&quot;motion_fx_devices&quot;:[&quot;desktop&quot;,&quot;tablet&quot;,&quot;mobile&quot;]}\" data-widget_type=\"icon.default\">\n\t\t\t\t<div class=\"elementor-widget-container\">\n\t\t\t\t\t\t\t<div class=\"elementor-icon-wrapper\">\n\t\t\t<div class=\"elementor-icon\">\n\t\t\t<svg xmlns=\"http:\/\/www.w3.org\/2000\/svg\" width=\"103.249\" height=\"98.816\" viewBox=\"0 0 103.249 98.816\"><path d=\"M49.558,2.14a5,5,0,0,1,5.883,0l46.624,33.922a5,5,0,0,1,1.814,5.586l-17.812,54.9A5,5,0,0,1,81.313,100H23.687a5,5,0,0,1-4.756-3.457L1.12,41.648a5,5,0,0,1,1.814-5.586Z\" transform=\"translate(-0.875 -1.184)\" fill=\"#fc9335\"><\/path><\/svg>\t\t\t<\/div>\n\t\t<\/div>\n\t\t\t\t\t\t<\/div>\n\t\t\t\t<\/div>\n\t\t\t\t\t<\/div>\n\t\t<\/div>\n\t\t\t\t\t<\/div>\n\t\t<\/section>\n\t\t\t\t<section class=\"elementor-section elementor-top-section elementor-element elementor-element-679f28d section-image-content custom elementor-section-boxed elementor-section-height-default elementor-section-height-default\" data-id=\"679f28d\" data-element_type=\"section\" data-e-type=\"section\">\n\t\t\t\t\t\t<div class=\"elementor-container elementor-column-gap-default\">\n\t\t\t\t\t<div class=\"elementor-column elementor-col-50 elementor-top-column elementor-element elementor-element-c1f3fc1 column-content\" data-id=\"c1f3fc1\" data-element_type=\"column\" data-e-type=\"column\">\n\t\t\t<div class=\"elementor-widget-wrap elementor-element-populated\">\n\t\t\t\t\t\t<div class=\"elementor-element elementor-element-8456004 sub-title elementor-widget elementor-widget-heading\" data-id=\"8456004\" data-element_type=\"widget\" data-e-type=\"widget\" data-widget_type=\"heading.default\">\n\t\t\t\t<div class=\"elementor-widget-container\">\n\t\t\t\t\t<p class=\"elementor-heading-title elementor-size-default\">Skr\u00e4ddarsytt uppl\u00e4ggen<\/p>\t\t\t\t<\/div>\n\t\t\t\t<\/div>\n\t\t\t\t<div class=\"elementor-element elementor-element-57b4142 elementor-widget elementor-widget-text-editor\" data-id=\"57b4142\" data-element_type=\"widget\" data-e-type=\"widget\" data-widget_type=\"text-editor.default\">\n\t\t\t\t<div class=\"elementor-widget-container\">\n\t\t\t\t\t\t\t\t\t<h2>Vi har expertis<\/h2>\n<p>Vad som skiljer Keesing \u00e5t \u00e4r v\u00e5rt engagemang f\u00f6r innovation och v\u00e5r initiativrika inst\u00e4llning. Vi f\u00f6rst\u00e5r att varje kund \u00e4r unik, och f\u00f6r att passa just dina preferenser erbjuder vi d\u00e4rf\u00f6r en rad olika format och leveransalternativ. Oavsett om du har ett litet f\u00f6retag och vill f\u00f6rb\u00e4ttra din n\u00e4rvaro online eller om du har ett stort f\u00f6retag som vill se \u00f6kat anv\u00e4ndarengagemang s\u00e5 har Keesing expertisen och resurserna f\u00f6r att hj\u00e4lpa dig att lyckas.<\/p>\n<p>Med Keesing kan du f\u00f6rv\u00e4nta dig:<\/p>\n<ul>\n<li>Engagerande digitala korsord, klurigheter och casual-spel.<\/li>\n<li>S\u00f6ml\u00f6s integrering p\u00e5 din webbplats, mobila webbplats, app eller e-post.<\/li>\n<li>Flera erbjudanden f\u00f6r att skr\u00e4ddarsy dina behov.<\/li>\n<li>Professionell v\u00e4gledning och support genom hela processen.<\/li>\n<\/ul>\n<p>Bli en av de otaliga n\u00f6jda kunder som har upplevt skillnaden med Keesing. Kontakta oss idag f\u00f6r att h\u00f6ra mer om hur vi kan hj\u00e4lpa dig att leverera f\u00e4ngslande Braintainment-inneh\u00e5ll till din publik. L\u00e5t oss arbeta tillsammans f\u00f6r att ta ditt inneh\u00e5ll till n\u00e4sta niv\u00e5.<\/p>\n\t\t\t\t\t\t\t\t<\/div>\n\t\t\t\t<\/div>\n\t\t\t\t<div class=\"elementor-element elementor-element-44da132 elementor-widget elementor-widget-button\" data-id=\"44da132\" data-element_type=\"widget\" data-e-type=\"widget\" data-settings=\"{&quot;enabled_visibility&quot;:&quot;yes&quot;,&quot;dce_visibility_selected&quot;:&quot;hide&quot;}\" data-widget_type=\"button.default\">\n\t\t\t\t<div class=\"elementor-widget-container\">\n\t\t\t\t\t\t\t\t\t<div class=\"elementor-button-wrapper\">\n\t\t\t\t\t<a class=\"elementor-button elementor-button-link elementor-size-sm\" href=\"https:\/\/braintainment.com\/sv\/begar-en-demo\/\">\n\t\t\t\t\t\t<span class=\"elementor-button-content-wrapper\">\n\t\t\t\t\t\t\t\t\t<span class=\"elementor-button-text\">Klicka f\u00f6r demo<\/span>\n\t\t\t\t\t<\/span>\n\t\t\t\t\t<\/a>\n\t\t\t\t<\/div>\n\t\t\t\t\t\t\t\t<\/div>\n\t\t\t\t<\/div>\n\t\t<!-- dce invisible element 8850cd8 -->\t\t\t<\/div>\n\t\t<\/div>\n\t\t\t\t<div class=\"elementor-column elementor-col-50 elementor-top-column elementor-element elementor-element-ea5803f column-image\" data-id=\"ea5803f\" data-element_type=\"column\" data-e-type=\"column\">\n\t\t\t<div class=\"elementor-widget-wrap elementor-element-populated\">\n\t\t\t\t\t\t<div class=\"elementor-element elementor-element-645734d elementor-widget elementor-widget-image\" data-id=\"645734d\" data-element_type=\"widget\" data-e-type=\"widget\" data-widget_type=\"image.default\">\n\t\t\t\t<div class=\"elementor-widget-container\">\n\t\t\t\t\t\t\t\t\t\t\t\t\t\t\t<img fetchpriority=\"high\" decoding=\"async\" width=\"800\" height=\"478\" src=\"https:\/\/braintainment.com\/wp-content\/uploads\/custom-tailored-solutions-1024x612.webp\" class=\"attachment-large size-large wp-image-3026\" alt=\"Dashboard van puzzels en integratie\" srcset=\"https:\/\/braintainment.com\/wp-content\/uploads\/custom-tailored-solutions-1024x612.webp 1024w, https:\/\/braintainment.com\/wp-content\/uploads\/custom-tailored-solutions-300x179.webp 300w, https:\/\/braintainment.com\/wp-content\/uploads\/custom-tailored-solutions-768x459.webp 768w, https:\/\/braintainment.com\/wp-content\/uploads\/custom-tailored-solutions-1536x918.webp 1536w, https:\/\/braintainment.com\/wp-content\/uploads\/custom-tailored-solutions.webp 1642w\" sizes=\"(max-width: 800px) 100vw, 800px\" \/>\t\t\t\t\t\t\t\t\t\t\t\t\t\t\t<\/div>\n\t\t\t\t<\/div>\n\t\t\t\t\t<\/div>\n\t\t<\/div>\n\t\t\t\t\t<\/div>\n\t\t<\/section>\n\t\t\t\t<\/div>\n\t\t","protected":false},"excerpt":{"rendered":"<p>Skr\u00e4ddarsytt uppl\u00e4gg V\u00e5ra skr\u00e4ddarsydda erbjudanden Oavsett om du vill f\u00f6rb\u00e4ttra din webbplats, mobila webbplats, app eller dina e-postkampanjer har Keesing de l\u00f6sningar du beh\u00f6ver f\u00f6r att lyfta ditt inneh\u00e5ll och engagera din publik som aldrig f\u00f6rr. V\u00e5rt team av erfarna proffs \u00e4r redo att utforska hur v\u00e5ra l\u00f6sningar kan anpassas f\u00f6r att m\u00f6ta dina specifika [&hellip;]<\/p>\n","protected":false},"author":1,"featured_media":0,"parent":0,"menu_order":0,"comment_status":"closed","ping_status":"closed","template":"","meta":{"_acf_changed":false,"footnotes":""},"class_list":["post-3228","page","type-page","status-publish","hentry"],"acf":[],"yoast_head":"<!-- This site is optimized with the Yoast SEO plugin v27.5 - https:\/\/yoast.com\/product\/yoast-seo-wordpress\/ -->\n<title>Skr\u00e4ddarsydda l\u00f6sningar - Skr\u00e4ddarsydd strategi f\u00f6r din<\/title>\n<meta name=\"description\" content=\"Oavsett om du vill f\u00f6rb\u00e4ttra din webbplats, mobilwebbplats, app eller e-postkampanjer har vi l\u00f6sningar som engagerar din publik som aldrig f\u00f6rr\" \/>\n<meta name=\"robots\" content=\"index, follow, max-snippet:-1, max-image-preview:large, max-video-preview:-1\" \/>\n<link rel=\"canonical\" href=\"https:\/\/braintainment.com\/sv\/skraddarsytt-upplagg\/\" \/>\n<meta property=\"og:locale\" content=\"sv_SE\" \/>\n<meta property=\"og:type\" content=\"article\" \/>\n<meta property=\"og:title\" content=\"Skr\u00e4ddarsydda l\u00f6sningar - Skr\u00e4ddarsydd strategi f\u00f6r din\" \/>\n<meta property=\"og:description\" content=\"Oavsett om du vill f\u00f6rb\u00e4ttra din webbplats, mobilwebbplats, app eller e-postkampanjer har vi l\u00f6sningar som engagerar din publik som aldrig f\u00f6rr\" \/>\n<meta property=\"og:url\" content=\"https:\/\/braintainment.com\/sv\/skraddarsytt-upplagg\/\" \/>\n<meta property=\"og:site_name\" content=\"Braintainment\" \/>\n<meta property=\"article:modified_time\" content=\"2024-10-04T08:36:26+00:00\" \/>\n<meta property=\"og:image\" content=\"http:\/\/braintainment.com\/wp-content\/uploads\/custom-tailored-solutions-1024x612.webp\" \/>\n<meta name=\"twitter:card\" content=\"summary_large_image\" \/>\n<meta name=\"twitter:label1\" content=\"Ber\u00e4knad l\u00e4stid\" \/>\n\t<meta name=\"twitter:data1\" content=\"2 minuter\" \/>\n<script type=\"application\/ld+json\" class=\"yoast-schema-graph\">{\"@context\":\"https:\\\/\\\/schema.org\",\"@graph\":[{\"@type\":\"WebPage\",\"@id\":\"https:\\\/\\\/braintainment.com\\\/sv\\\/skraddarsytt-upplagg\\\/\",\"url\":\"https:\\\/\\\/braintainment.com\\\/sv\\\/skraddarsytt-upplagg\\\/\",\"name\":\"Skr\u00e4ddarsydda l\u00f6sningar - Skr\u00e4ddarsydd strategi f\u00f6r din\",\"isPartOf\":{\"@id\":\"https:\\\/\\\/braintainment.com\\\/sv\\\/#website\"},\"primaryImageOfPage\":{\"@id\":\"https:\\\/\\\/braintainment.com\\\/sv\\\/skraddarsytt-upplagg\\\/#primaryimage\"},\"image\":{\"@id\":\"https:\\\/\\\/braintainment.com\\\/sv\\\/skraddarsytt-upplagg\\\/#primaryimage\"},\"thumbnailUrl\":\"http:\\\/\\\/braintainment.com\\\/wp-content\\\/uploads\\\/custom-tailored-solutions-1024x612.webp\",\"datePublished\":\"2024-04-18T10:08:50+00:00\",\"dateModified\":\"2024-10-04T08:36:26+00:00\",\"description\":\"Oavsett om du vill f\u00f6rb\u00e4ttra din webbplats, mobilwebbplats, app eller e-postkampanjer har vi l\u00f6sningar som engagerar din publik som aldrig f\u00f6rr\",\"breadcrumb\":{\"@id\":\"https:\\\/\\\/braintainment.com\\\/sv\\\/skraddarsytt-upplagg\\\/#breadcrumb\"},\"inLanguage\":\"sv-SE\",\"potentialAction\":[{\"@type\":\"ReadAction\",\"target\":[\"https:\\\/\\\/braintainment.com\\\/sv\\\/skraddarsytt-upplagg\\\/\"]}]},{\"@type\":\"ImageObject\",\"inLanguage\":\"sv-SE\",\"@id\":\"https:\\\/\\\/braintainment.com\\\/sv\\\/skraddarsytt-upplagg\\\/#primaryimage\",\"url\":\"http:\\\/\\\/braintainment.com\\\/wp-content\\\/uploads\\\/custom-tailored-solutions-1024x612.webp\",\"contentUrl\":\"http:\\\/\\\/braintainment.com\\\/wp-content\\\/uploads\\\/custom-tailored-solutions-1024x612.webp\"},{\"@type\":\"BreadcrumbList\",\"@id\":\"https:\\\/\\\/braintainment.com\\\/sv\\\/skraddarsytt-upplagg\\\/#breadcrumb\",\"itemListElement\":[{\"@type\":\"ListItem\",\"position\":1,\"name\":\"Home\",\"item\":\"https:\\\/\\\/braintainment.com\\\/sv\\\/\"},{\"@type\":\"ListItem\",\"position\":2,\"name\":\"Skr\u00e4ddarsytt uppl\u00e4gg\"}]},{\"@type\":\"WebSite\",\"@id\":\"https:\\\/\\\/braintainment.com\\\/sv\\\/#website\",\"url\":\"https:\\\/\\\/braintainment.com\\\/sv\\\/\",\"name\":\"Braintainment\",\"description\":\"\",\"publisher\":{\"@id\":\"https:\\\/\\\/braintainment.com\\\/sv\\\/#organization\"},\"potentialAction\":[{\"@type\":\"SearchAction\",\"target\":{\"@type\":\"EntryPoint\",\"urlTemplate\":\"https:\\\/\\\/braintainment.com\\\/sv\\\/?s={search_term_string}\"},\"query-input\":{\"@type\":\"PropertyValueSpecification\",\"valueRequired\":true,\"valueName\":\"search_term_string\"}}],\"inLanguage\":\"sv-SE\"},{\"@type\":\"Organization\",\"@id\":\"https:\\\/\\\/braintainment.com\\\/sv\\\/#organization\",\"name\":\"Braintainment\",\"url\":\"https:\\\/\\\/braintainment.com\\\/sv\\\/\",\"logo\":{\"@type\":\"ImageObject\",\"inLanguage\":\"sv-SE\",\"@id\":\"https:\\\/\\\/braintainment.com\\\/sv\\\/#\\\/schema\\\/logo\\\/image\\\/\",\"url\":\"https:\\\/\\\/braintainment.com\\\/wp-content\\\/uploads\\\/Logo-Braintaiment-Keesing-Color.png\",\"contentUrl\":\"https:\\\/\\\/braintainment.com\\\/wp-content\\\/uploads\\\/Logo-Braintaiment-Keesing-Color.png\",\"width\":468,\"height\":98,\"caption\":\"Braintainment\"},\"image\":{\"@id\":\"https:\\\/\\\/braintainment.com\\\/sv\\\/#\\\/schema\\\/logo\\\/image\\\/\"}}]}<\/script>\n<!-- \/ Yoast SEO plugin. -->","yoast_head_json":{"title":"Skr\u00e4ddarsydda l\u00f6sningar - Skr\u00e4ddarsydd strategi f\u00f6r din","description":"Oavsett om du vill f\u00f6rb\u00e4ttra din webbplats, mobilwebbplats, app eller e-postkampanjer har vi l\u00f6sningar som engagerar din publik som aldrig f\u00f6rr","robots":{"index":"index","follow":"follow","max-snippet":"max-snippet:-1","max-image-preview":"max-image-preview:large","max-video-preview":"max-video-preview:-1"},"canonical":"https:\/\/braintainment.com\/sv\/skraddarsytt-upplagg\/","og_locale":"sv_SE","og_type":"article","og_title":"Skr\u00e4ddarsydda l\u00f6sningar - Skr\u00e4ddarsydd strategi f\u00f6r din","og_description":"Oavsett om du vill f\u00f6rb\u00e4ttra din webbplats, mobilwebbplats, app eller e-postkampanjer har vi l\u00f6sningar som engagerar din publik som aldrig f\u00f6rr","og_url":"https:\/\/braintainment.com\/sv\/skraddarsytt-upplagg\/","og_site_name":"Braintainment","article_modified_time":"2024-10-04T08:36:26+00:00","og_image":[{"url":"http:\/\/braintainment.com\/wp-content\/uploads\/custom-tailored-solutions-1024x612.webp","type":"","width":"","height":""}],"twitter_card":"summary_large_image","twitter_misc":{"Ber\u00e4knad l\u00e4stid":"2 minuter"},"schema":{"@context":"https:\/\/schema.org","@graph":[{"@type":"WebPage","@id":"https:\/\/braintainment.com\/sv\/skraddarsytt-upplagg\/","url":"https:\/\/braintainment.com\/sv\/skraddarsytt-upplagg\/","name":"Skr\u00e4ddarsydda l\u00f6sningar - Skr\u00e4ddarsydd strategi f\u00f6r din","isPartOf":{"@id":"https:\/\/braintainment.com\/sv\/#website"},"primaryImageOfPage":{"@id":"https:\/\/braintainment.com\/sv\/skraddarsytt-upplagg\/#primaryimage"},"image":{"@id":"https:\/\/braintainment.com\/sv\/skraddarsytt-upplagg\/#primaryimage"},"thumbnailUrl":"http:\/\/braintainment.com\/wp-content\/uploads\/custom-tailored-solutions-1024x612.webp","datePublished":"2024-04-18T10:08:50+00:00","dateModified":"2024-10-04T08:36:26+00:00","description":"Oavsett om du vill f\u00f6rb\u00e4ttra din webbplats, mobilwebbplats, app eller e-postkampanjer har vi l\u00f6sningar som engagerar din publik som aldrig f\u00f6rr","breadcrumb":{"@id":"https:\/\/braintainment.com\/sv\/skraddarsytt-upplagg\/#breadcrumb"},"inLanguage":"sv-SE","potentialAction":[{"@type":"ReadAction","target":["https:\/\/braintainment.com\/sv\/skraddarsytt-upplagg\/"]}]},{"@type":"ImageObject","inLanguage":"sv-SE","@id":"https:\/\/braintainment.com\/sv\/skraddarsytt-upplagg\/#primaryimage","url":"http:\/\/braintainment.com\/wp-content\/uploads\/custom-tailored-solutions-1024x612.webp","contentUrl":"http:\/\/braintainment.com\/wp-content\/uploads\/custom-tailored-solutions-1024x612.webp"},{"@type":"BreadcrumbList","@id":"https:\/\/braintainment.com\/sv\/skraddarsytt-upplagg\/#breadcrumb","itemListElement":[{"@type":"ListItem","position":1,"name":"Home","item":"https:\/\/braintainment.com\/sv\/"},{"@type":"ListItem","position":2,"name":"Skr\u00e4ddarsytt uppl\u00e4gg"}]},{"@type":"WebSite","@id":"https:\/\/braintainment.com\/sv\/#website","url":"https:\/\/braintainment.com\/sv\/","name":"Braintainment","description":"","publisher":{"@id":"https:\/\/braintainment.com\/sv\/#organization"},"potentialAction":[{"@type":"SearchAction","target":{"@type":"EntryPoint","urlTemplate":"https:\/\/braintainment.com\/sv\/?s={search_term_string}"},"query-input":{"@type":"PropertyValueSpecification","valueRequired":true,"valueName":"search_term_string"}}],"inLanguage":"sv-SE"},{"@type":"Organization","@id":"https:\/\/braintainment.com\/sv\/#organization","name":"Braintainment","url":"https:\/\/braintainment.com\/sv\/","logo":{"@type":"ImageObject","inLanguage":"sv-SE","@id":"https:\/\/braintainment.com\/sv\/#\/schema\/logo\/image\/","url":"https:\/\/braintainment.com\/wp-content\/uploads\/Logo-Braintaiment-Keesing-Color.png","contentUrl":"https:\/\/braintainment.com\/wp-content\/uploads\/Logo-Braintaiment-Keesing-Color.png","width":468,"height":98,"caption":"Braintainment"},"image":{"@id":"https:\/\/braintainment.com\/sv\/#\/schema\/logo\/image\/"}}]}},"_links":{"self":[{"href":"https:\/\/braintainment.com\/sv\/wp-json\/wp\/v2\/pages\/3228","targetHints":{"allow":["GET"]}}],"collection":[{"href":"https:\/\/braintainment.com\/sv\/wp-json\/wp\/v2\/pages"}],"about":[{"href":"https:\/\/braintainment.com\/sv\/wp-json\/wp\/v2\/types\/page"}],"author":[{"embeddable":true,"href":"https:\/\/braintainment.com\/sv\/wp-json\/wp\/v2\/users\/1"}],"replies":[{"embeddable":true,"href":"https:\/\/braintainment.com\/sv\/wp-json\/wp\/v2\/comments?post=3228"}],"version-history":[{"count":1,"href":"https:\/\/braintainment.com\/sv\/wp-json\/wp\/v2\/pages\/3228\/revisions"}],"predecessor-version":[{"id":3229,"href":"https:\/\/braintainment.com\/sv\/wp-json\/wp\/v2\/pages\/3228\/revisions\/3229"}],"wp:attachment":[{"href":"https:\/\/braintainment.com\/sv\/wp-json\/wp\/v2\/media?parent=3228"}],"curies":[{"name":"wp","href":"https:\/\/api.w.org\/{rel}","templated":true}]}}