{"id":3213,"date":"2024-04-18T09:09:48","date_gmt":"2024-04-18T09:09:48","guid":{"rendered":"https:\/\/braintainment.com\/paketlosning\/"},"modified":"2024-10-04T08:28:34","modified_gmt":"2024-10-04T08:28:34","slug":"paketlosning","status":"publish","type":"page","link":"https:\/\/braintainment.com\/sv\/paketlosning\/","title":{"rendered":"Paketl\u00f6sning"},"content":{"rendered":"\t\t<div data-elementor-type=\"wp-page\" data-elementor-id=\"3213\" class=\"elementor elementor-3213 elementor-1720\" data-elementor-post-type=\"page\">\n\t\t\t\t\t\t<section class=\"elementor-section elementor-top-section elementor-element elementor-element-a682887 section-pagetitle vertical elementor-section-boxed elementor-section-height-default elementor-section-height-default\" data-id=\"a682887\" data-element_type=\"section\" data-e-type=\"section\">\n\t\t\t\t\t\t<div class=\"elementor-container elementor-column-gap-default\">\n\t\t\t\t\t<div class=\"elementor-column elementor-col-100 elementor-top-column elementor-element elementor-element-f4c45ed\" data-id=\"f4c45ed\" data-element_type=\"column\" data-e-type=\"column\">\n\t\t\t<div class=\"elementor-widget-wrap elementor-element-populated\">\n\t\t\t\t\t\t<div class=\"elementor-element elementor-element-df358c9 shape elementor-view-default elementor-widget elementor-widget-icon\" data-id=\"df358c9\" data-element_type=\"widget\" data-e-type=\"widget\" data-settings=\"{&quot;motion_fx_motion_fx_scrolling&quot;:&quot;yes&quot;,&quot;motion_fx_rotateZ_effect&quot;:&quot;yes&quot;,&quot;motion_fx_rotateZ_direction&quot;:&quot;negative&quot;,&quot;motion_fx_rotateZ_speed&quot;:{&quot;unit&quot;:&quot;px&quot;,&quot;size&quot;:3,&quot;sizes&quot;:[]},&quot;motion_fx_rotateZ_affectedRange&quot;:{&quot;unit&quot;:&quot;%&quot;,&quot;size&quot;:&quot;&quot;,&quot;sizes&quot;:{&quot;start&quot;:0,&quot;end&quot;:100}},&quot;motion_fx_devices&quot;:[&quot;desktop&quot;,&quot;tablet&quot;,&quot;mobile&quot;]}\" data-widget_type=\"icon.default\">\n\t\t\t\t<div class=\"elementor-widget-container\">\n\t\t\t\t\t\t\t<div class=\"elementor-icon-wrapper\">\n\t\t\t<div class=\"elementor-icon\">\n\t\t\t<svg xmlns=\"http:\/\/www.w3.org\/2000\/svg\" width=\"143.014\" height=\"138.379\" viewBox=\"0 0 143.014 138.379\"><path d=\"M46.125,138.379h0a71.428,71.428,0,1,1,50.765,0L71.507,80.151,46.126,138.379Z\" fill=\"#fc9335\"><\/path><\/svg>\t\t\t<\/div>\n\t\t<\/div>\n\t\t\t\t\t\t<\/div>\n\t\t\t\t<\/div>\n\t\t\t\t<div class=\"elementor-element elementor-element-59eb941 sub-title elementor-widget elementor-widget-heading\" data-id=\"59eb941\" data-element_type=\"widget\" data-e-type=\"widget\" data-widget_type=\"heading.default\">\n\t\t\t\t<div class=\"elementor-widget-container\">\n\t\t\t\t\t<p class=\"elementor-heading-title elementor-size-default\">Paketl\u00f6sning<\/p>\t\t\t\t<\/div>\n\t\t\t\t<\/div>\n\t\t\t\t<div class=\"elementor-element elementor-element-209db71 elementor-widget elementor-widget-text-editor\" data-id=\"209db71\" data-element_type=\"widget\" data-e-type=\"widget\" data-widget_type=\"text-editor.default\">\n\t\t\t\t<div class=\"elementor-widget-container\">\n\t\t\t\t\t\t\t\t\t<h1>Skapa din egen paketl\u00f6sning<\/h1>\n<p>Med v\u00e5r innovativa Braintainment-l\u00f6sning erbjuder vi v\u00e5ra kunder m\u00f6jligheten att skapa sina egna vertikaler med korsord, klurigheter och spel f\u00f6r att publicera online. Genom att centralisera allt ditt engagerande inneh\u00e5ll p\u00e5 en sida och strategiskt placera det p\u00e5 din webbplats kan du skapa en daglig vana hos anv\u00e4ndarna, vilket leder till utvecklingen av en lojal och engagerad kundbas.<\/p>\n<p>\nV\u00e5r Braintainment-l\u00f6sning \u00e4r utformad f\u00f6r att ge dina kunder en uppslukande och njutbar upplevelse som f\u00e5r dem att \u00e5terkomma g\u00e5ng p\u00e5 g\u00e5ng.<\/p>\n<p>P\u00e5 Keesing har vi sett framg\u00e5ngen som kommer med detta vertikala tillv\u00e4gag\u00e5ngss\u00e4tt p\u00e5 n\u00e4ra h\u00e5ll. Genom att utnyttja v\u00e5r personliga statistik och v\u00e5ra gamification-taktiker s\u00e4kerst\u00e4ller vi att anv\u00e4ndarna f\u00f6rblir engagerade och motiverade att interagera med ditt inneh\u00e5ll regelbundet.<\/p>\n<p>\nV\u00e5ra korsord, spel och klurigheter finns tillg\u00e4ngliga p\u00e5 en m\u00e4ngd olika spr\u00e5k och i olika sv\u00e5righetsniv\u00e5er och de spelas och blir l\u00f6sta av anv\u00e4ndare fr\u00e5n alla v\u00e4rldens h\u00f6rn. Oavsett om anv\u00e4ndarna \u00e4r nyb\u00f6rjare eller erfarna proffs s\u00e5 finns det n\u00e5got f\u00f6r alla att njuta av.<\/p>\n\t\t\t\t\t\t\t\t<\/div>\n\t\t\t\t<\/div>\n\t\t\t\t<div class=\"elementor-element elementor-element-8a482b4 shape shape-1 elementor-hidden-tablet elementor-hidden-mobile elementor-view-default elementor-widget elementor-widget-icon\" data-id=\"8a482b4\" data-element_type=\"widget\" data-e-type=\"widget\" data-settings=\"{&quot;motion_fx_motion_fx_scrolling&quot;:&quot;yes&quot;,&quot;motion_fx_scale_effect&quot;:&quot;yes&quot;,&quot;motion_fx_scale_speed&quot;:{&quot;unit&quot;:&quot;px&quot;,&quot;size&quot;:7,&quot;sizes&quot;:[]},&quot;motion_fx_scale_direction&quot;:&quot;in-out&quot;,&quot;motion_fx_scale_range&quot;:{&quot;unit&quot;:&quot;%&quot;,&quot;size&quot;:&quot;&quot;,&quot;sizes&quot;:{&quot;start&quot;:20,&quot;end&quot;:80}},&quot;motion_fx_devices&quot;:[&quot;desktop&quot;,&quot;tablet&quot;,&quot;mobile&quot;]}\" data-widget_type=\"icon.default\">\n\t\t\t\t<div class=\"elementor-widget-container\">\n\t\t\t\t\t\t\t<div class=\"elementor-icon-wrapper\">\n\t\t\t<div class=\"elementor-icon\">\n\t\t\t<svg xmlns=\"http:\/\/www.w3.org\/2000\/svg\" width=\"98.443\" height=\"94.228\" viewBox=\"0 0 98.443 94.228\"><path d=\"M48.4,5.857a5,5,0,0,1,8.194,0L71.2,26.733a5,5,0,0,0,2.632,1.915l24.35,7.46a5,5,0,0,1,2.531,7.786L85.388,64.27a5,5,0,0,0-1,3.092l.439,25.5A5,5,0,0,1,78.2,97.674L54.129,89.381a5,5,0,0,0-3.258,0L26.8,97.674a5,5,0,0,1-6.628-4.813l.439-25.5a5,5,0,0,0-1-3.092L4.286,43.894a5,5,0,0,1,2.531-7.786l24.35-7.46A5,5,0,0,0,33.8,26.733Z\" transform=\"translate(-3.278 -3.723)\" fill=\"#ff86ab\"><\/path><\/svg>\t\t\t<\/div>\n\t\t<\/div>\n\t\t\t\t\t\t<\/div>\n\t\t\t\t<\/div>\n\t\t\t\t\t<\/div>\n\t\t<\/div>\n\t\t\t\t\t<\/div>\n\t\t<\/section>\n\t\t\t\t<section class=\"elementor-section elementor-top-section elementor-element elementor-element-679f28d section-image-content vertical elementor-reverse-tablet elementor-reverse-mobile elementor-section-boxed elementor-section-height-default elementor-section-height-default\" data-id=\"679f28d\" data-element_type=\"section\" data-e-type=\"section\">\n\t\t\t\t\t\t<div class=\"elementor-container elementor-column-gap-default\">\n\t\t\t\t\t<div class=\"elementor-column elementor-col-50 elementor-top-column elementor-element elementor-element-ea5803f column-image\" data-id=\"ea5803f\" data-element_type=\"column\" data-e-type=\"column\">\n\t\t\t<div class=\"elementor-widget-wrap elementor-element-populated\">\n\t\t\t\t\t\t<div class=\"elementor-element elementor-element-645734d elementor-widget elementor-widget-image\" data-id=\"645734d\" data-element_type=\"widget\" data-e-type=\"widget\" data-widget_type=\"image.default\">\n\t\t\t\t<div class=\"elementor-widget-container\">\n\t\t\t\t\t\t\t\t\t\t\t\t\t\t\t<img fetchpriority=\"high\" decoding=\"async\" width=\"800\" height=\"396\" src=\"https:\/\/braintainment.com\/wp-content\/uploads\/vertical-1024x507.webp\" class=\"attachment-large size-large wp-image-3012\" alt=\"Puzzels visual van het spel en integratie\" srcset=\"https:\/\/braintainment.com\/wp-content\/uploads\/vertical-1024x507.webp 1024w, https:\/\/braintainment.com\/wp-content\/uploads\/vertical-300x149.webp 300w, https:\/\/braintainment.com\/wp-content\/uploads\/vertical-768x380.webp 768w, https:\/\/braintainment.com\/wp-content\/uploads\/vertical-1536x761.webp 1536w, https:\/\/braintainment.com\/wp-content\/uploads\/vertical.webp 1650w\" sizes=\"(max-width: 800px) 100vw, 800px\" \/>\t\t\t\t\t\t\t\t\t\t\t\t\t\t\t<\/div>\n\t\t\t\t<\/div>\n\t\t\t\t<div class=\"elementor-element elementor-element-50e9fd8 shape shape-2 elementor-view-default elementor-widget elementor-widget-icon\" data-id=\"50e9fd8\" data-element_type=\"widget\" data-e-type=\"widget\" data-settings=\"{&quot;motion_fx_motion_fx_scrolling&quot;:&quot;yes&quot;,&quot;motion_fx_translateY_effect&quot;:&quot;yes&quot;,&quot;motion_fx_translateY_direction&quot;:&quot;negative&quot;,&quot;motion_fx_translateY_speed&quot;:{&quot;unit&quot;:&quot;px&quot;,&quot;size&quot;:2,&quot;sizes&quot;:[]},&quot;motion_fx_translateY_affectedRange&quot;:{&quot;unit&quot;:&quot;%&quot;,&quot;size&quot;:&quot;&quot;,&quot;sizes&quot;:{&quot;start&quot;:0,&quot;end&quot;:100}},&quot;motion_fx_devices&quot;:[&quot;desktop&quot;,&quot;tablet&quot;,&quot;mobile&quot;]}\" data-widget_type=\"icon.default\">\n\t\t\t\t<div class=\"elementor-widget-container\">\n\t\t\t\t\t\t\t<div class=\"elementor-icon-wrapper\">\n\t\t\t<div class=\"elementor-icon\">\n\t\t\t<svg xmlns=\"http:\/\/www.w3.org\/2000\/svg\" width=\"76.393\" height=\"67.812\" viewBox=\"0 0 76.393 67.812\"><path d=\"M35.229,8.772a7.7,7.7,0,0,1,13.306,0l30.489,52.42a7.7,7.7,0,0,1-6.653,11.566H11.393A7.7,7.7,0,0,1,4.74,61.191Z\" transform=\"translate(-3.686 -4.945)\" fill=\"#dfe5f8\"><\/path><\/svg>\t\t\t<\/div>\n\t\t<\/div>\n\t\t\t\t\t\t<\/div>\n\t\t\t\t<\/div>\n\t\t\t\t\t<\/div>\n\t\t<\/div>\n\t\t\t\t<div class=\"elementor-column elementor-col-50 elementor-top-column elementor-element elementor-element-c1f3fc1 column-content\" data-id=\"c1f3fc1\" data-element_type=\"column\" data-e-type=\"column\">\n\t\t\t<div class=\"elementor-widget-wrap elementor-element-populated\">\n\t\t\t\t\t\t<div class=\"elementor-element elementor-element-8456004 sub-title elementor-widget elementor-widget-heading\" data-id=\"8456004\" data-element_type=\"widget\" data-e-type=\"widget\" data-widget_type=\"heading.default\">\n\t\t\t\t<div class=\"elementor-widget-container\">\n\t\t\t\t\t<p class=\"elementor-heading-title elementor-size-default\">Paketl\u00f6sning<\/p>\t\t\t\t<\/div>\n\t\t\t\t<\/div>\n\t\t\t\t<div class=\"elementor-element elementor-element-57b4142 elementor-widget elementor-widget-text-editor\" data-id=\"57b4142\" data-element_type=\"widget\" data-e-type=\"widget\" data-widget_type=\"text-editor.default\">\n\t\t\t\t<div class=\"elementor-widget-container\">\n\t\t\t\t\t\t\t\t\t<h2>Och det b\u00e4sta?<\/h2>\r\n<p>V\u00e5r l\u00f6sning \u00e4r helt anpassningsbar i f\u00f6rh\u00e5llande till ditt varum\u00e4rkes unika stil och identitet. Fr\u00e5n design och layout till varum\u00e4rke och budskap kommer vi att arbeta t\u00e4tt ihop med dig f\u00f6r att skapa en s\u00f6ml\u00f6s och enhetlig upplevelse som \u00e5terspeglar din varum\u00e4rkesstil.<\/p>\r\n<p>Sl\u00e4pp loss kraften i Braintainment med Keesing och uppt\u00e4ck en ny v\u00e4rld av engagemang och sp\u00e4nning. Kontakta oss idag f\u00f6r att l\u00e4ra dig mer om hur v\u00e5r l\u00f6sning kan hj\u00e4lpa dig att bygga och utveckla din databas av lojala anv\u00e4ndare!<\/p>\t\t\t\t\t\t\t\t<\/div>\n\t\t\t\t<\/div>\n\t\t\t\t<div class=\"elementor-element elementor-element-44da132 elementor-widget elementor-widget-button\" data-id=\"44da132\" data-element_type=\"widget\" data-e-type=\"widget\" data-settings=\"{&quot;enabled_visibility&quot;:&quot;yes&quot;,&quot;dce_visibility_selected&quot;:&quot;hide&quot;}\" data-widget_type=\"button.default\">\n\t\t\t\t<div class=\"elementor-widget-container\">\n\t\t\t\t\t\t\t\t\t<div class=\"elementor-button-wrapper\">\n\t\t\t\t\t<a class=\"elementor-button elementor-button-link elementor-size-sm\" href=\"https:\/\/braintainment.com\/sv\/begar-en-demo\/\">\n\t\t\t\t\t\t<span class=\"elementor-button-content-wrapper\">\n\t\t\t\t\t\t\t\t\t<span class=\"elementor-button-text\">Klicka f\u00f6r demo<\/span>\n\t\t\t\t\t<\/span>\n\t\t\t\t\t<\/a>\n\t\t\t\t<\/div>\n\t\t\t\t\t\t\t\t<\/div>\n\t\t\t\t<\/div>\n\t\t<!-- dce invisible element 8850cd8 -->\t\t\t<\/div>\n\t\t<\/div>\n\t\t\t\t\t<\/div>\n\t\t<\/section>\n\t\t\t\t<\/div>\n\t\t","protected":false},"excerpt":{"rendered":"<p>Paketl\u00f6sning Skapa din egen paketl\u00f6sning Med v\u00e5r innovativa Braintainment-l\u00f6sning erbjuder vi v\u00e5ra kunder m\u00f6jligheten att skapa sina egna vertikaler med korsord, klurigheter och spel f\u00f6r att publicera online. Genom att centralisera allt ditt engagerande inneh\u00e5ll p\u00e5 en sida och strategiskt placera det p\u00e5 din webbplats kan du skapa en daglig vana hos anv\u00e4ndarna, vilket leder [&hellip;]<\/p>\n","protected":false},"author":1,"featured_media":0,"parent":0,"menu_order":0,"comment_status":"closed","ping_status":"closed","template":"","meta":{"_acf_changed":false,"footnotes":""},"class_list":["post-3213","page","type-page","status-publish","hentry"],"acf":[],"yoast_head":"<!-- This site is optimized with the Yoast SEO plugin v27.4 - https:\/\/yoast.com\/product\/yoast-seo-wordpress\/ -->\n<title>Paketlosning - Skapa din egen paketerade l\u00f6sning<\/title>\n<meta name=\"description\" content=\"Med v\u00e5r innovativa l\u00f6sning erbjuder vi v\u00e5ra kunder m\u00f6jligheten att skapa sina egna vertikaler med pussel, korsord och spel som de kan publicera online.\" \/>\n<meta name=\"robots\" content=\"index, follow, max-snippet:-1, max-image-preview:large, max-video-preview:-1\" \/>\n<link rel=\"canonical\" href=\"https:\/\/braintainment.com\/sv\/paketlosning\/\" \/>\n<meta property=\"og:locale\" content=\"sv_SE\" \/>\n<meta property=\"og:type\" content=\"article\" \/>\n<meta property=\"og:title\" content=\"Paketlosning - Skapa din egen paketerade l\u00f6sning\" \/>\n<meta property=\"og:description\" content=\"Med v\u00e5r innovativa l\u00f6sning erbjuder vi v\u00e5ra kunder m\u00f6jligheten att skapa sina egna vertikaler med pussel, korsord och spel som de kan publicera online.\" \/>\n<meta property=\"og:url\" content=\"https:\/\/braintainment.com\/sv\/paketlosning\/\" \/>\n<meta property=\"og:site_name\" content=\"Braintainment\" \/>\n<meta property=\"article:modified_time\" content=\"2024-10-04T08:28:34+00:00\" \/>\n<meta property=\"og:image\" content=\"http:\/\/braintainment.com\/wp-content\/uploads\/vertical-1024x507.webp\" \/>\n<meta name=\"twitter:card\" content=\"summary_large_image\" \/>\n<meta name=\"twitter:label1\" content=\"Ber\u00e4knad l\u00e4stid\" \/>\n\t<meta name=\"twitter:data1\" content=\"2 minuter\" \/>\n<script type=\"application\/ld+json\" class=\"yoast-schema-graph\">{\"@context\":\"https:\\\/\\\/schema.org\",\"@graph\":[{\"@type\":\"WebPage\",\"@id\":\"https:\\\/\\\/braintainment.com\\\/sv\\\/paketlosning\\\/\",\"url\":\"https:\\\/\\\/braintainment.com\\\/sv\\\/paketlosning\\\/\",\"name\":\"Paketlosning - Skapa din egen paketerade l\u00f6sning\",\"isPartOf\":{\"@id\":\"https:\\\/\\\/braintainment.com\\\/sv\\\/#website\"},\"primaryImageOfPage\":{\"@id\":\"https:\\\/\\\/braintainment.com\\\/sv\\\/paketlosning\\\/#primaryimage\"},\"image\":{\"@id\":\"https:\\\/\\\/braintainment.com\\\/sv\\\/paketlosning\\\/#primaryimage\"},\"thumbnailUrl\":\"http:\\\/\\\/braintainment.com\\\/wp-content\\\/uploads\\\/vertical-1024x507.webp\",\"datePublished\":\"2024-04-18T09:09:48+00:00\",\"dateModified\":\"2024-10-04T08:28:34+00:00\",\"description\":\"Med v\u00e5r innovativa l\u00f6sning erbjuder vi v\u00e5ra kunder m\u00f6jligheten att skapa sina egna vertikaler med pussel, korsord och spel som de kan publicera online.\",\"breadcrumb\":{\"@id\":\"https:\\\/\\\/braintainment.com\\\/sv\\\/paketlosning\\\/#breadcrumb\"},\"inLanguage\":\"sv-SE\",\"potentialAction\":[{\"@type\":\"ReadAction\",\"target\":[\"https:\\\/\\\/braintainment.com\\\/sv\\\/paketlosning\\\/\"]}]},{\"@type\":\"ImageObject\",\"inLanguage\":\"sv-SE\",\"@id\":\"https:\\\/\\\/braintainment.com\\\/sv\\\/paketlosning\\\/#primaryimage\",\"url\":\"http:\\\/\\\/braintainment.com\\\/wp-content\\\/uploads\\\/vertical-1024x507.webp\",\"contentUrl\":\"http:\\\/\\\/braintainment.com\\\/wp-content\\\/uploads\\\/vertical-1024x507.webp\"},{\"@type\":\"BreadcrumbList\",\"@id\":\"https:\\\/\\\/braintainment.com\\\/sv\\\/paketlosning\\\/#breadcrumb\",\"itemListElement\":[{\"@type\":\"ListItem\",\"position\":1,\"name\":\"Home\",\"item\":\"https:\\\/\\\/braintainment.com\\\/sv\\\/\"},{\"@type\":\"ListItem\",\"position\":2,\"name\":\"Paketl\u00f6sning\"}]},{\"@type\":\"WebSite\",\"@id\":\"https:\\\/\\\/braintainment.com\\\/sv\\\/#website\",\"url\":\"https:\\\/\\\/braintainment.com\\\/sv\\\/\",\"name\":\"Braintainment\",\"description\":\"\",\"publisher\":{\"@id\":\"https:\\\/\\\/braintainment.com\\\/sv\\\/#organization\"},\"potentialAction\":[{\"@type\":\"SearchAction\",\"target\":{\"@type\":\"EntryPoint\",\"urlTemplate\":\"https:\\\/\\\/braintainment.com\\\/sv\\\/?s={search_term_string}\"},\"query-input\":{\"@type\":\"PropertyValueSpecification\",\"valueRequired\":true,\"valueName\":\"search_term_string\"}}],\"inLanguage\":\"sv-SE\"},{\"@type\":\"Organization\",\"@id\":\"https:\\\/\\\/braintainment.com\\\/sv\\\/#organization\",\"name\":\"Braintainment\",\"url\":\"https:\\\/\\\/braintainment.com\\\/sv\\\/\",\"logo\":{\"@type\":\"ImageObject\",\"inLanguage\":\"sv-SE\",\"@id\":\"https:\\\/\\\/braintainment.com\\\/sv\\\/#\\\/schema\\\/logo\\\/image\\\/\",\"url\":\"https:\\\/\\\/braintainment.com\\\/wp-content\\\/uploads\\\/Logo-Braintaiment-Keesing-Color.png\",\"contentUrl\":\"https:\\\/\\\/braintainment.com\\\/wp-content\\\/uploads\\\/Logo-Braintaiment-Keesing-Color.png\",\"width\":468,\"height\":98,\"caption\":\"Braintainment\"},\"image\":{\"@id\":\"https:\\\/\\\/braintainment.com\\\/sv\\\/#\\\/schema\\\/logo\\\/image\\\/\"}}]}<\/script>\n<!-- \/ Yoast SEO plugin. -->","yoast_head_json":{"title":"Paketlosning - Skapa din egen paketerade l\u00f6sning","description":"Med v\u00e5r innovativa l\u00f6sning erbjuder vi v\u00e5ra kunder m\u00f6jligheten att skapa sina egna vertikaler med pussel, korsord och spel som de kan publicera online.","robots":{"index":"index","follow":"follow","max-snippet":"max-snippet:-1","max-image-preview":"max-image-preview:large","max-video-preview":"max-video-preview:-1"},"canonical":"https:\/\/braintainment.com\/sv\/paketlosning\/","og_locale":"sv_SE","og_type":"article","og_title":"Paketlosning - Skapa din egen paketerade l\u00f6sning","og_description":"Med v\u00e5r innovativa l\u00f6sning erbjuder vi v\u00e5ra kunder m\u00f6jligheten att skapa sina egna vertikaler med pussel, korsord och spel som de kan publicera online.","og_url":"https:\/\/braintainment.com\/sv\/paketlosning\/","og_site_name":"Braintainment","article_modified_time":"2024-10-04T08:28:34+00:00","og_image":[{"url":"http:\/\/braintainment.com\/wp-content\/uploads\/vertical-1024x507.webp","type":"","width":"","height":""}],"twitter_card":"summary_large_image","twitter_misc":{"Ber\u00e4knad l\u00e4stid":"2 minuter"},"schema":{"@context":"https:\/\/schema.org","@graph":[{"@type":"WebPage","@id":"https:\/\/braintainment.com\/sv\/paketlosning\/","url":"https:\/\/braintainment.com\/sv\/paketlosning\/","name":"Paketlosning - Skapa din egen paketerade l\u00f6sning","isPartOf":{"@id":"https:\/\/braintainment.com\/sv\/#website"},"primaryImageOfPage":{"@id":"https:\/\/braintainment.com\/sv\/paketlosning\/#primaryimage"},"image":{"@id":"https:\/\/braintainment.com\/sv\/paketlosning\/#primaryimage"},"thumbnailUrl":"http:\/\/braintainment.com\/wp-content\/uploads\/vertical-1024x507.webp","datePublished":"2024-04-18T09:09:48+00:00","dateModified":"2024-10-04T08:28:34+00:00","description":"Med v\u00e5r innovativa l\u00f6sning erbjuder vi v\u00e5ra kunder m\u00f6jligheten att skapa sina egna vertikaler med pussel, korsord och spel som de kan publicera online.","breadcrumb":{"@id":"https:\/\/braintainment.com\/sv\/paketlosning\/#breadcrumb"},"inLanguage":"sv-SE","potentialAction":[{"@type":"ReadAction","target":["https:\/\/braintainment.com\/sv\/paketlosning\/"]}]},{"@type":"ImageObject","inLanguage":"sv-SE","@id":"https:\/\/braintainment.com\/sv\/paketlosning\/#primaryimage","url":"http:\/\/braintainment.com\/wp-content\/uploads\/vertical-1024x507.webp","contentUrl":"http:\/\/braintainment.com\/wp-content\/uploads\/vertical-1024x507.webp"},{"@type":"BreadcrumbList","@id":"https:\/\/braintainment.com\/sv\/paketlosning\/#breadcrumb","itemListElement":[{"@type":"ListItem","position":1,"name":"Home","item":"https:\/\/braintainment.com\/sv\/"},{"@type":"ListItem","position":2,"name":"Paketl\u00f6sning"}]},{"@type":"WebSite","@id":"https:\/\/braintainment.com\/sv\/#website","url":"https:\/\/braintainment.com\/sv\/","name":"Braintainment","description":"","publisher":{"@id":"https:\/\/braintainment.com\/sv\/#organization"},"potentialAction":[{"@type":"SearchAction","target":{"@type":"EntryPoint","urlTemplate":"https:\/\/braintainment.com\/sv\/?s={search_term_string}"},"query-input":{"@type":"PropertyValueSpecification","valueRequired":true,"valueName":"search_term_string"}}],"inLanguage":"sv-SE"},{"@type":"Organization","@id":"https:\/\/braintainment.com\/sv\/#organization","name":"Braintainment","url":"https:\/\/braintainment.com\/sv\/","logo":{"@type":"ImageObject","inLanguage":"sv-SE","@id":"https:\/\/braintainment.com\/sv\/#\/schema\/logo\/image\/","url":"https:\/\/braintainment.com\/wp-content\/uploads\/Logo-Braintaiment-Keesing-Color.png","contentUrl":"https:\/\/braintainment.com\/wp-content\/uploads\/Logo-Braintaiment-Keesing-Color.png","width":468,"height":98,"caption":"Braintainment"},"image":{"@id":"https:\/\/braintainment.com\/sv\/#\/schema\/logo\/image\/"}}]}},"_links":{"self":[{"href":"https:\/\/braintainment.com\/sv\/wp-json\/wp\/v2\/pages\/3213","targetHints":{"allow":["GET"]}}],"collection":[{"href":"https:\/\/braintainment.com\/sv\/wp-json\/wp\/v2\/pages"}],"about":[{"href":"https:\/\/braintainment.com\/sv\/wp-json\/wp\/v2\/types\/page"}],"author":[{"embeddable":true,"href":"https:\/\/braintainment.com\/sv\/wp-json\/wp\/v2\/users\/1"}],"replies":[{"embeddable":true,"href":"https:\/\/braintainment.com\/sv\/wp-json\/wp\/v2\/comments?post=3213"}],"version-history":[{"count":1,"href":"https:\/\/braintainment.com\/sv\/wp-json\/wp\/v2\/pages\/3213\/revisions"}],"predecessor-version":[{"id":3214,"href":"https:\/\/braintainment.com\/sv\/wp-json\/wp\/v2\/pages\/3213\/revisions\/3214"}],"wp:attachment":[{"href":"https:\/\/braintainment.com\/sv\/wp-json\/wp\/v2\/media?parent=3213"}],"curies":[{"name":"wp","href":"https:\/\/api.w.org\/{rel}","templated":true}]}}