{"id":3619,"date":"2024-01-18T09:54:49","date_gmt":"2024-01-18T09:54:49","guid":{"rendered":"https:\/\/braintainment.com\/monetisez\/"},"modified":"2024-10-31T09:35:09","modified_gmt":"2024-10-31T09:35:09","slug":"monetisez","status":"publish","type":"page","link":"https:\/\/braintainment.com\/fr\/monetisez\/","title":{"rendered":"Mon\u00e9tisez"},"content":{"rendered":"\t\t<div data-elementor-type=\"wp-page\" data-elementor-id=\"3619\" class=\"elementor elementor-3619 elementor-405\" data-elementor-post-type=\"page\">\n\t\t\t\t\t\t<section class=\"elementor-section elementor-top-section elementor-element elementor-element-a682887 section-pagetitle monetize elementor-section-boxed elementor-section-height-default elementor-section-height-default\" data-id=\"a682887\" data-element_type=\"section\" data-e-type=\"section\">\n\t\t\t\t\t\t<div class=\"elementor-container elementor-column-gap-default\">\n\t\t\t\t\t<div class=\"elementor-column elementor-col-100 elementor-top-column elementor-element elementor-element-f4c45ed\" data-id=\"f4c45ed\" data-element_type=\"column\" data-e-type=\"column\">\n\t\t\t<div class=\"elementor-widget-wrap elementor-element-populated\">\n\t\t\t\t\t\t<div class=\"elementor-element elementor-element-d769d4a shape shape-1 elementor-view-default elementor-widget elementor-widget-icon\" data-id=\"d769d4a\" data-element_type=\"widget\" data-e-type=\"widget\" data-settings=\"{&quot;motion_fx_motion_fx_scrolling&quot;:&quot;yes&quot;,&quot;motion_fx_devices&quot;:[&quot;desktop&quot;,&quot;tablet&quot;,&quot;mobile&quot;]}\" data-widget_type=\"icon.default\">\n\t\t\t\t<div class=\"elementor-widget-container\">\n\t\t\t\t\t\t\t<div class=\"elementor-icon-wrapper\">\n\t\t\t<div class=\"elementor-icon\">\n\t\t\t<svg xmlns=\"http:\/\/www.w3.org\/2000\/svg\" width=\"75\" height=\"75\" viewBox=\"0 0 75 75\"><path d=\"M54.515,71.485,37.5,54.47,20.485,71.485a12,12,0,1,1-16.97-16.97L20.529,37.5,3.515,20.485a12,12,0,0,1,16.97-16.97L37.5,20.529,54.515,3.515a12,12,0,1,1,16.97,16.97L54.47,37.5,71.485,54.515a12,12,0,0,1-16.97,16.97Z\" transform=\"translate(0)\" fill=\"#fc9335\"><\/path><\/svg>\t\t\t<\/div>\n\t\t<\/div>\n\t\t\t\t\t\t<\/div>\n\t\t\t\t<\/div>\n\t\t\t\t<div class=\"elementor-element elementor-element-59eb941 sub-title elementor-widget elementor-widget-heading\" data-id=\"59eb941\" data-element_type=\"widget\" data-e-type=\"widget\" data-widget_type=\"heading.default\">\n\t\t\t\t<div class=\"elementor-widget-container\">\n\t\t\t\t\t<p class=\"elementor-heading-title elementor-size-default\">Mon\u00e9tisez<\/p>\t\t\t\t<\/div>\n\t\t\t\t<\/div>\n\t\t\t\t<div class=\"elementor-element elementor-element-209db71 elementor-widget elementor-widget-text-editor\" data-id=\"209db71\" data-element_type=\"widget\" data-e-type=\"widget\" data-widget_type=\"text-editor.default\">\n\t\t\t\t<div class=\"elementor-widget-container\">\n\t\t\t\t\t\t\t\t\t<h1><strong>G\u00e9n\u00e9rez des revenus<\/strong><\/h1>\n<p>Tirez parti de l\u2019int\u00e9r\u00eat g\u00e9n\u00e9r\u00e9 par les jeux pour d\u00e9bloquer de nouvelles sources de revenus!<\/p>\n\t\t\t\t\t\t\t\t<\/div>\n\t\t\t\t<\/div>\n\t\t\t\t<div class=\"elementor-element elementor-element-06ce0c0 shape shape-2 elementor-view-default elementor-widget elementor-widget-icon\" data-id=\"06ce0c0\" data-element_type=\"widget\" data-e-type=\"widget\" data-settings=\"{&quot;motion_fx_motion_fx_scrolling&quot;:&quot;yes&quot;,&quot;motion_fx_translateY_effect&quot;:&quot;yes&quot;,&quot;motion_fx_translateY_speed&quot;:{&quot;unit&quot;:&quot;px&quot;,&quot;size&quot;:2.5,&quot;sizes&quot;:[]},&quot;motion_fx_translateY_affectedRange&quot;:{&quot;unit&quot;:&quot;%&quot;,&quot;size&quot;:&quot;&quot;,&quot;sizes&quot;:{&quot;start&quot;:0,&quot;end&quot;:100}},&quot;motion_fx_devices&quot;:[&quot;desktop&quot;,&quot;tablet&quot;,&quot;mobile&quot;]}\" data-widget_type=\"icon.default\">\n\t\t\t\t<div class=\"elementor-widget-container\">\n\t\t\t\t\t\t\t<div class=\"elementor-icon-wrapper\">\n\t\t\t<div class=\"elementor-icon\">\n\t\t\t<svg xmlns=\"http:\/\/www.w3.org\/2000\/svg\" width=\"98.442\" height=\"94.229\" viewBox=\"0 0 98.442 94.229\"><path d=\"M48.4,5.857a5,5,0,0,1,8.194,0L71.2,26.733a5,5,0,0,0,2.632,1.915l24.35,7.46a5,5,0,0,1,2.531,7.786L85.388,64.27a5,5,0,0,0-1,3.092l.439,25.5A5,5,0,0,1,78.2,97.674L54.129,89.381a5,5,0,0,0-3.258,0L26.8,97.674a5,5,0,0,1-6.628-4.813l.439-25.5a5,5,0,0,0-1-3.092L4.286,43.894a5,5,0,0,1,2.531-7.786l24.35-7.46A5,5,0,0,0,33.8,26.733Z\" transform=\"translate(-3.279 -3.723)\" fill=\"#6a82e0\"><\/path><\/svg>\t\t\t<\/div>\n\t\t<\/div>\n\t\t\t\t\t\t<\/div>\n\t\t\t\t<\/div>\n\t\t\t\t\t<\/div>\n\t\t<\/div>\n\t\t\t\t\t<\/div>\n\t\t<\/section>\n\t\t\t\t<section class=\"elementor-section elementor-top-section elementor-element elementor-element-679f28d section-image-content monetize elementor-reverse-tablet elementor-reverse-mobile elementor-section-boxed elementor-section-height-default elementor-section-height-default\" data-id=\"679f28d\" data-element_type=\"section\" data-e-type=\"section\">\n\t\t\t\t\t\t<div class=\"elementor-container elementor-column-gap-default\">\n\t\t\t\t\t<div class=\"elementor-column elementor-col-50 elementor-top-column elementor-element elementor-element-ea5803f\" data-id=\"ea5803f\" data-element_type=\"column\" data-e-type=\"column\">\n\t\t\t<div class=\"elementor-widget-wrap elementor-element-populated\">\n\t\t\t\t\t\t<div class=\"elementor-element elementor-element-645734d elementor-widget elementor-widget-image\" data-id=\"645734d\" data-element_type=\"widget\" data-e-type=\"widget\" data-widget_type=\"image.default\">\n\t\t\t\t<div class=\"elementor-widget-container\">\n\t\t\t\t\t\t\t\t\t\t\t\t\t\t\t<img fetchpriority=\"high\" decoding=\"async\" width=\"531\" height=\"820\" src=\"https:\/\/braintainment.com\/wp-content\/uploads\/monetize-build-your-own-revenue.svg\" class=\"attachment-large size-large wp-image-2364\" alt=\"\" \/>\t\t\t\t\t\t\t\t\t\t\t\t\t\t\t<\/div>\n\t\t\t\t<\/div>\n\t\t\t\t<div class=\"elementor-element elementor-element-d88a6ec shape shape-1 elementor-view-default elementor-widget elementor-widget-icon\" data-id=\"d88a6ec\" data-element_type=\"widget\" data-e-type=\"widget\" data-settings=\"{&quot;motion_fx_motion_fx_scrolling&quot;:&quot;yes&quot;,&quot;motion_fx_translateY_effect&quot;:&quot;yes&quot;,&quot;motion_fx_translateY_direction&quot;:&quot;negative&quot;,&quot;motion_fx_translateY_speed&quot;:{&quot;unit&quot;:&quot;px&quot;,&quot;size&quot;:2,&quot;sizes&quot;:[]},&quot;motion_fx_rotateZ_effect&quot;:&quot;yes&quot;,&quot;motion_fx_rotateZ_speed&quot;:{&quot;unit&quot;:&quot;px&quot;,&quot;size&quot;:4,&quot;sizes&quot;:[]},&quot;motion_fx_translateY_affectedRange&quot;:{&quot;unit&quot;:&quot;%&quot;,&quot;size&quot;:&quot;&quot;,&quot;sizes&quot;:{&quot;start&quot;:0,&quot;end&quot;:100}},&quot;motion_fx_rotateZ_affectedRange&quot;:{&quot;unit&quot;:&quot;%&quot;,&quot;size&quot;:&quot;&quot;,&quot;sizes&quot;:{&quot;start&quot;:0,&quot;end&quot;:100}},&quot;motion_fx_devices&quot;:[&quot;desktop&quot;,&quot;tablet&quot;,&quot;mobile&quot;]}\" data-widget_type=\"icon.default\">\n\t\t\t\t<div class=\"elementor-widget-container\">\n\t\t\t\t\t\t\t<div class=\"elementor-icon-wrapper\">\n\t\t\t<div class=\"elementor-icon\">\n\t\t\t<svg xmlns=\"http:\/\/www.w3.org\/2000\/svg\" width=\"103.249\" height=\"98.816\" viewBox=\"0 0 103.249 98.816\"><path d=\"M49.558,2.14a5,5,0,0,1,5.883,0l46.624,33.922a5,5,0,0,1,1.814,5.586l-17.812,54.9A5,5,0,0,1,81.313,100H23.687a5,5,0,0,1-4.756-3.457L1.12,41.648a5,5,0,0,1,1.814-5.586Z\" transform=\"translate(-0.875 -1.184)\" fill=\"#ff8691\"><\/path><\/svg>\t\t\t<\/div>\n\t\t<\/div>\n\t\t\t\t\t\t<\/div>\n\t\t\t\t<\/div>\n\t\t\t\t\t<\/div>\n\t\t<\/div>\n\t\t\t\t<div class=\"elementor-column elementor-col-50 elementor-top-column elementor-element elementor-element-c1f3fc1\" data-id=\"c1f3fc1\" data-element_type=\"column\" data-e-type=\"column\">\n\t\t\t<div class=\"elementor-widget-wrap elementor-element-populated\">\n\t\t\t\t\t\t<div class=\"elementor-element elementor-element-8456004 sub-title elementor-widget elementor-widget-heading\" data-id=\"8456004\" data-element_type=\"widget\" data-e-type=\"widget\" data-widget_type=\"heading.default\">\n\t\t\t\t<div class=\"elementor-widget-container\">\n\t\t\t\t\t<p class=\"elementor-heading-title elementor-size-default\">Mon\u00e9tisez<\/p>\t\t\t\t<\/div>\n\t\t\t\t<\/div>\n\t\t\t\t<div class=\"elementor-element elementor-element-57b4142 elementor-widget elementor-widget-text-editor\" data-id=\"57b4142\" data-element_type=\"widget\" data-e-type=\"widget\" data-widget_type=\"text-editor.default\">\n\t\t\t\t<div class=\"elementor-widget-container\">\n\t\t\t\t\t\t\t\t\t<h2><strong>Cr\u00e9ez une nouvelle source de revenus<\/strong><\/h2>\n<p>Opter pour la mon\u00e9tisation des jeux via la plateforme vous permet de convertir l\u2019engagement de vos utilisateurs en source de revenus.<\/p>\n<p>2 principaux mod\u00e8les de mon\u00e9tisation sont possibles\u00a0:<\/p>\n<ul>\n<li>Le mod\u00e8le freemium vous permet de donner acc\u00e8s \u00e0 une version de base des jeux gratuitement, et de proposer des fonctionnalit\u00e9s, niveaux ou contenus suppl\u00e9mentaires payants.<\/li>\n<li>L\u2019approche par \u00ab\u00a0canal\u00a0\u00bb consiste \u00e0 cr\u00e9er un canal de jeux et \u00e0 le mon\u00e9tiser en proposant un abonnement \u00e0 ce canal sp\u00e9cifique.<\/li>\n<\/ul>\n<p>Les deux mod\u00e8les ont leurs points forts et peuvent constituer des strat\u00e9gies efficaces pour g\u00e9n\u00e9rer des revenus. Certaines plateformes combinent m\u00eame des \u00e9l\u00e9ments des deux mod\u00e8les pour optimiser la mon\u00e9tisation.<\/p>\n\t\t\t\t\t\t\t\t<\/div>\n\t\t\t\t<\/div>\n\t\t\t\t<div class=\"elementor-element elementor-element-44da132 elementor-widget elementor-widget-button\" data-id=\"44da132\" data-element_type=\"widget\" data-e-type=\"widget\" data-settings=\"{&quot;enabled_visibility&quot;:&quot;yes&quot;,&quot;dce_visibility_selected&quot;:&quot;hide&quot;}\" data-widget_type=\"button.default\">\n\t\t\t\t<div class=\"elementor-widget-container\">\n\t\t\t\t\t\t\t\t\t<div class=\"elementor-button-wrapper\">\n\t\t\t\t\t<a class=\"elementor-button elementor-button-link elementor-size-sm\" href=\"https:\/\/braintainment.com\/fr\/demandez-une-demo\/\">\n\t\t\t\t\t\t<span class=\"elementor-button-content-wrapper\">\n\t\t\t\t\t\t\t\t\t<span class=\"elementor-button-text\">Demandez une d\u00e9mo<\/span>\n\t\t\t\t\t<\/span>\n\t\t\t\t\t<\/a>\n\t\t\t\t<\/div>\n\t\t\t\t\t\t\t\t<\/div>\n\t\t\t\t<\/div>\n\t\t<!-- dce invisible element 7c5db23 -->\t\t<div class=\"elementor-element elementor-element-b89dc2b shape shape-2 elementor-widget elementor-widget-html\" data-id=\"b89dc2b\" data-element_type=\"widget\" data-e-type=\"widget\" data-widget_type=\"html.default\">\n\t\t\t\t<div class=\"elementor-widget-container\">\n\t\t\t\t\t<object type=\"image\/svg+xml\" data=\"\/wp-content\/uploads\/icon-arrows-groen.svg\" width=\"120\" height=\"200\"><\/object>\t\t\t\t<\/div>\n\t\t\t\t<\/div>\n\t\t\t\t\t<\/div>\n\t\t<\/div>\n\t\t\t\t\t<\/div>\n\t\t<\/section>\n\t\t\t\t<section class=\"elementor-section elementor-top-section elementor-element elementor-element-20b8cbf section-highlighted-black monetize elementor-section-boxed elementor-section-height-default elementor-section-height-default\" data-id=\"20b8cbf\" data-element_type=\"section\" data-e-type=\"section\">\n\t\t\t\t\t\t<div class=\"elementor-container elementor-column-gap-default\">\n\t\t\t\t\t<div class=\"elementor-column elementor-col-100 elementor-top-column elementor-element elementor-element-e891132\" data-id=\"e891132\" data-element_type=\"column\" data-e-type=\"column\">\n\t\t\t<div class=\"elementor-widget-wrap elementor-element-populated\">\n\t\t\t\t\t\t<div class=\"elementor-element elementor-element-638a14c sub-title elementor-widget elementor-widget-heading\" data-id=\"638a14c\" data-element_type=\"widget\" data-e-type=\"widget\" data-widget_type=\"heading.default\">\n\t\t\t\t<div class=\"elementor-widget-container\">\n\t\t\t\t\t<p class=\"elementor-heading-title elementor-size-default\">\u00c9TUDE DE CAS<\/p>\t\t\t\t<\/div>\n\t\t\t\t<\/div>\n\t\t\t\t<div class=\"elementor-element elementor-element-7816c8a elementor-widget elementor-widget-text-editor\" data-id=\"7816c8a\" data-element_type=\"widget\" data-e-type=\"widget\" data-widget_type=\"text-editor.default\">\n\t\t\t\t<div class=\"elementor-widget-container\">\n\t\t\t\t\t\t\t\t\t<h2><strong>Success story<\/strong><\/h2>\r\n<p>Un \u00e9diteur de premier plan dans un pays nordique a cherch\u00e9 \u00e0 am\u00e9liorer l&rsquo;engagement de ses utilisateurs et \u00e0 \u00e9tendre sa base d&rsquo;abonn\u00e9s. En tirant parti de la popularit\u00e9 des jeux, l&rsquo;\u00e9diteur a initi\u00e9 un changement strat\u00e9gique pour capitaliser sur ce march\u00e9 en croissance tout en visant \u00e0 g\u00e9n\u00e9rer des revenus gr\u00e2ce \u00e0 un mod\u00e8le premium. L&rsquo;\u00e9diteur a commenc\u00e9 son parcours en offrant une gamme de jeux gratuits, attirant ainsi une base d&rsquo;utilisateurs substantielle. Cette phase initiale \u00e9tait cruciale pour \u00e9tablir la confiance, favoriser l&rsquo;engagement et comprendre les pr\u00e9f\u00e9rences des utilisateurs.<\/p>\r\n\r\n<p>R\u00e9sultat :<\/p>\r\n<ul>\r\n \t<li>Acquisition d&rsquo;abonn\u00e9s : 50 % des abonn\u00e9s ont \u00e9t\u00e9 recrut\u00e9s via l\u2019univers jeu, soulignant son r\u00f4le pivot dans la conversion.<\/li>\r\n \t<li>Base d&rsquo;utilisateurs engag\u00e9e : le mod\u00e8le gratuit initial a conduit \u00e0 une augmentation substantielle des utilisateurs engag\u00e9s, jetant les bases pour passer \u00e0 la mon\u00e9tisation.<\/li>\r\n \t<li>Mon\u00e9tisation r\u00e9ussie : gr\u00e2ce au mod\u00e8le premium, l&rsquo;\u00e9diteur a efficacement mon\u00e9tis\u00e9 son audience, transformant une portion significative d&rsquo;utilisateurs gratuits en abonn\u00e9s payants.<\/li>\r\n \t<li>Croissance des revenus : le passage \u00e0 un mod\u00e8le premium a consid\u00e9rablement renforc\u00e9 les flux de revenus, d\u00e9montrant la rentabilit\u00e9 de la satisfaction d&rsquo;une audience d\u00e9di\u00e9e aux jeux<\/li>\r\n<\/ul>\t\t\t\t\t\t\t\t<\/div>\n\t\t\t\t<\/div>\n\t\t\t\t<div class=\"elementor-element elementor-element-5602219 elementor-widget elementor-widget-html\" data-id=\"5602219\" data-element_type=\"widget\" data-e-type=\"widget\" data-widget_type=\"html.default\">\n\t\t\t\t<div class=\"elementor-widget-container\">\n\t\t\t\t\t<object type=\"image\/svg+xml\" data=\"\/wp-content\/uploads\/icon-dots-animated.svg\" width=\"120\" height=\"260\"><\/object>\t\t\t\t<\/div>\n\t\t\t\t<\/div>\n\t\t\t\t\t<\/div>\n\t\t<\/div>\n\t\t\t\t\t<\/div>\n\t\t<\/section>\n\t\t\t\t<\/div>\n\t\t","protected":false},"excerpt":{"rendered":"<p>Mon\u00e9tisez G\u00e9n\u00e9rez des revenus Tirez parti de l\u2019int\u00e9r\u00eat g\u00e9n\u00e9r\u00e9 par les jeux pour d\u00e9bloquer de nouvelles sources de revenus! Mon\u00e9tisez Cr\u00e9ez une nouvelle source de revenus Opter pour la mon\u00e9tisation des jeux via la plateforme vous permet de convertir l\u2019engagement de vos utilisateurs en source de revenus. 2 principaux mod\u00e8les de mon\u00e9tisation sont possibles\u00a0: Le [&hellip;]<\/p>\n","protected":false},"author":1,"featured_media":0,"parent":0,"menu_order":0,"comment_status":"closed","ping_status":"closed","template":"","meta":{"_acf_changed":false,"footnotes":""},"class_list":["post-3619","page","type-page","status-publish","hentry"],"acf":[],"yoast_head":"<!-- This site is optimized with the Yoast SEO plugin v27.5 - https:\/\/yoast.com\/product\/yoast-seo-wordpress\/ -->\n<title>Mon\u00e9tisez | Braintainment<\/title>\n<meta name=\"description\" content=\"G\u00e9n\u00e9rez des revenus gr\u00e2ce \u00e0 une mon\u00e9tisation intelligente des jeux et des puzzles sur votre plateforme et transformez l&#039;engagement des utilisateurs en profit.\" \/>\n<meta name=\"robots\" content=\"index, follow, max-snippet:-1, max-image-preview:large, max-video-preview:-1\" \/>\n<link rel=\"canonical\" href=\"https:\/\/braintainment.com\/fr\/monetisez\/\" \/>\n<meta property=\"og:locale\" content=\"fr_FR\" \/>\n<meta property=\"og:type\" content=\"article\" \/>\n<meta property=\"og:title\" content=\"Mon\u00e9tisez | Braintainment\" \/>\n<meta property=\"og:description\" content=\"G\u00e9n\u00e9rez des revenus gr\u00e2ce \u00e0 une mon\u00e9tisation intelligente des jeux et des puzzles sur votre plateforme et transformez l&#039;engagement des utilisateurs en profit.\" \/>\n<meta property=\"og:url\" content=\"https:\/\/braintainment.com\/fr\/monetisez\/\" \/>\n<meta property=\"og:site_name\" content=\"Braintainment\" \/>\n<meta property=\"article:modified_time\" content=\"2024-10-31T09:35:09+00:00\" \/>\n<meta property=\"og:image\" content=\"http:\/\/braintainment.com\/wp-content\/uploads\/monetize-build-your-own-revenue.svg\" \/>\n<meta name=\"twitter:card\" content=\"summary_large_image\" \/>\n<meta name=\"twitter:label1\" content=\"Dur\u00e9e de lecture estim\u00e9e\" \/>\n\t<meta name=\"twitter:data1\" content=\"2 minutes\" \/>\n<script type=\"application\/ld+json\" class=\"yoast-schema-graph\">{\"@context\":\"https:\\\/\\\/schema.org\",\"@graph\":[{\"@type\":\"WebPage\",\"@id\":\"https:\\\/\\\/braintainment.com\\\/fr\\\/monetisez\\\/\",\"url\":\"https:\\\/\\\/braintainment.com\\\/fr\\\/monetisez\\\/\",\"name\":\"Mon\u00e9tisez | Braintainment\",\"isPartOf\":{\"@id\":\"https:\\\/\\\/braintainment.com\\\/fr\\\/#website\"},\"primaryImageOfPage\":{\"@id\":\"https:\\\/\\\/braintainment.com\\\/fr\\\/monetisez\\\/#primaryimage\"},\"image\":{\"@id\":\"https:\\\/\\\/braintainment.com\\\/fr\\\/monetisez\\\/#primaryimage\"},\"thumbnailUrl\":\"http:\\\/\\\/braintainment.com\\\/wp-content\\\/uploads\\\/monetize-build-your-own-revenue.svg\",\"datePublished\":\"2024-01-18T09:54:49+00:00\",\"dateModified\":\"2024-10-31T09:35:09+00:00\",\"description\":\"G\u00e9n\u00e9rez des revenus gr\u00e2ce \u00e0 une mon\u00e9tisation intelligente des jeux et des puzzles sur votre plateforme et transformez l'engagement des utilisateurs en profit.\",\"breadcrumb\":{\"@id\":\"https:\\\/\\\/braintainment.com\\\/fr\\\/monetisez\\\/#breadcrumb\"},\"inLanguage\":\"fr-FR\",\"potentialAction\":[{\"@type\":\"ReadAction\",\"target\":[\"https:\\\/\\\/braintainment.com\\\/fr\\\/monetisez\\\/\"]}]},{\"@type\":\"ImageObject\",\"inLanguage\":\"fr-FR\",\"@id\":\"https:\\\/\\\/braintainment.com\\\/fr\\\/monetisez\\\/#primaryimage\",\"url\":\"http:\\\/\\\/braintainment.com\\\/wp-content\\\/uploads\\\/monetize-build-your-own-revenue.svg\",\"contentUrl\":\"http:\\\/\\\/braintainment.com\\\/wp-content\\\/uploads\\\/monetize-build-your-own-revenue.svg\"},{\"@type\":\"BreadcrumbList\",\"@id\":\"https:\\\/\\\/braintainment.com\\\/fr\\\/monetisez\\\/#breadcrumb\",\"itemListElement\":[{\"@type\":\"ListItem\",\"position\":1,\"name\":\"Home\",\"item\":\"https:\\\/\\\/braintainment.com\\\/fr\\\/\"},{\"@type\":\"ListItem\",\"position\":2,\"name\":\"Mon\u00e9tisez\"}]},{\"@type\":\"WebSite\",\"@id\":\"https:\\\/\\\/braintainment.com\\\/fr\\\/#website\",\"url\":\"https:\\\/\\\/braintainment.com\\\/fr\\\/\",\"name\":\"Braintainment\",\"description\":\"\",\"publisher\":{\"@id\":\"https:\\\/\\\/braintainment.com\\\/fr\\\/#organization\"},\"potentialAction\":[{\"@type\":\"SearchAction\",\"target\":{\"@type\":\"EntryPoint\",\"urlTemplate\":\"https:\\\/\\\/braintainment.com\\\/fr\\\/?s={search_term_string}\"},\"query-input\":{\"@type\":\"PropertyValueSpecification\",\"valueRequired\":true,\"valueName\":\"search_term_string\"}}],\"inLanguage\":\"fr-FR\"},{\"@type\":\"Organization\",\"@id\":\"https:\\\/\\\/braintainment.com\\\/fr\\\/#organization\",\"name\":\"Braintainment\",\"url\":\"https:\\\/\\\/braintainment.com\\\/fr\\\/\",\"logo\":{\"@type\":\"ImageObject\",\"inLanguage\":\"fr-FR\",\"@id\":\"https:\\\/\\\/braintainment.com\\\/fr\\\/#\\\/schema\\\/logo\\\/image\\\/\",\"url\":\"https:\\\/\\\/braintainment.com\\\/wp-content\\\/uploads\\\/Logo-Braintaiment-Keesing-Color.png\",\"contentUrl\":\"https:\\\/\\\/braintainment.com\\\/wp-content\\\/uploads\\\/Logo-Braintaiment-Keesing-Color.png\",\"width\":468,\"height\":98,\"caption\":\"Braintainment\"},\"image\":{\"@id\":\"https:\\\/\\\/braintainment.com\\\/fr\\\/#\\\/schema\\\/logo\\\/image\\\/\"}}]}<\/script>\n<!-- \/ Yoast SEO plugin. -->","yoast_head_json":{"title":"Mon\u00e9tisez | Braintainment","description":"G\u00e9n\u00e9rez des revenus gr\u00e2ce \u00e0 une mon\u00e9tisation intelligente des jeux et des puzzles sur votre plateforme et transformez l'engagement des utilisateurs en profit.","robots":{"index":"index","follow":"follow","max-snippet":"max-snippet:-1","max-image-preview":"max-image-preview:large","max-video-preview":"max-video-preview:-1"},"canonical":"https:\/\/braintainment.com\/fr\/monetisez\/","og_locale":"fr_FR","og_type":"article","og_title":"Mon\u00e9tisez | Braintainment","og_description":"G\u00e9n\u00e9rez des revenus gr\u00e2ce \u00e0 une mon\u00e9tisation intelligente des jeux et des puzzles sur votre plateforme et transformez l'engagement des utilisateurs en profit.","og_url":"https:\/\/braintainment.com\/fr\/monetisez\/","og_site_name":"Braintainment","article_modified_time":"2024-10-31T09:35:09+00:00","og_image":[{"url":"http:\/\/braintainment.com\/wp-content\/uploads\/monetize-build-your-own-revenue.svg","type":"","width":"","height":""}],"twitter_card":"summary_large_image","twitter_misc":{"Dur\u00e9e de lecture estim\u00e9e":"2 minutes"},"schema":{"@context":"https:\/\/schema.org","@graph":[{"@type":"WebPage","@id":"https:\/\/braintainment.com\/fr\/monetisez\/","url":"https:\/\/braintainment.com\/fr\/monetisez\/","name":"Mon\u00e9tisez | Braintainment","isPartOf":{"@id":"https:\/\/braintainment.com\/fr\/#website"},"primaryImageOfPage":{"@id":"https:\/\/braintainment.com\/fr\/monetisez\/#primaryimage"},"image":{"@id":"https:\/\/braintainment.com\/fr\/monetisez\/#primaryimage"},"thumbnailUrl":"http:\/\/braintainment.com\/wp-content\/uploads\/monetize-build-your-own-revenue.svg","datePublished":"2024-01-18T09:54:49+00:00","dateModified":"2024-10-31T09:35:09+00:00","description":"G\u00e9n\u00e9rez des revenus gr\u00e2ce \u00e0 une mon\u00e9tisation intelligente des jeux et des puzzles sur votre plateforme et transformez l'engagement des utilisateurs en profit.","breadcrumb":{"@id":"https:\/\/braintainment.com\/fr\/monetisez\/#breadcrumb"},"inLanguage":"fr-FR","potentialAction":[{"@type":"ReadAction","target":["https:\/\/braintainment.com\/fr\/monetisez\/"]}]},{"@type":"ImageObject","inLanguage":"fr-FR","@id":"https:\/\/braintainment.com\/fr\/monetisez\/#primaryimage","url":"http:\/\/braintainment.com\/wp-content\/uploads\/monetize-build-your-own-revenue.svg","contentUrl":"http:\/\/braintainment.com\/wp-content\/uploads\/monetize-build-your-own-revenue.svg"},{"@type":"BreadcrumbList","@id":"https:\/\/braintainment.com\/fr\/monetisez\/#breadcrumb","itemListElement":[{"@type":"ListItem","position":1,"name":"Home","item":"https:\/\/braintainment.com\/fr\/"},{"@type":"ListItem","position":2,"name":"Mon\u00e9tisez"}]},{"@type":"WebSite","@id":"https:\/\/braintainment.com\/fr\/#website","url":"https:\/\/braintainment.com\/fr\/","name":"Braintainment","description":"","publisher":{"@id":"https:\/\/braintainment.com\/fr\/#organization"},"potentialAction":[{"@type":"SearchAction","target":{"@type":"EntryPoint","urlTemplate":"https:\/\/braintainment.com\/fr\/?s={search_term_string}"},"query-input":{"@type":"PropertyValueSpecification","valueRequired":true,"valueName":"search_term_string"}}],"inLanguage":"fr-FR"},{"@type":"Organization","@id":"https:\/\/braintainment.com\/fr\/#organization","name":"Braintainment","url":"https:\/\/braintainment.com\/fr\/","logo":{"@type":"ImageObject","inLanguage":"fr-FR","@id":"https:\/\/braintainment.com\/fr\/#\/schema\/logo\/image\/","url":"https:\/\/braintainment.com\/wp-content\/uploads\/Logo-Braintaiment-Keesing-Color.png","contentUrl":"https:\/\/braintainment.com\/wp-content\/uploads\/Logo-Braintaiment-Keesing-Color.png","width":468,"height":98,"caption":"Braintainment"},"image":{"@id":"https:\/\/braintainment.com\/fr\/#\/schema\/logo\/image\/"}}]}},"_links":{"self":[{"href":"https:\/\/braintainment.com\/fr\/wp-json\/wp\/v2\/pages\/3619","targetHints":{"allow":["GET"]}}],"collection":[{"href":"https:\/\/braintainment.com\/fr\/wp-json\/wp\/v2\/pages"}],"about":[{"href":"https:\/\/braintainment.com\/fr\/wp-json\/wp\/v2\/types\/page"}],"author":[{"embeddable":true,"href":"https:\/\/braintainment.com\/fr\/wp-json\/wp\/v2\/users\/1"}],"replies":[{"embeddable":true,"href":"https:\/\/braintainment.com\/fr\/wp-json\/wp\/v2\/comments?post=3619"}],"version-history":[{"count":4,"href":"https:\/\/braintainment.com\/fr\/wp-json\/wp\/v2\/pages\/3619\/revisions"}],"predecessor-version":[{"id":4018,"href":"https:\/\/braintainment.com\/fr\/wp-json\/wp\/v2\/pages\/3619\/revisions\/4018"}],"wp:attachment":[{"href":"https:\/\/braintainment.com\/fr\/wp-json\/wp\/v2\/media?parent=3619"}],"curies":[{"name":"wp","href":"https:\/\/api.w.org\/{rel}","templated":true}]}}