{"id":3361,"date":"2024-01-23T11:12:19","date_gmt":"2024-01-23T11:12:19","guid":{"rendered":"https:\/\/braintainment.com\/tableau-de-bord\/"},"modified":"2024-10-14T14:42:16","modified_gmt":"2024-10-14T14:42:16","slug":"tableau-de-bord","status":"publish","type":"page","link":"https:\/\/braintainment.com\/fr\/tableau-de-bord\/","title":{"rendered":"Tableau de bord"},"content":{"rendered":"\t\t<div data-elementor-type=\"wp-page\" data-elementor-id=\"3361\" class=\"elementor elementor-3361 elementor-558\" data-elementor-post-type=\"page\">\n\t\t\t\t\t\t<section class=\"elementor-section elementor-top-section elementor-element elementor-element-c358adc section-intro elementor-section-boxed elementor-section-height-default elementor-section-height-default\" data-id=\"c358adc\" data-element_type=\"section\" data-e-type=\"section\">\n\t\t\t\t\t\t<div class=\"elementor-container elementor-column-gap-default\">\n\t\t\t\t\t<div class=\"elementor-column elementor-col-100 elementor-top-column elementor-element elementor-element-5097ec8\" data-id=\"5097ec8\" data-element_type=\"column\" data-e-type=\"column\">\n\t\t\t<div class=\"elementor-widget-wrap elementor-element-populated\">\n\t\t\t\t\t\t<div class=\"elementor-element elementor-element-e829b70 elementor-widget elementor-widget-text-editor\" data-id=\"e829b70\" data-element_type=\"widget\" data-e-type=\"widget\" data-widget_type=\"text-editor.default\">\n\t\t\t\t<div class=\"elementor-widget-container\">\n\t\t\t\t\t\t\t\t\t<h1>Bienvenue<\/h1>\n<p>D\u00e9couvrez nos d\u00e9mos, apprenez \u00e0 int\u00e9grer facilement nos jeux sur votre site web et voyez par vous-m\u00eame l&rsquo;impact sur l&rsquo;engagement de vos utilisateurs.<\/p>\n\t\t\t\t\t\t\t\t<\/div>\n\t\t\t\t<\/div>\n\t\t\t\t\t<\/div>\n\t\t<\/div>\n\t\t\t\t\t<\/div>\n\t\t<\/section>\n\t\t\t\t<section class=\"elementor-section elementor-top-section elementor-element elementor-element-5e23b12 section-dashboard elementor-section-boxed elementor-section-height-default elementor-section-height-default\" data-id=\"5e23b12\" data-element_type=\"section\" data-e-type=\"section\">\n\t\t\t\t\t\t<div class=\"elementor-container elementor-column-gap-default\">\n\t\t\t\t\t<div class=\"make-column-clickable-elementor elementor-column elementor-col-50 elementor-top-column elementor-element elementor-element-87549ae column-green\" style=\"cursor: pointer;\" data-column-clickable=\"https:\/\/braintainment.com\/dashboard\/product-reporting\/\" data-column-clickable-blank=\"_self\" data-id=\"87549ae\" data-element_type=\"column\" data-e-type=\"column\">\n\t\t\t<div class=\"elementor-widget-wrap elementor-element-populated\">\n\t\t\t\t\t\t<div class=\"elementor-element elementor-element-327d725 elementor-widget elementor-widget-text-editor\" data-id=\"327d725\" data-element_type=\"widget\" data-e-type=\"widget\" data-widget_type=\"text-editor.default\">\n\t\t\t\t<div class=\"elementor-widget-container\">\n\t\t\t\t\t\t\t\t\t<h2>Rapports statistiques<\/h2>\n<p>Obtenez des analyses pr\u00e9cieuses pour affiner votre strat\u00e9gie, am\u00e9liorez les exp\u00e9riences utilisateurs et fa\u00e7onnez le succ\u00e8s de votre offre de jeu num\u00e9rique.<\/p>\n\t\t\t\t\t\t\t\t<\/div>\n\t\t\t\t<\/div>\n\t\t\t\t\t<\/div>\n\t\t<\/div>\n\t\t\t\t<div class=\"make-column-clickable-elementor elementor-column elementor-col-50 elementor-top-column elementor-element elementor-element-a3189c2 column-purple\" style=\"cursor: pointer;\" data-column-clickable=\"https:\/\/braintainment.com\/dashboard\/platform-demo\/\" data-column-clickable-blank=\"_self\" data-id=\"a3189c2\" data-element_type=\"column\" data-e-type=\"column\">\n\t\t\t<div class=\"elementor-widget-wrap elementor-element-populated\">\n\t\t\t\t\t\t<div class=\"elementor-element elementor-element-5c2f1fc elementor-widget elementor-widget-text-editor\" data-id=\"5c2f1fc\" data-element_type=\"widget\" data-e-type=\"widget\" data-widget_type=\"text-editor.default\">\n\t\t\t\t<div class=\"elementor-widget-container\">\n\t\t\t\t\t\t\t\t\t<h2>D\u00e9mo de la plateforme<\/h2>\n<p>D\u00e9couvrez nos d\u00e9mos, apprenez \u00e0 int\u00e9grer facilement nos jeux sur votre site web et voyez par vous-m\u00eame l&rsquo;impact sur l&rsquo;engagement de vos utilisateurs.<\/p>\n\t\t\t\t\t\t\t\t<\/div>\n\t\t\t\t<\/div>\n\t\t\t\t\t<\/div>\n\t\t<\/div>\n\t\t\t\t\t<\/div>\n\t\t<\/section>\n\t\t\t\t<section class=\"elementor-section elementor-top-section elementor-element elementor-element-9e2f352 section-dashboard elementor-section-boxed elementor-section-height-default elementor-section-height-default\" data-id=\"9e2f352\" data-element_type=\"section\" data-e-type=\"section\">\n\t\t\t\t\t\t<div class=\"elementor-container elementor-column-gap-default\">\n\t\t\t\t\t<div class=\"make-column-clickable-elementor elementor-column elementor-col-50 elementor-top-column elementor-element elementor-element-2ff5a1f column-pink\" style=\"cursor: pointer;\" data-column-clickable=\"https:\/\/braintainment.com\/dashboard\/documentation\/\" data-column-clickable-blank=\"_self\" data-id=\"2ff5a1f\" data-element_type=\"column\" data-e-type=\"column\">\n\t\t\t<div class=\"elementor-widget-wrap elementor-element-populated\">\n\t\t\t\t\t\t<div class=\"elementor-element elementor-element-9673511 elementor-widget elementor-widget-text-editor\" data-id=\"9673511\" data-element_type=\"widget\" data-e-type=\"widget\" data-widget_type=\"text-editor.default\">\n\t\t\t\t<div class=\"elementor-widget-container\">\n\t\t\t\t\t\t\t\t\t<h2>Documentation<\/h2>\n<p>Acc\u00e9dez aux conseils dont vous avez besoin pour int\u00e9grer, optimiser et am\u00e9liorer l&rsquo;exp\u00e9rience utilisateur avec nos puzzles et jeux sur votre plateforme.<\/p>\n\t\t\t\t\t\t\t\t<\/div>\n\t\t\t\t<\/div>\n\t\t\t\t\t<\/div>\n\t\t<\/div>\n\t\t\t\t<div class=\"elementor-column elementor-col-50 elementor-top-column elementor-element elementor-element-e6e2d5c column-orange\" data-id=\"e6e2d5c\" data-element_type=\"column\" data-e-type=\"column\">\n\t\t\t<div class=\"elementor-widget-wrap elementor-element-populated\">\n\t\t\t\t\t\t<div class=\"elementor-element elementor-element-35971e9 elementor-widget elementor-widget-text-editor\" data-id=\"35971e9\" data-element_type=\"widget\" data-e-type=\"widget\" data-widget_type=\"text-editor.default\">\n\t\t\t\t<div class=\"elementor-widget-container\">\n\t\t\t\t\t\t\t\t\t<h2>Contact<\/h2>\n<p><strong>RCI-Jeux<\/strong><\/p>\n<p><a href=\"tel:+330149662323\"><img decoding=\"async\" class=\"alignnone wp-image-1044 size-full\" src=\"http:\/\/braintainment.com\/wp-content\/uploads\/icon-phone.svg\" alt=\"\" width=\"29\" height=\"30\" \/> +33(0) 1 49 66 23 23<\/a><a href=\"mailto:contactjeux@rci-jeux.fr\"><img decoding=\"async\" class=\"alignnone wp-image-1043 size-full\" src=\"http:\/\/braintainment.com\/wp-content\/uploads\/icon-email.svg\" alt=\"\" width=\"29\" height=\"30\" \/> contactjeux@rci-jeux.fr<\/a><\/p>\n\t\t\t\t\t\t\t\t<\/div>\n\t\t\t\t<\/div>\n\t\t\t\t\t<\/div>\n\t\t<\/div>\n\t\t\t\t\t<\/div>\n\t\t<\/section>\n\t\t\t\t<\/div>\n\t\t","protected":false},"excerpt":{"rendered":"<p>Bienvenue D\u00e9couvrez nos d\u00e9mos, apprenez \u00e0 int\u00e9grer facilement nos jeux sur votre site web et voyez par vous-m\u00eame l&rsquo;impact sur l&rsquo;engagement de vos utilisateurs. Rapports statistiques Obtenez des analyses pr\u00e9cieuses pour affiner votre strat\u00e9gie, am\u00e9liorez les exp\u00e9riences utilisateurs et fa\u00e7onnez le succ\u00e8s de votre offre de jeu num\u00e9rique. D\u00e9mo de la plateforme D\u00e9couvrez nos d\u00e9mos, [&hellip;]<\/p>\n","protected":false},"author":1,"featured_media":0,"parent":0,"menu_order":0,"comment_status":"closed","ping_status":"closed","template":"","meta":{"_acf_changed":false,"footnotes":""},"class_list":["post-3361","page","type-page","status-publish","hentry"],"acf":[],"yoast_head":"<!-- This site is optimized with the Yoast SEO plugin v27.5 - https:\/\/yoast.com\/product\/yoast-seo-wordpress\/ -->\n<title>Tableau de bord | Braintainment<\/title>\n<meta name=\"description\" content=\"Apprenez \u00e0 int\u00e9grer simplement des exp\u00e9riences attrayantes sur votre site web et constatez par vous-m\u00eame l&#039;effet sur l&#039;engagement des utilisateurs.\" \/>\n<meta name=\"robots\" content=\"index, follow, max-snippet:-1, max-image-preview:large, max-video-preview:-1\" \/>\n<link rel=\"canonical\" href=\"https:\/\/braintainment.com\/fr\/tableau-de-bord\/\" \/>\n<meta property=\"og:locale\" content=\"fr_FR\" \/>\n<meta property=\"og:type\" content=\"article\" \/>\n<meta property=\"og:title\" content=\"Tableau de bord | Braintainment\" \/>\n<meta property=\"og:description\" content=\"Apprenez \u00e0 int\u00e9grer simplement des exp\u00e9riences attrayantes sur votre site web et constatez par vous-m\u00eame l&#039;effet sur l&#039;engagement des utilisateurs.\" \/>\n<meta property=\"og:url\" content=\"https:\/\/braintainment.com\/fr\/tableau-de-bord\/\" \/>\n<meta property=\"og:site_name\" content=\"Braintainment\" \/>\n<meta property=\"article:modified_time\" content=\"2024-10-14T14:42:16+00:00\" \/>\n<meta property=\"og:image\" content=\"http:\/\/braintainment.com\/wp-content\/uploads\/icon-phone.svg\" \/>\n<meta name=\"twitter:card\" content=\"summary_large_image\" \/>\n<meta name=\"twitter:label1\" content=\"Dur\u00e9e de lecture estim\u00e9e\" \/>\n\t<meta name=\"twitter:data1\" content=\"1 minute\" \/>\n<script type=\"application\/ld+json\" class=\"yoast-schema-graph\">{\"@context\":\"https:\\\/\\\/schema.org\",\"@graph\":[{\"@type\":\"WebPage\",\"@id\":\"https:\\\/\\\/braintainment.com\\\/fr\\\/tableau-de-bord\\\/\",\"url\":\"https:\\\/\\\/braintainment.com\\\/fr\\\/tableau-de-bord\\\/\",\"name\":\"Tableau de bord | Braintainment\",\"isPartOf\":{\"@id\":\"https:\\\/\\\/braintainment.com\\\/fr\\\/#website\"},\"primaryImageOfPage\":{\"@id\":\"https:\\\/\\\/braintainment.com\\\/fr\\\/tableau-de-bord\\\/#primaryimage\"},\"image\":{\"@id\":\"https:\\\/\\\/braintainment.com\\\/fr\\\/tableau-de-bord\\\/#primaryimage\"},\"thumbnailUrl\":\"http:\\\/\\\/braintainment.com\\\/wp-content\\\/uploads\\\/icon-phone.svg\",\"datePublished\":\"2024-01-23T11:12:19+00:00\",\"dateModified\":\"2024-10-14T14:42:16+00:00\",\"description\":\"Apprenez \u00e0 int\u00e9grer simplement des exp\u00e9riences attrayantes sur votre site web et constatez par vous-m\u00eame l'effet sur l'engagement des utilisateurs.\",\"breadcrumb\":{\"@id\":\"https:\\\/\\\/braintainment.com\\\/fr\\\/tableau-de-bord\\\/#breadcrumb\"},\"inLanguage\":\"fr-FR\",\"potentialAction\":[{\"@type\":\"ReadAction\",\"target\":[\"https:\\\/\\\/braintainment.com\\\/fr\\\/tableau-de-bord\\\/\"]}]},{\"@type\":\"ImageObject\",\"inLanguage\":\"fr-FR\",\"@id\":\"https:\\\/\\\/braintainment.com\\\/fr\\\/tableau-de-bord\\\/#primaryimage\",\"url\":\"http:\\\/\\\/braintainment.com\\\/wp-content\\\/uploads\\\/icon-phone.svg\",\"contentUrl\":\"http:\\\/\\\/braintainment.com\\\/wp-content\\\/uploads\\\/icon-phone.svg\"},{\"@type\":\"BreadcrumbList\",\"@id\":\"https:\\\/\\\/braintainment.com\\\/fr\\\/tableau-de-bord\\\/#breadcrumb\",\"itemListElement\":[{\"@type\":\"ListItem\",\"position\":1,\"name\":\"Home\",\"item\":\"https:\\\/\\\/braintainment.com\\\/fr\\\/\"},{\"@type\":\"ListItem\",\"position\":2,\"name\":\"Tableau de bord\"}]},{\"@type\":\"WebSite\",\"@id\":\"https:\\\/\\\/braintainment.com\\\/fr\\\/#website\",\"url\":\"https:\\\/\\\/braintainment.com\\\/fr\\\/\",\"name\":\"Braintainment\",\"description\":\"\",\"publisher\":{\"@id\":\"https:\\\/\\\/braintainment.com\\\/fr\\\/#organization\"},\"potentialAction\":[{\"@type\":\"SearchAction\",\"target\":{\"@type\":\"EntryPoint\",\"urlTemplate\":\"https:\\\/\\\/braintainment.com\\\/fr\\\/?s={search_term_string}\"},\"query-input\":{\"@type\":\"PropertyValueSpecification\",\"valueRequired\":true,\"valueName\":\"search_term_string\"}}],\"inLanguage\":\"fr-FR\"},{\"@type\":\"Organization\",\"@id\":\"https:\\\/\\\/braintainment.com\\\/fr\\\/#organization\",\"name\":\"Braintainment\",\"url\":\"https:\\\/\\\/braintainment.com\\\/fr\\\/\",\"logo\":{\"@type\":\"ImageObject\",\"inLanguage\":\"fr-FR\",\"@id\":\"https:\\\/\\\/braintainment.com\\\/fr\\\/#\\\/schema\\\/logo\\\/image\\\/\",\"url\":\"https:\\\/\\\/braintainment.com\\\/wp-content\\\/uploads\\\/Logo-Braintaiment-Keesing-Color.png\",\"contentUrl\":\"https:\\\/\\\/braintainment.com\\\/wp-content\\\/uploads\\\/Logo-Braintaiment-Keesing-Color.png\",\"width\":468,\"height\":98,\"caption\":\"Braintainment\"},\"image\":{\"@id\":\"https:\\\/\\\/braintainment.com\\\/fr\\\/#\\\/schema\\\/logo\\\/image\\\/\"}}]}<\/script>\n<!-- \/ Yoast SEO plugin. -->","yoast_head_json":{"title":"Tableau de bord | Braintainment","description":"Apprenez \u00e0 int\u00e9grer simplement des exp\u00e9riences attrayantes sur votre site web et constatez par vous-m\u00eame l'effet sur l'engagement des utilisateurs.","robots":{"index":"index","follow":"follow","max-snippet":"max-snippet:-1","max-image-preview":"max-image-preview:large","max-video-preview":"max-video-preview:-1"},"canonical":"https:\/\/braintainment.com\/fr\/tableau-de-bord\/","og_locale":"fr_FR","og_type":"article","og_title":"Tableau de bord | Braintainment","og_description":"Apprenez \u00e0 int\u00e9grer simplement des exp\u00e9riences attrayantes sur votre site web et constatez par vous-m\u00eame l'effet sur l'engagement des utilisateurs.","og_url":"https:\/\/braintainment.com\/fr\/tableau-de-bord\/","og_site_name":"Braintainment","article_modified_time":"2024-10-14T14:42:16+00:00","og_image":[{"url":"http:\/\/braintainment.com\/wp-content\/uploads\/icon-phone.svg","type":"","width":"","height":""}],"twitter_card":"summary_large_image","twitter_misc":{"Dur\u00e9e de lecture estim\u00e9e":"1 minute"},"schema":{"@context":"https:\/\/schema.org","@graph":[{"@type":"WebPage","@id":"https:\/\/braintainment.com\/fr\/tableau-de-bord\/","url":"https:\/\/braintainment.com\/fr\/tableau-de-bord\/","name":"Tableau de bord | Braintainment","isPartOf":{"@id":"https:\/\/braintainment.com\/fr\/#website"},"primaryImageOfPage":{"@id":"https:\/\/braintainment.com\/fr\/tableau-de-bord\/#primaryimage"},"image":{"@id":"https:\/\/braintainment.com\/fr\/tableau-de-bord\/#primaryimage"},"thumbnailUrl":"http:\/\/braintainment.com\/wp-content\/uploads\/icon-phone.svg","datePublished":"2024-01-23T11:12:19+00:00","dateModified":"2024-10-14T14:42:16+00:00","description":"Apprenez \u00e0 int\u00e9grer simplement des exp\u00e9riences attrayantes sur votre site web et constatez par vous-m\u00eame l'effet sur l'engagement des utilisateurs.","breadcrumb":{"@id":"https:\/\/braintainment.com\/fr\/tableau-de-bord\/#breadcrumb"},"inLanguage":"fr-FR","potentialAction":[{"@type":"ReadAction","target":["https:\/\/braintainment.com\/fr\/tableau-de-bord\/"]}]},{"@type":"ImageObject","inLanguage":"fr-FR","@id":"https:\/\/braintainment.com\/fr\/tableau-de-bord\/#primaryimage","url":"http:\/\/braintainment.com\/wp-content\/uploads\/icon-phone.svg","contentUrl":"http:\/\/braintainment.com\/wp-content\/uploads\/icon-phone.svg"},{"@type":"BreadcrumbList","@id":"https:\/\/braintainment.com\/fr\/tableau-de-bord\/#breadcrumb","itemListElement":[{"@type":"ListItem","position":1,"name":"Home","item":"https:\/\/braintainment.com\/fr\/"},{"@type":"ListItem","position":2,"name":"Tableau de bord"}]},{"@type":"WebSite","@id":"https:\/\/braintainment.com\/fr\/#website","url":"https:\/\/braintainment.com\/fr\/","name":"Braintainment","description":"","publisher":{"@id":"https:\/\/braintainment.com\/fr\/#organization"},"potentialAction":[{"@type":"SearchAction","target":{"@type":"EntryPoint","urlTemplate":"https:\/\/braintainment.com\/fr\/?s={search_term_string}"},"query-input":{"@type":"PropertyValueSpecification","valueRequired":true,"valueName":"search_term_string"}}],"inLanguage":"fr-FR"},{"@type":"Organization","@id":"https:\/\/braintainment.com\/fr\/#organization","name":"Braintainment","url":"https:\/\/braintainment.com\/fr\/","logo":{"@type":"ImageObject","inLanguage":"fr-FR","@id":"https:\/\/braintainment.com\/fr\/#\/schema\/logo\/image\/","url":"https:\/\/braintainment.com\/wp-content\/uploads\/Logo-Braintaiment-Keesing-Color.png","contentUrl":"https:\/\/braintainment.com\/wp-content\/uploads\/Logo-Braintaiment-Keesing-Color.png","width":468,"height":98,"caption":"Braintainment"},"image":{"@id":"https:\/\/braintainment.com\/fr\/#\/schema\/logo\/image\/"}}]}},"_links":{"self":[{"href":"https:\/\/braintainment.com\/fr\/wp-json\/wp\/v2\/pages\/3361","targetHints":{"allow":["GET"]}}],"collection":[{"href":"https:\/\/braintainment.com\/fr\/wp-json\/wp\/v2\/pages"}],"about":[{"href":"https:\/\/braintainment.com\/fr\/wp-json\/wp\/v2\/types\/page"}],"author":[{"embeddable":true,"href":"https:\/\/braintainment.com\/fr\/wp-json\/wp\/v2\/users\/1"}],"replies":[{"embeddable":true,"href":"https:\/\/braintainment.com\/fr\/wp-json\/wp\/v2\/comments?post=3361"}],"version-history":[{"count":1,"href":"https:\/\/braintainment.com\/fr\/wp-json\/wp\/v2\/pages\/3361\/revisions"}],"predecessor-version":[{"id":3362,"href":"https:\/\/braintainment.com\/fr\/wp-json\/wp\/v2\/pages\/3361\/revisions\/3362"}],"wp:attachment":[{"href":"https:\/\/braintainment.com\/fr\/wp-json\/wp\/v2\/media?parent=3361"}],"curies":[{"name":"wp","href":"https:\/\/api.w.org\/{rel}","templated":true}]}}