{"id":3344,"date":"2024-04-18T10:08:50","date_gmt":"2024-04-18T10:08:50","guid":{"rendered":"https:\/\/braintainment.com\/integration-personnalisee\/"},"modified":"2024-10-14T14:31:20","modified_gmt":"2024-10-14T14:31:20","slug":"integration-personnalisee","status":"publish","type":"page","link":"https:\/\/braintainment.com\/fr\/integration-personnalisee\/","title":{"rendered":"Int\u00e9gration personnalis\u00e9e"},"content":{"rendered":"\t\t<div data-elementor-type=\"wp-page\" data-elementor-id=\"3344\" class=\"elementor elementor-3344 elementor-1768\" data-elementor-post-type=\"page\">\n\t\t\t\t\t\t<section class=\"elementor-section elementor-top-section elementor-element elementor-element-a682887 section-pagetitle vertical elementor-section-boxed elementor-section-height-default elementor-section-height-default\" data-id=\"a682887\" data-element_type=\"section\" data-e-type=\"section\">\n\t\t\t\t\t\t<div class=\"elementor-container elementor-column-gap-default\">\n\t\t\t\t\t<div class=\"elementor-column elementor-col-100 elementor-top-column elementor-element elementor-element-f4c45ed\" data-id=\"f4c45ed\" data-element_type=\"column\" data-e-type=\"column\">\n\t\t\t<div class=\"elementor-widget-wrap elementor-element-populated\">\n\t\t\t\t\t\t<div class=\"elementor-element elementor-element-df358c9 shape elementor-view-default elementor-widget elementor-widget-icon\" data-id=\"df358c9\" data-element_type=\"widget\" data-e-type=\"widget\" data-settings=\"{&quot;motion_fx_motion_fx_scrolling&quot;:&quot;yes&quot;,&quot;motion_fx_translateY_speed&quot;:{&quot;unit&quot;:&quot;px&quot;,&quot;size&quot;:2.5,&quot;sizes&quot;:[]},&quot;motion_fx_translateY_effect&quot;:&quot;yes&quot;,&quot;motion_fx_translateY_affectedRange&quot;:{&quot;unit&quot;:&quot;%&quot;,&quot;size&quot;:&quot;&quot;,&quot;sizes&quot;:{&quot;start&quot;:0,&quot;end&quot;:100}},&quot;motion_fx_devices&quot;:[&quot;desktop&quot;,&quot;tablet&quot;,&quot;mobile&quot;]}\" data-widget_type=\"icon.default\">\n\t\t\t\t<div class=\"elementor-widget-container\">\n\t\t\t\t\t\t\t<div class=\"elementor-icon-wrapper\">\n\t\t\t<div class=\"elementor-icon\">\n\t\t\t<svg xmlns=\"http:\/\/www.w3.org\/2000\/svg\" width=\"98.442\" height=\"94.229\" viewBox=\"0 0 98.442 94.229\"><path d=\"M48.4,5.857a5,5,0,0,1,8.194,0L71.2,26.733a5,5,0,0,0,2.632,1.915l24.35,7.46a5,5,0,0,1,2.531,7.786L85.388,64.27a5,5,0,0,0-1,3.092l.439,25.5A5,5,0,0,1,78.2,97.674L54.129,89.381a5,5,0,0,0-3.258,0L26.8,97.674a5,5,0,0,1-6.628-4.813l.439-25.5a5,5,0,0,0-1-3.092L4.286,43.894a5,5,0,0,1,2.531-7.786l24.35-7.46A5,5,0,0,0,33.8,26.733Z\" transform=\"translate(-3.279 -3.723)\" fill=\"#6a82e0\"><\/path><\/svg>\t\t\t<\/div>\n\t\t<\/div>\n\t\t\t\t\t\t<\/div>\n\t\t\t\t<\/div>\n\t\t\t\t<div class=\"elementor-element elementor-element-59eb941 sub-title elementor-widget elementor-widget-heading\" data-id=\"59eb941\" data-element_type=\"widget\" data-e-type=\"widget\" data-widget_type=\"heading.default\">\n\t\t\t\t<div class=\"elementor-widget-container\">\n\t\t\t\t\t<p class=\"elementor-heading-title elementor-size-default\">Int\u00e9gration personnalis\u00e9e<\/p>\t\t\t\t<\/div>\n\t\t\t\t<\/div>\n\t\t\t\t<div class=\"elementor-element elementor-element-209db71 elementor-widget elementor-widget-text-editor\" data-id=\"209db71\" data-element_type=\"widget\" data-e-type=\"widget\" data-widget_type=\"text-editor.default\">\n\t\t\t\t<div class=\"elementor-widget-container\">\n\t\t\t\t\t\t\t\t\t<h1>Nos solutions sur-mesure<\/h1>\n<p>Que vous cherchiez \u00e0 am\u00e9liorer votre site web, site mobile, application ou campagnes par e-mail, nous avons les solutions pour optimiser votre contenu et engager votre audience de mani\u00e8re efficace. Notre \u00e9quipe exp\u00e9riment\u00e9e vous accompagne pour adapter nos solutions pour r\u00e9pondre \u00e0 vos besoins et objectifs sp\u00e9cifiques.<\/p>\n\t\t\t\t\t\t\t\t<\/div>\n\t\t\t\t<\/div>\n\t\t\t\t<div class=\"elementor-element elementor-element-8a482b4 shape shape-1 elementor-hidden-tablet elementor-hidden-mobile elementor-view-default elementor-widget elementor-widget-icon\" data-id=\"8a482b4\" data-element_type=\"widget\" data-e-type=\"widget\" data-settings=\"{&quot;motion_fx_motion_fx_scrolling&quot;:&quot;yes&quot;,&quot;motion_fx_rotateZ_speed&quot;:{&quot;unit&quot;:&quot;px&quot;,&quot;size&quot;:4,&quot;sizes&quot;:[]},&quot;motion_fx_rotateZ_effect&quot;:&quot;yes&quot;,&quot;motion_fx_rotateZ_affectedRange&quot;:{&quot;unit&quot;:&quot;%&quot;,&quot;size&quot;:&quot;&quot;,&quot;sizes&quot;:{&quot;start&quot;:0,&quot;end&quot;:100}},&quot;motion_fx_devices&quot;:[&quot;desktop&quot;,&quot;tablet&quot;,&quot;mobile&quot;]}\" data-widget_type=\"icon.default\">\n\t\t\t\t<div class=\"elementor-widget-container\">\n\t\t\t\t\t\t\t<div class=\"elementor-icon-wrapper\">\n\t\t\t<div class=\"elementor-icon\">\n\t\t\t<svg xmlns=\"http:\/\/www.w3.org\/2000\/svg\" width=\"103.249\" height=\"98.816\" viewBox=\"0 0 103.249 98.816\"><path d=\"M49.558,2.14a5,5,0,0,1,5.883,0l46.624,33.922a5,5,0,0,1,1.814,5.586l-17.812,54.9A5,5,0,0,1,81.313,100H23.687a5,5,0,0,1-4.756-3.457L1.12,41.648a5,5,0,0,1,1.814-5.586Z\" transform=\"translate(-0.875 -1.184)\" fill=\"#fc9335\"><\/path><\/svg>\t\t\t<\/div>\n\t\t<\/div>\n\t\t\t\t\t\t<\/div>\n\t\t\t\t<\/div>\n\t\t\t\t\t<\/div>\n\t\t<\/div>\n\t\t\t\t\t<\/div>\n\t\t<\/section>\n\t\t\t\t<section class=\"elementor-section elementor-top-section elementor-element elementor-element-679f28d section-image-content custom elementor-section-boxed elementor-section-height-default elementor-section-height-default\" data-id=\"679f28d\" data-element_type=\"section\" data-e-type=\"section\">\n\t\t\t\t\t\t<div class=\"elementor-container elementor-column-gap-default\">\n\t\t\t\t\t<div class=\"elementor-column elementor-col-50 elementor-top-column elementor-element elementor-element-c1f3fc1 column-content\" data-id=\"c1f3fc1\" data-element_type=\"column\" data-e-type=\"column\">\n\t\t\t<div class=\"elementor-widget-wrap elementor-element-populated\">\n\t\t\t\t\t\t<div class=\"elementor-element elementor-element-8456004 sub-title elementor-widget elementor-widget-heading\" data-id=\"8456004\" data-element_type=\"widget\" data-e-type=\"widget\" data-widget_type=\"heading.default\">\n\t\t\t\t<div class=\"elementor-widget-container\">\n\t\t\t\t\t<p class=\"elementor-heading-title elementor-size-default\">Int\u00e9gration personnalis\u00e9es<\/p>\t\t\t\t<\/div>\n\t\t\t\t<\/div>\n\t\t\t\t<div class=\"elementor-element elementor-element-57b4142 elementor-widget elementor-widget-text-editor\" data-id=\"57b4142\" data-element_type=\"widget\" data-e-type=\"widget\" data-widget_type=\"text-editor.default\">\n\t\t\t\t<div class=\"elementor-widget-container\">\n\t\t\t\t\t\t\t\t\t<h2>We have the expertise<\/h2>\n<p>Ce qui nous distingue, c&rsquo;est notre engagement tourn\u00e9 vers l&rsquo;innovation et notre esprit entrepreneurial. Chaque client est unique, c&rsquo;est pourquoi nous offrons une gamme de formats et d&rsquo;options pour r\u00e9pondre \u00e0 vos pr\u00e9f\u00e9rences. Que vous soyez une petite entreprise cherchant \u00e0 am\u00e9liorer votre pr\u00e9sence en ligne ou une grande entreprise cherchant \u00e0 stimuler l&rsquo;engagement des utilisateurs, nous mettons notre expertise \u00e0 votre service.<\/p>\n<p>Nous vous garantissons : <\/p>\n<ul>\n<li>Des jeux de d\u00e9tente hautement addictifs.<\/li>\n<li>Une int\u00e9gration transparente dans votre site web, site mobile, application ou e-mail<\/li>\n<li>De multiples options pour r\u00e9pondre \u00e0 vos besoins<\/li>\n<li>Des conseils et un soutien d&rsquo;experts \u00e0 chaque \u00e9tape du processus<\/li>\n<\/ul>\n<p>Rejoignez la communaut\u00e9 de nos clients satisfaits qui ont choisi notre solution. Contactez-nous d\u00e8s aujourd&rsquo;hui pour en savoir plus sur la fa\u00e7on dont nous pouvons vous aider \u00e0 offrir \u00e0 votre audience du contenu Braintainment captivant. Travaillons ensemble !<\/p>\n\t\t\t\t\t\t\t\t<\/div>\n\t\t\t\t<\/div>\n\t\t\t\t<div class=\"elementor-element elementor-element-44da132 elementor-widget elementor-widget-button\" data-id=\"44da132\" data-element_type=\"widget\" data-e-type=\"widget\" data-settings=\"{&quot;enabled_visibility&quot;:&quot;yes&quot;,&quot;dce_visibility_selected&quot;:&quot;hide&quot;}\" data-widget_type=\"button.default\">\n\t\t\t\t<div class=\"elementor-widget-container\">\n\t\t\t\t\t\t\t\t\t<div class=\"elementor-button-wrapper\">\n\t\t\t\t\t<a class=\"elementor-button elementor-button-link elementor-size-sm\" href=\"https:\/\/braintainment.com\/fr\/demandez-une-demo\/\">\n\t\t\t\t\t\t<span class=\"elementor-button-content-wrapper\">\n\t\t\t\t\t\t\t\t\t<span class=\"elementor-button-text\">Demandez une d\u00e9mo<\/span>\n\t\t\t\t\t<\/span>\n\t\t\t\t\t<\/a>\n\t\t\t\t<\/div>\n\t\t\t\t\t\t\t\t<\/div>\n\t\t\t\t<\/div>\n\t\t<!-- dce invisible element 8850cd8 -->\t\t\t<\/div>\n\t\t<\/div>\n\t\t\t\t<div class=\"elementor-column elementor-col-50 elementor-top-column elementor-element elementor-element-ea5803f column-image\" data-id=\"ea5803f\" data-element_type=\"column\" data-e-type=\"column\">\n\t\t\t<div class=\"elementor-widget-wrap elementor-element-populated\">\n\t\t\t\t\t\t<div class=\"elementor-element elementor-element-645734d elementor-widget elementor-widget-image\" data-id=\"645734d\" data-element_type=\"widget\" data-e-type=\"widget\" data-widget_type=\"image.default\">\n\t\t\t\t<div class=\"elementor-widget-container\">\n\t\t\t\t\t\t\t\t\t\t\t\t\t\t\t<img fetchpriority=\"high\" decoding=\"async\" width=\"800\" height=\"478\" src=\"https:\/\/braintainment.com\/wp-content\/uploads\/custom-tailored-solutions-1024x612.webp\" class=\"attachment-large size-large wp-image-3022\" alt=\"Dashboard van puzzels en integratie\" srcset=\"https:\/\/braintainment.com\/wp-content\/uploads\/custom-tailored-solutions-1024x612.webp 1024w, https:\/\/braintainment.com\/wp-content\/uploads\/custom-tailored-solutions-300x179.webp 300w, https:\/\/braintainment.com\/wp-content\/uploads\/custom-tailored-solutions-768x459.webp 768w, https:\/\/braintainment.com\/wp-content\/uploads\/custom-tailored-solutions-1536x918.webp 1536w, https:\/\/braintainment.com\/wp-content\/uploads\/custom-tailored-solutions.webp 1642w\" sizes=\"(max-width: 800px) 100vw, 800px\" \/>\t\t\t\t\t\t\t\t\t\t\t\t\t\t\t<\/div>\n\t\t\t\t<\/div>\n\t\t\t\t\t<\/div>\n\t\t<\/div>\n\t\t\t\t\t<\/div>\n\t\t<\/section>\n\t\t\t\t<\/div>\n\t\t","protected":false},"excerpt":{"rendered":"<p>Int\u00e9gration personnalis\u00e9e Nos solutions sur-mesure Que vous cherchiez \u00e0 am\u00e9liorer votre site web, site mobile, application ou campagnes par e-mail, nous avons les solutions pour optimiser votre contenu et engager votre audience de mani\u00e8re efficace. Notre \u00e9quipe exp\u00e9riment\u00e9e vous accompagne pour adapter nos solutions pour r\u00e9pondre \u00e0 vos besoins et objectifs sp\u00e9cifiques. Int\u00e9gration personnalis\u00e9es We [&hellip;]<\/p>\n","protected":false},"author":1,"featured_media":0,"parent":0,"menu_order":0,"comment_status":"closed","ping_status":"closed","template":"","meta":{"_acf_changed":false,"footnotes":""},"class_list":["post-3344","page","type-page","status-publish","hentry"],"acf":[],"yoast_head":"<!-- This site is optimized with the Yoast SEO plugin v27.5 - https:\/\/yoast.com\/product\/yoast-seo-wordpress\/ -->\n<title>Int\u00e9gration personnalis\u00e9e | Braintainment<\/title>\n<meta name=\"description\" content=\"D\u00e9couvrez les solutions sur mesure de Keesing pour am\u00e9liorer votre site web, votre application ou vos campagnes d&#039;e-mailing et engager au mieux votre public.\" \/>\n<meta name=\"robots\" content=\"index, follow, max-snippet:-1, max-image-preview:large, max-video-preview:-1\" \/>\n<link rel=\"canonical\" href=\"https:\/\/braintainment.com\/fr\/integration-personnalisee\/\" \/>\n<meta property=\"og:locale\" content=\"fr_FR\" \/>\n<meta property=\"og:type\" content=\"article\" \/>\n<meta property=\"og:title\" content=\"Int\u00e9gration personnalis\u00e9e | Braintainment\" \/>\n<meta property=\"og:description\" content=\"D\u00e9couvrez les solutions sur mesure de Keesing pour am\u00e9liorer votre site web, votre application ou vos campagnes d&#039;e-mailing et engager au mieux votre public.\" \/>\n<meta property=\"og:url\" content=\"https:\/\/braintainment.com\/fr\/integration-personnalisee\/\" \/>\n<meta property=\"og:site_name\" content=\"Braintainment\" \/>\n<meta property=\"article:modified_time\" content=\"2024-10-14T14:31:20+00:00\" \/>\n<meta property=\"og:image\" content=\"http:\/\/braintainment.com\/wp-content\/uploads\/custom-tailored-solutions-1024x612.webp\" \/>\n<meta name=\"twitter:card\" content=\"summary_large_image\" \/>\n<meta name=\"twitter:label1\" content=\"Dur\u00e9e de lecture estim\u00e9e\" \/>\n\t<meta name=\"twitter:data1\" content=\"2 minutes\" \/>\n<script type=\"application\/ld+json\" class=\"yoast-schema-graph\">{\"@context\":\"https:\\\/\\\/schema.org\",\"@graph\":[{\"@type\":\"WebPage\",\"@id\":\"https:\\\/\\\/braintainment.com\\\/fr\\\/integration-personnalisee\\\/\",\"url\":\"https:\\\/\\\/braintainment.com\\\/fr\\\/integration-personnalisee\\\/\",\"name\":\"Int\u00e9gration personnalis\u00e9e | Braintainment\",\"isPartOf\":{\"@id\":\"https:\\\/\\\/braintainment.com\\\/fr\\\/#website\"},\"primaryImageOfPage\":{\"@id\":\"https:\\\/\\\/braintainment.com\\\/fr\\\/integration-personnalisee\\\/#primaryimage\"},\"image\":{\"@id\":\"https:\\\/\\\/braintainment.com\\\/fr\\\/integration-personnalisee\\\/#primaryimage\"},\"thumbnailUrl\":\"http:\\\/\\\/braintainment.com\\\/wp-content\\\/uploads\\\/custom-tailored-solutions-1024x612.webp\",\"datePublished\":\"2024-04-18T10:08:50+00:00\",\"dateModified\":\"2024-10-14T14:31:20+00:00\",\"description\":\"D\u00e9couvrez les solutions sur mesure de Keesing pour am\u00e9liorer votre site web, votre application ou vos campagnes d'e-mailing et engager au mieux votre public.\",\"breadcrumb\":{\"@id\":\"https:\\\/\\\/braintainment.com\\\/fr\\\/integration-personnalisee\\\/#breadcrumb\"},\"inLanguage\":\"fr-FR\",\"potentialAction\":[{\"@type\":\"ReadAction\",\"target\":[\"https:\\\/\\\/braintainment.com\\\/fr\\\/integration-personnalisee\\\/\"]}]},{\"@type\":\"ImageObject\",\"inLanguage\":\"fr-FR\",\"@id\":\"https:\\\/\\\/braintainment.com\\\/fr\\\/integration-personnalisee\\\/#primaryimage\",\"url\":\"http:\\\/\\\/braintainment.com\\\/wp-content\\\/uploads\\\/custom-tailored-solutions-1024x612.webp\",\"contentUrl\":\"http:\\\/\\\/braintainment.com\\\/wp-content\\\/uploads\\\/custom-tailored-solutions-1024x612.webp\"},{\"@type\":\"BreadcrumbList\",\"@id\":\"https:\\\/\\\/braintainment.com\\\/fr\\\/integration-personnalisee\\\/#breadcrumb\",\"itemListElement\":[{\"@type\":\"ListItem\",\"position\":1,\"name\":\"Home\",\"item\":\"https:\\\/\\\/braintainment.com\\\/fr\\\/\"},{\"@type\":\"ListItem\",\"position\":2,\"name\":\"Int\u00e9gration personnalis\u00e9e\"}]},{\"@type\":\"WebSite\",\"@id\":\"https:\\\/\\\/braintainment.com\\\/fr\\\/#website\",\"url\":\"https:\\\/\\\/braintainment.com\\\/fr\\\/\",\"name\":\"Braintainment\",\"description\":\"\",\"publisher\":{\"@id\":\"https:\\\/\\\/braintainment.com\\\/fr\\\/#organization\"},\"potentialAction\":[{\"@type\":\"SearchAction\",\"target\":{\"@type\":\"EntryPoint\",\"urlTemplate\":\"https:\\\/\\\/braintainment.com\\\/fr\\\/?s={search_term_string}\"},\"query-input\":{\"@type\":\"PropertyValueSpecification\",\"valueRequired\":true,\"valueName\":\"search_term_string\"}}],\"inLanguage\":\"fr-FR\"},{\"@type\":\"Organization\",\"@id\":\"https:\\\/\\\/braintainment.com\\\/fr\\\/#organization\",\"name\":\"Braintainment\",\"url\":\"https:\\\/\\\/braintainment.com\\\/fr\\\/\",\"logo\":{\"@type\":\"ImageObject\",\"inLanguage\":\"fr-FR\",\"@id\":\"https:\\\/\\\/braintainment.com\\\/fr\\\/#\\\/schema\\\/logo\\\/image\\\/\",\"url\":\"https:\\\/\\\/braintainment.com\\\/wp-content\\\/uploads\\\/Logo-Braintaiment-Keesing-Color.png\",\"contentUrl\":\"https:\\\/\\\/braintainment.com\\\/wp-content\\\/uploads\\\/Logo-Braintaiment-Keesing-Color.png\",\"width\":468,\"height\":98,\"caption\":\"Braintainment\"},\"image\":{\"@id\":\"https:\\\/\\\/braintainment.com\\\/fr\\\/#\\\/schema\\\/logo\\\/image\\\/\"}}]}<\/script>\n<!-- \/ Yoast SEO plugin. -->","yoast_head_json":{"title":"Int\u00e9gration personnalis\u00e9e | Braintainment","description":"D\u00e9couvrez les solutions sur mesure de Keesing pour am\u00e9liorer votre site web, votre application ou vos campagnes d'e-mailing et engager au mieux votre public.","robots":{"index":"index","follow":"follow","max-snippet":"max-snippet:-1","max-image-preview":"max-image-preview:large","max-video-preview":"max-video-preview:-1"},"canonical":"https:\/\/braintainment.com\/fr\/integration-personnalisee\/","og_locale":"fr_FR","og_type":"article","og_title":"Int\u00e9gration personnalis\u00e9e | Braintainment","og_description":"D\u00e9couvrez les solutions sur mesure de Keesing pour am\u00e9liorer votre site web, votre application ou vos campagnes d'e-mailing et engager au mieux votre public.","og_url":"https:\/\/braintainment.com\/fr\/integration-personnalisee\/","og_site_name":"Braintainment","article_modified_time":"2024-10-14T14:31:20+00:00","og_image":[{"url":"http:\/\/braintainment.com\/wp-content\/uploads\/custom-tailored-solutions-1024x612.webp","type":"","width":"","height":""}],"twitter_card":"summary_large_image","twitter_misc":{"Dur\u00e9e de lecture estim\u00e9e":"2 minutes"},"schema":{"@context":"https:\/\/schema.org","@graph":[{"@type":"WebPage","@id":"https:\/\/braintainment.com\/fr\/integration-personnalisee\/","url":"https:\/\/braintainment.com\/fr\/integration-personnalisee\/","name":"Int\u00e9gration personnalis\u00e9e | Braintainment","isPartOf":{"@id":"https:\/\/braintainment.com\/fr\/#website"},"primaryImageOfPage":{"@id":"https:\/\/braintainment.com\/fr\/integration-personnalisee\/#primaryimage"},"image":{"@id":"https:\/\/braintainment.com\/fr\/integration-personnalisee\/#primaryimage"},"thumbnailUrl":"http:\/\/braintainment.com\/wp-content\/uploads\/custom-tailored-solutions-1024x612.webp","datePublished":"2024-04-18T10:08:50+00:00","dateModified":"2024-10-14T14:31:20+00:00","description":"D\u00e9couvrez les solutions sur mesure de Keesing pour am\u00e9liorer votre site web, votre application ou vos campagnes d'e-mailing et engager au mieux votre public.","breadcrumb":{"@id":"https:\/\/braintainment.com\/fr\/integration-personnalisee\/#breadcrumb"},"inLanguage":"fr-FR","potentialAction":[{"@type":"ReadAction","target":["https:\/\/braintainment.com\/fr\/integration-personnalisee\/"]}]},{"@type":"ImageObject","inLanguage":"fr-FR","@id":"https:\/\/braintainment.com\/fr\/integration-personnalisee\/#primaryimage","url":"http:\/\/braintainment.com\/wp-content\/uploads\/custom-tailored-solutions-1024x612.webp","contentUrl":"http:\/\/braintainment.com\/wp-content\/uploads\/custom-tailored-solutions-1024x612.webp"},{"@type":"BreadcrumbList","@id":"https:\/\/braintainment.com\/fr\/integration-personnalisee\/#breadcrumb","itemListElement":[{"@type":"ListItem","position":1,"name":"Home","item":"https:\/\/braintainment.com\/fr\/"},{"@type":"ListItem","position":2,"name":"Int\u00e9gration personnalis\u00e9e"}]},{"@type":"WebSite","@id":"https:\/\/braintainment.com\/fr\/#website","url":"https:\/\/braintainment.com\/fr\/","name":"Braintainment","description":"","publisher":{"@id":"https:\/\/braintainment.com\/fr\/#organization"},"potentialAction":[{"@type":"SearchAction","target":{"@type":"EntryPoint","urlTemplate":"https:\/\/braintainment.com\/fr\/?s={search_term_string}"},"query-input":{"@type":"PropertyValueSpecification","valueRequired":true,"valueName":"search_term_string"}}],"inLanguage":"fr-FR"},{"@type":"Organization","@id":"https:\/\/braintainment.com\/fr\/#organization","name":"Braintainment","url":"https:\/\/braintainment.com\/fr\/","logo":{"@type":"ImageObject","inLanguage":"fr-FR","@id":"https:\/\/braintainment.com\/fr\/#\/schema\/logo\/image\/","url":"https:\/\/braintainment.com\/wp-content\/uploads\/Logo-Braintaiment-Keesing-Color.png","contentUrl":"https:\/\/braintainment.com\/wp-content\/uploads\/Logo-Braintaiment-Keesing-Color.png","width":468,"height":98,"caption":"Braintainment"},"image":{"@id":"https:\/\/braintainment.com\/fr\/#\/schema\/logo\/image\/"}}]}},"_links":{"self":[{"href":"https:\/\/braintainment.com\/fr\/wp-json\/wp\/v2\/pages\/3344","targetHints":{"allow":["GET"]}}],"collection":[{"href":"https:\/\/braintainment.com\/fr\/wp-json\/wp\/v2\/pages"}],"about":[{"href":"https:\/\/braintainment.com\/fr\/wp-json\/wp\/v2\/types\/page"}],"author":[{"embeddable":true,"href":"https:\/\/braintainment.com\/fr\/wp-json\/wp\/v2\/users\/1"}],"replies":[{"embeddable":true,"href":"https:\/\/braintainment.com\/fr\/wp-json\/wp\/v2\/comments?post=3344"}],"version-history":[{"count":1,"href":"https:\/\/braintainment.com\/fr\/wp-json\/wp\/v2\/pages\/3344\/revisions"}],"predecessor-version":[{"id":3345,"href":"https:\/\/braintainment.com\/fr\/wp-json\/wp\/v2\/pages\/3344\/revisions\/3345"}],"wp:attachment":[{"href":"https:\/\/braintainment.com\/fr\/wp-json\/wp\/v2\/media?parent=3344"}],"curies":[{"name":"wp","href":"https:\/\/api.w.org\/{rel}","templated":true}]}}