{"id":3342,"date":"2024-04-18T09:34:41","date_gmt":"2024-04-18T09:34:41","guid":{"rendered":"https:\/\/braintainment.com\/jeu-a-lunite\/"},"modified":"2024-10-15T11:45:25","modified_gmt":"2024-10-15T11:45:25","slug":"jeu-a-lunite","status":"publish","type":"page","link":"https:\/\/braintainment.com\/fr\/jeu-a-lunite\/","title":{"rendered":"Jeu \u00e0 l\u2019unit\u00e9"},"content":{"rendered":"\t\t<div data-elementor-type=\"wp-page\" data-elementor-id=\"3342\" class=\"elementor elementor-3342 elementor-1744\" data-elementor-post-type=\"page\">\n\t\t\t\t\t\t<section class=\"elementor-section elementor-top-section elementor-element elementor-element-a682887 section-pagetitle vertical elementor-section-boxed elementor-section-height-default elementor-section-height-default\" data-id=\"a682887\" data-element_type=\"section\" data-e-type=\"section\">\n\t\t\t\t\t\t<div class=\"elementor-container elementor-column-gap-default\">\n\t\t\t\t\t<div class=\"elementor-column elementor-col-100 elementor-top-column elementor-element elementor-element-f4c45ed\" data-id=\"f4c45ed\" data-element_type=\"column\" data-e-type=\"column\">\n\t\t\t<div class=\"elementor-widget-wrap elementor-element-populated\">\n\t\t\t\t\t\t<div class=\"elementor-element elementor-element-df358c9 shape elementor-view-default elementor-widget elementor-widget-icon\" data-id=\"df358c9\" data-element_type=\"widget\" data-e-type=\"widget\" data-settings=\"{&quot;motion_fx_motion_fx_scrolling&quot;:&quot;yes&quot;,&quot;motion_fx_rotateZ_effect&quot;:&quot;yes&quot;,&quot;motion_fx_rotateZ_direction&quot;:&quot;negative&quot;,&quot;motion_fx_rotateZ_speed&quot;:{&quot;unit&quot;:&quot;px&quot;,&quot;size&quot;:2,&quot;sizes&quot;:[]},&quot;motion_fx_rotateZ_affectedRange&quot;:{&quot;unit&quot;:&quot;%&quot;,&quot;size&quot;:&quot;&quot;,&quot;sizes&quot;:{&quot;start&quot;:0,&quot;end&quot;:100}},&quot;motion_fx_devices&quot;:[&quot;desktop&quot;,&quot;tablet&quot;,&quot;mobile&quot;]}\" data-widget_type=\"icon.default\">\n\t\t\t\t<div class=\"elementor-widget-container\">\n\t\t\t\t\t\t\t<div class=\"elementor-icon-wrapper\">\n\t\t\t<div class=\"elementor-icon\">\n\t\t\t<svg xmlns=\"http:\/\/www.w3.org\/2000\/svg\" width=\"75\" height=\"75\" viewBox=\"0 0 75 75\"><path d=\"M54.515,71.485,37.5,54.47,20.485,71.485a12,12,0,1,1-16.97-16.97L20.529,37.5,3.515,20.485a12,12,0,0,1,16.97-16.97L37.5,20.529,54.515,3.515a12,12,0,1,1,16.97,16.97L54.47,37.5,71.485,54.515a12,12,0,0,1-16.97,16.97Z\" transform=\"translate(0 0)\" fill=\"#33baaf\"><\/path><\/svg>\t\t\t<\/div>\n\t\t<\/div>\n\t\t\t\t\t\t<\/div>\n\t\t\t\t<\/div>\n\t\t\t\t<div class=\"elementor-element elementor-element-59eb941 sub-title elementor-widget elementor-widget-heading\" data-id=\"59eb941\" data-element_type=\"widget\" data-e-type=\"widget\" data-widget_type=\"heading.default\">\n\t\t\t\t<div class=\"elementor-widget-container\">\n\t\t\t\t\t<p class=\"elementor-heading-title elementor-size-default\">Jeu \u00e0 l\u2019unit\u00e9<\/p>\t\t\t\t<\/div>\n\t\t\t\t<\/div>\n\t\t\t\t<div class=\"elementor-element elementor-element-209db71 elementor-widget elementor-widget-text-editor\" data-id=\"209db71\" data-element_type=\"widget\" data-e-type=\"widget\" data-widget_type=\"text-editor.default\">\n\t\t\t\t<div class=\"elementor-widget-container\">\n\t\t\t\t\t\t\t\t\t<h1><strong>Ajoutez des jeux \u00e0 l\u2019unit\u00e9<\/strong><\/h1>\n<p>Nous permettons \u00e0 nos clients d&rsquo;int\u00e9grer sans effort des jeux \u00e0 l\u2019unit\u00e9 sur leur plateforme, que ce soit un site web, un site mobile, une application ou tout autre canal. Le processus est simple et sans tracas.<\/p>\n<p>Vous pouvez ajouter un jeu \u00e0 votre site web, newsletter ou partout o\u00f9 vous souhaitez mobiliser votre audience. Nos jeux concours, o\u00f9 le joueur r\u00e9sout la grille et laisse une adresse e-mail, rencontrent un grand succ\u00e8s. C\u2019est une excellente fa\u00e7on d&rsquo;augmenter sa base de donn\u00e9es et de cr\u00e9er de l&rsquo;engagement avec son audience.<\/p>\n<p>Ce qui nous distingue, c&rsquo;est notre approche globale du Braintainment. Lorsque nous nous associons, vous b\u00e9n\u00e9ficiez de nombreux avantages :<\/p>\n\t\t\t\t\t\t\t\t<\/div>\n\t\t\t\t<\/div>\n\t\t\t\t<div class=\"elementor-element elementor-element-8a482b4 shape shape-1 elementor-hidden-tablet elementor-hidden-mobile elementor-view-default elementor-widget elementor-widget-icon\" data-id=\"8a482b4\" data-element_type=\"widget\" data-e-type=\"widget\" data-settings=\"{&quot;motion_fx_motion_fx_scrolling&quot;:&quot;yes&quot;,&quot;motion_fx_translateY_effect&quot;:&quot;yes&quot;,&quot;motion_fx_translateY_speed&quot;:{&quot;unit&quot;:&quot;px&quot;,&quot;size&quot;:4,&quot;sizes&quot;:[]},&quot;motion_fx_translateY_affectedRange&quot;:{&quot;unit&quot;:&quot;%&quot;,&quot;size&quot;:&quot;&quot;,&quot;sizes&quot;:{&quot;start&quot;:0,&quot;end&quot;:100}},&quot;motion_fx_devices&quot;:[&quot;desktop&quot;,&quot;tablet&quot;,&quot;mobile&quot;]}\" data-widget_type=\"icon.default\">\n\t\t\t\t<div class=\"elementor-widget-container\">\n\t\t\t\t\t\t\t<div class=\"elementor-icon-wrapper\">\n\t\t\t<div class=\"elementor-icon\">\n\t\t\t<svg xmlns=\"http:\/\/www.w3.org\/2000\/svg\" width=\"103.249\" height=\"98.816\" viewBox=\"0 0 103.249 98.816\"><path d=\"M49.558,2.14a5,5,0,0,1,5.883,0l46.624,33.922a5,5,0,0,1,1.814,5.586l-17.812,54.9A5,5,0,0,1,81.313,100H23.687a5,5,0,0,1-4.756-3.457L1.12,41.648a5,5,0,0,1,1.814-5.586Z\" transform=\"translate(-0.875 -1.184)\" fill=\"#6a82e0\"><\/path><\/svg>\t\t\t<\/div>\n\t\t<\/div>\n\t\t\t\t\t\t<\/div>\n\t\t\t\t<\/div>\n\t\t\t\t\t<\/div>\n\t\t<\/div>\n\t\t\t\t\t<\/div>\n\t\t<\/section>\n\t\t\t\t<section class=\"elementor-section elementor-top-section elementor-element elementor-element-84bc019 section-steps single-puzzle elementor-section-boxed elementor-section-height-default elementor-section-height-default\" data-id=\"84bc019\" data-element_type=\"section\" data-e-type=\"section\">\n\t\t\t\t\t\t<div class=\"elementor-container elementor-column-gap-default\">\n\t\t\t\t\t<div class=\"elementor-column elementor-col-100 elementor-top-column elementor-element elementor-element-ed9e853\" data-id=\"ed9e853\" data-element_type=\"column\" data-e-type=\"column\">\n\t\t\t<div class=\"elementor-widget-wrap elementor-element-populated\">\n\t\t\t\t\t\t<section class=\"elementor-section elementor-inner-section elementor-element elementor-element-0449925 inner-section elementor-section-boxed elementor-section-height-default elementor-section-height-default\" data-id=\"0449925\" data-element_type=\"section\" data-e-type=\"section\">\n\t\t\t\t\t\t<div class=\"elementor-container elementor-column-gap-default\">\n\t\t\t\t\t<div class=\"elementor-column elementor-col-50 elementor-inner-column elementor-element elementor-element-f5235c9 column-step elementor-invisible\" data-id=\"f5235c9\" data-element_type=\"column\" data-e-type=\"column\" data-settings=\"{&quot;animation&quot;:&quot;fadeInUp&quot;,&quot;animation_delay&quot;:0}\">\n\t\t\t<div class=\"elementor-widget-wrap elementor-element-populated\">\n\t\t\t\t\t\t<div class=\"elementor-element elementor-element-e739162 elementor-widget elementor-widget-heading\" data-id=\"e739162\" data-element_type=\"widget\" data-e-type=\"widget\" data-widget_type=\"heading.default\">\n\t\t\t\t<div class=\"elementor-widget-container\">\n\t\t\t\t\t<p class=\"elementor-heading-title elementor-size-default\">01<\/p>\t\t\t\t<\/div>\n\t\t\t\t<\/div>\n\t\t\t\t<div class=\"elementor-element elementor-element-6461fae elementor-widget elementor-widget-text-editor\" data-id=\"6461fae\" data-element_type=\"widget\" data-e-type=\"widget\" data-widget_type=\"text-editor.default\">\n\t\t\t\t<div class=\"elementor-widget-container\">\n\t\t\t\t\t\t\t\t\t<h3>Solution sur mesure<\/h3>\n<p>Que vous ayez besoin d&rsquo;un seul jeu ou d&rsquo;une suite compl\u00e8te de jeux, nous nous occupons de tout. Notre \u00e9quipe travaille en \u00e9troite collaboration avec vous pour d\u00e9terminer le niveau de difficult\u00e9 id\u00e9al, ajouter des tableaux de classement optionnels et appliquer des strat\u00e9gies de gamification pour maximiser l&rsquo;engagement de votre audience.<\/p>\n\t\t\t\t\t\t\t\t<\/div>\n\t\t\t\t<\/div>\n\t\t\t\t\t<\/div>\n\t\t<\/div>\n\t\t\t\t<div class=\"elementor-column elementor-col-50 elementor-inner-column elementor-element elementor-element-b6af166 column-step elementor-invisible\" data-id=\"b6af166\" data-element_type=\"column\" data-e-type=\"column\" data-settings=\"{&quot;animation&quot;:&quot;fadeInUp&quot;,&quot;animation_delay&quot;:500}\">\n\t\t\t<div class=\"elementor-widget-wrap elementor-element-populated\">\n\t\t\t\t\t\t<div class=\"elementor-element elementor-element-d1b9160 elementor-widget elementor-widget-heading\" data-id=\"d1b9160\" data-element_type=\"widget\" data-e-type=\"widget\" data-widget_type=\"heading.default\">\n\t\t\t\t<div class=\"elementor-widget-container\">\n\t\t\t\t\t<p class=\"elementor-heading-title elementor-size-default\">02<\/p>\t\t\t\t<\/div>\n\t\t\t\t<\/div>\n\t\t\t\t<div class=\"elementor-element elementor-element-ca4b4d5 elementor-widget elementor-widget-text-editor\" data-id=\"ca4b4d5\" data-element_type=\"widget\" data-e-type=\"widget\" data-widget_type=\"text-editor.default\">\n\t\t\t\t<div class=\"elementor-widget-container\">\n\t\t\t\t\t\t\t\t\t<h3>Support multilingue <\/h3>\n<p>Nos jeux sont disponibles dans plusieurs langues, vous permettant de toucher des personnes du monde entier. Peu importe o\u00f9 se trouvent vos utilisateurs, ils peuvent profiter des jeux dans leur langue pr\u00e9f\u00e9r\u00e9e.<\/p>\n\t\t\t\t\t\t\t\t<\/div>\n\t\t\t\t<\/div>\n\t\t\t\t\t<\/div>\n\t\t<\/div>\n\t\t\t\t\t<\/div>\n\t\t<\/section>\n\t\t\t\t<section class=\"elementor-section elementor-inner-section elementor-element elementor-element-f559af6 inner-section second elementor-section-boxed elementor-section-height-default elementor-section-height-default\" data-id=\"f559af6\" data-element_type=\"section\" data-e-type=\"section\">\n\t\t\t\t\t\t<div class=\"elementor-container elementor-column-gap-default\">\n\t\t\t\t\t<div class=\"elementor-column elementor-col-50 elementor-inner-column elementor-element elementor-element-c4dba0a column-step elementor-invisible\" data-id=\"c4dba0a\" data-element_type=\"column\" data-e-type=\"column\" data-settings=\"{&quot;animation&quot;:&quot;fadeInUp&quot;,&quot;animation_delay&quot;:1000}\">\n\t\t\t<div class=\"elementor-widget-wrap elementor-element-populated\">\n\t\t\t\t\t\t<div class=\"elementor-element elementor-element-11c165f elementor-widget elementor-widget-heading\" data-id=\"11c165f\" data-element_type=\"widget\" data-e-type=\"widget\" data-widget_type=\"heading.default\">\n\t\t\t\t<div class=\"elementor-widget-container\">\n\t\t\t\t\t<p class=\"elementor-heading-title elementor-size-default\">03<\/p>\t\t\t\t<\/div>\n\t\t\t\t<\/div>\n\t\t\t\t<div class=\"elementor-element elementor-element-a19cd4e elementor-widget elementor-widget-text-editor\" data-id=\"a19cd4e\" data-element_type=\"widget\" data-e-type=\"widget\" data-widget_type=\"text-editor.default\">\n\t\t\t\t<div class=\"elementor-widget-container\">\n\t\t\t\t\t\t\t\t\t<h3>Int\u00e9gration simplifi\u00e9e <\/h3>\n<p>Int\u00e9grer notre contenu Braintainment sur votre plateforme est aussi simple que de compter jusqu\u2019\u00e0 3. Avec seulement quelques lignes de code, vous pouvez int\u00e9grer nos jeux sans effort, vous faisant gagner du temps et des ressources.<\/p>\n\t\t\t\t\t\t\t\t<\/div>\n\t\t\t\t<\/div>\n\t\t\t\t\t<\/div>\n\t\t<\/div>\n\t\t\t\t<div class=\"elementor-column elementor-col-50 elementor-inner-column elementor-element elementor-element-bc0f301 column-step elementor-invisible\" data-id=\"bc0f301\" data-element_type=\"column\" data-e-type=\"column\" data-settings=\"{&quot;animation&quot;:&quot;fadeInUp&quot;,&quot;animation_delay&quot;:1500}\">\n\t\t\t<div class=\"elementor-widget-wrap elementor-element-populated\">\n\t\t\t\t\t\t<div class=\"elementor-element elementor-element-e78c2bf elementor-widget elementor-widget-heading\" data-id=\"e78c2bf\" data-element_type=\"widget\" data-e-type=\"widget\" data-widget_type=\"heading.default\">\n\t\t\t\t<div class=\"elementor-widget-container\">\n\t\t\t\t\t<p class=\"elementor-heading-title elementor-size-default\">04<\/p>\t\t\t\t<\/div>\n\t\t\t\t<\/div>\n\t\t\t\t<div class=\"elementor-element elementor-element-07d66eb elementor-widget elementor-widget-text-editor\" data-id=\"07d66eb\" data-element_type=\"widget\" data-e-type=\"widget\" data-widget_type=\"text-editor.default\">\n\t\t\t\t<div class=\"elementor-widget-container\">\n\t\t\t\t\t\t\t\t\t<h3>Niveaux de difficult\u00e9 vari\u00e9s <\/h3>\n<p>Des jeux adapt\u00e9s aux d\u00e9butants aux casse-t\u00eates pour les joueurs chevronn\u00e9s, nous proposons une large gamme de niveaux de difficult\u00e9 pour r\u00e9pondre \u00e0 des audiences diversifi\u00e9es. Que vos utilisateurs soient des joueurs occasionnels ou des passionn\u00e9s endurcis, nous avons des jeux pour tous les go\u00fbts.<\/p>\n\t\t\t\t\t\t\t\t<\/div>\n\t\t\t\t<\/div>\n\t\t\t\t\t<\/div>\n\t\t<\/div>\n\t\t\t\t\t<\/div>\n\t\t<\/section>\n\t\t\t\t\t<\/div>\n\t\t<\/div>\n\t\t\t\t\t<\/div>\n\t\t<\/section>\n\t\t\t\t<section class=\"elementor-section elementor-top-section elementor-element elementor-element-679f28d section-content-image single-puzzle elementor-section-boxed elementor-section-height-default elementor-section-height-default\" data-id=\"679f28d\" data-element_type=\"section\" data-e-type=\"section\">\n\t\t\t\t\t\t<div class=\"elementor-container elementor-column-gap-default\">\n\t\t\t\t\t<div class=\"elementor-column elementor-col-50 elementor-top-column elementor-element elementor-element-c1f3fc1 column-content\" data-id=\"c1f3fc1\" data-element_type=\"column\" data-e-type=\"column\">\n\t\t\t<div class=\"elementor-widget-wrap elementor-element-populated\">\n\t\t\t\t\t\t<div class=\"elementor-element elementor-element-8456004 sub-title elementor-widget elementor-widget-heading\" data-id=\"8456004\" data-element_type=\"widget\" data-e-type=\"widget\" data-widget_type=\"heading.default\">\n\t\t\t\t<div class=\"elementor-widget-container\">\n\t\t\t\t\t<p class=\"elementor-heading-title elementor-size-default\">Jeu \u00e0 l\u2019unit\u00e9<\/p>\t\t\t\t<\/div>\n\t\t\t\t<\/div>\n\t\t\t\t<div class=\"elementor-element elementor-element-57b4142 elementor-widget elementor-widget-text-editor\" data-id=\"57b4142\" data-element_type=\"widget\" data-e-type=\"widget\" data-widget_type=\"text-editor.default\">\n\t\t\t\t<div class=\"elementor-widget-container\">\n\t\t\t\t\t\t\t\t\t<h2>Nous sommes l\u00e0 pour vous aider<\/h2>\n<p>Nous nous engageons \u00e0 vous aider \u00e0 am\u00e9liorer votre plateforme avec du contenu attractif. Contactez-nous d\u00e8s aujourd&rsquo;hui pour en savoir plus sur la fa\u00e7on dont nous pouvons \u00e9lever votre plateforme avec nos solutions Braintainment !<\/p>\n\t\t\t\t\t\t\t\t<\/div>\n\t\t\t\t<\/div>\n\t\t\t\t<div class=\"elementor-element elementor-element-44da132 elementor-widget elementor-widget-button\" data-id=\"44da132\" data-element_type=\"widget\" data-e-type=\"widget\" data-settings=\"{&quot;enabled_visibility&quot;:&quot;yes&quot;,&quot;dce_visibility_selected&quot;:&quot;hide&quot;}\" data-widget_type=\"button.default\">\n\t\t\t\t<div class=\"elementor-widget-container\">\n\t\t\t\t\t\t\t\t\t<div class=\"elementor-button-wrapper\">\n\t\t\t\t\t<a class=\"elementor-button elementor-button-link elementor-size-sm\" href=\"https:\/\/braintainment.com\/fr\/demandez-une-demo\/\">\n\t\t\t\t\t\t<span class=\"elementor-button-content-wrapper\">\n\t\t\t\t\t\t\t\t\t<span class=\"elementor-button-text\">Demandez une d\u00e9mo<\/span>\n\t\t\t\t\t<\/span>\n\t\t\t\t\t<\/a>\n\t\t\t\t<\/div>\n\t\t\t\t\t\t\t\t<\/div>\n\t\t\t\t<\/div>\n\t\t<!-- dce invisible element 8850cd8 -->\t\t\t<\/div>\n\t\t<\/div>\n\t\t\t\t<div class=\"elementor-column elementor-col-50 elementor-top-column elementor-element elementor-element-ea5803f column-image\" data-id=\"ea5803f\" data-element_type=\"column\" data-e-type=\"column\">\n\t\t\t<div class=\"elementor-widget-wrap elementor-element-populated\">\n\t\t\t\t\t\t<div class=\"elementor-element elementor-element-645734d elementor-widget elementor-widget-image\" data-id=\"645734d\" data-element_type=\"widget\" data-e-type=\"widget\" data-widget_type=\"image.default\">\n\t\t\t\t<div class=\"elementor-widget-container\">\n\t\t\t\t\t\t\t\t\t\t\t\t\t\t\t<img fetchpriority=\"high\" decoding=\"async\" width=\"800\" height=\"361\" src=\"https:\/\/braintainment.com\/wp-content\/uploads\/single-puzzle-1024x462.webp\" class=\"attachment-large size-large wp-image-3015\" alt=\"Puzzels visual van het spel en integratie\" srcset=\"https:\/\/braintainment.com\/wp-content\/uploads\/single-puzzle-1024x462.webp 1024w, https:\/\/braintainment.com\/wp-content\/uploads\/single-puzzle-300x135.webp 300w, https:\/\/braintainment.com\/wp-content\/uploads\/single-puzzle-768x346.webp 768w, https:\/\/braintainment.com\/wp-content\/uploads\/single-puzzle-1536x693.webp 1536w, https:\/\/braintainment.com\/wp-content\/uploads\/single-puzzle.webp 1570w\" sizes=\"(max-width: 800px) 100vw, 800px\" \/>\t\t\t\t\t\t\t\t\t\t\t\t\t\t\t<\/div>\n\t\t\t\t<\/div>\n\t\t\t\t\t<\/div>\n\t\t<\/div>\n\t\t\t\t\t<\/div>\n\t\t<\/section>\n\t\t\t\t<\/div>\n\t\t","protected":false},"excerpt":{"rendered":"<p>Jeu \u00e0 l\u2019unit\u00e9 Ajoutez des jeux \u00e0 l\u2019unit\u00e9 Nous permettons \u00e0 nos clients d&rsquo;int\u00e9grer sans effort des jeux \u00e0 l\u2019unit\u00e9 sur leur plateforme, que ce soit un site web, un site mobile, une application ou tout autre canal. Le processus est simple et sans tracas. Vous pouvez ajouter un jeu \u00e0 votre site web, newsletter [&hellip;]<\/p>\n","protected":false},"author":1,"featured_media":0,"parent":0,"menu_order":0,"comment_status":"closed","ping_status":"closed","template":"","meta":{"_acf_changed":false,"footnotes":""},"class_list":["post-3342","page","type-page","status-publish","hentry"],"acf":[],"yoast_head":"<!-- This site is optimized with the Yoast SEO plugin v27.5 - https:\/\/yoast.com\/product\/yoast-seo-wordpress\/ -->\n<title>Jeu \u00e0 l\u2019unit\u00e9 | Braintainment<\/title>\n<meta name=\"description\" content=\"Ajoutez facilement un puzzle ou un jeu individuel \u00e0 votre site web ou \u00e0 votre application gr\u00e2ce aux solutions innovantes de Braintainment de Keesing.\" \/>\n<meta name=\"robots\" content=\"index, follow, max-snippet:-1, max-image-preview:large, max-video-preview:-1\" \/>\n<link rel=\"canonical\" href=\"https:\/\/braintainment.com\/fr\/jeu-a-lunite\/\" \/>\n<meta property=\"og:locale\" content=\"fr_FR\" \/>\n<meta property=\"og:type\" content=\"article\" \/>\n<meta property=\"og:title\" content=\"Jeu \u00e0 l\u2019unit\u00e9 | Braintainment\" \/>\n<meta property=\"og:description\" content=\"Ajoutez facilement un puzzle ou un jeu individuel \u00e0 votre site web ou \u00e0 votre application gr\u00e2ce aux solutions innovantes de Braintainment de Keesing.\" \/>\n<meta property=\"og:url\" content=\"https:\/\/braintainment.com\/fr\/jeu-a-lunite\/\" \/>\n<meta property=\"og:site_name\" content=\"Braintainment\" \/>\n<meta property=\"article:modified_time\" content=\"2024-10-15T11:45:25+00:00\" \/>\n<meta property=\"og:image\" content=\"http:\/\/braintainment.com\/wp-content\/uploads\/single-puzzle-1024x462.webp\" \/>\n<meta name=\"twitter:card\" content=\"summary_large_image\" \/>\n<meta name=\"twitter:label1\" content=\"Dur\u00e9e de lecture estim\u00e9e\" \/>\n\t<meta name=\"twitter:data1\" content=\"2 minutes\" \/>\n<script type=\"application\/ld+json\" class=\"yoast-schema-graph\">{\"@context\":\"https:\\\/\\\/schema.org\",\"@graph\":[{\"@type\":\"WebPage\",\"@id\":\"https:\\\/\\\/braintainment.com\\\/fr\\\/jeu-a-lunite\\\/\",\"url\":\"https:\\\/\\\/braintainment.com\\\/fr\\\/jeu-a-lunite\\\/\",\"name\":\"Jeu \u00e0 l\u2019unit\u00e9 | Braintainment\",\"isPartOf\":{\"@id\":\"https:\\\/\\\/braintainment.com\\\/fr\\\/#website\"},\"primaryImageOfPage\":{\"@id\":\"https:\\\/\\\/braintainment.com\\\/fr\\\/jeu-a-lunite\\\/#primaryimage\"},\"image\":{\"@id\":\"https:\\\/\\\/braintainment.com\\\/fr\\\/jeu-a-lunite\\\/#primaryimage\"},\"thumbnailUrl\":\"http:\\\/\\\/braintainment.com\\\/wp-content\\\/uploads\\\/single-puzzle-1024x462.webp\",\"datePublished\":\"2024-04-18T09:34:41+00:00\",\"dateModified\":\"2024-10-15T11:45:25+00:00\",\"description\":\"Ajoutez facilement un puzzle ou un jeu individuel \u00e0 votre site web ou \u00e0 votre application gr\u00e2ce aux solutions innovantes de Braintainment de Keesing.\",\"breadcrumb\":{\"@id\":\"https:\\\/\\\/braintainment.com\\\/fr\\\/jeu-a-lunite\\\/#breadcrumb\"},\"inLanguage\":\"fr-FR\",\"potentialAction\":[{\"@type\":\"ReadAction\",\"target\":[\"https:\\\/\\\/braintainment.com\\\/fr\\\/jeu-a-lunite\\\/\"]}]},{\"@type\":\"ImageObject\",\"inLanguage\":\"fr-FR\",\"@id\":\"https:\\\/\\\/braintainment.com\\\/fr\\\/jeu-a-lunite\\\/#primaryimage\",\"url\":\"http:\\\/\\\/braintainment.com\\\/wp-content\\\/uploads\\\/single-puzzle-1024x462.webp\",\"contentUrl\":\"http:\\\/\\\/braintainment.com\\\/wp-content\\\/uploads\\\/single-puzzle-1024x462.webp\"},{\"@type\":\"BreadcrumbList\",\"@id\":\"https:\\\/\\\/braintainment.com\\\/fr\\\/jeu-a-lunite\\\/#breadcrumb\",\"itemListElement\":[{\"@type\":\"ListItem\",\"position\":1,\"name\":\"Home\",\"item\":\"https:\\\/\\\/braintainment.com\\\/fr\\\/\"},{\"@type\":\"ListItem\",\"position\":2,\"name\":\"Jeu \u00e0 l\u2019unit\u00e9\"}]},{\"@type\":\"WebSite\",\"@id\":\"https:\\\/\\\/braintainment.com\\\/fr\\\/#website\",\"url\":\"https:\\\/\\\/braintainment.com\\\/fr\\\/\",\"name\":\"Braintainment\",\"description\":\"\",\"publisher\":{\"@id\":\"https:\\\/\\\/braintainment.com\\\/fr\\\/#organization\"},\"potentialAction\":[{\"@type\":\"SearchAction\",\"target\":{\"@type\":\"EntryPoint\",\"urlTemplate\":\"https:\\\/\\\/braintainment.com\\\/fr\\\/?s={search_term_string}\"},\"query-input\":{\"@type\":\"PropertyValueSpecification\",\"valueRequired\":true,\"valueName\":\"search_term_string\"}}],\"inLanguage\":\"fr-FR\"},{\"@type\":\"Organization\",\"@id\":\"https:\\\/\\\/braintainment.com\\\/fr\\\/#organization\",\"name\":\"Braintainment\",\"url\":\"https:\\\/\\\/braintainment.com\\\/fr\\\/\",\"logo\":{\"@type\":\"ImageObject\",\"inLanguage\":\"fr-FR\",\"@id\":\"https:\\\/\\\/braintainment.com\\\/fr\\\/#\\\/schema\\\/logo\\\/image\\\/\",\"url\":\"https:\\\/\\\/braintainment.com\\\/wp-content\\\/uploads\\\/Logo-Braintaiment-Keesing-Color.png\",\"contentUrl\":\"https:\\\/\\\/braintainment.com\\\/wp-content\\\/uploads\\\/Logo-Braintaiment-Keesing-Color.png\",\"width\":468,\"height\":98,\"caption\":\"Braintainment\"},\"image\":{\"@id\":\"https:\\\/\\\/braintainment.com\\\/fr\\\/#\\\/schema\\\/logo\\\/image\\\/\"}}]}<\/script>\n<!-- \/ Yoast SEO plugin. -->","yoast_head_json":{"title":"Jeu \u00e0 l\u2019unit\u00e9 | Braintainment","description":"Ajoutez facilement un puzzle ou un jeu individuel \u00e0 votre site web ou \u00e0 votre application gr\u00e2ce aux solutions innovantes de Braintainment de Keesing.","robots":{"index":"index","follow":"follow","max-snippet":"max-snippet:-1","max-image-preview":"max-image-preview:large","max-video-preview":"max-video-preview:-1"},"canonical":"https:\/\/braintainment.com\/fr\/jeu-a-lunite\/","og_locale":"fr_FR","og_type":"article","og_title":"Jeu \u00e0 l\u2019unit\u00e9 | Braintainment","og_description":"Ajoutez facilement un puzzle ou un jeu individuel \u00e0 votre site web ou \u00e0 votre application gr\u00e2ce aux solutions innovantes de Braintainment de Keesing.","og_url":"https:\/\/braintainment.com\/fr\/jeu-a-lunite\/","og_site_name":"Braintainment","article_modified_time":"2024-10-15T11:45:25+00:00","og_image":[{"url":"http:\/\/braintainment.com\/wp-content\/uploads\/single-puzzle-1024x462.webp","type":"","width":"","height":""}],"twitter_card":"summary_large_image","twitter_misc":{"Dur\u00e9e de lecture estim\u00e9e":"2 minutes"},"schema":{"@context":"https:\/\/schema.org","@graph":[{"@type":"WebPage","@id":"https:\/\/braintainment.com\/fr\/jeu-a-lunite\/","url":"https:\/\/braintainment.com\/fr\/jeu-a-lunite\/","name":"Jeu \u00e0 l\u2019unit\u00e9 | Braintainment","isPartOf":{"@id":"https:\/\/braintainment.com\/fr\/#website"},"primaryImageOfPage":{"@id":"https:\/\/braintainment.com\/fr\/jeu-a-lunite\/#primaryimage"},"image":{"@id":"https:\/\/braintainment.com\/fr\/jeu-a-lunite\/#primaryimage"},"thumbnailUrl":"http:\/\/braintainment.com\/wp-content\/uploads\/single-puzzle-1024x462.webp","datePublished":"2024-04-18T09:34:41+00:00","dateModified":"2024-10-15T11:45:25+00:00","description":"Ajoutez facilement un puzzle ou un jeu individuel \u00e0 votre site web ou \u00e0 votre application gr\u00e2ce aux solutions innovantes de Braintainment de Keesing.","breadcrumb":{"@id":"https:\/\/braintainment.com\/fr\/jeu-a-lunite\/#breadcrumb"},"inLanguage":"fr-FR","potentialAction":[{"@type":"ReadAction","target":["https:\/\/braintainment.com\/fr\/jeu-a-lunite\/"]}]},{"@type":"ImageObject","inLanguage":"fr-FR","@id":"https:\/\/braintainment.com\/fr\/jeu-a-lunite\/#primaryimage","url":"http:\/\/braintainment.com\/wp-content\/uploads\/single-puzzle-1024x462.webp","contentUrl":"http:\/\/braintainment.com\/wp-content\/uploads\/single-puzzle-1024x462.webp"},{"@type":"BreadcrumbList","@id":"https:\/\/braintainment.com\/fr\/jeu-a-lunite\/#breadcrumb","itemListElement":[{"@type":"ListItem","position":1,"name":"Home","item":"https:\/\/braintainment.com\/fr\/"},{"@type":"ListItem","position":2,"name":"Jeu \u00e0 l\u2019unit\u00e9"}]},{"@type":"WebSite","@id":"https:\/\/braintainment.com\/fr\/#website","url":"https:\/\/braintainment.com\/fr\/","name":"Braintainment","description":"","publisher":{"@id":"https:\/\/braintainment.com\/fr\/#organization"},"potentialAction":[{"@type":"SearchAction","target":{"@type":"EntryPoint","urlTemplate":"https:\/\/braintainment.com\/fr\/?s={search_term_string}"},"query-input":{"@type":"PropertyValueSpecification","valueRequired":true,"valueName":"search_term_string"}}],"inLanguage":"fr-FR"},{"@type":"Organization","@id":"https:\/\/braintainment.com\/fr\/#organization","name":"Braintainment","url":"https:\/\/braintainment.com\/fr\/","logo":{"@type":"ImageObject","inLanguage":"fr-FR","@id":"https:\/\/braintainment.com\/fr\/#\/schema\/logo\/image\/","url":"https:\/\/braintainment.com\/wp-content\/uploads\/Logo-Braintaiment-Keesing-Color.png","contentUrl":"https:\/\/braintainment.com\/wp-content\/uploads\/Logo-Braintaiment-Keesing-Color.png","width":468,"height":98,"caption":"Braintainment"},"image":{"@id":"https:\/\/braintainment.com\/fr\/#\/schema\/logo\/image\/"}}]}},"_links":{"self":[{"href":"https:\/\/braintainment.com\/fr\/wp-json\/wp\/v2\/pages\/3342","targetHints":{"allow":["GET"]}}],"collection":[{"href":"https:\/\/braintainment.com\/fr\/wp-json\/wp\/v2\/pages"}],"about":[{"href":"https:\/\/braintainment.com\/fr\/wp-json\/wp\/v2\/types\/page"}],"author":[{"embeddable":true,"href":"https:\/\/braintainment.com\/fr\/wp-json\/wp\/v2\/users\/1"}],"replies":[{"embeddable":true,"href":"https:\/\/braintainment.com\/fr\/wp-json\/wp\/v2\/comments?post=3342"}],"version-history":[{"count":1,"href":"https:\/\/braintainment.com\/fr\/wp-json\/wp\/v2\/pages\/3342\/revisions"}],"predecessor-version":[{"id":3343,"href":"https:\/\/braintainment.com\/fr\/wp-json\/wp\/v2\/pages\/3342\/revisions\/3343"}],"wp:attachment":[{"href":"https:\/\/braintainment.com\/fr\/wp-json\/wp\/v2\/media?parent=3342"}],"curies":[{"name":"wp","href":"https:\/\/api.w.org\/{rel}","templated":true}]}}