{"id":3340,"date":"2024-04-18T09:09:48","date_gmt":"2024-04-18T09:09:48","guid":{"rendered":"https:\/\/braintainment.com\/univers-jeux\/"},"modified":"2024-10-15T11:49:54","modified_gmt":"2024-10-15T11:49:54","slug":"univers-jeux","status":"publish","type":"page","link":"https:\/\/braintainment.com\/fr\/univers-jeux\/","title":{"rendered":"Univers jeux"},"content":{"rendered":"\t\t<div data-elementor-type=\"wp-page\" data-elementor-id=\"3340\" class=\"elementor elementor-3340 elementor-1720\" data-elementor-post-type=\"page\">\n\t\t\t\t\t\t<section class=\"elementor-section elementor-top-section elementor-element elementor-element-a682887 section-pagetitle vertical elementor-section-boxed elementor-section-height-default elementor-section-height-default\" data-id=\"a682887\" data-element_type=\"section\" data-e-type=\"section\">\n\t\t\t\t\t\t<div class=\"elementor-container elementor-column-gap-default\">\n\t\t\t\t\t<div class=\"elementor-column elementor-col-100 elementor-top-column elementor-element elementor-element-f4c45ed\" data-id=\"f4c45ed\" data-element_type=\"column\" data-e-type=\"column\">\n\t\t\t<div class=\"elementor-widget-wrap elementor-element-populated\">\n\t\t\t\t\t\t<div class=\"elementor-element elementor-element-df358c9 shape elementor-view-default elementor-widget elementor-widget-icon\" data-id=\"df358c9\" data-element_type=\"widget\" data-e-type=\"widget\" data-settings=\"{&quot;motion_fx_motion_fx_scrolling&quot;:&quot;yes&quot;,&quot;motion_fx_rotateZ_effect&quot;:&quot;yes&quot;,&quot;motion_fx_rotateZ_direction&quot;:&quot;negative&quot;,&quot;motion_fx_rotateZ_speed&quot;:{&quot;unit&quot;:&quot;px&quot;,&quot;size&quot;:3,&quot;sizes&quot;:[]},&quot;motion_fx_rotateZ_affectedRange&quot;:{&quot;unit&quot;:&quot;%&quot;,&quot;size&quot;:&quot;&quot;,&quot;sizes&quot;:{&quot;start&quot;:0,&quot;end&quot;:100}},&quot;motion_fx_devices&quot;:[&quot;desktop&quot;,&quot;tablet&quot;,&quot;mobile&quot;]}\" data-widget_type=\"icon.default\">\n\t\t\t\t<div class=\"elementor-widget-container\">\n\t\t\t\t\t\t\t<div class=\"elementor-icon-wrapper\">\n\t\t\t<div class=\"elementor-icon\">\n\t\t\t<svg xmlns=\"http:\/\/www.w3.org\/2000\/svg\" width=\"143.014\" height=\"138.379\" viewBox=\"0 0 143.014 138.379\"><path d=\"M46.125,138.379h0a71.428,71.428,0,1,1,50.765,0L71.507,80.151,46.126,138.379Z\" fill=\"#fc9335\"><\/path><\/svg>\t\t\t<\/div>\n\t\t<\/div>\n\t\t\t\t\t\t<\/div>\n\t\t\t\t<\/div>\n\t\t\t\t<div class=\"elementor-element elementor-element-59eb941 sub-title elementor-widget elementor-widget-heading\" data-id=\"59eb941\" data-element_type=\"widget\" data-e-type=\"widget\" data-widget_type=\"heading.default\">\n\t\t\t\t<div class=\"elementor-widget-container\">\n\t\t\t\t\t<p class=\"elementor-heading-title elementor-size-default\">Univers jeux<\/p>\t\t\t\t<\/div>\n\t\t\t\t<\/div>\n\t\t\t\t<div class=\"elementor-element elementor-element-209db71 elementor-widget elementor-widget-text-editor\" data-id=\"209db71\" data-element_type=\"widget\" data-e-type=\"widget\" data-widget_type=\"text-editor.default\">\n\t\t\t\t<div class=\"elementor-widget-container\">\n\t\t\t\t\t\t\t\t\t<h1>Cr\u00e9ez votre propre univers jeux !<\/h1>\n<p>Avec notre solution innovante Braintainment, nous offrons \u00e0 nos clients l&rsquo;opportunit\u00e9 de cr\u00e9er leur propre univers de jeux \u00e0 publier en ligne. En centralisant tout votre contenu sur une page et en le positionnant strat\u00e9giquement au sein de votre site, vous pouvez cr\u00e9er une habitude quotidienne chez les utilisateurs, conduisant au d\u00e9veloppement d&rsquo;une base de clients fid\u00e8les et engag\u00e9s.<\/p>\n<p>Notre solution Braintainment est con\u00e7ue pour offrir \u00e0 vos utilisateurs une exp\u00e9rience immersive et agr\u00e9able, les incitant \u00e0 revenir pour plus de divertissement.<\/p>\n<p>Notre exp\u00e9rience t\u00e9moigne du succ\u00e8s qui accompagne cette approche verticale. En utilisant nos statistiques personnalis\u00e9es et nos strat\u00e9gies de gamification, nous garantissons que les utilisateurs restent engag\u00e9s et motiv\u00e9s \u00e0 interagir r\u00e9guli\u00e8rement avec votre contenu.<\/p>\n<p>Nos jeux sont disponibles dans une grande vari\u00e9t\u00e9 de langues et de niveaux de difficult\u00e9, jou\u00e9s par des utilisateurs du monde entier. Tous les joueurs y trouvent leur compte qu\u2019ils soient d\u00e9butants ou chevronn\u00e9s.<\/p>\n\t\t\t\t\t\t\t\t<\/div>\n\t\t\t\t<\/div>\n\t\t\t\t<div class=\"elementor-element elementor-element-8a482b4 shape shape-1 elementor-hidden-tablet elementor-hidden-mobile elementor-view-default elementor-widget elementor-widget-icon\" data-id=\"8a482b4\" data-element_type=\"widget\" data-e-type=\"widget\" data-settings=\"{&quot;motion_fx_motion_fx_scrolling&quot;:&quot;yes&quot;,&quot;motion_fx_scale_effect&quot;:&quot;yes&quot;,&quot;motion_fx_scale_speed&quot;:{&quot;unit&quot;:&quot;px&quot;,&quot;size&quot;:7,&quot;sizes&quot;:[]},&quot;motion_fx_scale_direction&quot;:&quot;in-out&quot;,&quot;motion_fx_scale_range&quot;:{&quot;unit&quot;:&quot;%&quot;,&quot;size&quot;:&quot;&quot;,&quot;sizes&quot;:{&quot;start&quot;:20,&quot;end&quot;:80}},&quot;motion_fx_devices&quot;:[&quot;desktop&quot;,&quot;tablet&quot;,&quot;mobile&quot;]}\" data-widget_type=\"icon.default\">\n\t\t\t\t<div class=\"elementor-widget-container\">\n\t\t\t\t\t\t\t<div class=\"elementor-icon-wrapper\">\n\t\t\t<div class=\"elementor-icon\">\n\t\t\t<svg xmlns=\"http:\/\/www.w3.org\/2000\/svg\" width=\"98.443\" height=\"94.228\" viewBox=\"0 0 98.443 94.228\"><path d=\"M48.4,5.857a5,5,0,0,1,8.194,0L71.2,26.733a5,5,0,0,0,2.632,1.915l24.35,7.46a5,5,0,0,1,2.531,7.786L85.388,64.27a5,5,0,0,0-1,3.092l.439,25.5A5,5,0,0,1,78.2,97.674L54.129,89.381a5,5,0,0,0-3.258,0L26.8,97.674a5,5,0,0,1-6.628-4.813l.439-25.5a5,5,0,0,0-1-3.092L4.286,43.894a5,5,0,0,1,2.531-7.786l24.35-7.46A5,5,0,0,0,33.8,26.733Z\" transform=\"translate(-3.278 -3.723)\" fill=\"#ff86ab\"><\/path><\/svg>\t\t\t<\/div>\n\t\t<\/div>\n\t\t\t\t\t\t<\/div>\n\t\t\t\t<\/div>\n\t\t\t\t\t<\/div>\n\t\t<\/div>\n\t\t\t\t\t<\/div>\n\t\t<\/section>\n\t\t\t\t<section class=\"elementor-section elementor-top-section elementor-element elementor-element-679f28d section-image-content vertical elementor-reverse-tablet elementor-reverse-mobile elementor-section-boxed elementor-section-height-default elementor-section-height-default\" data-id=\"679f28d\" data-element_type=\"section\" data-e-type=\"section\">\n\t\t\t\t\t\t<div class=\"elementor-container elementor-column-gap-default\">\n\t\t\t\t\t<div class=\"elementor-column elementor-col-50 elementor-top-column elementor-element elementor-element-ea5803f column-image\" data-id=\"ea5803f\" data-element_type=\"column\" data-e-type=\"column\">\n\t\t\t<div class=\"elementor-widget-wrap elementor-element-populated\">\n\t\t\t\t\t\t<div class=\"elementor-element elementor-element-645734d elementor-widget elementor-widget-image\" data-id=\"645734d\" data-element_type=\"widget\" data-e-type=\"widget\" data-widget_type=\"image.default\">\n\t\t\t\t<div class=\"elementor-widget-container\">\n\t\t\t\t\t\t\t\t\t\t\t\t\t\t\t<img fetchpriority=\"high\" decoding=\"async\" width=\"800\" height=\"396\" src=\"https:\/\/braintainment.com\/wp-content\/uploads\/vertical-1024x507.webp\" class=\"attachment-large size-large wp-image-3008\" alt=\"Puzzels visual van het spel en integratie\" srcset=\"https:\/\/braintainment.com\/wp-content\/uploads\/vertical-1024x507.webp 1024w, https:\/\/braintainment.com\/wp-content\/uploads\/vertical-300x149.webp 300w, https:\/\/braintainment.com\/wp-content\/uploads\/vertical-768x380.webp 768w, https:\/\/braintainment.com\/wp-content\/uploads\/vertical-1536x761.webp 1536w, https:\/\/braintainment.com\/wp-content\/uploads\/vertical.webp 1650w\" sizes=\"(max-width: 800px) 100vw, 800px\" \/>\t\t\t\t\t\t\t\t\t\t\t\t\t\t\t<\/div>\n\t\t\t\t<\/div>\n\t\t\t\t<div class=\"elementor-element elementor-element-50e9fd8 shape shape-2 elementor-view-default elementor-widget elementor-widget-icon\" data-id=\"50e9fd8\" data-element_type=\"widget\" data-e-type=\"widget\" data-settings=\"{&quot;motion_fx_motion_fx_scrolling&quot;:&quot;yes&quot;,&quot;motion_fx_translateY_effect&quot;:&quot;yes&quot;,&quot;motion_fx_translateY_direction&quot;:&quot;negative&quot;,&quot;motion_fx_translateY_speed&quot;:{&quot;unit&quot;:&quot;px&quot;,&quot;size&quot;:2,&quot;sizes&quot;:[]},&quot;motion_fx_translateY_affectedRange&quot;:{&quot;unit&quot;:&quot;%&quot;,&quot;size&quot;:&quot;&quot;,&quot;sizes&quot;:{&quot;start&quot;:0,&quot;end&quot;:100}},&quot;motion_fx_devices&quot;:[&quot;desktop&quot;,&quot;tablet&quot;,&quot;mobile&quot;]}\" data-widget_type=\"icon.default\">\n\t\t\t\t<div class=\"elementor-widget-container\">\n\t\t\t\t\t\t\t<div class=\"elementor-icon-wrapper\">\n\t\t\t<div class=\"elementor-icon\">\n\t\t\t<svg xmlns=\"http:\/\/www.w3.org\/2000\/svg\" width=\"76.393\" height=\"67.812\" viewBox=\"0 0 76.393 67.812\"><path d=\"M35.229,8.772a7.7,7.7,0,0,1,13.306,0l30.489,52.42a7.7,7.7,0,0,1-6.653,11.566H11.393A7.7,7.7,0,0,1,4.74,61.191Z\" transform=\"translate(-3.686 -4.945)\" fill=\"#dfe5f8\"><\/path><\/svg>\t\t\t<\/div>\n\t\t<\/div>\n\t\t\t\t\t\t<\/div>\n\t\t\t\t<\/div>\n\t\t\t\t\t<\/div>\n\t\t<\/div>\n\t\t\t\t<div class=\"elementor-column elementor-col-50 elementor-top-column elementor-element elementor-element-c1f3fc1 column-content\" data-id=\"c1f3fc1\" data-element_type=\"column\" data-e-type=\"column\">\n\t\t\t<div class=\"elementor-widget-wrap elementor-element-populated\">\n\t\t\t\t\t\t<div class=\"elementor-element elementor-element-8456004 sub-title elementor-widget elementor-widget-heading\" data-id=\"8456004\" data-element_type=\"widget\" data-e-type=\"widget\" data-widget_type=\"heading.default\">\n\t\t\t\t<div class=\"elementor-widget-container\">\n\t\t\t\t\t<p class=\"elementor-heading-title elementor-size-default\">Univers jeux<\/p>\t\t\t\t<\/div>\n\t\t\t\t<\/div>\n\t\t\t\t<div class=\"elementor-element elementor-element-57b4142 elementor-widget elementor-widget-text-editor\" data-id=\"57b4142\" data-element_type=\"widget\" data-e-type=\"widget\" data-widget_type=\"text-editor.default\">\n\t\t\t\t<div class=\"elementor-widget-container\">\n\t\t\t\t\t\t\t\t\t<h2>De plus?<\/h2>\r\n<p>De plus, notre solution est enti\u00e8rement personnalisable et s&rsquo;adapte au style et \u00e0 l&rsquo;identit\u00e9 de votre marque. De la conception \u00e0 la mise en page, de la marque au message, nous travaillons en \u00e9troite collaboration avec vous pour cr\u00e9er une exp\u00e9rience coh\u00e9rente et harmonieuse qui refl\u00e8te le style de votre marque.<\/p>\r\n<p>D\u00e9couvrez un nouveau monde d&rsquo;engagement gr\u00e2ce au Braintainment. Contactez-nous d\u00e8s aujourd&rsquo;hui pour en savoir plus sur la fa\u00e7on dont notre solution peut vous aider \u00e0 construire et \u00e0 d\u00e9velopper votre base d&rsquo;utilisateurs !<\/p>\t\t\t\t\t\t\t\t<\/div>\n\t\t\t\t<\/div>\n\t\t\t\t<div class=\"elementor-element elementor-element-44da132 elementor-widget elementor-widget-button\" data-id=\"44da132\" data-element_type=\"widget\" data-e-type=\"widget\" data-settings=\"{&quot;enabled_visibility&quot;:&quot;yes&quot;,&quot;dce_visibility_selected&quot;:&quot;hide&quot;}\" data-widget_type=\"button.default\">\n\t\t\t\t<div class=\"elementor-widget-container\">\n\t\t\t\t\t\t\t\t\t<div class=\"elementor-button-wrapper\">\n\t\t\t\t\t<a class=\"elementor-button elementor-button-link elementor-size-sm\" href=\"https:\/\/braintainment.com\/fr\/demandez-une-demo\/\">\n\t\t\t\t\t\t<span class=\"elementor-button-content-wrapper\">\n\t\t\t\t\t\t\t\t\t<span class=\"elementor-button-text\">Demandez une d\u00e9mo<\/span>\n\t\t\t\t\t<\/span>\n\t\t\t\t\t<\/a>\n\t\t\t\t<\/div>\n\t\t\t\t\t\t\t\t<\/div>\n\t\t\t\t<\/div>\n\t\t<!-- dce invisible element 8850cd8 -->\t\t\t<\/div>\n\t\t<\/div>\n\t\t\t\t\t<\/div>\n\t\t<\/section>\n\t\t\t\t<\/div>\n\t\t","protected":false},"excerpt":{"rendered":"<p>Univers jeux Cr\u00e9ez votre propre univers jeux ! Avec notre solution innovante Braintainment, nous offrons \u00e0 nos clients l&rsquo;opportunit\u00e9 de cr\u00e9er leur propre univers de jeux \u00e0 publier en ligne. En centralisant tout votre contenu sur une page et en le positionnant strat\u00e9giquement au sein de votre site, vous pouvez cr\u00e9er une habitude quotidienne chez [&hellip;]<\/p>\n","protected":false},"author":1,"featured_media":0,"parent":0,"menu_order":0,"comment_status":"closed","ping_status":"closed","template":"","meta":{"_acf_changed":false,"footnotes":""},"class_list":["post-3340","page","type-page","status-publish","hentry"],"acf":[],"yoast_head":"<!-- This site is optimized with the Yoast SEO plugin v27.5 - https:\/\/yoast.com\/product\/yoast-seo-wordpress\/ -->\n<title>Univers jeux | Braintainment<\/title>\n<meta name=\"description\" content=\"Cr\u00e9ez votre propre verticale de jeux et de puzzles avec Braintainment. Centralisez les contenus attrayants et fid\u00e9lisez vos clients.\" \/>\n<meta name=\"robots\" content=\"index, follow, max-snippet:-1, max-image-preview:large, max-video-preview:-1\" \/>\n<link rel=\"canonical\" href=\"https:\/\/braintainment.com\/fr\/univers-jeux\/\" \/>\n<meta property=\"og:locale\" content=\"fr_FR\" \/>\n<meta property=\"og:type\" content=\"article\" \/>\n<meta property=\"og:title\" content=\"Univers jeux | Braintainment\" \/>\n<meta property=\"og:description\" content=\"Cr\u00e9ez votre propre verticale de jeux et de puzzles avec Braintainment. Centralisez les contenus attrayants et fid\u00e9lisez vos clients.\" \/>\n<meta property=\"og:url\" content=\"https:\/\/braintainment.com\/fr\/univers-jeux\/\" \/>\n<meta property=\"og:site_name\" content=\"Braintainment\" \/>\n<meta property=\"article:modified_time\" content=\"2024-10-15T11:49:54+00:00\" \/>\n<meta property=\"og:image\" content=\"http:\/\/braintainment.com\/wp-content\/uploads\/vertical-1024x507.webp\" \/>\n<meta name=\"twitter:card\" content=\"summary_large_image\" \/>\n<meta name=\"twitter:label1\" content=\"Dur\u00e9e de lecture estim\u00e9e\" \/>\n\t<meta name=\"twitter:data1\" content=\"2 minutes\" \/>\n<script type=\"application\/ld+json\" class=\"yoast-schema-graph\">{\"@context\":\"https:\\\/\\\/schema.org\",\"@graph\":[{\"@type\":\"WebPage\",\"@id\":\"https:\\\/\\\/braintainment.com\\\/fr\\\/univers-jeux\\\/\",\"url\":\"https:\\\/\\\/braintainment.com\\\/fr\\\/univers-jeux\\\/\",\"name\":\"Univers jeux | Braintainment\",\"isPartOf\":{\"@id\":\"https:\\\/\\\/braintainment.com\\\/fr\\\/#website\"},\"primaryImageOfPage\":{\"@id\":\"https:\\\/\\\/braintainment.com\\\/fr\\\/univers-jeux\\\/#primaryimage\"},\"image\":{\"@id\":\"https:\\\/\\\/braintainment.com\\\/fr\\\/univers-jeux\\\/#primaryimage\"},\"thumbnailUrl\":\"http:\\\/\\\/braintainment.com\\\/wp-content\\\/uploads\\\/vertical-1024x507.webp\",\"datePublished\":\"2024-04-18T09:09:48+00:00\",\"dateModified\":\"2024-10-15T11:49:54+00:00\",\"description\":\"Cr\u00e9ez votre propre verticale de jeux et de puzzles avec Braintainment. Centralisez les contenus attrayants et fid\u00e9lisez vos clients.\",\"breadcrumb\":{\"@id\":\"https:\\\/\\\/braintainment.com\\\/fr\\\/univers-jeux\\\/#breadcrumb\"},\"inLanguage\":\"fr-FR\",\"potentialAction\":[{\"@type\":\"ReadAction\",\"target\":[\"https:\\\/\\\/braintainment.com\\\/fr\\\/univers-jeux\\\/\"]}]},{\"@type\":\"ImageObject\",\"inLanguage\":\"fr-FR\",\"@id\":\"https:\\\/\\\/braintainment.com\\\/fr\\\/univers-jeux\\\/#primaryimage\",\"url\":\"http:\\\/\\\/braintainment.com\\\/wp-content\\\/uploads\\\/vertical-1024x507.webp\",\"contentUrl\":\"http:\\\/\\\/braintainment.com\\\/wp-content\\\/uploads\\\/vertical-1024x507.webp\"},{\"@type\":\"BreadcrumbList\",\"@id\":\"https:\\\/\\\/braintainment.com\\\/fr\\\/univers-jeux\\\/#breadcrumb\",\"itemListElement\":[{\"@type\":\"ListItem\",\"position\":1,\"name\":\"Home\",\"item\":\"https:\\\/\\\/braintainment.com\\\/fr\\\/\"},{\"@type\":\"ListItem\",\"position\":2,\"name\":\"Univers jeux\"}]},{\"@type\":\"WebSite\",\"@id\":\"https:\\\/\\\/braintainment.com\\\/fr\\\/#website\",\"url\":\"https:\\\/\\\/braintainment.com\\\/fr\\\/\",\"name\":\"Braintainment\",\"description\":\"\",\"publisher\":{\"@id\":\"https:\\\/\\\/braintainment.com\\\/fr\\\/#organization\"},\"potentialAction\":[{\"@type\":\"SearchAction\",\"target\":{\"@type\":\"EntryPoint\",\"urlTemplate\":\"https:\\\/\\\/braintainment.com\\\/fr\\\/?s={search_term_string}\"},\"query-input\":{\"@type\":\"PropertyValueSpecification\",\"valueRequired\":true,\"valueName\":\"search_term_string\"}}],\"inLanguage\":\"fr-FR\"},{\"@type\":\"Organization\",\"@id\":\"https:\\\/\\\/braintainment.com\\\/fr\\\/#organization\",\"name\":\"Braintainment\",\"url\":\"https:\\\/\\\/braintainment.com\\\/fr\\\/\",\"logo\":{\"@type\":\"ImageObject\",\"inLanguage\":\"fr-FR\",\"@id\":\"https:\\\/\\\/braintainment.com\\\/fr\\\/#\\\/schema\\\/logo\\\/image\\\/\",\"url\":\"https:\\\/\\\/braintainment.com\\\/wp-content\\\/uploads\\\/Logo-Braintaiment-Keesing-Color.png\",\"contentUrl\":\"https:\\\/\\\/braintainment.com\\\/wp-content\\\/uploads\\\/Logo-Braintaiment-Keesing-Color.png\",\"width\":468,\"height\":98,\"caption\":\"Braintainment\"},\"image\":{\"@id\":\"https:\\\/\\\/braintainment.com\\\/fr\\\/#\\\/schema\\\/logo\\\/image\\\/\"}}]}<\/script>\n<!-- \/ Yoast SEO plugin. -->","yoast_head_json":{"title":"Univers jeux | Braintainment","description":"Cr\u00e9ez votre propre verticale de jeux et de puzzles avec Braintainment. Centralisez les contenus attrayants et fid\u00e9lisez vos clients.","robots":{"index":"index","follow":"follow","max-snippet":"max-snippet:-1","max-image-preview":"max-image-preview:large","max-video-preview":"max-video-preview:-1"},"canonical":"https:\/\/braintainment.com\/fr\/univers-jeux\/","og_locale":"fr_FR","og_type":"article","og_title":"Univers jeux | Braintainment","og_description":"Cr\u00e9ez votre propre verticale de jeux et de puzzles avec Braintainment. Centralisez les contenus attrayants et fid\u00e9lisez vos clients.","og_url":"https:\/\/braintainment.com\/fr\/univers-jeux\/","og_site_name":"Braintainment","article_modified_time":"2024-10-15T11:49:54+00:00","og_image":[{"url":"http:\/\/braintainment.com\/wp-content\/uploads\/vertical-1024x507.webp","type":"","width":"","height":""}],"twitter_card":"summary_large_image","twitter_misc":{"Dur\u00e9e de lecture estim\u00e9e":"2 minutes"},"schema":{"@context":"https:\/\/schema.org","@graph":[{"@type":"WebPage","@id":"https:\/\/braintainment.com\/fr\/univers-jeux\/","url":"https:\/\/braintainment.com\/fr\/univers-jeux\/","name":"Univers jeux | Braintainment","isPartOf":{"@id":"https:\/\/braintainment.com\/fr\/#website"},"primaryImageOfPage":{"@id":"https:\/\/braintainment.com\/fr\/univers-jeux\/#primaryimage"},"image":{"@id":"https:\/\/braintainment.com\/fr\/univers-jeux\/#primaryimage"},"thumbnailUrl":"http:\/\/braintainment.com\/wp-content\/uploads\/vertical-1024x507.webp","datePublished":"2024-04-18T09:09:48+00:00","dateModified":"2024-10-15T11:49:54+00:00","description":"Cr\u00e9ez votre propre verticale de jeux et de puzzles avec Braintainment. Centralisez les contenus attrayants et fid\u00e9lisez vos clients.","breadcrumb":{"@id":"https:\/\/braintainment.com\/fr\/univers-jeux\/#breadcrumb"},"inLanguage":"fr-FR","potentialAction":[{"@type":"ReadAction","target":["https:\/\/braintainment.com\/fr\/univers-jeux\/"]}]},{"@type":"ImageObject","inLanguage":"fr-FR","@id":"https:\/\/braintainment.com\/fr\/univers-jeux\/#primaryimage","url":"http:\/\/braintainment.com\/wp-content\/uploads\/vertical-1024x507.webp","contentUrl":"http:\/\/braintainment.com\/wp-content\/uploads\/vertical-1024x507.webp"},{"@type":"BreadcrumbList","@id":"https:\/\/braintainment.com\/fr\/univers-jeux\/#breadcrumb","itemListElement":[{"@type":"ListItem","position":1,"name":"Home","item":"https:\/\/braintainment.com\/fr\/"},{"@type":"ListItem","position":2,"name":"Univers jeux"}]},{"@type":"WebSite","@id":"https:\/\/braintainment.com\/fr\/#website","url":"https:\/\/braintainment.com\/fr\/","name":"Braintainment","description":"","publisher":{"@id":"https:\/\/braintainment.com\/fr\/#organization"},"potentialAction":[{"@type":"SearchAction","target":{"@type":"EntryPoint","urlTemplate":"https:\/\/braintainment.com\/fr\/?s={search_term_string}"},"query-input":{"@type":"PropertyValueSpecification","valueRequired":true,"valueName":"search_term_string"}}],"inLanguage":"fr-FR"},{"@type":"Organization","@id":"https:\/\/braintainment.com\/fr\/#organization","name":"Braintainment","url":"https:\/\/braintainment.com\/fr\/","logo":{"@type":"ImageObject","inLanguage":"fr-FR","@id":"https:\/\/braintainment.com\/fr\/#\/schema\/logo\/image\/","url":"https:\/\/braintainment.com\/wp-content\/uploads\/Logo-Braintaiment-Keesing-Color.png","contentUrl":"https:\/\/braintainment.com\/wp-content\/uploads\/Logo-Braintaiment-Keesing-Color.png","width":468,"height":98,"caption":"Braintainment"},"image":{"@id":"https:\/\/braintainment.com\/fr\/#\/schema\/logo\/image\/"}}]}},"_links":{"self":[{"href":"https:\/\/braintainment.com\/fr\/wp-json\/wp\/v2\/pages\/3340","targetHints":{"allow":["GET"]}}],"collection":[{"href":"https:\/\/braintainment.com\/fr\/wp-json\/wp\/v2\/pages"}],"about":[{"href":"https:\/\/braintainment.com\/fr\/wp-json\/wp\/v2\/types\/page"}],"author":[{"embeddable":true,"href":"https:\/\/braintainment.com\/fr\/wp-json\/wp\/v2\/users\/1"}],"replies":[{"embeddable":true,"href":"https:\/\/braintainment.com\/fr\/wp-json\/wp\/v2\/comments?post=3340"}],"version-history":[{"count":1,"href":"https:\/\/braintainment.com\/fr\/wp-json\/wp\/v2\/pages\/3340\/revisions"}],"predecessor-version":[{"id":3341,"href":"https:\/\/braintainment.com\/fr\/wp-json\/wp\/v2\/pages\/3340\/revisions\/3341"}],"wp:attachment":[{"href":"https:\/\/braintainment.com\/fr\/wp-json\/wp\/v2\/media?parent=3340"}],"curies":[{"name":"wp","href":"https:\/\/api.w.org\/{rel}","templated":true}]}}