{"id":3460,"date":"2024-01-18T15:08:37","date_gmt":"2024-01-18T15:08:37","guid":{"rendered":"https:\/\/braintainment.com\/inicio-de-sesion\/restablecer-contrasena\/"},"modified":"2024-10-15T09:46:05","modified_gmt":"2024-10-15T09:46:05","slug":"restablecer-contrasena","status":"publish","type":"page","link":"https:\/\/braintainment.com\/es\/inicio-de-sesion\/restablecer-contrasena\/","title":{"rendered":"Restablecer contrase\u00f1a"},"content":{"rendered":"\t\t<div data-elementor-type=\"wp-page\" data-elementor-id=\"3460\" class=\"elementor elementor-3460 elementor-480\" data-elementor-post-type=\"page\">\n\t\t\t\t\t\t<section class=\"elementor-section elementor-top-section elementor-element elementor-element-9101c41 section-member-form register elementor-section-boxed elementor-section-height-default elementor-section-height-default\" data-id=\"9101c41\" data-element_type=\"section\" data-e-type=\"section\">\n\t\t\t\t\t\t<div class=\"elementor-container elementor-column-gap-default\">\n\t\t\t\t\t<div class=\"elementor-column elementor-col-100 elementor-top-column elementor-element elementor-element-6807141 column-form\" data-id=\"6807141\" data-element_type=\"column\" data-e-type=\"column\">\n\t\t\t<div class=\"elementor-widget-wrap elementor-element-populated\">\n\t\t\t\t\t\t<div class=\"elementor-element elementor-element-94e90ed elementor-widget elementor-widget-text-editor\" data-id=\"94e90ed\" data-element_type=\"widget\" data-e-type=\"widget\" data-widget_type=\"text-editor.default\">\n\t\t\t\t<div class=\"elementor-widget-container\">\n\t\t\t\t\t\t\t\t\t<h1>Restablecer contrase\u00f1a<\/h1>\n<p>Acceda a la demo y descubra todo lo que podemos ofrecer.<\/p>\n\t\t\t\t\t\t\t\t<\/div>\n\t\t\t\t<\/div>\n\t\t\t\t<div class=\"elementor-element elementor-element-7147c3b2 form elementor-widget elementor-widget-shortcode\" data-id=\"7147c3b2\" data-element_type=\"widget\" data-e-type=\"widget\" data-widget_type=\"shortcode.default\">\n\t\t\t\t<div class=\"elementor-widget-container\">\n\t\t\t\t\t\t\t<div class=\"elementor-shortcode\"><div class=\"swpm-pw-reset-widget-form\">\n    <form id=\"swpm-pw-reset-form\" name=\"swpm-reset-form\" method=\"post\" action=\"\">\n        <div class=\"swpm-pw-reset-widget-inside\">\n            <div class=\"swpm-pw-reset-email swpm-margin-top-10\">\n                <label for=\"swpm_reset_email\" class=\"swpm_label swpm-pw-reset-email-label\">Direcci\u00f3n de correo electr\u00f3nico<\/label>\n            <\/div>\n            <div class=\"swpm-pw-reset-email-input swpm-margin-top-10\">\n                <input type=\"text\" name=\"swpm_reset_email\" class=\"swpm-text-field swpm-pw-reset-text\" id=\"swpm_reset_email\"  value=\"\" size=\"30\" \/>\n            <\/div>\n            <div class=\"swpm-before-login-submit-section\">        <script src=\"https:\/\/www.google.com\/recaptcha\/api.js?render=6LcTN4YpAAAAAIj0mfeviwnj1Att4ymCL_47tf-i&onload=onGoogleCaptchaV3ScriptLoaded\"><\/script>\n\n        <input type=\"hidden\" class=\"g-recaptcha-response\" name=\"g-recaptcha-response\" \/>\n\n        <script>\n            function onGoogleCaptchaV3ScriptLoaded (){\n                grecaptcha.ready(function() {\n                    const captchaResponseInput = document.querySelector(\".g-recaptcha-response\");\n                    grecaptcha.execute(\n                        \"6LcTN4YpAAAAAIj0mfeviwnj1Att4ymCL_47tf-i\",\n                        {\n                            action: \"password_reset\"\n                        }\n                    )\n                    .then(function(token) {\n                        \/\/ Add your logic to submit to your backend server here.\n                        captchaResponseInput.value = token\n                        console.log(token) \/\/ Debug purpose only.\n                    });\n                });\n            }\n        <\/script>\n\n        <\/div>\n            <div class=\"swpm-pw-reset-submit-button\">\n                <input type=\"submit\" name=\"swpm-reset\" class=\"swpm-pw-reset-submit\" value=\"Restablecer la contrase\u00f1a\" \/>\n            <\/div>\n        <\/div>\n    <\/form>\n<\/div>\n<div class=\"swpm_pass_reset_processing_msg_section\">\n    <p id=\"swpm_pass_reset_processing_msg\" hidden=\"hidden\">\n        Procesando la solicitud para restablecer contrase\u00f1a...    <\/p>\n<\/div>\n<script>\n  document.getElementById(\"swpm-pw-reset-form\").addEventListener(\"submit\", function() {\n  let p = document.getElementById('swpm_pass_reset_processing_msg');\n    p.removeAttribute(\"hidden\");\n  });\n<\/script>\n<\/div>\n\t\t\t\t\t\t<\/div>\n\t\t\t\t<\/div>\n\t\t\t\t\t<\/div>\n\t\t<\/div>\n\t\t\t\t\t<\/div>\n\t\t<\/section>\n\t\t\t\t<\/div>\n\t\t","protected":false},"excerpt":{"rendered":"<p>Restablecer contrase\u00f1a Acceda a la demo y descubra todo lo que podemos ofrecer.<\/p>\n","protected":false},"author":1,"featured_media":0,"parent":3458,"menu_order":0,"comment_status":"closed","ping_status":"closed","template":"","meta":{"_acf_changed":false,"footnotes":""},"class_list":["post-3460","page","type-page","status-publish","hentry"],"acf":[],"yoast_head":"<!-- This site is optimized with the Yoast SEO plugin v27.4 - https:\/\/yoast.com\/product\/yoast-seo-wordpress\/ -->\n<title>Restablecer contrase\u00f1a | Braintainment<\/title>\n<meta name=\"description\" content=\"S\u00f3lo tienes que restablecer tu contrase\u00f1a para acceder a tu cuenta de Braintainment y seguir disfrutando de nuestros atractivos rompecabezas y juegos.\" \/>\n<meta name=\"robots\" content=\"index, follow, max-snippet:-1, max-image-preview:large, max-video-preview:-1\" \/>\n<link rel=\"canonical\" href=\"https:\/\/braintainment.com\/es\/inicio-de-sesion\/restablecer-contrasena\/\" \/>\n<meta property=\"og:locale\" content=\"es_ES\" \/>\n<meta property=\"og:type\" content=\"article\" \/>\n<meta property=\"og:title\" content=\"Restablecer contrase\u00f1a | Braintainment\" \/>\n<meta property=\"og:description\" content=\"S\u00f3lo tienes que restablecer tu contrase\u00f1a para acceder a tu cuenta de Braintainment y seguir disfrutando de nuestros atractivos rompecabezas y juegos.\" \/>\n<meta property=\"og:url\" content=\"https:\/\/braintainment.com\/es\/inicio-de-sesion\/restablecer-contrasena\/\" \/>\n<meta property=\"og:site_name\" content=\"Braintainment\" \/>\n<meta property=\"article:modified_time\" content=\"2024-10-15T09:46:05+00:00\" \/>\n<meta property=\"og:image\" content=\"https:\/\/braintainment.com\/wp-content\/uploads\/site-image-keesing.jpg\" \/>\n\t<meta property=\"og:image:width\" content=\"1200\" \/>\n\t<meta property=\"og:image:height\" content=\"675\" \/>\n\t<meta property=\"og:image:type\" content=\"image\/jpeg\" \/>\n<meta name=\"twitter:card\" content=\"summary_large_image\" \/>\n<meta name=\"twitter:label1\" content=\"Tiempo de lectura\" \/>\n\t<meta name=\"twitter:data1\" content=\"1 minuto\" \/>\n<script type=\"application\/ld+json\" class=\"yoast-schema-graph\">{\"@context\":\"https:\\\/\\\/schema.org\",\"@graph\":[{\"@type\":\"WebPage\",\"@id\":\"https:\\\/\\\/braintainment.com\\\/es\\\/inicio-de-sesion\\\/restablecer-contrasena\\\/\",\"url\":\"https:\\\/\\\/braintainment.com\\\/es\\\/inicio-de-sesion\\\/restablecer-contrasena\\\/\",\"name\":\"Restablecer contrase\u00f1a | Braintainment\",\"isPartOf\":{\"@id\":\"https:\\\/\\\/braintainment.com\\\/es\\\/#website\"},\"datePublished\":\"2024-01-18T15:08:37+00:00\",\"dateModified\":\"2024-10-15T09:46:05+00:00\",\"description\":\"S\u00f3lo tienes que restablecer tu contrase\u00f1a para acceder a tu cuenta de Braintainment y seguir disfrutando de nuestros atractivos rompecabezas y juegos.\",\"breadcrumb\":{\"@id\":\"https:\\\/\\\/braintainment.com\\\/es\\\/inicio-de-sesion\\\/restablecer-contrasena\\\/#breadcrumb\"},\"inLanguage\":\"es\",\"potentialAction\":[{\"@type\":\"ReadAction\",\"target\":[\"https:\\\/\\\/braintainment.com\\\/es\\\/inicio-de-sesion\\\/restablecer-contrasena\\\/\"]}]},{\"@type\":\"BreadcrumbList\",\"@id\":\"https:\\\/\\\/braintainment.com\\\/es\\\/inicio-de-sesion\\\/restablecer-contrasena\\\/#breadcrumb\",\"itemListElement\":[{\"@type\":\"ListItem\",\"position\":1,\"name\":\"Home\",\"item\":\"https:\\\/\\\/braintainment.com\\\/es\\\/\"},{\"@type\":\"ListItem\",\"position\":2,\"name\":\"Inicio de sesi\u00f3n\",\"item\":\"https:\\\/\\\/braintainment.com\\\/es\\\/inicio-de-sesion\\\/\"},{\"@type\":\"ListItem\",\"position\":3,\"name\":\"Restablecer contrase\u00f1a\"}]},{\"@type\":\"WebSite\",\"@id\":\"https:\\\/\\\/braintainment.com\\\/es\\\/#website\",\"url\":\"https:\\\/\\\/braintainment.com\\\/es\\\/\",\"name\":\"Braintainment\",\"description\":\"\",\"publisher\":{\"@id\":\"https:\\\/\\\/braintainment.com\\\/es\\\/#organization\"},\"potentialAction\":[{\"@type\":\"SearchAction\",\"target\":{\"@type\":\"EntryPoint\",\"urlTemplate\":\"https:\\\/\\\/braintainment.com\\\/es\\\/?s={search_term_string}\"},\"query-input\":{\"@type\":\"PropertyValueSpecification\",\"valueRequired\":true,\"valueName\":\"search_term_string\"}}],\"inLanguage\":\"es\"},{\"@type\":\"Organization\",\"@id\":\"https:\\\/\\\/braintainment.com\\\/es\\\/#organization\",\"name\":\"Braintainment\",\"url\":\"https:\\\/\\\/braintainment.com\\\/es\\\/\",\"logo\":{\"@type\":\"ImageObject\",\"inLanguage\":\"es\",\"@id\":\"https:\\\/\\\/braintainment.com\\\/es\\\/#\\\/schema\\\/logo\\\/image\\\/\",\"url\":\"https:\\\/\\\/braintainment.com\\\/wp-content\\\/uploads\\\/Logo-Braintaiment-Keesing-Color.png\",\"contentUrl\":\"https:\\\/\\\/braintainment.com\\\/wp-content\\\/uploads\\\/Logo-Braintaiment-Keesing-Color.png\",\"width\":468,\"height\":98,\"caption\":\"Braintainment\"},\"image\":{\"@id\":\"https:\\\/\\\/braintainment.com\\\/es\\\/#\\\/schema\\\/logo\\\/image\\\/\"}}]}<\/script>\n<!-- \/ Yoast SEO plugin. -->","yoast_head_json":{"title":"Restablecer contrase\u00f1a | Braintainment","description":"S\u00f3lo tienes que restablecer tu contrase\u00f1a para acceder a tu cuenta de Braintainment y seguir disfrutando de nuestros atractivos rompecabezas y juegos.","robots":{"index":"index","follow":"follow","max-snippet":"max-snippet:-1","max-image-preview":"max-image-preview:large","max-video-preview":"max-video-preview:-1"},"canonical":"https:\/\/braintainment.com\/es\/inicio-de-sesion\/restablecer-contrasena\/","og_locale":"es_ES","og_type":"article","og_title":"Restablecer contrase\u00f1a | Braintainment","og_description":"S\u00f3lo tienes que restablecer tu contrase\u00f1a para acceder a tu cuenta de Braintainment y seguir disfrutando de nuestros atractivos rompecabezas y juegos.","og_url":"https:\/\/braintainment.com\/es\/inicio-de-sesion\/restablecer-contrasena\/","og_site_name":"Braintainment","article_modified_time":"2024-10-15T09:46:05+00:00","og_image":[{"width":1200,"height":675,"url":"https:\/\/braintainment.com\/wp-content\/uploads\/site-image-keesing.jpg","type":"image\/jpeg"}],"twitter_card":"summary_large_image","twitter_misc":{"Tiempo de lectura":"1 minuto"},"schema":{"@context":"https:\/\/schema.org","@graph":[{"@type":"WebPage","@id":"https:\/\/braintainment.com\/es\/inicio-de-sesion\/restablecer-contrasena\/","url":"https:\/\/braintainment.com\/es\/inicio-de-sesion\/restablecer-contrasena\/","name":"Restablecer contrase\u00f1a | Braintainment","isPartOf":{"@id":"https:\/\/braintainment.com\/es\/#website"},"datePublished":"2024-01-18T15:08:37+00:00","dateModified":"2024-10-15T09:46:05+00:00","description":"S\u00f3lo tienes que restablecer tu contrase\u00f1a para acceder a tu cuenta de Braintainment y seguir disfrutando de nuestros atractivos rompecabezas y juegos.","breadcrumb":{"@id":"https:\/\/braintainment.com\/es\/inicio-de-sesion\/restablecer-contrasena\/#breadcrumb"},"inLanguage":"es","potentialAction":[{"@type":"ReadAction","target":["https:\/\/braintainment.com\/es\/inicio-de-sesion\/restablecer-contrasena\/"]}]},{"@type":"BreadcrumbList","@id":"https:\/\/braintainment.com\/es\/inicio-de-sesion\/restablecer-contrasena\/#breadcrumb","itemListElement":[{"@type":"ListItem","position":1,"name":"Home","item":"https:\/\/braintainment.com\/es\/"},{"@type":"ListItem","position":2,"name":"Inicio de sesi\u00f3n","item":"https:\/\/braintainment.com\/es\/inicio-de-sesion\/"},{"@type":"ListItem","position":3,"name":"Restablecer contrase\u00f1a"}]},{"@type":"WebSite","@id":"https:\/\/braintainment.com\/es\/#website","url":"https:\/\/braintainment.com\/es\/","name":"Braintainment","description":"","publisher":{"@id":"https:\/\/braintainment.com\/es\/#organization"},"potentialAction":[{"@type":"SearchAction","target":{"@type":"EntryPoint","urlTemplate":"https:\/\/braintainment.com\/es\/?s={search_term_string}"},"query-input":{"@type":"PropertyValueSpecification","valueRequired":true,"valueName":"search_term_string"}}],"inLanguage":"es"},{"@type":"Organization","@id":"https:\/\/braintainment.com\/es\/#organization","name":"Braintainment","url":"https:\/\/braintainment.com\/es\/","logo":{"@type":"ImageObject","inLanguage":"es","@id":"https:\/\/braintainment.com\/es\/#\/schema\/logo\/image\/","url":"https:\/\/braintainment.com\/wp-content\/uploads\/Logo-Braintaiment-Keesing-Color.png","contentUrl":"https:\/\/braintainment.com\/wp-content\/uploads\/Logo-Braintaiment-Keesing-Color.png","width":468,"height":98,"caption":"Braintainment"},"image":{"@id":"https:\/\/braintainment.com\/es\/#\/schema\/logo\/image\/"}}]}},"_links":{"self":[{"href":"https:\/\/braintainment.com\/es\/wp-json\/wp\/v2\/pages\/3460","targetHints":{"allow":["GET"]}}],"collection":[{"href":"https:\/\/braintainment.com\/es\/wp-json\/wp\/v2\/pages"}],"about":[{"href":"https:\/\/braintainment.com\/es\/wp-json\/wp\/v2\/types\/page"}],"author":[{"embeddable":true,"href":"https:\/\/braintainment.com\/es\/wp-json\/wp\/v2\/users\/1"}],"replies":[{"embeddable":true,"href":"https:\/\/braintainment.com\/es\/wp-json\/wp\/v2\/comments?post=3460"}],"version-history":[{"count":1,"href":"https:\/\/braintainment.com\/es\/wp-json\/wp\/v2\/pages\/3460\/revisions"}],"predecessor-version":[{"id":3461,"href":"https:\/\/braintainment.com\/es\/wp-json\/wp\/v2\/pages\/3460\/revisions\/3461"}],"up":[{"embeddable":true,"href":"https:\/\/braintainment.com\/es\/wp-json\/wp\/v2\/pages\/3458"}],"wp:attachment":[{"href":"https:\/\/braintainment.com\/es\/wp-json\/wp\/v2\/media?parent=3460"}],"curies":[{"name":"wp","href":"https:\/\/api.w.org\/{rel}","templated":true}]}}