{"id":3452,"date":"2024-04-18T10:08:50","date_gmt":"2024-04-18T10:08:50","guid":{"rendered":"https:\/\/braintainment.com\/custom\/"},"modified":"2024-10-14T14:30:11","modified_gmt":"2024-10-14T14:30:11","slug":"custom","status":"publish","type":"page","link":"https:\/\/braintainment.com\/es\/custom\/","title":{"rendered":"Custom"},"content":{"rendered":"\t\t<div data-elementor-type=\"wp-page\" data-elementor-id=\"3452\" class=\"elementor elementor-3452 elementor-1768\" data-elementor-post-type=\"page\">\n\t\t\t\t\t\t<section class=\"elementor-section elementor-top-section elementor-element elementor-element-a682887 section-pagetitle vertical elementor-section-boxed elementor-section-height-default elementor-section-height-default\" data-id=\"a682887\" data-element_type=\"section\" data-e-type=\"section\">\n\t\t\t\t\t\t<div class=\"elementor-container elementor-column-gap-default\">\n\t\t\t\t\t<div class=\"elementor-column elementor-col-100 elementor-top-column elementor-element elementor-element-f4c45ed\" data-id=\"f4c45ed\" data-element_type=\"column\" data-e-type=\"column\">\n\t\t\t<div class=\"elementor-widget-wrap elementor-element-populated\">\n\t\t\t\t\t\t<div class=\"elementor-element elementor-element-df358c9 shape elementor-view-default elementor-widget elementor-widget-icon\" data-id=\"df358c9\" data-element_type=\"widget\" data-e-type=\"widget\" data-settings=\"{&quot;motion_fx_motion_fx_scrolling&quot;:&quot;yes&quot;,&quot;motion_fx_translateY_speed&quot;:{&quot;unit&quot;:&quot;px&quot;,&quot;size&quot;:2.5,&quot;sizes&quot;:[]},&quot;motion_fx_translateY_effect&quot;:&quot;yes&quot;,&quot;motion_fx_translateY_affectedRange&quot;:{&quot;unit&quot;:&quot;%&quot;,&quot;size&quot;:&quot;&quot;,&quot;sizes&quot;:{&quot;start&quot;:0,&quot;end&quot;:100}},&quot;motion_fx_devices&quot;:[&quot;desktop&quot;,&quot;tablet&quot;,&quot;mobile&quot;]}\" data-widget_type=\"icon.default\">\n\t\t\t\t<div class=\"elementor-widget-container\">\n\t\t\t\t\t\t\t<div class=\"elementor-icon-wrapper\">\n\t\t\t<div class=\"elementor-icon\">\n\t\t\t<svg xmlns=\"http:\/\/www.w3.org\/2000\/svg\" width=\"98.442\" height=\"94.229\" viewBox=\"0 0 98.442 94.229\"><path d=\"M48.4,5.857a5,5,0,0,1,8.194,0L71.2,26.733a5,5,0,0,0,2.632,1.915l24.35,7.46a5,5,0,0,1,2.531,7.786L85.388,64.27a5,5,0,0,0-1,3.092l.439,25.5A5,5,0,0,1,78.2,97.674L54.129,89.381a5,5,0,0,0-3.258,0L26.8,97.674a5,5,0,0,1-6.628-4.813l.439-25.5a5,5,0,0,0-1-3.092L4.286,43.894a5,5,0,0,1,2.531-7.786l24.35-7.46A5,5,0,0,0,33.8,26.733Z\" transform=\"translate(-3.279 -3.723)\" fill=\"#6a82e0\"><\/path><\/svg>\t\t\t<\/div>\n\t\t<\/div>\n\t\t\t\t\t\t<\/div>\n\t\t\t\t<\/div>\n\t\t\t\t<div class=\"elementor-element elementor-element-59eb941 sub-title elementor-widget elementor-widget-heading\" data-id=\"59eb941\" data-element_type=\"widget\" data-e-type=\"widget\" data-widget_type=\"heading.default\">\n\t\t\t\t<div class=\"elementor-widget-container\">\n\t\t\t\t\t<p class=\"elementor-heading-title elementor-size-default\">Integraci\u00f3n personalizada<\/p>\t\t\t\t<\/div>\n\t\t\t\t<\/div>\n\t\t\t\t<div class=\"elementor-element elementor-element-209db71 elementor-widget elementor-widget-text-editor\" data-id=\"209db71\" data-element_type=\"widget\" data-e-type=\"widget\" data-widget_type=\"text-editor.default\">\n\t\t\t\t<div class=\"elementor-widget-container\">\n\t\t\t\t\t\t\t\t\t<h1>Soluciones a su medida<\/h1>\n<p class=\"p1\">Si est\u00e1 deseando mejorar su sitio web, su sitio web para m\u00f3viles, su aplicaci\u00f3n o sus campa\u00f1as a trav\u00e9s de correo electr\u00f3nico, Keesing tiene los elementos que necesita para enriquecer su contenido y atraer a su audiencia. Nuestro equipo de profesionales explora c\u00f3mo los contenidos pueden adaptarse para satisfacer sus necesidades y objetivos espec\u00edficos.<\/p>\n\t\t\t\t\t\t\t\t<\/div>\n\t\t\t\t<\/div>\n\t\t\t\t<div class=\"elementor-element elementor-element-8a482b4 shape shape-1 elementor-hidden-tablet elementor-hidden-mobile elementor-view-default elementor-widget elementor-widget-icon\" data-id=\"8a482b4\" data-element_type=\"widget\" data-e-type=\"widget\" data-settings=\"{&quot;motion_fx_motion_fx_scrolling&quot;:&quot;yes&quot;,&quot;motion_fx_rotateZ_speed&quot;:{&quot;unit&quot;:&quot;px&quot;,&quot;size&quot;:4,&quot;sizes&quot;:[]},&quot;motion_fx_rotateZ_effect&quot;:&quot;yes&quot;,&quot;motion_fx_rotateZ_affectedRange&quot;:{&quot;unit&quot;:&quot;%&quot;,&quot;size&quot;:&quot;&quot;,&quot;sizes&quot;:{&quot;start&quot;:0,&quot;end&quot;:100}},&quot;motion_fx_devices&quot;:[&quot;desktop&quot;,&quot;tablet&quot;,&quot;mobile&quot;]}\" data-widget_type=\"icon.default\">\n\t\t\t\t<div class=\"elementor-widget-container\">\n\t\t\t\t\t\t\t<div class=\"elementor-icon-wrapper\">\n\t\t\t<div class=\"elementor-icon\">\n\t\t\t<svg xmlns=\"http:\/\/www.w3.org\/2000\/svg\" width=\"103.249\" height=\"98.816\" viewBox=\"0 0 103.249 98.816\"><path d=\"M49.558,2.14a5,5,0,0,1,5.883,0l46.624,33.922a5,5,0,0,1,1.814,5.586l-17.812,54.9A5,5,0,0,1,81.313,100H23.687a5,5,0,0,1-4.756-3.457L1.12,41.648a5,5,0,0,1,1.814-5.586Z\" transform=\"translate(-0.875 -1.184)\" fill=\"#fc9335\"><\/path><\/svg>\t\t\t<\/div>\n\t\t<\/div>\n\t\t\t\t\t\t<\/div>\n\t\t\t\t<\/div>\n\t\t\t\t\t<\/div>\n\t\t<\/div>\n\t\t\t\t\t<\/div>\n\t\t<\/section>\n\t\t\t\t<section class=\"elementor-section elementor-top-section elementor-element elementor-element-679f28d section-image-content custom elementor-section-boxed elementor-section-height-default elementor-section-height-default\" data-id=\"679f28d\" data-element_type=\"section\" data-e-type=\"section\">\n\t\t\t\t\t\t<div class=\"elementor-container elementor-column-gap-default\">\n\t\t\t\t\t<div class=\"elementor-column elementor-col-50 elementor-top-column elementor-element elementor-element-c1f3fc1 column-content\" data-id=\"c1f3fc1\" data-element_type=\"column\" data-e-type=\"column\">\n\t\t\t<div class=\"elementor-widget-wrap elementor-element-populated\">\n\t\t\t\t\t\t<div class=\"elementor-element elementor-element-8456004 sub-title elementor-widget elementor-widget-heading\" data-id=\"8456004\" data-element_type=\"widget\" data-e-type=\"widget\" data-widget_type=\"heading.default\">\n\t\t\t\t<div class=\"elementor-widget-container\">\n\t\t\t\t\t<p class=\"elementor-heading-title elementor-size-default\">Integraci\u00f3n personalizada<\/p>\t\t\t\t<\/div>\n\t\t\t\t<\/div>\n\t\t\t\t<div class=\"elementor-element elementor-element-57b4142 elementor-widget elementor-widget-text-editor\" data-id=\"57b4142\" data-element_type=\"widget\" data-e-type=\"widget\" data-widget_type=\"text-editor.default\">\n\t\t\t\t<div class=\"elementor-widget-container\">\n\t\t\t\t\t\t\t\t\t<h2>Tenemos la experiencia<\/h2>\n<p class=\"p1\">Keesing se caracteriza por su compromiso con la innovaci\u00f3n y su mentalidad emprendedora. Somos conscientes de que cada cliente es \u00fanico y, por ello, ofrecemos una amplia gama de formatos y opciones de entrega, adaptados a sus preferencias. Tanto si se trata de una peque\u00f1a empresa que desea mejorar su presencia en Internet como de una gran corporaci\u00f3n que busca impulsar la participaci\u00f3n de los usuarios, Keesing cuenta con la experiencia y los recursos necesarios para ayudarle a lograr su objetivo.<\/p>\n<p>Con Keesing obtendr\u00e1:<\/p>\n<ul>\n<li>Pasatiempos y juegos digitales muy atractivos<\/li>\n<li>Integraci\u00f3n perfecta en su sitio web, sitio web para m\u00f3viles, aplicaci\u00f3n o correo electr\u00f3nico<\/li>\n<li>M\u00faltiples soluciones para adaptarse a sus necesidades<\/li>\n<li>Orientaci\u00f3n y ayuda de expertos en cada paso del proceso<\/li>\n<\/ul>\n<p>\u00danase al gran n\u00famero de clientes satisfechos que han podido comprobar los beneficios que les aporta la colaboraci\u00f3n con Keesing. Contacte con nosotros hoy mismo para obtener m\u00e1s informaci\u00f3n sobre c\u00f3mo podemos ayudarle a ofrecer a su audiencia contenidos atractivos con Braintainment. Trabajemos juntos para llevar su contenido un paso m\u00e1s all\u00e1.<\/p>\n\t\t\t\t\t\t\t\t<\/div>\n\t\t\t\t<\/div>\n\t\t\t\t<div class=\"elementor-element elementor-element-44da132 elementor-widget elementor-widget-button\" data-id=\"44da132\" data-element_type=\"widget\" data-e-type=\"widget\" data-settings=\"{&quot;enabled_visibility&quot;:&quot;yes&quot;,&quot;dce_visibility_selected&quot;:&quot;hide&quot;}\" data-widget_type=\"button.default\">\n\t\t\t\t<div class=\"elementor-widget-container\">\n\t\t\t\t\t\t\t\t\t<div class=\"elementor-button-wrapper\">\n\t\t\t\t\t<a class=\"elementor-button elementor-button-link elementor-size-sm\" href=\"https:\/\/braintainment.com\/es\/solicitar-demo\/\">\n\t\t\t\t\t\t<span class=\"elementor-button-content-wrapper\">\n\t\t\t\t\t\t\t\t\t<span class=\"elementor-button-text\">SOLICITAR DEMO<\/span>\n\t\t\t\t\t<\/span>\n\t\t\t\t\t<\/a>\n\t\t\t\t<\/div>\n\t\t\t\t\t\t\t\t<\/div>\n\t\t\t\t<\/div>\n\t\t<!-- dce invisible element 8850cd8 -->\t\t\t<\/div>\n\t\t<\/div>\n\t\t\t\t<div class=\"elementor-column elementor-col-50 elementor-top-column elementor-element elementor-element-ea5803f column-image\" data-id=\"ea5803f\" data-element_type=\"column\" data-e-type=\"column\">\n\t\t\t<div class=\"elementor-widget-wrap elementor-element-populated\">\n\t\t\t\t\t\t<div class=\"elementor-element elementor-element-645734d elementor-widget elementor-widget-image\" data-id=\"645734d\" data-element_type=\"widget\" data-e-type=\"widget\" data-widget_type=\"image.default\">\n\t\t\t\t<div class=\"elementor-widget-container\">\n\t\t\t\t\t\t\t\t\t\t\t\t\t\t\t<img fetchpriority=\"high\" decoding=\"async\" width=\"800\" height=\"478\" src=\"https:\/\/braintainment.com\/wp-content\/uploads\/custom-tailored-solutions-1024x612.webp\" class=\"attachment-large size-large wp-image-3025\" alt=\"Dashboard van puzzels en integratie\" srcset=\"https:\/\/braintainment.com\/wp-content\/uploads\/custom-tailored-solutions-1024x612.webp 1024w, https:\/\/braintainment.com\/wp-content\/uploads\/custom-tailored-solutions-300x179.webp 300w, https:\/\/braintainment.com\/wp-content\/uploads\/custom-tailored-solutions-768x459.webp 768w, https:\/\/braintainment.com\/wp-content\/uploads\/custom-tailored-solutions-1536x918.webp 1536w, https:\/\/braintainment.com\/wp-content\/uploads\/custom-tailored-solutions.webp 1642w\" sizes=\"(max-width: 800px) 100vw, 800px\" \/>\t\t\t\t\t\t\t\t\t\t\t\t\t\t\t<\/div>\n\t\t\t\t<\/div>\n\t\t\t\t\t<\/div>\n\t\t<\/div>\n\t\t\t\t\t<\/div>\n\t\t<\/section>\n\t\t\t\t<\/div>\n\t\t","protected":false},"excerpt":{"rendered":"<p>Integraci\u00f3n personalizada Soluciones a su medida Si est\u00e1 deseando mejorar su sitio web, su sitio web para m\u00f3viles, su aplicaci\u00f3n o sus campa\u00f1as a trav\u00e9s de correo electr\u00f3nico, Keesing tiene los elementos que necesita para enriquecer su contenido y atraer a su audiencia. Nuestro equipo de profesionales explora c\u00f3mo los contenidos pueden adaptarse para satisfacer [&hellip;]<\/p>\n","protected":false},"author":1,"featured_media":0,"parent":0,"menu_order":0,"comment_status":"closed","ping_status":"closed","template":"","meta":{"_acf_changed":false,"footnotes":""},"class_list":["post-3452","page","type-page","status-publish","hentry"],"acf":[],"yoast_head":"<!-- This site is optimized with the Yoast SEO plugin v27.4 - https:\/\/yoast.com\/product\/yoast-seo-wordpress\/ -->\n<title>Custom | Braintainment<\/title>\n<meta name=\"description\" content=\"Descubra las soluciones a medida de Keesing para mejorar su sitio web, aplicaci\u00f3n o campa\u00f1as de correo electr\u00f3nico y captar mejor a su audiencia.\" \/>\n<meta name=\"robots\" content=\"index, follow, max-snippet:-1, max-image-preview:large, max-video-preview:-1\" \/>\n<link rel=\"canonical\" href=\"https:\/\/braintainment.com\/es\/custom\/\" \/>\n<meta property=\"og:locale\" content=\"es_ES\" \/>\n<meta property=\"og:type\" content=\"article\" \/>\n<meta property=\"og:title\" content=\"Custom | Braintainment\" \/>\n<meta property=\"og:description\" content=\"Descubra las soluciones a medida de Keesing para mejorar su sitio web, aplicaci\u00f3n o campa\u00f1as de correo electr\u00f3nico y captar mejor a su audiencia.\" \/>\n<meta property=\"og:url\" content=\"https:\/\/braintainment.com\/es\/custom\/\" \/>\n<meta property=\"og:site_name\" content=\"Braintainment\" \/>\n<meta property=\"article:modified_time\" content=\"2024-10-14T14:30:11+00:00\" \/>\n<meta property=\"og:image\" content=\"http:\/\/braintainment.com\/wp-content\/uploads\/custom-tailored-solutions-1024x612.webp\" \/>\n<meta name=\"twitter:card\" content=\"summary_large_image\" \/>\n<meta name=\"twitter:label1\" content=\"Tiempo de lectura\" \/>\n\t<meta name=\"twitter:data1\" content=\"2 minutos\" \/>\n<script type=\"application\/ld+json\" class=\"yoast-schema-graph\">{\"@context\":\"https:\\\/\\\/schema.org\",\"@graph\":[{\"@type\":\"WebPage\",\"@id\":\"https:\\\/\\\/braintainment.com\\\/es\\\/custom\\\/\",\"url\":\"https:\\\/\\\/braintainment.com\\\/es\\\/custom\\\/\",\"name\":\"Custom | Braintainment\",\"isPartOf\":{\"@id\":\"https:\\\/\\\/braintainment.com\\\/es\\\/#website\"},\"primaryImageOfPage\":{\"@id\":\"https:\\\/\\\/braintainment.com\\\/es\\\/custom\\\/#primaryimage\"},\"image\":{\"@id\":\"https:\\\/\\\/braintainment.com\\\/es\\\/custom\\\/#primaryimage\"},\"thumbnailUrl\":\"http:\\\/\\\/braintainment.com\\\/wp-content\\\/uploads\\\/custom-tailored-solutions-1024x612.webp\",\"datePublished\":\"2024-04-18T10:08:50+00:00\",\"dateModified\":\"2024-10-14T14:30:11+00:00\",\"description\":\"Descubra las soluciones a medida de Keesing para mejorar su sitio web, aplicaci\u00f3n o campa\u00f1as de correo electr\u00f3nico y captar mejor a su audiencia.\",\"breadcrumb\":{\"@id\":\"https:\\\/\\\/braintainment.com\\\/es\\\/custom\\\/#breadcrumb\"},\"inLanguage\":\"es\",\"potentialAction\":[{\"@type\":\"ReadAction\",\"target\":[\"https:\\\/\\\/braintainment.com\\\/es\\\/custom\\\/\"]}]},{\"@type\":\"ImageObject\",\"inLanguage\":\"es\",\"@id\":\"https:\\\/\\\/braintainment.com\\\/es\\\/custom\\\/#primaryimage\",\"url\":\"http:\\\/\\\/braintainment.com\\\/wp-content\\\/uploads\\\/custom-tailored-solutions-1024x612.webp\",\"contentUrl\":\"http:\\\/\\\/braintainment.com\\\/wp-content\\\/uploads\\\/custom-tailored-solutions-1024x612.webp\"},{\"@type\":\"BreadcrumbList\",\"@id\":\"https:\\\/\\\/braintainment.com\\\/es\\\/custom\\\/#breadcrumb\",\"itemListElement\":[{\"@type\":\"ListItem\",\"position\":1,\"name\":\"Home\",\"item\":\"https:\\\/\\\/braintainment.com\\\/es\\\/\"},{\"@type\":\"ListItem\",\"position\":2,\"name\":\"Custom\"}]},{\"@type\":\"WebSite\",\"@id\":\"https:\\\/\\\/braintainment.com\\\/es\\\/#website\",\"url\":\"https:\\\/\\\/braintainment.com\\\/es\\\/\",\"name\":\"Braintainment\",\"description\":\"\",\"publisher\":{\"@id\":\"https:\\\/\\\/braintainment.com\\\/es\\\/#organization\"},\"potentialAction\":[{\"@type\":\"SearchAction\",\"target\":{\"@type\":\"EntryPoint\",\"urlTemplate\":\"https:\\\/\\\/braintainment.com\\\/es\\\/?s={search_term_string}\"},\"query-input\":{\"@type\":\"PropertyValueSpecification\",\"valueRequired\":true,\"valueName\":\"search_term_string\"}}],\"inLanguage\":\"es\"},{\"@type\":\"Organization\",\"@id\":\"https:\\\/\\\/braintainment.com\\\/es\\\/#organization\",\"name\":\"Braintainment\",\"url\":\"https:\\\/\\\/braintainment.com\\\/es\\\/\",\"logo\":{\"@type\":\"ImageObject\",\"inLanguage\":\"es\",\"@id\":\"https:\\\/\\\/braintainment.com\\\/es\\\/#\\\/schema\\\/logo\\\/image\\\/\",\"url\":\"https:\\\/\\\/braintainment.com\\\/wp-content\\\/uploads\\\/Logo-Braintaiment-Keesing-Color.png\",\"contentUrl\":\"https:\\\/\\\/braintainment.com\\\/wp-content\\\/uploads\\\/Logo-Braintaiment-Keesing-Color.png\",\"width\":468,\"height\":98,\"caption\":\"Braintainment\"},\"image\":{\"@id\":\"https:\\\/\\\/braintainment.com\\\/es\\\/#\\\/schema\\\/logo\\\/image\\\/\"}}]}<\/script>\n<!-- \/ Yoast SEO plugin. -->","yoast_head_json":{"title":"Custom | Braintainment","description":"Descubra las soluciones a medida de Keesing para mejorar su sitio web, aplicaci\u00f3n o campa\u00f1as de correo electr\u00f3nico y captar mejor a su audiencia.","robots":{"index":"index","follow":"follow","max-snippet":"max-snippet:-1","max-image-preview":"max-image-preview:large","max-video-preview":"max-video-preview:-1"},"canonical":"https:\/\/braintainment.com\/es\/custom\/","og_locale":"es_ES","og_type":"article","og_title":"Custom | Braintainment","og_description":"Descubra las soluciones a medida de Keesing para mejorar su sitio web, aplicaci\u00f3n o campa\u00f1as de correo electr\u00f3nico y captar mejor a su audiencia.","og_url":"https:\/\/braintainment.com\/es\/custom\/","og_site_name":"Braintainment","article_modified_time":"2024-10-14T14:30:11+00:00","og_image":[{"url":"http:\/\/braintainment.com\/wp-content\/uploads\/custom-tailored-solutions-1024x612.webp","type":"","width":"","height":""}],"twitter_card":"summary_large_image","twitter_misc":{"Tiempo de lectura":"2 minutos"},"schema":{"@context":"https:\/\/schema.org","@graph":[{"@type":"WebPage","@id":"https:\/\/braintainment.com\/es\/custom\/","url":"https:\/\/braintainment.com\/es\/custom\/","name":"Custom | Braintainment","isPartOf":{"@id":"https:\/\/braintainment.com\/es\/#website"},"primaryImageOfPage":{"@id":"https:\/\/braintainment.com\/es\/custom\/#primaryimage"},"image":{"@id":"https:\/\/braintainment.com\/es\/custom\/#primaryimage"},"thumbnailUrl":"http:\/\/braintainment.com\/wp-content\/uploads\/custom-tailored-solutions-1024x612.webp","datePublished":"2024-04-18T10:08:50+00:00","dateModified":"2024-10-14T14:30:11+00:00","description":"Descubra las soluciones a medida de Keesing para mejorar su sitio web, aplicaci\u00f3n o campa\u00f1as de correo electr\u00f3nico y captar mejor a su audiencia.","breadcrumb":{"@id":"https:\/\/braintainment.com\/es\/custom\/#breadcrumb"},"inLanguage":"es","potentialAction":[{"@type":"ReadAction","target":["https:\/\/braintainment.com\/es\/custom\/"]}]},{"@type":"ImageObject","inLanguage":"es","@id":"https:\/\/braintainment.com\/es\/custom\/#primaryimage","url":"http:\/\/braintainment.com\/wp-content\/uploads\/custom-tailored-solutions-1024x612.webp","contentUrl":"http:\/\/braintainment.com\/wp-content\/uploads\/custom-tailored-solutions-1024x612.webp"},{"@type":"BreadcrumbList","@id":"https:\/\/braintainment.com\/es\/custom\/#breadcrumb","itemListElement":[{"@type":"ListItem","position":1,"name":"Home","item":"https:\/\/braintainment.com\/es\/"},{"@type":"ListItem","position":2,"name":"Custom"}]},{"@type":"WebSite","@id":"https:\/\/braintainment.com\/es\/#website","url":"https:\/\/braintainment.com\/es\/","name":"Braintainment","description":"","publisher":{"@id":"https:\/\/braintainment.com\/es\/#organization"},"potentialAction":[{"@type":"SearchAction","target":{"@type":"EntryPoint","urlTemplate":"https:\/\/braintainment.com\/es\/?s={search_term_string}"},"query-input":{"@type":"PropertyValueSpecification","valueRequired":true,"valueName":"search_term_string"}}],"inLanguage":"es"},{"@type":"Organization","@id":"https:\/\/braintainment.com\/es\/#organization","name":"Braintainment","url":"https:\/\/braintainment.com\/es\/","logo":{"@type":"ImageObject","inLanguage":"es","@id":"https:\/\/braintainment.com\/es\/#\/schema\/logo\/image\/","url":"https:\/\/braintainment.com\/wp-content\/uploads\/Logo-Braintaiment-Keesing-Color.png","contentUrl":"https:\/\/braintainment.com\/wp-content\/uploads\/Logo-Braintaiment-Keesing-Color.png","width":468,"height":98,"caption":"Braintainment"},"image":{"@id":"https:\/\/braintainment.com\/es\/#\/schema\/logo\/image\/"}}]}},"_links":{"self":[{"href":"https:\/\/braintainment.com\/es\/wp-json\/wp\/v2\/pages\/3452","targetHints":{"allow":["GET"]}}],"collection":[{"href":"https:\/\/braintainment.com\/es\/wp-json\/wp\/v2\/pages"}],"about":[{"href":"https:\/\/braintainment.com\/es\/wp-json\/wp\/v2\/types\/page"}],"author":[{"embeddable":true,"href":"https:\/\/braintainment.com\/es\/wp-json\/wp\/v2\/users\/1"}],"replies":[{"embeddable":true,"href":"https:\/\/braintainment.com\/es\/wp-json\/wp\/v2\/comments?post=3452"}],"version-history":[{"count":1,"href":"https:\/\/braintainment.com\/es\/wp-json\/wp\/v2\/pages\/3452\/revisions"}],"predecessor-version":[{"id":3453,"href":"https:\/\/braintainment.com\/es\/wp-json\/wp\/v2\/pages\/3452\/revisions\/3453"}],"wp:attachment":[{"href":"https:\/\/braintainment.com\/es\/wp-json\/wp\/v2\/media?parent=3452"}],"curies":[{"name":"wp","href":"https:\/\/api.w.org\/{rel}","templated":true}]}}