{"id":3450,"date":"2024-04-18T09:34:41","date_gmt":"2024-04-18T09:34:41","guid":{"rendered":"https:\/\/braintainment.com\/pasatiempos-sueltos\/"},"modified":"2024-10-15T11:32:53","modified_gmt":"2024-10-15T11:32:53","slug":"pasatiempos-sueltos","status":"publish","type":"page","link":"https:\/\/braintainment.com\/es\/pasatiempos-sueltos\/","title":{"rendered":"Pasatiempos sueltos"},"content":{"rendered":"\t\t<div data-elementor-type=\"wp-page\" data-elementor-id=\"3450\" class=\"elementor elementor-3450 elementor-1744\" data-elementor-post-type=\"page\">\n\t\t\t\t\t\t<section class=\"elementor-section elementor-top-section elementor-element elementor-element-a682887 section-pagetitle vertical elementor-section-boxed elementor-section-height-default elementor-section-height-default\" data-id=\"a682887\" data-element_type=\"section\" data-e-type=\"section\">\n\t\t\t\t\t\t<div class=\"elementor-container elementor-column-gap-default\">\n\t\t\t\t\t<div class=\"elementor-column elementor-col-100 elementor-top-column elementor-element elementor-element-f4c45ed\" data-id=\"f4c45ed\" data-element_type=\"column\" data-e-type=\"column\">\n\t\t\t<div class=\"elementor-widget-wrap elementor-element-populated\">\n\t\t\t\t\t\t<div class=\"elementor-element elementor-element-df358c9 shape elementor-view-default elementor-widget elementor-widget-icon\" data-id=\"df358c9\" data-element_type=\"widget\" data-e-type=\"widget\" data-settings=\"{&quot;motion_fx_motion_fx_scrolling&quot;:&quot;yes&quot;,&quot;motion_fx_rotateZ_effect&quot;:&quot;yes&quot;,&quot;motion_fx_rotateZ_direction&quot;:&quot;negative&quot;,&quot;motion_fx_rotateZ_speed&quot;:{&quot;unit&quot;:&quot;px&quot;,&quot;size&quot;:2,&quot;sizes&quot;:[]},&quot;motion_fx_rotateZ_affectedRange&quot;:{&quot;unit&quot;:&quot;%&quot;,&quot;size&quot;:&quot;&quot;,&quot;sizes&quot;:{&quot;start&quot;:0,&quot;end&quot;:100}},&quot;motion_fx_devices&quot;:[&quot;desktop&quot;,&quot;tablet&quot;,&quot;mobile&quot;]}\" data-widget_type=\"icon.default\">\n\t\t\t\t<div class=\"elementor-widget-container\">\n\t\t\t\t\t\t\t<div class=\"elementor-icon-wrapper\">\n\t\t\t<div class=\"elementor-icon\">\n\t\t\t<svg xmlns=\"http:\/\/www.w3.org\/2000\/svg\" width=\"75\" height=\"75\" viewBox=\"0 0 75 75\"><path d=\"M54.515,71.485,37.5,54.47,20.485,71.485a12,12,0,1,1-16.97-16.97L20.529,37.5,3.515,20.485a12,12,0,0,1,16.97-16.97L37.5,20.529,54.515,3.515a12,12,0,1,1,16.97,16.97L54.47,37.5,71.485,54.515a12,12,0,0,1-16.97,16.97Z\" transform=\"translate(0 0)\" fill=\"#33baaf\"><\/path><\/svg>\t\t\t<\/div>\n\t\t<\/div>\n\t\t\t\t\t\t<\/div>\n\t\t\t\t<\/div>\n\t\t\t\t<div class=\"elementor-element elementor-element-59eb941 sub-title elementor-widget elementor-widget-heading\" data-id=\"59eb941\" data-element_type=\"widget\" data-e-type=\"widget\" data-widget_type=\"heading.default\">\n\t\t\t\t<div class=\"elementor-widget-container\">\n\t\t\t\t\t<p class=\"elementor-heading-title elementor-size-default\">Pasatiempos sueltos<\/p>\t\t\t\t<\/div>\n\t\t\t\t<\/div>\n\t\t\t\t<div class=\"elementor-element elementor-element-209db71 elementor-widget elementor-widget-text-editor\" data-id=\"209db71\" data-element_type=\"widget\" data-e-type=\"widget\" data-widget_type=\"text-editor.default\">\n\t\t\t\t<div class=\"elementor-widget-container\">\n\t\t\t\t\t\t\t\t\t<h1>A\u00f1adir un pasatiempo o juego suelto<\/h1>\n<p class=\"p1\">Keesing permite que sus socios puedan integrar f\u00e1cilmente pasatiempos o juegos sueltos en sus plataformas, tanto en sitios web y sitios web para m\u00f3viles como en aplicaciones o en cualquier otro medio. Braintainment hace que este proceso sea muy sencillo y sin complicaciones: podr\u00e1 a\u00f1adir un pasatiempo o juego a su sitio web, bolet\u00edn de noticias o cualquier otro medio al que acceda su p\u00fablico. Se logra muy buen resultado con los pasatiempos que ofrecen premios, ya que el usuario deja su correo cuando termina de resolver el juego, lo que supone una manera muy eficiente de enriquecer su base de datos y fidelizar a su p\u00fablico.<\/p>\n<p class=\"p1\">Braintainment destaca por su enfoque global. Los servicios que ofrece Keesing tienen infinidad de ventajas:<\/p>\n\t\t\t\t\t\t\t\t<\/div>\n\t\t\t\t<\/div>\n\t\t\t\t<div class=\"elementor-element elementor-element-8a482b4 shape shape-1 elementor-hidden-tablet elementor-hidden-mobile elementor-view-default elementor-widget elementor-widget-icon\" data-id=\"8a482b4\" data-element_type=\"widget\" data-e-type=\"widget\" data-settings=\"{&quot;motion_fx_motion_fx_scrolling&quot;:&quot;yes&quot;,&quot;motion_fx_translateY_effect&quot;:&quot;yes&quot;,&quot;motion_fx_translateY_speed&quot;:{&quot;unit&quot;:&quot;px&quot;,&quot;size&quot;:4,&quot;sizes&quot;:[]},&quot;motion_fx_translateY_affectedRange&quot;:{&quot;unit&quot;:&quot;%&quot;,&quot;size&quot;:&quot;&quot;,&quot;sizes&quot;:{&quot;start&quot;:0,&quot;end&quot;:100}},&quot;motion_fx_devices&quot;:[&quot;desktop&quot;,&quot;tablet&quot;,&quot;mobile&quot;]}\" data-widget_type=\"icon.default\">\n\t\t\t\t<div class=\"elementor-widget-container\">\n\t\t\t\t\t\t\t<div class=\"elementor-icon-wrapper\">\n\t\t\t<div class=\"elementor-icon\">\n\t\t\t<svg xmlns=\"http:\/\/www.w3.org\/2000\/svg\" width=\"103.249\" height=\"98.816\" viewBox=\"0 0 103.249 98.816\"><path d=\"M49.558,2.14a5,5,0,0,1,5.883,0l46.624,33.922a5,5,0,0,1,1.814,5.586l-17.812,54.9A5,5,0,0,1,81.313,100H23.687a5,5,0,0,1-4.756-3.457L1.12,41.648a5,5,0,0,1,1.814-5.586Z\" transform=\"translate(-0.875 -1.184)\" fill=\"#6a82e0\"><\/path><\/svg>\t\t\t<\/div>\n\t\t<\/div>\n\t\t\t\t\t\t<\/div>\n\t\t\t\t<\/div>\n\t\t\t\t\t<\/div>\n\t\t<\/div>\n\t\t\t\t\t<\/div>\n\t\t<\/section>\n\t\t\t\t<section class=\"elementor-section elementor-top-section elementor-element elementor-element-84bc019 section-steps single-puzzle elementor-section-boxed elementor-section-height-default elementor-section-height-default\" data-id=\"84bc019\" data-element_type=\"section\" data-e-type=\"section\">\n\t\t\t\t\t\t<div class=\"elementor-container elementor-column-gap-default\">\n\t\t\t\t\t<div class=\"elementor-column elementor-col-100 elementor-top-column elementor-element elementor-element-ed9e853\" data-id=\"ed9e853\" data-element_type=\"column\" data-e-type=\"column\">\n\t\t\t<div class=\"elementor-widget-wrap elementor-element-populated\">\n\t\t\t\t\t\t<section class=\"elementor-section elementor-inner-section elementor-element elementor-element-0449925 inner-section elementor-section-boxed elementor-section-height-default elementor-section-height-default\" data-id=\"0449925\" data-element_type=\"section\" data-e-type=\"section\">\n\t\t\t\t\t\t<div class=\"elementor-container elementor-column-gap-default\">\n\t\t\t\t\t<div class=\"elementor-column elementor-col-50 elementor-inner-column elementor-element elementor-element-f5235c9 column-step elementor-invisible\" data-id=\"f5235c9\" data-element_type=\"column\" data-e-type=\"column\" data-settings=\"{&quot;animation&quot;:&quot;fadeInUp&quot;,&quot;animation_delay&quot;:0}\">\n\t\t\t<div class=\"elementor-widget-wrap elementor-element-populated\">\n\t\t\t\t\t\t<div class=\"elementor-element elementor-element-e739162 elementor-widget elementor-widget-heading\" data-id=\"e739162\" data-element_type=\"widget\" data-e-type=\"widget\" data-widget_type=\"heading.default\">\n\t\t\t\t<div class=\"elementor-widget-container\">\n\t\t\t\t\t<p class=\"elementor-heading-title elementor-size-default\">01<\/p>\t\t\t\t<\/div>\n\t\t\t\t<\/div>\n\t\t\t\t<div class=\"elementor-element elementor-element-6461fae elementor-widget elementor-widget-text-editor\" data-id=\"6461fae\" data-element_type=\"widget\" data-e-type=\"widget\" data-widget_type=\"text-editor.default\">\n\t\t\t\t<div class=\"elementor-widget-container\">\n\t\t\t\t\t\t\t\t\t<h3>Soluciones a medida<\/h3>\n<p class=\"p1\">Encontrar\u00e1 todo lo que necesita, ya sean pasatiempos sueltos o toda una colecci\u00f3n de juegos. Nuestro equipo trabajar\u00e1 con usted para determinar el nivel de dificultad necesario, a\u00f1adir marcadores de puntuaci\u00f3n y aplicar t\u00e9cnicas de gamificaci\u00f3n que permitan aumentar la participaci\u00f3n de la audiencia.<\/p>\n\t\t\t\t\t\t\t\t<\/div>\n\t\t\t\t<\/div>\n\t\t\t\t\t<\/div>\n\t\t<\/div>\n\t\t\t\t<div class=\"elementor-column elementor-col-50 elementor-inner-column elementor-element elementor-element-b6af166 column-step elementor-invisible\" data-id=\"b6af166\" data-element_type=\"column\" data-e-type=\"column\" data-settings=\"{&quot;animation&quot;:&quot;fadeInUp&quot;,&quot;animation_delay&quot;:500}\">\n\t\t\t<div class=\"elementor-widget-wrap elementor-element-populated\">\n\t\t\t\t\t\t<div class=\"elementor-element elementor-element-d1b9160 elementor-widget elementor-widget-heading\" data-id=\"d1b9160\" data-element_type=\"widget\" data-e-type=\"widget\" data-widget_type=\"heading.default\">\n\t\t\t\t<div class=\"elementor-widget-container\">\n\t\t\t\t\t<p class=\"elementor-heading-title elementor-size-default\">02<\/p>\t\t\t\t<\/div>\n\t\t\t\t<\/div>\n\t\t\t\t<div class=\"elementor-element elementor-element-ca4b4d5 elementor-widget elementor-widget-text-editor\" data-id=\"ca4b4d5\" data-element_type=\"widget\" data-e-type=\"widget\" data-widget_type=\"text-editor.default\">\n\t\t\t\t<div class=\"elementor-widget-container\">\n\t\t\t\t\t\t\t\t\t<h3>Soporte multiling\u00fce<\/h3>\n<p>Los pasatiempos y juegos est\u00e1n disponibles en una gran variedad de idiomas, lo que garantiza que pueda llegar a p\u00fablicos de todo el mundo. Sin importar d\u00f3nde se encuentren sus usuarios, podr\u00e1n disfrutar de nuestros contenidos en su idioma preferido.<\/p>\n\t\t\t\t\t\t\t\t<\/div>\n\t\t\t\t<\/div>\n\t\t\t\t\t<\/div>\n\t\t<\/div>\n\t\t\t\t\t<\/div>\n\t\t<\/section>\n\t\t\t\t<section class=\"elementor-section elementor-inner-section elementor-element elementor-element-f559af6 inner-section second elementor-section-boxed elementor-section-height-default elementor-section-height-default\" data-id=\"f559af6\" data-element_type=\"section\" data-e-type=\"section\">\n\t\t\t\t\t\t<div class=\"elementor-container elementor-column-gap-default\">\n\t\t\t\t\t<div class=\"elementor-column elementor-col-50 elementor-inner-column elementor-element elementor-element-c4dba0a column-step elementor-invisible\" data-id=\"c4dba0a\" data-element_type=\"column\" data-e-type=\"column\" data-settings=\"{&quot;animation&quot;:&quot;fadeInUp&quot;,&quot;animation_delay&quot;:1000}\">\n\t\t\t<div class=\"elementor-widget-wrap elementor-element-populated\">\n\t\t\t\t\t\t<div class=\"elementor-element elementor-element-11c165f elementor-widget elementor-widget-heading\" data-id=\"11c165f\" data-element_type=\"widget\" data-e-type=\"widget\" data-widget_type=\"heading.default\">\n\t\t\t\t<div class=\"elementor-widget-container\">\n\t\t\t\t\t<p class=\"elementor-heading-title elementor-size-default\">03<\/p>\t\t\t\t<\/div>\n\t\t\t\t<\/div>\n\t\t\t\t<div class=\"elementor-element elementor-element-a19cd4e elementor-widget elementor-widget-text-editor\" data-id=\"a19cd4e\" data-element_type=\"widget\" data-e-type=\"widget\" data-widget_type=\"text-editor.default\">\n\t\t\t\t<div class=\"elementor-widget-container\">\n\t\t\t\t\t\t\t\t\t<h3>Integraci\u00f3n sencilla<\/h3>\n<p>Integrar el contenido de Braintainment en su plataforma es muy f\u00e1cil. Con tan solo unas pocas l\u00edneas de c\u00f3digo podr\u00e1 incorporar nuestros juegos y pasatiempos y as\u00ed ahorrar tiempo y recursos.<\/p>\n\t\t\t\t\t\t\t\t<\/div>\n\t\t\t\t<\/div>\n\t\t\t\t\t<\/div>\n\t\t<\/div>\n\t\t\t\t<div class=\"elementor-column elementor-col-50 elementor-inner-column elementor-element elementor-element-bc0f301 column-step elementor-invisible\" data-id=\"bc0f301\" data-element_type=\"column\" data-e-type=\"column\" data-settings=\"{&quot;animation&quot;:&quot;fadeInUp&quot;,&quot;animation_delay&quot;:1500}\">\n\t\t\t<div class=\"elementor-widget-wrap elementor-element-populated\">\n\t\t\t\t\t\t<div class=\"elementor-element elementor-element-e78c2bf elementor-widget elementor-widget-heading\" data-id=\"e78c2bf\" data-element_type=\"widget\" data-e-type=\"widget\" data-widget_type=\"heading.default\">\n\t\t\t\t<div class=\"elementor-widget-container\">\n\t\t\t\t\t<p class=\"elementor-heading-title elementor-size-default\">04<\/p>\t\t\t\t<\/div>\n\t\t\t\t<\/div>\n\t\t\t\t<div class=\"elementor-element elementor-element-07d66eb elementor-widget elementor-widget-text-editor\" data-id=\"07d66eb\" data-element_type=\"widget\" data-e-type=\"widget\" data-widget_type=\"text-editor.default\">\n\t\t\t\t<div class=\"elementor-widget-container\">\n\t\t\t\t\t\t\t\t\t<h3>Niveles de dificultad variados<\/h3>\n<p>Dise\u00f1amos una gran variedad de niveles de dificultad que se adaptan a todos los p\u00fablicos: desde sencillos juegos para principiantes hasta complejos juegos para los m\u00e1s expertos. De esta manera, los pasatiempos se adaptan a las necesidades de los usuarios y se consigue un producto dise\u00f1ado a medida.<\/p>\n\t\t\t\t\t\t\t\t<\/div>\n\t\t\t\t<\/div>\n\t\t\t\t\t<\/div>\n\t\t<\/div>\n\t\t\t\t\t<\/div>\n\t\t<\/section>\n\t\t\t\t\t<\/div>\n\t\t<\/div>\n\t\t\t\t\t<\/div>\n\t\t<\/section>\n\t\t\t\t<section class=\"elementor-section elementor-top-section elementor-element elementor-element-679f28d section-content-image single-puzzle elementor-section-boxed elementor-section-height-default elementor-section-height-default\" data-id=\"679f28d\" data-element_type=\"section\" data-e-type=\"section\">\n\t\t\t\t\t\t<div class=\"elementor-container elementor-column-gap-default\">\n\t\t\t\t\t<div class=\"elementor-column elementor-col-50 elementor-top-column elementor-element elementor-element-c1f3fc1 column-content\" data-id=\"c1f3fc1\" data-element_type=\"column\" data-e-type=\"column\">\n\t\t\t<div class=\"elementor-widget-wrap elementor-element-populated\">\n\t\t\t\t\t\t<div class=\"elementor-element elementor-element-8456004 sub-title elementor-widget elementor-widget-heading\" data-id=\"8456004\" data-element_type=\"widget\" data-e-type=\"widget\" data-widget_type=\"heading.default\">\n\t\t\t\t<div class=\"elementor-widget-container\">\n\t\t\t\t\t<p class=\"elementor-heading-title elementor-size-default\">Pasatiempos sueltos<\/p>\t\t\t\t<\/div>\n\t\t\t\t<\/div>\n\t\t\t\t<div class=\"elementor-element elementor-element-57b4142 elementor-widget elementor-widget-text-editor\" data-id=\"57b4142\" data-element_type=\"widget\" data-e-type=\"widget\" data-widget_type=\"text-editor.default\">\n\t\t\t\t<div class=\"elementor-widget-container\">\n\t\t\t\t\t\t\t\t\t<h2>Estamos aqu\u00ed para ayudarle<\/h2><p>Keesing puede ayudarle a mejorar su plataforma con los atractivos contenidos de Braintainment. La integraci\u00f3n ser\u00e1 muy sencilla, para que usted solo deba centrarse en su audiencia. Contacte con nosotros hoy mismo para obtener m\u00e1s informaci\u00f3n sobre c\u00f3mo podemos mejorar su plataforma con Braintainment.<\/p>\t\t\t\t\t\t\t\t<\/div>\n\t\t\t\t<\/div>\n\t\t\t\t<div class=\"elementor-element elementor-element-44da132 elementor-widget elementor-widget-button\" data-id=\"44da132\" data-element_type=\"widget\" data-e-type=\"widget\" data-settings=\"{&quot;enabled_visibility&quot;:&quot;yes&quot;,&quot;dce_visibility_selected&quot;:&quot;hide&quot;}\" data-widget_type=\"button.default\">\n\t\t\t\t<div class=\"elementor-widget-container\">\n\t\t\t\t\t\t\t\t\t<div class=\"elementor-button-wrapper\">\n\t\t\t\t\t<a class=\"elementor-button elementor-button-link elementor-size-sm\" href=\"https:\/\/braintainment.com\/es\/solicitar-demo\/\">\n\t\t\t\t\t\t<span class=\"elementor-button-content-wrapper\">\n\t\t\t\t\t\t\t\t\t<span class=\"elementor-button-text\">SOLICITAR DEMO<\/span>\n\t\t\t\t\t<\/span>\n\t\t\t\t\t<\/a>\n\t\t\t\t<\/div>\n\t\t\t\t\t\t\t\t<\/div>\n\t\t\t\t<\/div>\n\t\t<!-- dce invisible element 8850cd8 -->\t\t\t<\/div>\n\t\t<\/div>\n\t\t\t\t<div class=\"elementor-column elementor-col-50 elementor-top-column elementor-element elementor-element-ea5803f column-image\" data-id=\"ea5803f\" data-element_type=\"column\" data-e-type=\"column\">\n\t\t\t<div class=\"elementor-widget-wrap elementor-element-populated\">\n\t\t\t\t\t\t<div class=\"elementor-element elementor-element-645734d elementor-widget elementor-widget-image\" data-id=\"645734d\" data-element_type=\"widget\" data-e-type=\"widget\" data-widget_type=\"image.default\">\n\t\t\t\t<div class=\"elementor-widget-container\">\n\t\t\t\t\t\t\t\t\t\t\t\t\t\t\t<img fetchpriority=\"high\" decoding=\"async\" width=\"800\" height=\"361\" src=\"https:\/\/braintainment.com\/wp-content\/uploads\/single-puzzle-1024x462.webp\" class=\"attachment-large size-large wp-image-3018\" alt=\"Puzzels visual van het spel en integratie\" srcset=\"https:\/\/braintainment.com\/wp-content\/uploads\/single-puzzle-1024x462.webp 1024w, https:\/\/braintainment.com\/wp-content\/uploads\/single-puzzle-300x135.webp 300w, https:\/\/braintainment.com\/wp-content\/uploads\/single-puzzle-768x346.webp 768w, https:\/\/braintainment.com\/wp-content\/uploads\/single-puzzle-1536x693.webp 1536w, https:\/\/braintainment.com\/wp-content\/uploads\/single-puzzle.webp 1570w\" sizes=\"(max-width: 800px) 100vw, 800px\" \/>\t\t\t\t\t\t\t\t\t\t\t\t\t\t\t<\/div>\n\t\t\t\t<\/div>\n\t\t\t\t\t<\/div>\n\t\t<\/div>\n\t\t\t\t\t<\/div>\n\t\t<\/section>\n\t\t\t\t<\/div>\n\t\t","protected":false},"excerpt":{"rendered":"<p>Pasatiempos sueltos A\u00f1adir un pasatiempo o juego suelto Keesing permite que sus socios puedan integrar f\u00e1cilmente pasatiempos o juegos sueltos en sus plataformas, tanto en sitios web y sitios web para m\u00f3viles como en aplicaciones o en cualquier otro medio. Braintainment hace que este proceso sea muy sencillo y sin complicaciones: podr\u00e1 a\u00f1adir un pasatiempo [&hellip;]<\/p>\n","protected":false},"author":1,"featured_media":0,"parent":0,"menu_order":0,"comment_status":"closed","ping_status":"closed","template":"","meta":{"_acf_changed":false,"footnotes":""},"class_list":["post-3450","page","type-page","status-publish","hentry"],"acf":[],"yoast_head":"<!-- This site is optimized with the Yoast SEO plugin v27.4 - https:\/\/yoast.com\/product\/yoast-seo-wordpress\/ -->\n<title>Pasatiempos sueltos | Braintainment<\/title>\n<meta name=\"description\" content=\"A\u00f1ada f\u00e1cilmente un puzzle o juego individual a su sitio web o aplicaci\u00f3n con las innovadoras soluciones Braintainment de Keesing.\" \/>\n<meta name=\"robots\" content=\"index, follow, max-snippet:-1, max-image-preview:large, max-video-preview:-1\" \/>\n<link rel=\"canonical\" href=\"https:\/\/braintainment.com\/es\/pasatiempos-sueltos\/\" \/>\n<meta property=\"og:locale\" content=\"es_ES\" \/>\n<meta property=\"og:type\" content=\"article\" \/>\n<meta property=\"og:title\" content=\"Pasatiempos sueltos | Braintainment\" \/>\n<meta property=\"og:description\" content=\"A\u00f1ada f\u00e1cilmente un puzzle o juego individual a su sitio web o aplicaci\u00f3n con las innovadoras soluciones Braintainment de Keesing.\" \/>\n<meta property=\"og:url\" content=\"https:\/\/braintainment.com\/es\/pasatiempos-sueltos\/\" \/>\n<meta property=\"og:site_name\" content=\"Braintainment\" \/>\n<meta property=\"article:modified_time\" content=\"2024-10-15T11:32:53+00:00\" \/>\n<meta property=\"og:image\" content=\"http:\/\/braintainment.com\/wp-content\/uploads\/single-puzzle-1024x462.webp\" \/>\n<meta name=\"twitter:card\" content=\"summary_large_image\" \/>\n<meta name=\"twitter:label1\" content=\"Tiempo de lectura\" \/>\n\t<meta name=\"twitter:data1\" content=\"2 minutos\" \/>\n<script type=\"application\/ld+json\" class=\"yoast-schema-graph\">{\"@context\":\"https:\\\/\\\/schema.org\",\"@graph\":[{\"@type\":\"WebPage\",\"@id\":\"https:\\\/\\\/braintainment.com\\\/es\\\/pasatiempos-sueltos\\\/\",\"url\":\"https:\\\/\\\/braintainment.com\\\/es\\\/pasatiempos-sueltos\\\/\",\"name\":\"Pasatiempos sueltos | Braintainment\",\"isPartOf\":{\"@id\":\"https:\\\/\\\/braintainment.com\\\/es\\\/#website\"},\"primaryImageOfPage\":{\"@id\":\"https:\\\/\\\/braintainment.com\\\/es\\\/pasatiempos-sueltos\\\/#primaryimage\"},\"image\":{\"@id\":\"https:\\\/\\\/braintainment.com\\\/es\\\/pasatiempos-sueltos\\\/#primaryimage\"},\"thumbnailUrl\":\"http:\\\/\\\/braintainment.com\\\/wp-content\\\/uploads\\\/single-puzzle-1024x462.webp\",\"datePublished\":\"2024-04-18T09:34:41+00:00\",\"dateModified\":\"2024-10-15T11:32:53+00:00\",\"description\":\"A\u00f1ada f\u00e1cilmente un puzzle o juego individual a su sitio web o aplicaci\u00f3n con las innovadoras soluciones Braintainment de Keesing.\",\"breadcrumb\":{\"@id\":\"https:\\\/\\\/braintainment.com\\\/es\\\/pasatiempos-sueltos\\\/#breadcrumb\"},\"inLanguage\":\"es\",\"potentialAction\":[{\"@type\":\"ReadAction\",\"target\":[\"https:\\\/\\\/braintainment.com\\\/es\\\/pasatiempos-sueltos\\\/\"]}]},{\"@type\":\"ImageObject\",\"inLanguage\":\"es\",\"@id\":\"https:\\\/\\\/braintainment.com\\\/es\\\/pasatiempos-sueltos\\\/#primaryimage\",\"url\":\"http:\\\/\\\/braintainment.com\\\/wp-content\\\/uploads\\\/single-puzzle-1024x462.webp\",\"contentUrl\":\"http:\\\/\\\/braintainment.com\\\/wp-content\\\/uploads\\\/single-puzzle-1024x462.webp\"},{\"@type\":\"BreadcrumbList\",\"@id\":\"https:\\\/\\\/braintainment.com\\\/es\\\/pasatiempos-sueltos\\\/#breadcrumb\",\"itemListElement\":[{\"@type\":\"ListItem\",\"position\":1,\"name\":\"Home\",\"item\":\"https:\\\/\\\/braintainment.com\\\/es\\\/\"},{\"@type\":\"ListItem\",\"position\":2,\"name\":\"Pasatiempos sueltos\"}]},{\"@type\":\"WebSite\",\"@id\":\"https:\\\/\\\/braintainment.com\\\/es\\\/#website\",\"url\":\"https:\\\/\\\/braintainment.com\\\/es\\\/\",\"name\":\"Braintainment\",\"description\":\"\",\"publisher\":{\"@id\":\"https:\\\/\\\/braintainment.com\\\/es\\\/#organization\"},\"potentialAction\":[{\"@type\":\"SearchAction\",\"target\":{\"@type\":\"EntryPoint\",\"urlTemplate\":\"https:\\\/\\\/braintainment.com\\\/es\\\/?s={search_term_string}\"},\"query-input\":{\"@type\":\"PropertyValueSpecification\",\"valueRequired\":true,\"valueName\":\"search_term_string\"}}],\"inLanguage\":\"es\"},{\"@type\":\"Organization\",\"@id\":\"https:\\\/\\\/braintainment.com\\\/es\\\/#organization\",\"name\":\"Braintainment\",\"url\":\"https:\\\/\\\/braintainment.com\\\/es\\\/\",\"logo\":{\"@type\":\"ImageObject\",\"inLanguage\":\"es\",\"@id\":\"https:\\\/\\\/braintainment.com\\\/es\\\/#\\\/schema\\\/logo\\\/image\\\/\",\"url\":\"https:\\\/\\\/braintainment.com\\\/wp-content\\\/uploads\\\/Logo-Braintaiment-Keesing-Color.png\",\"contentUrl\":\"https:\\\/\\\/braintainment.com\\\/wp-content\\\/uploads\\\/Logo-Braintaiment-Keesing-Color.png\",\"width\":468,\"height\":98,\"caption\":\"Braintainment\"},\"image\":{\"@id\":\"https:\\\/\\\/braintainment.com\\\/es\\\/#\\\/schema\\\/logo\\\/image\\\/\"}}]}<\/script>\n<!-- \/ Yoast SEO plugin. -->","yoast_head_json":{"title":"Pasatiempos sueltos | Braintainment","description":"A\u00f1ada f\u00e1cilmente un puzzle o juego individual a su sitio web o aplicaci\u00f3n con las innovadoras soluciones Braintainment de Keesing.","robots":{"index":"index","follow":"follow","max-snippet":"max-snippet:-1","max-image-preview":"max-image-preview:large","max-video-preview":"max-video-preview:-1"},"canonical":"https:\/\/braintainment.com\/es\/pasatiempos-sueltos\/","og_locale":"es_ES","og_type":"article","og_title":"Pasatiempos sueltos | Braintainment","og_description":"A\u00f1ada f\u00e1cilmente un puzzle o juego individual a su sitio web o aplicaci\u00f3n con las innovadoras soluciones Braintainment de Keesing.","og_url":"https:\/\/braintainment.com\/es\/pasatiempos-sueltos\/","og_site_name":"Braintainment","article_modified_time":"2024-10-15T11:32:53+00:00","og_image":[{"url":"http:\/\/braintainment.com\/wp-content\/uploads\/single-puzzle-1024x462.webp","type":"","width":"","height":""}],"twitter_card":"summary_large_image","twitter_misc":{"Tiempo de lectura":"2 minutos"},"schema":{"@context":"https:\/\/schema.org","@graph":[{"@type":"WebPage","@id":"https:\/\/braintainment.com\/es\/pasatiempos-sueltos\/","url":"https:\/\/braintainment.com\/es\/pasatiempos-sueltos\/","name":"Pasatiempos sueltos | Braintainment","isPartOf":{"@id":"https:\/\/braintainment.com\/es\/#website"},"primaryImageOfPage":{"@id":"https:\/\/braintainment.com\/es\/pasatiempos-sueltos\/#primaryimage"},"image":{"@id":"https:\/\/braintainment.com\/es\/pasatiempos-sueltos\/#primaryimage"},"thumbnailUrl":"http:\/\/braintainment.com\/wp-content\/uploads\/single-puzzle-1024x462.webp","datePublished":"2024-04-18T09:34:41+00:00","dateModified":"2024-10-15T11:32:53+00:00","description":"A\u00f1ada f\u00e1cilmente un puzzle o juego individual a su sitio web o aplicaci\u00f3n con las innovadoras soluciones Braintainment de Keesing.","breadcrumb":{"@id":"https:\/\/braintainment.com\/es\/pasatiempos-sueltos\/#breadcrumb"},"inLanguage":"es","potentialAction":[{"@type":"ReadAction","target":["https:\/\/braintainment.com\/es\/pasatiempos-sueltos\/"]}]},{"@type":"ImageObject","inLanguage":"es","@id":"https:\/\/braintainment.com\/es\/pasatiempos-sueltos\/#primaryimage","url":"http:\/\/braintainment.com\/wp-content\/uploads\/single-puzzle-1024x462.webp","contentUrl":"http:\/\/braintainment.com\/wp-content\/uploads\/single-puzzle-1024x462.webp"},{"@type":"BreadcrumbList","@id":"https:\/\/braintainment.com\/es\/pasatiempos-sueltos\/#breadcrumb","itemListElement":[{"@type":"ListItem","position":1,"name":"Home","item":"https:\/\/braintainment.com\/es\/"},{"@type":"ListItem","position":2,"name":"Pasatiempos sueltos"}]},{"@type":"WebSite","@id":"https:\/\/braintainment.com\/es\/#website","url":"https:\/\/braintainment.com\/es\/","name":"Braintainment","description":"","publisher":{"@id":"https:\/\/braintainment.com\/es\/#organization"},"potentialAction":[{"@type":"SearchAction","target":{"@type":"EntryPoint","urlTemplate":"https:\/\/braintainment.com\/es\/?s={search_term_string}"},"query-input":{"@type":"PropertyValueSpecification","valueRequired":true,"valueName":"search_term_string"}}],"inLanguage":"es"},{"@type":"Organization","@id":"https:\/\/braintainment.com\/es\/#organization","name":"Braintainment","url":"https:\/\/braintainment.com\/es\/","logo":{"@type":"ImageObject","inLanguage":"es","@id":"https:\/\/braintainment.com\/es\/#\/schema\/logo\/image\/","url":"https:\/\/braintainment.com\/wp-content\/uploads\/Logo-Braintaiment-Keesing-Color.png","contentUrl":"https:\/\/braintainment.com\/wp-content\/uploads\/Logo-Braintaiment-Keesing-Color.png","width":468,"height":98,"caption":"Braintainment"},"image":{"@id":"https:\/\/braintainment.com\/es\/#\/schema\/logo\/image\/"}}]}},"_links":{"self":[{"href":"https:\/\/braintainment.com\/es\/wp-json\/wp\/v2\/pages\/3450","targetHints":{"allow":["GET"]}}],"collection":[{"href":"https:\/\/braintainment.com\/es\/wp-json\/wp\/v2\/pages"}],"about":[{"href":"https:\/\/braintainment.com\/es\/wp-json\/wp\/v2\/types\/page"}],"author":[{"embeddable":true,"href":"https:\/\/braintainment.com\/es\/wp-json\/wp\/v2\/users\/1"}],"replies":[{"embeddable":true,"href":"https:\/\/braintainment.com\/es\/wp-json\/wp\/v2\/comments?post=3450"}],"version-history":[{"count":5,"href":"https:\/\/braintainment.com\/es\/wp-json\/wp\/v2\/pages\/3450\/revisions"}],"predecessor-version":[{"id":3747,"href":"https:\/\/braintainment.com\/es\/wp-json\/wp\/v2\/pages\/3450\/revisions\/3747"}],"wp:attachment":[{"href":"https:\/\/braintainment.com\/es\/wp-json\/wp\/v2\/media?parent=3450"}],"curies":[{"name":"wp","href":"https:\/\/api.w.org\/{rel}","templated":true}]}}