{"id":3448,"date":"2024-04-18T09:09:48","date_gmt":"2024-04-18T09:09:48","guid":{"rendered":"https:\/\/braintainment.com\/vertical\/"},"modified":"2024-10-15T11:32:33","modified_gmt":"2024-10-15T11:32:33","slug":"vertical","status":"publish","type":"page","link":"https:\/\/braintainment.com\/es\/vertical\/","title":{"rendered":"Vertical"},"content":{"rendered":"\t\t<div data-elementor-type=\"wp-page\" data-elementor-id=\"3448\" class=\"elementor elementor-3448 elementor-1720\" data-elementor-post-type=\"page\">\n\t\t\t\t\t\t<section class=\"elementor-section elementor-top-section elementor-element elementor-element-a682887 section-pagetitle vertical elementor-section-boxed elementor-section-height-default elementor-section-height-default\" data-id=\"a682887\" data-element_type=\"section\" data-e-type=\"section\">\n\t\t\t\t\t\t<div class=\"elementor-container elementor-column-gap-default\">\n\t\t\t\t\t<div class=\"elementor-column elementor-col-100 elementor-top-column elementor-element elementor-element-f4c45ed\" data-id=\"f4c45ed\" data-element_type=\"column\" data-e-type=\"column\">\n\t\t\t<div class=\"elementor-widget-wrap elementor-element-populated\">\n\t\t\t\t\t\t<div class=\"elementor-element elementor-element-df358c9 shape elementor-view-default elementor-widget elementor-widget-icon\" data-id=\"df358c9\" data-element_type=\"widget\" data-e-type=\"widget\" data-settings=\"{&quot;motion_fx_motion_fx_scrolling&quot;:&quot;yes&quot;,&quot;motion_fx_rotateZ_effect&quot;:&quot;yes&quot;,&quot;motion_fx_rotateZ_direction&quot;:&quot;negative&quot;,&quot;motion_fx_rotateZ_speed&quot;:{&quot;unit&quot;:&quot;px&quot;,&quot;size&quot;:3,&quot;sizes&quot;:[]},&quot;motion_fx_rotateZ_affectedRange&quot;:{&quot;unit&quot;:&quot;%&quot;,&quot;size&quot;:&quot;&quot;,&quot;sizes&quot;:{&quot;start&quot;:0,&quot;end&quot;:100}},&quot;motion_fx_devices&quot;:[&quot;desktop&quot;,&quot;tablet&quot;,&quot;mobile&quot;]}\" data-widget_type=\"icon.default\">\n\t\t\t\t<div class=\"elementor-widget-container\">\n\t\t\t\t\t\t\t<div class=\"elementor-icon-wrapper\">\n\t\t\t<div class=\"elementor-icon\">\n\t\t\t<svg xmlns=\"http:\/\/www.w3.org\/2000\/svg\" width=\"143.014\" height=\"138.379\" viewBox=\"0 0 143.014 138.379\"><path d=\"M46.125,138.379h0a71.428,71.428,0,1,1,50.765,0L71.507,80.151,46.126,138.379Z\" fill=\"#fc9335\"><\/path><\/svg>\t\t\t<\/div>\n\t\t<\/div>\n\t\t\t\t\t\t<\/div>\n\t\t\t\t<\/div>\n\t\t\t\t<div class=\"elementor-element elementor-element-59eb941 sub-title elementor-widget elementor-widget-heading\" data-id=\"59eb941\" data-element_type=\"widget\" data-e-type=\"widget\" data-widget_type=\"heading.default\">\n\t\t\t\t<div class=\"elementor-widget-container\">\n\t\t\t\t\t<p class=\"elementor-heading-title elementor-size-default\">Vertical<\/p>\t\t\t\t<\/div>\n\t\t\t\t<\/div>\n\t\t\t\t<div class=\"elementor-element elementor-element-209db71 elementor-widget elementor-widget-text-editor\" data-id=\"209db71\" data-element_type=\"widget\" data-e-type=\"widget\" data-widget_type=\"text-editor.default\">\n\t\t\t\t<div class=\"elementor-widget-container\">\n\t\t\t\t\t\t\t\t\t<h1>Cree su propia vertical<\/h1>\n<p class=\"p1\">La plataforma Braintainment ofrece a sus clientes la oportunidad de crear su propia vertical de juegos y pasatiempos para publicar en l\u00ednea.<\/p>\n<p class=\"p1\">Centralizando el contenido m\u00e1s atractivo y posicion\u00e1ndolo estrat\u00e9gicamente dentro de su p\u00e1gina web promover\u00e1 la adquisici\u00f3n de un h\u00e1bito diario entre los usuarios y, por tanto, el desarrollo de una clientela leal y fidelizada.<\/p>\n<p class=\"p1\">El contenido de Braintainment est\u00e1 dise\u00f1ado para proporcionar una experiencia inmersiva y agradable, lo cual lleva a los usuarios a revisitar el sitio con asiduidad.<\/p>\n<p class=\"p1\">Keesing ha sido testigo directo del \u00e9xito que proporciona este enfoque vertical. Aunando estad\u00edsticas personalizadas y t\u00e9cnicas de gamificaci\u00f3n, nos aseguramos de que los usuarios contin\u00faen motivados para interactuar con el contenido regularmente.<\/p>\n<p class=\"p1\">Nuestros juegos y pasatiempos est\u00e1n disponibles en una amplia variedad de idiomas y niveles de dificultad, y a ellos acceden usuarios de todos los rincones del planeta. Esta amplia gama permite que disfruten de ellos tanto los principiantes como los jugadores m\u00e1s experimentados.<\/p>\n\t\t\t\t\t\t\t\t<\/div>\n\t\t\t\t<\/div>\n\t\t\t\t<div class=\"elementor-element elementor-element-8a482b4 shape shape-1 elementor-hidden-tablet elementor-hidden-mobile elementor-view-default elementor-widget elementor-widget-icon\" data-id=\"8a482b4\" data-element_type=\"widget\" data-e-type=\"widget\" data-settings=\"{&quot;motion_fx_motion_fx_scrolling&quot;:&quot;yes&quot;,&quot;motion_fx_scale_effect&quot;:&quot;yes&quot;,&quot;motion_fx_scale_speed&quot;:{&quot;unit&quot;:&quot;px&quot;,&quot;size&quot;:7,&quot;sizes&quot;:[]},&quot;motion_fx_scale_direction&quot;:&quot;in-out&quot;,&quot;motion_fx_scale_range&quot;:{&quot;unit&quot;:&quot;%&quot;,&quot;size&quot;:&quot;&quot;,&quot;sizes&quot;:{&quot;start&quot;:20,&quot;end&quot;:80}},&quot;motion_fx_devices&quot;:[&quot;desktop&quot;,&quot;tablet&quot;,&quot;mobile&quot;]}\" data-widget_type=\"icon.default\">\n\t\t\t\t<div class=\"elementor-widget-container\">\n\t\t\t\t\t\t\t<div class=\"elementor-icon-wrapper\">\n\t\t\t<div class=\"elementor-icon\">\n\t\t\t<svg xmlns=\"http:\/\/www.w3.org\/2000\/svg\" width=\"98.443\" height=\"94.228\" viewBox=\"0 0 98.443 94.228\"><path d=\"M48.4,5.857a5,5,0,0,1,8.194,0L71.2,26.733a5,5,0,0,0,2.632,1.915l24.35,7.46a5,5,0,0,1,2.531,7.786L85.388,64.27a5,5,0,0,0-1,3.092l.439,25.5A5,5,0,0,1,78.2,97.674L54.129,89.381a5,5,0,0,0-3.258,0L26.8,97.674a5,5,0,0,1-6.628-4.813l.439-25.5a5,5,0,0,0-1-3.092L4.286,43.894a5,5,0,0,1,2.531-7.786l24.35-7.46A5,5,0,0,0,33.8,26.733Z\" transform=\"translate(-3.278 -3.723)\" fill=\"#ff86ab\"><\/path><\/svg>\t\t\t<\/div>\n\t\t<\/div>\n\t\t\t\t\t\t<\/div>\n\t\t\t\t<\/div>\n\t\t\t\t\t<\/div>\n\t\t<\/div>\n\t\t\t\t\t<\/div>\n\t\t<\/section>\n\t\t\t\t<section class=\"elementor-section elementor-top-section elementor-element elementor-element-679f28d section-image-content vertical elementor-reverse-tablet elementor-reverse-mobile elementor-section-boxed elementor-section-height-default elementor-section-height-default\" data-id=\"679f28d\" data-element_type=\"section\" data-e-type=\"section\">\n\t\t\t\t\t\t<div class=\"elementor-container elementor-column-gap-default\">\n\t\t\t\t\t<div class=\"elementor-column elementor-col-50 elementor-top-column elementor-element elementor-element-ea5803f column-image\" data-id=\"ea5803f\" data-element_type=\"column\" data-e-type=\"column\">\n\t\t\t<div class=\"elementor-widget-wrap elementor-element-populated\">\n\t\t\t\t\t\t<div class=\"elementor-element elementor-element-645734d elementor-widget elementor-widget-image\" data-id=\"645734d\" data-element_type=\"widget\" data-e-type=\"widget\" data-widget_type=\"image.default\">\n\t\t\t\t<div class=\"elementor-widget-container\">\n\t\t\t\t\t\t\t\t\t\t\t\t\t\t\t<img fetchpriority=\"high\" decoding=\"async\" width=\"800\" height=\"396\" src=\"https:\/\/braintainment.com\/wp-content\/uploads\/vertical-1024x507.webp\" class=\"attachment-large size-large wp-image-3011\" alt=\"Puzzels visual van het spel en integratie\" srcset=\"https:\/\/braintainment.com\/wp-content\/uploads\/vertical-1024x507.webp 1024w, https:\/\/braintainment.com\/wp-content\/uploads\/vertical-300x149.webp 300w, https:\/\/braintainment.com\/wp-content\/uploads\/vertical-768x380.webp 768w, https:\/\/braintainment.com\/wp-content\/uploads\/vertical-1536x761.webp 1536w, https:\/\/braintainment.com\/wp-content\/uploads\/vertical.webp 1650w\" sizes=\"(max-width: 800px) 100vw, 800px\" \/>\t\t\t\t\t\t\t\t\t\t\t\t\t\t\t<\/div>\n\t\t\t\t<\/div>\n\t\t\t\t<div class=\"elementor-element elementor-element-50e9fd8 shape shape-2 elementor-view-default elementor-widget elementor-widget-icon\" data-id=\"50e9fd8\" data-element_type=\"widget\" data-e-type=\"widget\" data-settings=\"{&quot;motion_fx_motion_fx_scrolling&quot;:&quot;yes&quot;,&quot;motion_fx_translateY_effect&quot;:&quot;yes&quot;,&quot;motion_fx_translateY_direction&quot;:&quot;negative&quot;,&quot;motion_fx_translateY_speed&quot;:{&quot;unit&quot;:&quot;px&quot;,&quot;size&quot;:2,&quot;sizes&quot;:[]},&quot;motion_fx_translateY_affectedRange&quot;:{&quot;unit&quot;:&quot;%&quot;,&quot;size&quot;:&quot;&quot;,&quot;sizes&quot;:{&quot;start&quot;:0,&quot;end&quot;:100}},&quot;motion_fx_devices&quot;:[&quot;desktop&quot;,&quot;tablet&quot;,&quot;mobile&quot;]}\" data-widget_type=\"icon.default\">\n\t\t\t\t<div class=\"elementor-widget-container\">\n\t\t\t\t\t\t\t<div class=\"elementor-icon-wrapper\">\n\t\t\t<div class=\"elementor-icon\">\n\t\t\t<svg xmlns=\"http:\/\/www.w3.org\/2000\/svg\" width=\"76.393\" height=\"67.812\" viewBox=\"0 0 76.393 67.812\"><path d=\"M35.229,8.772a7.7,7.7,0,0,1,13.306,0l30.489,52.42a7.7,7.7,0,0,1-6.653,11.566H11.393A7.7,7.7,0,0,1,4.74,61.191Z\" transform=\"translate(-3.686 -4.945)\" fill=\"#dfe5f8\"><\/path><\/svg>\t\t\t<\/div>\n\t\t<\/div>\n\t\t\t\t\t\t<\/div>\n\t\t\t\t<\/div>\n\t\t\t\t\t<\/div>\n\t\t<\/div>\n\t\t\t\t<div class=\"elementor-column elementor-col-50 elementor-top-column elementor-element elementor-element-c1f3fc1 column-content\" data-id=\"c1f3fc1\" data-element_type=\"column\" data-e-type=\"column\">\n\t\t\t<div class=\"elementor-widget-wrap elementor-element-populated\">\n\t\t\t\t\t\t<div class=\"elementor-element elementor-element-8456004 sub-title elementor-widget elementor-widget-heading\" data-id=\"8456004\" data-element_type=\"widget\" data-e-type=\"widget\" data-widget_type=\"heading.default\">\n\t\t\t\t<div class=\"elementor-widget-container\">\n\t\t\t\t\t<p class=\"elementor-heading-title elementor-size-default\">Vertical<\/p>\t\t\t\t<\/div>\n\t\t\t\t<\/div>\n\t\t\t\t<div class=\"elementor-element elementor-element-57b4142 elementor-widget elementor-widget-text-editor\" data-id=\"57b4142\" data-element_type=\"widget\" data-e-type=\"widget\" data-widget_type=\"text-editor.default\">\n\t\t\t\t<div class=\"elementor-widget-container\">\n\t\t\t\t\t\t\t\t\t<h2>\u00bfY qu\u00e9 m\u00e1s?<\/h2>\r\n<p class=\"p1\">Braintainment ofrece contenidos totalmente personalizables. Podr\u00e1 adaptar cualquier elemento al estilo e identidad de su empresa, desde el dise\u00f1o y la maquetaci\u00f3n hasta la marca y los mensajes. Trabajamos junto a nuestros socios para conseguir un resultado adaptado a sus necesidades.<\/p>\r\n<p class=\"p1\">Un nuevo mundo de experiencias emocionantes y clientes fidelizados es posible gracias Braintainment y Keesing. Contacte con nosotros hoy mismo para saber c\u00f3mo nuestra plataforma puede ayudarle a crear y enriquecer su base de datos de usuarios fidelizados.<\/p>\t\t\t\t\t\t\t\t<\/div>\n\t\t\t\t<\/div>\n\t\t\t\t<div class=\"elementor-element elementor-element-44da132 elementor-widget elementor-widget-button\" data-id=\"44da132\" data-element_type=\"widget\" data-e-type=\"widget\" data-settings=\"{&quot;enabled_visibility&quot;:&quot;yes&quot;,&quot;dce_visibility_selected&quot;:&quot;hide&quot;}\" data-widget_type=\"button.default\">\n\t\t\t\t<div class=\"elementor-widget-container\">\n\t\t\t\t\t\t\t\t\t<div class=\"elementor-button-wrapper\">\n\t\t\t\t\t<a class=\"elementor-button elementor-button-link elementor-size-sm\" href=\"https:\/\/braintainment.com\/es\/solicitar-demo\/\">\n\t\t\t\t\t\t<span class=\"elementor-button-content-wrapper\">\n\t\t\t\t\t\t\t\t\t<span class=\"elementor-button-text\">SOLICITAR DEMO<\/span>\n\t\t\t\t\t<\/span>\n\t\t\t\t\t<\/a>\n\t\t\t\t<\/div>\n\t\t\t\t\t\t\t\t<\/div>\n\t\t\t\t<\/div>\n\t\t<!-- dce invisible element 8850cd8 -->\t\t\t<\/div>\n\t\t<\/div>\n\t\t\t\t\t<\/div>\n\t\t<\/section>\n\t\t\t\t<\/div>\n\t\t","protected":false},"excerpt":{"rendered":"<p>Vertical Cree su propia vertical La plataforma Braintainment ofrece a sus clientes la oportunidad de crear su propia vertical de juegos y pasatiempos para publicar en l\u00ednea. Centralizando el contenido m\u00e1s atractivo y posicion\u00e1ndolo estrat\u00e9gicamente dentro de su p\u00e1gina web promover\u00e1 la adquisici\u00f3n de un h\u00e1bito diario entre los usuarios y, por tanto, el desarrollo [&hellip;]<\/p>\n","protected":false},"author":1,"featured_media":0,"parent":0,"menu_order":0,"comment_status":"closed","ping_status":"closed","template":"","meta":{"_acf_changed":false,"footnotes":""},"class_list":["post-3448","page","type-page","status-publish","hentry"],"acf":[],"yoast_head":"<!-- This site is optimized with the Yoast SEO plugin v27.4 - https:\/\/yoast.com\/product\/yoast-seo-wordpress\/ -->\n<title>Vertical | Braintainment<\/title>\n<meta name=\"description\" content=\"Crea tu propia vertical de juegos y puzzles con Braintainment. Centralice contenidos atractivos y fidelice a sus clientes.\" \/>\n<meta name=\"robots\" content=\"index, follow, max-snippet:-1, max-image-preview:large, max-video-preview:-1\" \/>\n<link rel=\"canonical\" href=\"https:\/\/braintainment.com\/es\/vertical\/\" \/>\n<meta property=\"og:locale\" content=\"es_ES\" \/>\n<meta property=\"og:type\" content=\"article\" \/>\n<meta property=\"og:title\" content=\"Vertical | Braintainment\" \/>\n<meta property=\"og:description\" content=\"Crea tu propia vertical de juegos y puzzles con Braintainment. Centralice contenidos atractivos y fidelice a sus clientes.\" \/>\n<meta property=\"og:url\" content=\"https:\/\/braintainment.com\/es\/vertical\/\" \/>\n<meta property=\"og:site_name\" content=\"Braintainment\" \/>\n<meta property=\"article:modified_time\" content=\"2024-10-15T11:32:33+00:00\" \/>\n<meta property=\"og:image\" content=\"http:\/\/braintainment.com\/wp-content\/uploads\/vertical-1024x507.webp\" \/>\n<meta name=\"twitter:card\" content=\"summary_large_image\" \/>\n<meta name=\"twitter:label1\" content=\"Tiempo de lectura\" \/>\n\t<meta name=\"twitter:data1\" content=\"2 minutos\" \/>\n<script type=\"application\/ld+json\" class=\"yoast-schema-graph\">{\"@context\":\"https:\\\/\\\/schema.org\",\"@graph\":[{\"@type\":\"WebPage\",\"@id\":\"https:\\\/\\\/braintainment.com\\\/es\\\/vertical\\\/\",\"url\":\"https:\\\/\\\/braintainment.com\\\/es\\\/vertical\\\/\",\"name\":\"Vertical | Braintainment\",\"isPartOf\":{\"@id\":\"https:\\\/\\\/braintainment.com\\\/es\\\/#website\"},\"primaryImageOfPage\":{\"@id\":\"https:\\\/\\\/braintainment.com\\\/es\\\/vertical\\\/#primaryimage\"},\"image\":{\"@id\":\"https:\\\/\\\/braintainment.com\\\/es\\\/vertical\\\/#primaryimage\"},\"thumbnailUrl\":\"http:\\\/\\\/braintainment.com\\\/wp-content\\\/uploads\\\/vertical-1024x507.webp\",\"datePublished\":\"2024-04-18T09:09:48+00:00\",\"dateModified\":\"2024-10-15T11:32:33+00:00\",\"description\":\"Crea tu propia vertical de juegos y puzzles con Braintainment. Centralice contenidos atractivos y fidelice a sus clientes.\",\"breadcrumb\":{\"@id\":\"https:\\\/\\\/braintainment.com\\\/es\\\/vertical\\\/#breadcrumb\"},\"inLanguage\":\"es\",\"potentialAction\":[{\"@type\":\"ReadAction\",\"target\":[\"https:\\\/\\\/braintainment.com\\\/es\\\/vertical\\\/\"]}]},{\"@type\":\"ImageObject\",\"inLanguage\":\"es\",\"@id\":\"https:\\\/\\\/braintainment.com\\\/es\\\/vertical\\\/#primaryimage\",\"url\":\"http:\\\/\\\/braintainment.com\\\/wp-content\\\/uploads\\\/vertical-1024x507.webp\",\"contentUrl\":\"http:\\\/\\\/braintainment.com\\\/wp-content\\\/uploads\\\/vertical-1024x507.webp\"},{\"@type\":\"BreadcrumbList\",\"@id\":\"https:\\\/\\\/braintainment.com\\\/es\\\/vertical\\\/#breadcrumb\",\"itemListElement\":[{\"@type\":\"ListItem\",\"position\":1,\"name\":\"Home\",\"item\":\"https:\\\/\\\/braintainment.com\\\/es\\\/\"},{\"@type\":\"ListItem\",\"position\":2,\"name\":\"Vertical\"}]},{\"@type\":\"WebSite\",\"@id\":\"https:\\\/\\\/braintainment.com\\\/es\\\/#website\",\"url\":\"https:\\\/\\\/braintainment.com\\\/es\\\/\",\"name\":\"Braintainment\",\"description\":\"\",\"publisher\":{\"@id\":\"https:\\\/\\\/braintainment.com\\\/es\\\/#organization\"},\"potentialAction\":[{\"@type\":\"SearchAction\",\"target\":{\"@type\":\"EntryPoint\",\"urlTemplate\":\"https:\\\/\\\/braintainment.com\\\/es\\\/?s={search_term_string}\"},\"query-input\":{\"@type\":\"PropertyValueSpecification\",\"valueRequired\":true,\"valueName\":\"search_term_string\"}}],\"inLanguage\":\"es\"},{\"@type\":\"Organization\",\"@id\":\"https:\\\/\\\/braintainment.com\\\/es\\\/#organization\",\"name\":\"Braintainment\",\"url\":\"https:\\\/\\\/braintainment.com\\\/es\\\/\",\"logo\":{\"@type\":\"ImageObject\",\"inLanguage\":\"es\",\"@id\":\"https:\\\/\\\/braintainment.com\\\/es\\\/#\\\/schema\\\/logo\\\/image\\\/\",\"url\":\"https:\\\/\\\/braintainment.com\\\/wp-content\\\/uploads\\\/Logo-Braintaiment-Keesing-Color.png\",\"contentUrl\":\"https:\\\/\\\/braintainment.com\\\/wp-content\\\/uploads\\\/Logo-Braintaiment-Keesing-Color.png\",\"width\":468,\"height\":98,\"caption\":\"Braintainment\"},\"image\":{\"@id\":\"https:\\\/\\\/braintainment.com\\\/es\\\/#\\\/schema\\\/logo\\\/image\\\/\"}}]}<\/script>\n<!-- \/ Yoast SEO plugin. -->","yoast_head_json":{"title":"Vertical | Braintainment","description":"Crea tu propia vertical de juegos y puzzles con Braintainment. Centralice contenidos atractivos y fidelice a sus clientes.","robots":{"index":"index","follow":"follow","max-snippet":"max-snippet:-1","max-image-preview":"max-image-preview:large","max-video-preview":"max-video-preview:-1"},"canonical":"https:\/\/braintainment.com\/es\/vertical\/","og_locale":"es_ES","og_type":"article","og_title":"Vertical | Braintainment","og_description":"Crea tu propia vertical de juegos y puzzles con Braintainment. Centralice contenidos atractivos y fidelice a sus clientes.","og_url":"https:\/\/braintainment.com\/es\/vertical\/","og_site_name":"Braintainment","article_modified_time":"2024-10-15T11:32:33+00:00","og_image":[{"url":"http:\/\/braintainment.com\/wp-content\/uploads\/vertical-1024x507.webp","type":"","width":"","height":""}],"twitter_card":"summary_large_image","twitter_misc":{"Tiempo de lectura":"2 minutos"},"schema":{"@context":"https:\/\/schema.org","@graph":[{"@type":"WebPage","@id":"https:\/\/braintainment.com\/es\/vertical\/","url":"https:\/\/braintainment.com\/es\/vertical\/","name":"Vertical | Braintainment","isPartOf":{"@id":"https:\/\/braintainment.com\/es\/#website"},"primaryImageOfPage":{"@id":"https:\/\/braintainment.com\/es\/vertical\/#primaryimage"},"image":{"@id":"https:\/\/braintainment.com\/es\/vertical\/#primaryimage"},"thumbnailUrl":"http:\/\/braintainment.com\/wp-content\/uploads\/vertical-1024x507.webp","datePublished":"2024-04-18T09:09:48+00:00","dateModified":"2024-10-15T11:32:33+00:00","description":"Crea tu propia vertical de juegos y puzzles con Braintainment. Centralice contenidos atractivos y fidelice a sus clientes.","breadcrumb":{"@id":"https:\/\/braintainment.com\/es\/vertical\/#breadcrumb"},"inLanguage":"es","potentialAction":[{"@type":"ReadAction","target":["https:\/\/braintainment.com\/es\/vertical\/"]}]},{"@type":"ImageObject","inLanguage":"es","@id":"https:\/\/braintainment.com\/es\/vertical\/#primaryimage","url":"http:\/\/braintainment.com\/wp-content\/uploads\/vertical-1024x507.webp","contentUrl":"http:\/\/braintainment.com\/wp-content\/uploads\/vertical-1024x507.webp"},{"@type":"BreadcrumbList","@id":"https:\/\/braintainment.com\/es\/vertical\/#breadcrumb","itemListElement":[{"@type":"ListItem","position":1,"name":"Home","item":"https:\/\/braintainment.com\/es\/"},{"@type":"ListItem","position":2,"name":"Vertical"}]},{"@type":"WebSite","@id":"https:\/\/braintainment.com\/es\/#website","url":"https:\/\/braintainment.com\/es\/","name":"Braintainment","description":"","publisher":{"@id":"https:\/\/braintainment.com\/es\/#organization"},"potentialAction":[{"@type":"SearchAction","target":{"@type":"EntryPoint","urlTemplate":"https:\/\/braintainment.com\/es\/?s={search_term_string}"},"query-input":{"@type":"PropertyValueSpecification","valueRequired":true,"valueName":"search_term_string"}}],"inLanguage":"es"},{"@type":"Organization","@id":"https:\/\/braintainment.com\/es\/#organization","name":"Braintainment","url":"https:\/\/braintainment.com\/es\/","logo":{"@type":"ImageObject","inLanguage":"es","@id":"https:\/\/braintainment.com\/es\/#\/schema\/logo\/image\/","url":"https:\/\/braintainment.com\/wp-content\/uploads\/Logo-Braintaiment-Keesing-Color.png","contentUrl":"https:\/\/braintainment.com\/wp-content\/uploads\/Logo-Braintaiment-Keesing-Color.png","width":468,"height":98,"caption":"Braintainment"},"image":{"@id":"https:\/\/braintainment.com\/es\/#\/schema\/logo\/image\/"}}]}},"_links":{"self":[{"href":"https:\/\/braintainment.com\/es\/wp-json\/wp\/v2\/pages\/3448","targetHints":{"allow":["GET"]}}],"collection":[{"href":"https:\/\/braintainment.com\/es\/wp-json\/wp\/v2\/pages"}],"about":[{"href":"https:\/\/braintainment.com\/es\/wp-json\/wp\/v2\/types\/page"}],"author":[{"embeddable":true,"href":"https:\/\/braintainment.com\/es\/wp-json\/wp\/v2\/users\/1"}],"replies":[{"embeddable":true,"href":"https:\/\/braintainment.com\/es\/wp-json\/wp\/v2\/comments?post=3448"}],"version-history":[{"count":1,"href":"https:\/\/braintainment.com\/es\/wp-json\/wp\/v2\/pages\/3448\/revisions"}],"predecessor-version":[{"id":3449,"href":"https:\/\/braintainment.com\/es\/wp-json\/wp\/v2\/pages\/3448\/revisions\/3449"}],"wp:attachment":[{"href":"https:\/\/braintainment.com\/es\/wp-json\/wp\/v2\/media?parent=3448"}],"curies":[{"name":"wp","href":"https:\/\/api.w.org\/{rel}","templated":true}]}}