{"id":3633,"date":"2024-01-18T09:54:49","date_gmt":"2024-01-18T09:54:49","guid":{"rendered":"https:\/\/braintainment.com\/monetarisieren\/"},"modified":"2024-12-04T09:59:32","modified_gmt":"2024-12-04T09:59:32","slug":"monetarisieren","status":"publish","type":"page","link":"https:\/\/braintainment.com\/de\/monetarisieren\/","title":{"rendered":"Monetarisieren"},"content":{"rendered":"\t\t<div data-elementor-type=\"wp-page\" data-elementor-id=\"3633\" class=\"elementor elementor-3633 elementor-405\" data-elementor-post-type=\"page\">\n\t\t\t\t\t\t<section class=\"elementor-section elementor-top-section elementor-element elementor-element-a682887 section-pagetitle monetize elementor-section-boxed elementor-section-height-default elementor-section-height-default\" data-id=\"a682887\" data-element_type=\"section\" data-e-type=\"section\">\n\t\t\t\t\t\t<div class=\"elementor-container elementor-column-gap-default\">\n\t\t\t\t\t<div class=\"elementor-column elementor-col-100 elementor-top-column elementor-element elementor-element-f4c45ed\" data-id=\"f4c45ed\" data-element_type=\"column\" data-e-type=\"column\">\n\t\t\t<div class=\"elementor-widget-wrap elementor-element-populated\">\n\t\t\t\t\t\t<div class=\"elementor-element elementor-element-d769d4a shape shape-1 elementor-view-default elementor-widget elementor-widget-icon\" data-id=\"d769d4a\" data-element_type=\"widget\" data-e-type=\"widget\" data-settings=\"{&quot;motion_fx_motion_fx_scrolling&quot;:&quot;yes&quot;,&quot;motion_fx_devices&quot;:[&quot;desktop&quot;,&quot;tablet&quot;,&quot;mobile&quot;]}\" data-widget_type=\"icon.default\">\n\t\t\t\t<div class=\"elementor-widget-container\">\n\t\t\t\t\t\t\t<div class=\"elementor-icon-wrapper\">\n\t\t\t<div class=\"elementor-icon\">\n\t\t\t<svg xmlns=\"http:\/\/www.w3.org\/2000\/svg\" width=\"75\" height=\"75\" viewBox=\"0 0 75 75\"><path d=\"M54.515,71.485,37.5,54.47,20.485,71.485a12,12,0,1,1-16.97-16.97L20.529,37.5,3.515,20.485a12,12,0,0,1,16.97-16.97L37.5,20.529,54.515,3.515a12,12,0,1,1,16.97,16.97L54.47,37.5,71.485,54.515a12,12,0,0,1-16.97,16.97Z\" transform=\"translate(0)\" fill=\"#fc9335\"><\/path><\/svg>\t\t\t<\/div>\n\t\t<\/div>\n\t\t\t\t\t\t<\/div>\n\t\t\t\t<\/div>\n\t\t\t\t<div class=\"elementor-element elementor-element-59eb941 sub-title elementor-widget elementor-widget-heading\" data-id=\"59eb941\" data-element_type=\"widget\" data-e-type=\"widget\" data-widget_type=\"heading.default\">\n\t\t\t\t<div class=\"elementor-widget-container\">\n\t\t\t\t\t<p class=\"elementor-heading-title elementor-size-default\">Monetarisieren<\/p>\t\t\t\t<\/div>\n\t\t\t\t<\/div>\n\t\t\t\t<div class=\"elementor-element elementor-element-209db71 elementor-widget elementor-widget-text-editor\" data-id=\"209db71\" data-element_type=\"widget\" data-e-type=\"widget\" data-widget_type=\"text-editor.default\">\n\t\t\t\t<div class=\"elementor-widget-container\">\n\t\t\t\t\t\t\t\t\t<h1><strong>Erschlie\u00dfen Sie Umsatzpotential<\/strong><\/h1>\n<p>Nutzen Sie die Kraft von Spielen und R\u00e4tseln, um neue Einnahmequellen zu erschlie\u00dfen!<\/p>\n\t\t\t\t\t\t\t\t<\/div>\n\t\t\t\t<\/div>\n\t\t\t\t<div class=\"elementor-element elementor-element-06ce0c0 shape shape-2 elementor-view-default elementor-widget elementor-widget-icon\" data-id=\"06ce0c0\" data-element_type=\"widget\" data-e-type=\"widget\" data-settings=\"{&quot;motion_fx_motion_fx_scrolling&quot;:&quot;yes&quot;,&quot;motion_fx_translateY_effect&quot;:&quot;yes&quot;,&quot;motion_fx_translateY_speed&quot;:{&quot;unit&quot;:&quot;px&quot;,&quot;size&quot;:2.5,&quot;sizes&quot;:[]},&quot;motion_fx_translateY_affectedRange&quot;:{&quot;unit&quot;:&quot;%&quot;,&quot;size&quot;:&quot;&quot;,&quot;sizes&quot;:{&quot;start&quot;:0,&quot;end&quot;:100}},&quot;motion_fx_devices&quot;:[&quot;desktop&quot;,&quot;tablet&quot;,&quot;mobile&quot;]}\" data-widget_type=\"icon.default\">\n\t\t\t\t<div class=\"elementor-widget-container\">\n\t\t\t\t\t\t\t<div class=\"elementor-icon-wrapper\">\n\t\t\t<div class=\"elementor-icon\">\n\t\t\t<svg xmlns=\"http:\/\/www.w3.org\/2000\/svg\" width=\"98.442\" height=\"94.229\" viewBox=\"0 0 98.442 94.229\"><path d=\"M48.4,5.857a5,5,0,0,1,8.194,0L71.2,26.733a5,5,0,0,0,2.632,1.915l24.35,7.46a5,5,0,0,1,2.531,7.786L85.388,64.27a5,5,0,0,0-1,3.092l.439,25.5A5,5,0,0,1,78.2,97.674L54.129,89.381a5,5,0,0,0-3.258,0L26.8,97.674a5,5,0,0,1-6.628-4.813l.439-25.5a5,5,0,0,0-1-3.092L4.286,43.894a5,5,0,0,1,2.531-7.786l24.35-7.46A5,5,0,0,0,33.8,26.733Z\" transform=\"translate(-3.279 -3.723)\" fill=\"#6a82e0\"><\/path><\/svg>\t\t\t<\/div>\n\t\t<\/div>\n\t\t\t\t\t\t<\/div>\n\t\t\t\t<\/div>\n\t\t\t\t\t<\/div>\n\t\t<\/div>\n\t\t\t\t\t<\/div>\n\t\t<\/section>\n\t\t\t\t<section class=\"elementor-section elementor-top-section elementor-element elementor-element-679f28d section-image-content monetize elementor-reverse-tablet elementor-reverse-mobile elementor-section-boxed elementor-section-height-default elementor-section-height-default\" data-id=\"679f28d\" data-element_type=\"section\" data-e-type=\"section\">\n\t\t\t\t\t\t<div class=\"elementor-container elementor-column-gap-default\">\n\t\t\t\t\t<div class=\"elementor-column elementor-col-50 elementor-top-column elementor-element elementor-element-ea5803f\" data-id=\"ea5803f\" data-element_type=\"column\" data-e-type=\"column\">\n\t\t\t<div class=\"elementor-widget-wrap elementor-element-populated\">\n\t\t\t\t\t\t<div class=\"elementor-element elementor-element-645734d elementor-widget elementor-widget-image\" data-id=\"645734d\" data-element_type=\"widget\" data-e-type=\"widget\" data-widget_type=\"image.default\">\n\t\t\t\t<div class=\"elementor-widget-container\">\n\t\t\t\t\t\t\t\t\t\t\t\t\t\t\t<img fetchpriority=\"high\" decoding=\"async\" width=\"531\" height=\"820\" src=\"https:\/\/braintainment.com\/wp-content\/uploads\/monetize-build-your-own-revenue.svg\" class=\"attachment-large size-large wp-image-2365\" alt=\"\" \/>\t\t\t\t\t\t\t\t\t\t\t\t\t\t\t<\/div>\n\t\t\t\t<\/div>\n\t\t\t\t<div class=\"elementor-element elementor-element-d88a6ec shape shape-1 elementor-view-default elementor-widget elementor-widget-icon\" data-id=\"d88a6ec\" data-element_type=\"widget\" data-e-type=\"widget\" data-settings=\"{&quot;motion_fx_motion_fx_scrolling&quot;:&quot;yes&quot;,&quot;motion_fx_translateY_effect&quot;:&quot;yes&quot;,&quot;motion_fx_translateY_direction&quot;:&quot;negative&quot;,&quot;motion_fx_translateY_speed&quot;:{&quot;unit&quot;:&quot;px&quot;,&quot;size&quot;:2,&quot;sizes&quot;:[]},&quot;motion_fx_rotateZ_effect&quot;:&quot;yes&quot;,&quot;motion_fx_rotateZ_speed&quot;:{&quot;unit&quot;:&quot;px&quot;,&quot;size&quot;:4,&quot;sizes&quot;:[]},&quot;motion_fx_translateY_affectedRange&quot;:{&quot;unit&quot;:&quot;%&quot;,&quot;size&quot;:&quot;&quot;,&quot;sizes&quot;:{&quot;start&quot;:0,&quot;end&quot;:100}},&quot;motion_fx_rotateZ_affectedRange&quot;:{&quot;unit&quot;:&quot;%&quot;,&quot;size&quot;:&quot;&quot;,&quot;sizes&quot;:{&quot;start&quot;:0,&quot;end&quot;:100}},&quot;motion_fx_devices&quot;:[&quot;desktop&quot;,&quot;tablet&quot;,&quot;mobile&quot;]}\" data-widget_type=\"icon.default\">\n\t\t\t\t<div class=\"elementor-widget-container\">\n\t\t\t\t\t\t\t<div class=\"elementor-icon-wrapper\">\n\t\t\t<div class=\"elementor-icon\">\n\t\t\t<svg xmlns=\"http:\/\/www.w3.org\/2000\/svg\" width=\"103.249\" height=\"98.816\" viewBox=\"0 0 103.249 98.816\"><path d=\"M49.558,2.14a5,5,0,0,1,5.883,0l46.624,33.922a5,5,0,0,1,1.814,5.586l-17.812,54.9A5,5,0,0,1,81.313,100H23.687a5,5,0,0,1-4.756-3.457L1.12,41.648a5,5,0,0,1,1.814-5.586Z\" transform=\"translate(-0.875 -1.184)\" fill=\"#ff8691\"><\/path><\/svg>\t\t\t<\/div>\n\t\t<\/div>\n\t\t\t\t\t\t<\/div>\n\t\t\t\t<\/div>\n\t\t\t\t\t<\/div>\n\t\t<\/div>\n\t\t\t\t<div class=\"elementor-column elementor-col-50 elementor-top-column elementor-element elementor-element-c1f3fc1\" data-id=\"c1f3fc1\" data-element_type=\"column\" data-e-type=\"column\">\n\t\t\t<div class=\"elementor-widget-wrap elementor-element-populated\">\n\t\t\t\t\t\t<div class=\"elementor-element elementor-element-8456004 sub-title elementor-widget elementor-widget-heading\" data-id=\"8456004\" data-element_type=\"widget\" data-e-type=\"widget\" data-widget_type=\"heading.default\">\n\t\t\t\t<div class=\"elementor-widget-container\">\n\t\t\t\t\t<p class=\"elementor-heading-title elementor-size-default\">Monetarisieren<\/p>\t\t\t\t<\/div>\n\t\t\t\t<\/div>\n\t\t\t\t<div class=\"elementor-element elementor-element-57b4142 elementor-widget elementor-widget-text-editor\" data-id=\"57b4142\" data-element_type=\"widget\" data-e-type=\"widget\" data-widget_type=\"text-editor.default\">\n\t\t\t\t<div class=\"elementor-widget-container\">\n\t\t\t\t\t\t\t\t\t<h2><strong>Bauen Sie eine neue Einnahmequelle auf<\/strong><\/h2>\n<p>Durch die strategische Monetarisierung von Spielen und R\u00e4tseln auf Ihrer Plattform k\u00f6nnen Sie das Engagement der Nutzer in eine lukrative Einnahmequelle umwandeln, Ihre Einnahmequellen diversifizieren und das allgemeine Wertangebot f\u00fcr Ihr Publikum verbessern.<\/p>\n<p>Wenn es um die Monetarisierung von Spiel- und R\u00e4tselinhalten geht, sind zwei beliebte Strategien das Freemium-Modell und der kanalbasierte Channel-Ansatz:<\/p>\n<ul>\n<li>Das Freemium-Modell bietet eine kostenlose Basisversion des Spiels oder R\u00e4tsels, w\u00e4hrend zus\u00e4tzliche Funktionen, Level oder Inhalte gegen eine Geb\u00fchr angeboten werden (Premium-Version).<\/li>\n<li>Der Channel-Ansatz beinhaltet die Erstellung eines R\u00e4tsel-\/Spiel-Kanals und die Monetarisierung erfolgt durch das Angebot eines Abonnements f\u00fcr den Kanal.<\/li>\n<\/ul>\n<p>Beide Modelle haben ihre St\u00e4rken und k\u00f6nnen effektive Strategien zur Erzielung von Einnahmen sein. Einige Plattformen kombinieren sogar Elemente beider Modelle, um die Monetarisierung und Nutzerzufriedenheit zu optimieren.<\/p>\n\t\t\t\t\t\t\t\t<\/div>\n\t\t\t\t<\/div>\n\t\t\t\t<div class=\"elementor-element elementor-element-44da132 elementor-widget elementor-widget-button\" data-id=\"44da132\" data-element_type=\"widget\" data-e-type=\"widget\" data-settings=\"{&quot;enabled_visibility&quot;:&quot;yes&quot;,&quot;dce_visibility_selected&quot;:&quot;hide&quot;}\" data-widget_type=\"button.default\">\n\t\t\t\t<div class=\"elementor-widget-container\">\n\t\t\t\t\t\t\t\t\t<div class=\"elementor-button-wrapper\">\n\t\t\t\t\t<a class=\"elementor-button elementor-button-link elementor-size-sm\" href=\"https:\/\/braintainment.com\/de\/demo-anfordern\/\">\n\t\t\t\t\t\t<span class=\"elementor-button-content-wrapper\">\n\t\t\t\t\t\t\t\t\t<span class=\"elementor-button-text\">DEMO ANFORDERN<\/span>\n\t\t\t\t\t<\/span>\n\t\t\t\t\t<\/a>\n\t\t\t\t<\/div>\n\t\t\t\t\t\t\t\t<\/div>\n\t\t\t\t<\/div>\n\t\t<!-- dce invisible element 7c5db23 -->\t\t<div class=\"elementor-element elementor-element-b89dc2b shape shape-2 elementor-widget elementor-widget-html\" data-id=\"b89dc2b\" data-element_type=\"widget\" data-e-type=\"widget\" data-widget_type=\"html.default\">\n\t\t\t\t<div class=\"elementor-widget-container\">\n\t\t\t\t\t<object type=\"image\/svg+xml\" data=\"\/wp-content\/uploads\/icon-arrows-groen.svg\" width=\"120\" height=\"200\"><\/object>\t\t\t\t<\/div>\n\t\t\t\t<\/div>\n\t\t\t\t\t<\/div>\n\t\t<\/div>\n\t\t\t\t\t<\/div>\n\t\t<\/section>\n\t\t\t\t<section class=\"elementor-section elementor-top-section elementor-element elementor-element-20b8cbf section-highlighted-black monetize elementor-section-boxed elementor-section-height-default elementor-section-height-default\" data-id=\"20b8cbf\" data-element_type=\"section\" data-e-type=\"section\">\n\t\t\t\t\t\t<div class=\"elementor-container elementor-column-gap-default\">\n\t\t\t\t\t<div class=\"elementor-column elementor-col-100 elementor-top-column elementor-element elementor-element-e891132\" data-id=\"e891132\" data-element_type=\"column\" data-e-type=\"column\">\n\t\t\t<div class=\"elementor-widget-wrap elementor-element-populated\">\n\t\t\t\t\t\t<div class=\"elementor-element elementor-element-638a14c sub-title elementor-widget elementor-widget-heading\" data-id=\"638a14c\" data-element_type=\"widget\" data-e-type=\"widget\" data-widget_type=\"heading.default\">\n\t\t\t\t<div class=\"elementor-widget-container\">\n\t\t\t\t\t<p class=\"elementor-heading-title elementor-size-default\">FALLSTUDIE<\/p>\t\t\t\t<\/div>\n\t\t\t\t<\/div>\n\t\t\t\t<div class=\"elementor-element elementor-element-7816c8a elementor-widget elementor-widget-text-editor\" data-id=\"7816c8a\" data-element_type=\"widget\" data-e-type=\"widget\" data-widget_type=\"text-editor.default\">\n\t\t\t\t<div class=\"elementor-widget-container\">\n\t\t\t\t\t\t\t\t\t<h2><strong>Erfolgsgeschichten unserer Kundschaft<\/strong><\/h2>\n<p>Ein prominenter skandinavischer Verlag wollte die Nutzerbindung verbessern und seine Abonnentenzahl erh\u00f6hen. Mit der wachsenden Beliebtheit von Spielen und R\u00e4tseln verfolgte der Verlag eine strategische Neuausrichtung, um diesen wachsenden Markt zu nutzen und gleichzeitig Einnahmen durch ein Premium-Gesch\u00e4ftsmodell zu generieren. Der Verlag begann seine Reise mit einer Reihe von kostenlosen R\u00e4tseln und Spielen, um eine gro\u00dfe Nutzerbasis anzuziehen. Diese anf\u00e4ngliche Phase war entscheidend, um Vertrauen aufzubauen, Interaktionen zu f\u00f6rdern und die Vorlieben der User zu verstehen. Ergebnis:<\/p>\n\n\n<ul>\n \t<li>Abonnentengewinnung: Erstaunliche 50% aller Abonnenten wurden \u00fcber den R\u00e4tsel-\/Spielkanal gewonnen, was dessen entscheidende Rolle bei der Steigerung der Konversionen unterstreicht.<\/li>\n \t<li>User-Bindung: Das anf\u00e4ngliche kostenlose Modell f\u00fchrte zu einem erheblichen Anstieg der regelm\u00e4\u00dfigen User, was die Grundlage f\u00fcr erfolgreiche Monetarisierungsbem\u00fchungen legte.<\/li>\n \t<li>Erfolgreiche Monetarisierung: Durch das Premium-Modell konnte der Verlag seine Zielgruppe effektiv monetarisieren und einen signifikanten Teil der kostenlosen User in zahlende Abonnenten umwandeln.<\/li>\n \t<li>Einnahmenwachstum: Der Wechsel zu einem Premium-Modell steigerte die Einnahmequellen erheblich und zeigte die Rentabilit\u00e4t der Ausrichtung auf ein dezidiertes R\u00e4tsel-\/Spielpublikum.<\/li>\n<\/ul>\t\t\t\t\t\t\t\t<\/div>\n\t\t\t\t<\/div>\n\t\t\t\t<div class=\"elementor-element elementor-element-5602219 elementor-widget elementor-widget-html\" data-id=\"5602219\" data-element_type=\"widget\" data-e-type=\"widget\" data-widget_type=\"html.default\">\n\t\t\t\t<div class=\"elementor-widget-container\">\n\t\t\t\t\t<object type=\"image\/svg+xml\" data=\"\/wp-content\/uploads\/icon-dots-animated.svg\" width=\"120\" height=\"260\"><\/object>\t\t\t\t<\/div>\n\t\t\t\t<\/div>\n\t\t\t\t\t<\/div>\n\t\t<\/div>\n\t\t\t\t\t<\/div>\n\t\t<\/section>\n\t\t\t\t<\/div>\n\t\t","protected":false},"excerpt":{"rendered":"<p>Monetarisieren Erschlie\u00dfen Sie Umsatzpotential Nutzen Sie die Kraft von Spielen und R\u00e4tseln, um neue Einnahmequellen zu erschlie\u00dfen! Monetarisieren Bauen Sie eine neue Einnahmequelle auf Durch die strategische Monetarisierung von Spielen und R\u00e4tseln auf Ihrer Plattform k\u00f6nnen Sie das Engagement der Nutzer in eine lukrative Einnahmequelle umwandeln, Ihre Einnahmequellen diversifizieren und das allgemeine Wertangebot f\u00fcr Ihr [&hellip;]<\/p>\n","protected":false},"author":1,"featured_media":0,"parent":0,"menu_order":0,"comment_status":"closed","ping_status":"closed","template":"","meta":{"_acf_changed":false,"footnotes":""},"class_list":["post-3633","page","type-page","status-publish","hentry"],"acf":[],"yoast_head":"<!-- This site is optimized with the Yoast SEO plugin v27.4 - https:\/\/yoast.com\/product\/yoast-seo-wordpress\/ -->\n<title>Monetarisieren - Erschlie\u00dfen Sie Umsatzpotenziale<\/title>\n<meta name=\"description\" content=\"Nutzen Sie das Umsatzpotenzial von Spielen und R\u00e4tseln, um neue Einnahmequellen zu erschlie\u00dfen und Kunden zu binden. Erschlie\u00dfen Sie Ihr Verkaufspotenzial\" \/>\n<meta name=\"robots\" content=\"index, follow, max-snippet:-1, max-image-preview:large, max-video-preview:-1\" \/>\n<link rel=\"canonical\" href=\"https:\/\/braintainment.com\/de\/monetarisieren\/\" \/>\n<meta property=\"og:locale\" content=\"de_DE\" \/>\n<meta property=\"og:type\" content=\"article\" \/>\n<meta property=\"og:title\" content=\"Monetarisieren - Erschlie\u00dfen Sie Umsatzpotenziale\" \/>\n<meta property=\"og:description\" content=\"Nutzen Sie das Umsatzpotenzial von Spielen und R\u00e4tseln, um neue Einnahmequellen zu erschlie\u00dfen und Kunden zu binden. Erschlie\u00dfen Sie Ihr Verkaufspotenzial\" \/>\n<meta property=\"og:url\" content=\"https:\/\/braintainment.com\/de\/monetarisieren\/\" \/>\n<meta property=\"og:site_name\" content=\"Braintainment\" \/>\n<meta property=\"article:modified_time\" content=\"2024-12-04T09:59:32+00:00\" \/>\n<meta property=\"og:image\" content=\"https:\/\/braintainment.com\/wp-content\/uploads\/site-image-keesing.jpg\" \/>\n\t<meta property=\"og:image:width\" content=\"1200\" \/>\n\t<meta property=\"og:image:height\" content=\"675\" \/>\n\t<meta property=\"og:image:type\" content=\"image\/jpeg\" \/>\n<meta name=\"twitter:card\" content=\"summary_large_image\" \/>\n<meta name=\"twitter:label1\" content=\"Gesch\u00e4tzte Lesezeit\" \/>\n\t<meta name=\"twitter:data1\" content=\"2\u00a0Minuten\" \/>\n<script type=\"application\/ld+json\" class=\"yoast-schema-graph\">{\"@context\":\"https:\\\/\\\/schema.org\",\"@graph\":[{\"@type\":\"WebPage\",\"@id\":\"https:\\\/\\\/braintainment.com\\\/de\\\/monetarisieren\\\/\",\"url\":\"https:\\\/\\\/braintainment.com\\\/de\\\/monetarisieren\\\/\",\"name\":\"Monetarisieren - Erschlie\u00dfen Sie Umsatzpotenziale\",\"isPartOf\":{\"@id\":\"https:\\\/\\\/braintainment.com\\\/de\\\/#website\"},\"primaryImageOfPage\":{\"@id\":\"https:\\\/\\\/braintainment.com\\\/de\\\/monetarisieren\\\/#primaryimage\"},\"image\":{\"@id\":\"https:\\\/\\\/braintainment.com\\\/de\\\/monetarisieren\\\/#primaryimage\"},\"thumbnailUrl\":\"https:\\\/\\\/braintainment.com\\\/wp-content\\\/uploads\\\/monetize-build-your-own-revenue.svg\",\"datePublished\":\"2024-01-18T09:54:49+00:00\",\"dateModified\":\"2024-12-04T09:59:32+00:00\",\"description\":\"Nutzen Sie das Umsatzpotenzial von Spielen und R\u00e4tseln, um neue Einnahmequellen zu erschlie\u00dfen und Kunden zu binden. Erschlie\u00dfen Sie Ihr Verkaufspotenzial\",\"breadcrumb\":{\"@id\":\"https:\\\/\\\/braintainment.com\\\/de\\\/monetarisieren\\\/#breadcrumb\"},\"inLanguage\":\"de\",\"potentialAction\":[{\"@type\":\"ReadAction\",\"target\":[\"https:\\\/\\\/braintainment.com\\\/de\\\/monetarisieren\\\/\"]}]},{\"@type\":\"ImageObject\",\"inLanguage\":\"de\",\"@id\":\"https:\\\/\\\/braintainment.com\\\/de\\\/monetarisieren\\\/#primaryimage\",\"url\":\"https:\\\/\\\/braintainment.com\\\/wp-content\\\/uploads\\\/monetize-build-your-own-revenue.svg\",\"contentUrl\":\"https:\\\/\\\/braintainment.com\\\/wp-content\\\/uploads\\\/monetize-build-your-own-revenue.svg\"},{\"@type\":\"BreadcrumbList\",\"@id\":\"https:\\\/\\\/braintainment.com\\\/de\\\/monetarisieren\\\/#breadcrumb\",\"itemListElement\":[{\"@type\":\"ListItem\",\"position\":1,\"name\":\"Home\",\"item\":\"https:\\\/\\\/braintainment.com\\\/de\\\/\"},{\"@type\":\"ListItem\",\"position\":2,\"name\":\"Monetarisieren\"}]},{\"@type\":\"WebSite\",\"@id\":\"https:\\\/\\\/braintainment.com\\\/de\\\/#website\",\"url\":\"https:\\\/\\\/braintainment.com\\\/de\\\/\",\"name\":\"Braintainment\",\"description\":\"\",\"publisher\":{\"@id\":\"https:\\\/\\\/braintainment.com\\\/de\\\/#organization\"},\"potentialAction\":[{\"@type\":\"SearchAction\",\"target\":{\"@type\":\"EntryPoint\",\"urlTemplate\":\"https:\\\/\\\/braintainment.com\\\/de\\\/?s={search_term_string}\"},\"query-input\":{\"@type\":\"PropertyValueSpecification\",\"valueRequired\":true,\"valueName\":\"search_term_string\"}}],\"inLanguage\":\"de\"},{\"@type\":\"Organization\",\"@id\":\"https:\\\/\\\/braintainment.com\\\/de\\\/#organization\",\"name\":\"Braintainment\",\"url\":\"https:\\\/\\\/braintainment.com\\\/de\\\/\",\"logo\":{\"@type\":\"ImageObject\",\"inLanguage\":\"de\",\"@id\":\"https:\\\/\\\/braintainment.com\\\/de\\\/#\\\/schema\\\/logo\\\/image\\\/\",\"url\":\"https:\\\/\\\/braintainment.com\\\/wp-content\\\/uploads\\\/Logo-Braintaiment-Keesing-Color.png\",\"contentUrl\":\"https:\\\/\\\/braintainment.com\\\/wp-content\\\/uploads\\\/Logo-Braintaiment-Keesing-Color.png\",\"width\":468,\"height\":98,\"caption\":\"Braintainment\"},\"image\":{\"@id\":\"https:\\\/\\\/braintainment.com\\\/de\\\/#\\\/schema\\\/logo\\\/image\\\/\"}}]}<\/script>\n<!-- \/ Yoast SEO plugin. -->","yoast_head_json":{"title":"Monetarisieren - Erschlie\u00dfen Sie Umsatzpotenziale","description":"Nutzen Sie das Umsatzpotenzial von Spielen und R\u00e4tseln, um neue Einnahmequellen zu erschlie\u00dfen und Kunden zu binden. Erschlie\u00dfen Sie Ihr Verkaufspotenzial","robots":{"index":"index","follow":"follow","max-snippet":"max-snippet:-1","max-image-preview":"max-image-preview:large","max-video-preview":"max-video-preview:-1"},"canonical":"https:\/\/braintainment.com\/de\/monetarisieren\/","og_locale":"de_DE","og_type":"article","og_title":"Monetarisieren - Erschlie\u00dfen Sie Umsatzpotenziale","og_description":"Nutzen Sie das Umsatzpotenzial von Spielen und R\u00e4tseln, um neue Einnahmequellen zu erschlie\u00dfen und Kunden zu binden. Erschlie\u00dfen Sie Ihr Verkaufspotenzial","og_url":"https:\/\/braintainment.com\/de\/monetarisieren\/","og_site_name":"Braintainment","article_modified_time":"2024-12-04T09:59:32+00:00","og_image":[{"width":1200,"height":675,"url":"https:\/\/braintainment.com\/wp-content\/uploads\/site-image-keesing.jpg","type":"image\/jpeg"}],"twitter_card":"summary_large_image","twitter_misc":{"Gesch\u00e4tzte Lesezeit":"2\u00a0Minuten"},"schema":{"@context":"https:\/\/schema.org","@graph":[{"@type":"WebPage","@id":"https:\/\/braintainment.com\/de\/monetarisieren\/","url":"https:\/\/braintainment.com\/de\/monetarisieren\/","name":"Monetarisieren - Erschlie\u00dfen Sie Umsatzpotenziale","isPartOf":{"@id":"https:\/\/braintainment.com\/de\/#website"},"primaryImageOfPage":{"@id":"https:\/\/braintainment.com\/de\/monetarisieren\/#primaryimage"},"image":{"@id":"https:\/\/braintainment.com\/de\/monetarisieren\/#primaryimage"},"thumbnailUrl":"https:\/\/braintainment.com\/wp-content\/uploads\/monetize-build-your-own-revenue.svg","datePublished":"2024-01-18T09:54:49+00:00","dateModified":"2024-12-04T09:59:32+00:00","description":"Nutzen Sie das Umsatzpotenzial von Spielen und R\u00e4tseln, um neue Einnahmequellen zu erschlie\u00dfen und Kunden zu binden. Erschlie\u00dfen Sie Ihr Verkaufspotenzial","breadcrumb":{"@id":"https:\/\/braintainment.com\/de\/monetarisieren\/#breadcrumb"},"inLanguage":"de","potentialAction":[{"@type":"ReadAction","target":["https:\/\/braintainment.com\/de\/monetarisieren\/"]}]},{"@type":"ImageObject","inLanguage":"de","@id":"https:\/\/braintainment.com\/de\/monetarisieren\/#primaryimage","url":"https:\/\/braintainment.com\/wp-content\/uploads\/monetize-build-your-own-revenue.svg","contentUrl":"https:\/\/braintainment.com\/wp-content\/uploads\/monetize-build-your-own-revenue.svg"},{"@type":"BreadcrumbList","@id":"https:\/\/braintainment.com\/de\/monetarisieren\/#breadcrumb","itemListElement":[{"@type":"ListItem","position":1,"name":"Home","item":"https:\/\/braintainment.com\/de\/"},{"@type":"ListItem","position":2,"name":"Monetarisieren"}]},{"@type":"WebSite","@id":"https:\/\/braintainment.com\/de\/#website","url":"https:\/\/braintainment.com\/de\/","name":"Braintainment","description":"","publisher":{"@id":"https:\/\/braintainment.com\/de\/#organization"},"potentialAction":[{"@type":"SearchAction","target":{"@type":"EntryPoint","urlTemplate":"https:\/\/braintainment.com\/de\/?s={search_term_string}"},"query-input":{"@type":"PropertyValueSpecification","valueRequired":true,"valueName":"search_term_string"}}],"inLanguage":"de"},{"@type":"Organization","@id":"https:\/\/braintainment.com\/de\/#organization","name":"Braintainment","url":"https:\/\/braintainment.com\/de\/","logo":{"@type":"ImageObject","inLanguage":"de","@id":"https:\/\/braintainment.com\/de\/#\/schema\/logo\/image\/","url":"https:\/\/braintainment.com\/wp-content\/uploads\/Logo-Braintaiment-Keesing-Color.png","contentUrl":"https:\/\/braintainment.com\/wp-content\/uploads\/Logo-Braintaiment-Keesing-Color.png","width":468,"height":98,"caption":"Braintainment"},"image":{"@id":"https:\/\/braintainment.com\/de\/#\/schema\/logo\/image\/"}}]}},"_links":{"self":[{"href":"https:\/\/braintainment.com\/de\/wp-json\/wp\/v2\/pages\/3633","targetHints":{"allow":["GET"]}}],"collection":[{"href":"https:\/\/braintainment.com\/de\/wp-json\/wp\/v2\/pages"}],"about":[{"href":"https:\/\/braintainment.com\/de\/wp-json\/wp\/v2\/types\/page"}],"author":[{"embeddable":true,"href":"https:\/\/braintainment.com\/de\/wp-json\/wp\/v2\/users\/1"}],"replies":[{"embeddable":true,"href":"https:\/\/braintainment.com\/de\/wp-json\/wp\/v2\/comments?post=3633"}],"version-history":[{"count":5,"href":"https:\/\/braintainment.com\/de\/wp-json\/wp\/v2\/pages\/3633\/revisions"}],"predecessor-version":[{"id":4041,"href":"https:\/\/braintainment.com\/de\/wp-json\/wp\/v2\/pages\/3633\/revisions\/4041"}],"wp:attachment":[{"href":"https:\/\/braintainment.com\/de\/wp-json\/wp\/v2\/media?parent=3633"}],"curies":[{"name":"wp","href":"https:\/\/api.w.org\/{rel}","templated":true}]}}