{"id":3429,"date":"2024-01-23T15:28:33","date_gmt":"2024-01-23T15:28:33","guid":{"rendered":"https:\/\/braintainment.com\/formular\/danke-seite\/"},"modified":"2024-10-03T10:20:31","modified_gmt":"2024-10-03T10:20:31","slug":"danke-seite","status":"publish","type":"page","link":"https:\/\/braintainment.com\/de\/formular\/danke-seite\/","title":{"rendered":"Danke-Seite"},"content":{"rendered":"\t\t<div data-elementor-type=\"wp-page\" data-elementor-id=\"3429\" class=\"elementor elementor-3429 elementor-659\" data-elementor-post-type=\"page\">\n\t\t\t\t\t\t<section class=\"elementor-section elementor-top-section elementor-element elementor-element-a830108 section-404 elementor-section-boxed elementor-section-height-default elementor-section-height-default\" data-id=\"a830108\" data-element_type=\"section\" data-e-type=\"section\">\n\t\t\t\t\t\t<div class=\"elementor-container elementor-column-gap-default\">\n\t\t\t\t\t<div class=\"elementor-column elementor-col-100 elementor-top-column elementor-element elementor-element-3aa69aa\" data-id=\"3aa69aa\" data-element_type=\"column\" data-e-type=\"column\">\n\t\t\t<div class=\"elementor-widget-wrap elementor-element-populated\">\n\t\t\t\t\t\t<div class=\"elementor-element elementor-element-0db7d52 sub-title elementor-widget elementor-widget-heading\" data-id=\"0db7d52\" data-element_type=\"widget\" data-e-type=\"widget\" data-widget_type=\"heading.default\">\n\t\t\t\t<div class=\"elementor-widget-container\">\n\t\t\t\t\t<p class=\"elementor-heading-title elementor-size-default\">demo<\/p>\t\t\t\t<\/div>\n\t\t\t\t<\/div>\n\t\t\t\t<div class=\"elementor-element elementor-element-7e44e3d elementor-widget elementor-widget-text-editor\" data-id=\"7e44e3d\" data-element_type=\"widget\" data-e-type=\"widget\" data-widget_type=\"text-editor.default\">\n\t\t\t\t<div class=\"elementor-widget-container\">\n\t\t\t\t\t\t\t\t\t<h1>Danke!<\/h1>\n<p>Danke, dass Sie uns kontaktiert haben! Wir werden uns in K\u00fcrze mit Ihnen in Verbindung setzen.<\/p>\n\t\t\t\t\t\t\t\t<\/div>\n\t\t\t\t<\/div>\n\t\t\t\t<div class=\"elementor-element elementor-element-0679aa8 elementor-widget elementor-widget-button\" data-id=\"0679aa8\" data-element_type=\"widget\" data-e-type=\"widget\" data-widget_type=\"button.default\">\n\t\t\t\t<div class=\"elementor-widget-container\">\n\t\t\t\t\t\t\t\t\t<div class=\"elementor-button-wrapper\">\n\t\t\t\t\t<a class=\"elementor-button elementor-button-link elementor-size-sm\" href=\"https:\/\/braintainment.com\/de\/dashboard\/\">\n\t\t\t\t\t\t<span class=\"elementor-button-content-wrapper\">\n\t\t\t\t\t\t\t\t\t<span class=\"elementor-button-text\">ZUR\u00dcCK ZUR STARTSEITE<\/span>\n\t\t\t\t\t<\/span>\n\t\t\t\t\t<\/a>\n\t\t\t\t<\/div>\n\t\t\t\t\t\t\t\t<\/div>\n\t\t\t\t<\/div>\n\t\t\t\t\t<\/div>\n\t\t<\/div>\n\t\t\t\t\t<\/div>\n\t\t<\/section>\n\t\t\t\t<\/div>\n\t\t","protected":false},"excerpt":{"rendered":"<p>demo Danke! Danke, dass Sie uns kontaktiert haben! Wir werden uns in K\u00fcrze mit Ihnen in Verbindung setzen. ZUR\u00dcCK ZUR STARTSEITE<\/p>\n","protected":false},"author":1,"featured_media":0,"parent":3427,"menu_order":0,"comment_status":"closed","ping_status":"closed","template":"","meta":{"_acf_changed":false,"footnotes":""},"class_list":["post-3429","page","type-page","status-publish","hentry"],"acf":[],"yoast_head":"<!-- This site is optimized with the Yoast SEO plugin v27.5 - https:\/\/yoast.com\/product\/yoast-seo-wordpress\/ -->\n<title>Danke, dass Sie unser Demo-Formular ausgef\u00fcllt haben<\/title>\n<meta name=\"description\" content=\"Danke dass Sie unser Demo-Formular ausgef\u00fcllt haben. Wir werden in K\u00fcrze mit Ihnen in Verbindung setzen. F\u00fcr Fragen, z\u00f6gern Sie nicht uns zu kontaktieren\" \/>\n<meta name=\"robots\" content=\"index, follow, max-snippet:-1, max-image-preview:large, max-video-preview:-1\" \/>\n<link rel=\"canonical\" href=\"https:\/\/braintainment.com\/de\/formular\/danke-seite\/\" \/>\n<meta property=\"og:locale\" content=\"de_DE\" \/>\n<meta property=\"og:type\" content=\"article\" \/>\n<meta property=\"og:title\" content=\"Danke, dass Sie unser Demo-Formular ausgef\u00fcllt haben\" \/>\n<meta property=\"og:description\" content=\"Danke dass Sie unser Demo-Formular ausgef\u00fcllt haben. Wir werden in K\u00fcrze mit Ihnen in Verbindung setzen. F\u00fcr Fragen, z\u00f6gern Sie nicht uns zu kontaktieren\" \/>\n<meta property=\"og:url\" content=\"https:\/\/braintainment.com\/de\/formular\/danke-seite\/\" \/>\n<meta property=\"og:site_name\" content=\"Braintainment\" \/>\n<meta property=\"article:modified_time\" content=\"2024-10-03T10:20:31+00:00\" \/>\n<meta property=\"og:image\" content=\"https:\/\/braintainment.com\/wp-content\/uploads\/site-image-keesing.jpg\" \/>\n\t<meta property=\"og:image:width\" content=\"1200\" \/>\n\t<meta property=\"og:image:height\" content=\"675\" \/>\n\t<meta property=\"og:image:type\" content=\"image\/jpeg\" \/>\n<meta name=\"twitter:card\" content=\"summary_large_image\" \/>\n<meta name=\"twitter:label1\" content=\"Gesch\u00e4tzte Lesezeit\" \/>\n\t<meta name=\"twitter:data1\" content=\"1\u00a0Minute\" \/>\n<script type=\"application\/ld+json\" class=\"yoast-schema-graph\">{\"@context\":\"https:\\\/\\\/schema.org\",\"@graph\":[{\"@type\":\"WebPage\",\"@id\":\"https:\\\/\\\/braintainment.com\\\/de\\\/formular\\\/danke-seite\\\/\",\"url\":\"https:\\\/\\\/braintainment.com\\\/de\\\/formular\\\/danke-seite\\\/\",\"name\":\"Danke, dass Sie unser Demo-Formular ausgef\u00fcllt haben\",\"isPartOf\":{\"@id\":\"https:\\\/\\\/braintainment.com\\\/de\\\/#website\"},\"datePublished\":\"2024-01-23T15:28:33+00:00\",\"dateModified\":\"2024-10-03T10:20:31+00:00\",\"description\":\"Danke dass Sie unser Demo-Formular ausgef\u00fcllt haben. Wir werden in K\u00fcrze mit Ihnen in Verbindung setzen. F\u00fcr Fragen, z\u00f6gern Sie nicht uns zu kontaktieren\",\"breadcrumb\":{\"@id\":\"https:\\\/\\\/braintainment.com\\\/de\\\/formular\\\/danke-seite\\\/#breadcrumb\"},\"inLanguage\":\"de\",\"potentialAction\":[{\"@type\":\"ReadAction\",\"target\":[\"https:\\\/\\\/braintainment.com\\\/de\\\/formular\\\/danke-seite\\\/\"]}]},{\"@type\":\"BreadcrumbList\",\"@id\":\"https:\\\/\\\/braintainment.com\\\/de\\\/formular\\\/danke-seite\\\/#breadcrumb\",\"itemListElement\":[{\"@type\":\"ListItem\",\"position\":1,\"name\":\"Home\",\"item\":\"https:\\\/\\\/braintainment.com\\\/de\\\/\"},{\"@type\":\"ListItem\",\"position\":2,\"name\":\"Formular\",\"item\":\"https:\\\/\\\/braintainment.com\\\/de\\\/formular\\\/\"},{\"@type\":\"ListItem\",\"position\":3,\"name\":\"Danke-Seite\"}]},{\"@type\":\"WebSite\",\"@id\":\"https:\\\/\\\/braintainment.com\\\/de\\\/#website\",\"url\":\"https:\\\/\\\/braintainment.com\\\/de\\\/\",\"name\":\"Braintainment\",\"description\":\"\",\"publisher\":{\"@id\":\"https:\\\/\\\/braintainment.com\\\/de\\\/#organization\"},\"potentialAction\":[{\"@type\":\"SearchAction\",\"target\":{\"@type\":\"EntryPoint\",\"urlTemplate\":\"https:\\\/\\\/braintainment.com\\\/de\\\/?s={search_term_string}\"},\"query-input\":{\"@type\":\"PropertyValueSpecification\",\"valueRequired\":true,\"valueName\":\"search_term_string\"}}],\"inLanguage\":\"de\"},{\"@type\":\"Organization\",\"@id\":\"https:\\\/\\\/braintainment.com\\\/de\\\/#organization\",\"name\":\"Braintainment\",\"url\":\"https:\\\/\\\/braintainment.com\\\/de\\\/\",\"logo\":{\"@type\":\"ImageObject\",\"inLanguage\":\"de\",\"@id\":\"https:\\\/\\\/braintainment.com\\\/de\\\/#\\\/schema\\\/logo\\\/image\\\/\",\"url\":\"https:\\\/\\\/braintainment.com\\\/wp-content\\\/uploads\\\/Logo-Braintaiment-Keesing-Color.png\",\"contentUrl\":\"https:\\\/\\\/braintainment.com\\\/wp-content\\\/uploads\\\/Logo-Braintaiment-Keesing-Color.png\",\"width\":468,\"height\":98,\"caption\":\"Braintainment\"},\"image\":{\"@id\":\"https:\\\/\\\/braintainment.com\\\/de\\\/#\\\/schema\\\/logo\\\/image\\\/\"}}]}<\/script>\n<!-- \/ Yoast SEO plugin. -->","yoast_head_json":{"title":"Danke, dass Sie unser Demo-Formular ausgef\u00fcllt haben","description":"Danke dass Sie unser Demo-Formular ausgef\u00fcllt haben. Wir werden in K\u00fcrze mit Ihnen in Verbindung setzen. F\u00fcr Fragen, z\u00f6gern Sie nicht uns zu kontaktieren","robots":{"index":"index","follow":"follow","max-snippet":"max-snippet:-1","max-image-preview":"max-image-preview:large","max-video-preview":"max-video-preview:-1"},"canonical":"https:\/\/braintainment.com\/de\/formular\/danke-seite\/","og_locale":"de_DE","og_type":"article","og_title":"Danke, dass Sie unser Demo-Formular ausgef\u00fcllt haben","og_description":"Danke dass Sie unser Demo-Formular ausgef\u00fcllt haben. Wir werden in K\u00fcrze mit Ihnen in Verbindung setzen. F\u00fcr Fragen, z\u00f6gern Sie nicht uns zu kontaktieren","og_url":"https:\/\/braintainment.com\/de\/formular\/danke-seite\/","og_site_name":"Braintainment","article_modified_time":"2024-10-03T10:20:31+00:00","og_image":[{"width":1200,"height":675,"url":"https:\/\/braintainment.com\/wp-content\/uploads\/site-image-keesing.jpg","type":"image\/jpeg"}],"twitter_card":"summary_large_image","twitter_misc":{"Gesch\u00e4tzte Lesezeit":"1\u00a0Minute"},"schema":{"@context":"https:\/\/schema.org","@graph":[{"@type":"WebPage","@id":"https:\/\/braintainment.com\/de\/formular\/danke-seite\/","url":"https:\/\/braintainment.com\/de\/formular\/danke-seite\/","name":"Danke, dass Sie unser Demo-Formular ausgef\u00fcllt haben","isPartOf":{"@id":"https:\/\/braintainment.com\/de\/#website"},"datePublished":"2024-01-23T15:28:33+00:00","dateModified":"2024-10-03T10:20:31+00:00","description":"Danke dass Sie unser Demo-Formular ausgef\u00fcllt haben. Wir werden in K\u00fcrze mit Ihnen in Verbindung setzen. F\u00fcr Fragen, z\u00f6gern Sie nicht uns zu kontaktieren","breadcrumb":{"@id":"https:\/\/braintainment.com\/de\/formular\/danke-seite\/#breadcrumb"},"inLanguage":"de","potentialAction":[{"@type":"ReadAction","target":["https:\/\/braintainment.com\/de\/formular\/danke-seite\/"]}]},{"@type":"BreadcrumbList","@id":"https:\/\/braintainment.com\/de\/formular\/danke-seite\/#breadcrumb","itemListElement":[{"@type":"ListItem","position":1,"name":"Home","item":"https:\/\/braintainment.com\/de\/"},{"@type":"ListItem","position":2,"name":"Formular","item":"https:\/\/braintainment.com\/de\/formular\/"},{"@type":"ListItem","position":3,"name":"Danke-Seite"}]},{"@type":"WebSite","@id":"https:\/\/braintainment.com\/de\/#website","url":"https:\/\/braintainment.com\/de\/","name":"Braintainment","description":"","publisher":{"@id":"https:\/\/braintainment.com\/de\/#organization"},"potentialAction":[{"@type":"SearchAction","target":{"@type":"EntryPoint","urlTemplate":"https:\/\/braintainment.com\/de\/?s={search_term_string}"},"query-input":{"@type":"PropertyValueSpecification","valueRequired":true,"valueName":"search_term_string"}}],"inLanguage":"de"},{"@type":"Organization","@id":"https:\/\/braintainment.com\/de\/#organization","name":"Braintainment","url":"https:\/\/braintainment.com\/de\/","logo":{"@type":"ImageObject","inLanguage":"de","@id":"https:\/\/braintainment.com\/de\/#\/schema\/logo\/image\/","url":"https:\/\/braintainment.com\/wp-content\/uploads\/Logo-Braintaiment-Keesing-Color.png","contentUrl":"https:\/\/braintainment.com\/wp-content\/uploads\/Logo-Braintaiment-Keesing-Color.png","width":468,"height":98,"caption":"Braintainment"},"image":{"@id":"https:\/\/braintainment.com\/de\/#\/schema\/logo\/image\/"}}]}},"_links":{"self":[{"href":"https:\/\/braintainment.com\/de\/wp-json\/wp\/v2\/pages\/3429","targetHints":{"allow":["GET"]}}],"collection":[{"href":"https:\/\/braintainment.com\/de\/wp-json\/wp\/v2\/pages"}],"about":[{"href":"https:\/\/braintainment.com\/de\/wp-json\/wp\/v2\/types\/page"}],"author":[{"embeddable":true,"href":"https:\/\/braintainment.com\/de\/wp-json\/wp\/v2\/users\/1"}],"replies":[{"embeddable":true,"href":"https:\/\/braintainment.com\/de\/wp-json\/wp\/v2\/comments?post=3429"}],"version-history":[{"count":1,"href":"https:\/\/braintainment.com\/de\/wp-json\/wp\/v2\/pages\/3429\/revisions"}],"predecessor-version":[{"id":3430,"href":"https:\/\/braintainment.com\/de\/wp-json\/wp\/v2\/pages\/3429\/revisions\/3430"}],"up":[{"embeddable":true,"href":"https:\/\/braintainment.com\/de\/wp-json\/wp\/v2\/pages\/3427"}],"wp:attachment":[{"href":"https:\/\/braintainment.com\/de\/wp-json\/wp\/v2\/media?parent=3429"}],"curies":[{"name":"wp","href":"https:\/\/api.w.org\/{rel}","templated":true}]}}