{"id":3590,"date":"2024-01-18T09:54:49","date_gmt":"2024-01-18T09:54:49","guid":{"rendered":"https:\/\/braintainment.com\/tjen-penge\/"},"modified":"2025-03-26T09:33:30","modified_gmt":"2025-03-26T09:33:30","slug":"tjen-penge","status":"publish","type":"page","link":"https:\/\/braintainment.com\/da\/tjen-penge\/","title":{"rendered":"Tjen penge"},"content":{"rendered":"\t\t<div data-elementor-type=\"wp-page\" data-elementor-id=\"3590\" class=\"elementor elementor-3590 elementor-405\" data-elementor-post-type=\"page\">\n\t\t\t\t\t\t<section class=\"elementor-section elementor-top-section elementor-element elementor-element-a682887 section-pagetitle monetize elementor-section-boxed elementor-section-height-default elementor-section-height-default\" data-id=\"a682887\" data-element_type=\"section\" data-e-type=\"section\">\n\t\t\t\t\t\t<div class=\"elementor-container elementor-column-gap-default\">\n\t\t\t\t\t<div class=\"elementor-column elementor-col-100 elementor-top-column elementor-element elementor-element-f4c45ed\" data-id=\"f4c45ed\" data-element_type=\"column\" data-e-type=\"column\">\n\t\t\t<div class=\"elementor-widget-wrap elementor-element-populated\">\n\t\t\t\t\t\t<div class=\"elementor-element elementor-element-d769d4a shape shape-1 elementor-view-default elementor-widget elementor-widget-icon\" data-id=\"d769d4a\" data-element_type=\"widget\" data-e-type=\"widget\" data-settings=\"{&quot;motion_fx_motion_fx_scrolling&quot;:&quot;yes&quot;,&quot;motion_fx_devices&quot;:[&quot;desktop&quot;,&quot;tablet&quot;,&quot;mobile&quot;]}\" data-widget_type=\"icon.default\">\n\t\t\t\t<div class=\"elementor-widget-container\">\n\t\t\t\t\t\t\t<div class=\"elementor-icon-wrapper\">\n\t\t\t<div class=\"elementor-icon\">\n\t\t\t<svg xmlns=\"http:\/\/www.w3.org\/2000\/svg\" width=\"75\" height=\"75\" viewBox=\"0 0 75 75\"><path d=\"M54.515,71.485,37.5,54.47,20.485,71.485a12,12,0,1,1-16.97-16.97L20.529,37.5,3.515,20.485a12,12,0,0,1,16.97-16.97L37.5,20.529,54.515,3.515a12,12,0,1,1,16.97,16.97L54.47,37.5,71.485,54.515a12,12,0,0,1-16.97,16.97Z\" transform=\"translate(0)\" fill=\"#fc9335\"><\/path><\/svg>\t\t\t<\/div>\n\t\t<\/div>\n\t\t\t\t\t\t<\/div>\n\t\t\t\t<\/div>\n\t\t\t\t<div class=\"elementor-element elementor-element-59eb941 sub-title elementor-widget elementor-widget-heading\" data-id=\"59eb941\" data-element_type=\"widget\" data-e-type=\"widget\" data-widget_type=\"heading.default\">\n\t\t\t\t<div class=\"elementor-widget-container\">\n\t\t\t\t\t<p class=\"elementor-heading-title elementor-size-default\">Tjen penge<\/p>\t\t\t\t<\/div>\n\t\t\t\t<\/div>\n\t\t\t\t<div class=\"elementor-element elementor-element-209db71 elementor-widget elementor-widget-text-editor\" data-id=\"209db71\" data-element_type=\"widget\" data-e-type=\"widget\" data-widget_type=\"text-editor.default\">\n\t\t\t\t<div class=\"elementor-widget-container\">\n\t\t\t\t\t\t\t\t\t<h1><strong>Nye indt\u00e6gtskilder<\/strong><\/h1>\n<p>F\u00e5 det fulde udbytte af jeres opgaver og spil.<\/p>\n\t\t\t\t\t\t\t\t<\/div>\n\t\t\t\t<\/div>\n\t\t\t\t<div class=\"elementor-element elementor-element-06ce0c0 shape shape-2 elementor-view-default elementor-widget elementor-widget-icon\" data-id=\"06ce0c0\" data-element_type=\"widget\" data-e-type=\"widget\" data-settings=\"{&quot;motion_fx_motion_fx_scrolling&quot;:&quot;yes&quot;,&quot;motion_fx_translateY_effect&quot;:&quot;yes&quot;,&quot;motion_fx_translateY_speed&quot;:{&quot;unit&quot;:&quot;px&quot;,&quot;size&quot;:2.5,&quot;sizes&quot;:[]},&quot;motion_fx_translateY_affectedRange&quot;:{&quot;unit&quot;:&quot;%&quot;,&quot;size&quot;:&quot;&quot;,&quot;sizes&quot;:{&quot;start&quot;:0,&quot;end&quot;:100}},&quot;motion_fx_devices&quot;:[&quot;desktop&quot;,&quot;tablet&quot;,&quot;mobile&quot;]}\" data-widget_type=\"icon.default\">\n\t\t\t\t<div class=\"elementor-widget-container\">\n\t\t\t\t\t\t\t<div class=\"elementor-icon-wrapper\">\n\t\t\t<div class=\"elementor-icon\">\n\t\t\t<svg xmlns=\"http:\/\/www.w3.org\/2000\/svg\" width=\"98.442\" height=\"94.229\" viewBox=\"0 0 98.442 94.229\"><path d=\"M48.4,5.857a5,5,0,0,1,8.194,0L71.2,26.733a5,5,0,0,0,2.632,1.915l24.35,7.46a5,5,0,0,1,2.531,7.786L85.388,64.27a5,5,0,0,0-1,3.092l.439,25.5A5,5,0,0,1,78.2,97.674L54.129,89.381a5,5,0,0,0-3.258,0L26.8,97.674a5,5,0,0,1-6.628-4.813l.439-25.5a5,5,0,0,0-1-3.092L4.286,43.894a5,5,0,0,1,2.531-7.786l24.35-7.46A5,5,0,0,0,33.8,26.733Z\" transform=\"translate(-3.279 -3.723)\" fill=\"#6a82e0\"><\/path><\/svg>\t\t\t<\/div>\n\t\t<\/div>\n\t\t\t\t\t\t<\/div>\n\t\t\t\t<\/div>\n\t\t\t\t\t<\/div>\n\t\t<\/div>\n\t\t\t\t\t<\/div>\n\t\t<\/section>\n\t\t\t\t<section class=\"elementor-section elementor-top-section elementor-element elementor-element-679f28d section-image-content monetize elementor-reverse-tablet elementor-reverse-mobile elementor-section-boxed elementor-section-height-default elementor-section-height-default\" data-id=\"679f28d\" data-element_type=\"section\" data-e-type=\"section\">\n\t\t\t\t\t\t<div class=\"elementor-container elementor-column-gap-default\">\n\t\t\t\t\t<div class=\"elementor-column elementor-col-50 elementor-top-column elementor-element elementor-element-ea5803f\" data-id=\"ea5803f\" data-element_type=\"column\" data-e-type=\"column\">\n\t\t\t<div class=\"elementor-widget-wrap elementor-element-populated\">\n\t\t\t\t\t\t<div class=\"elementor-element elementor-element-645734d elementor-widget elementor-widget-image\" data-id=\"645734d\" data-element_type=\"widget\" data-e-type=\"widget\" data-widget_type=\"image.default\">\n\t\t\t\t<div class=\"elementor-widget-container\">\n\t\t\t\t\t\t\t\t\t\t\t\t\t\t\t<img fetchpriority=\"high\" decoding=\"async\" width=\"531\" height=\"820\" src=\"https:\/\/braintainment.com\/wp-content\/uploads\/monetize-build-your-own-revenue.svg\" class=\"attachment-large size-large wp-image-2362\" alt=\"\" \/>\t\t\t\t\t\t\t\t\t\t\t\t\t\t\t<\/div>\n\t\t\t\t<\/div>\n\t\t\t\t<div class=\"elementor-element elementor-element-d88a6ec shape shape-1 elementor-view-default elementor-widget elementor-widget-icon\" data-id=\"d88a6ec\" data-element_type=\"widget\" data-e-type=\"widget\" data-settings=\"{&quot;motion_fx_motion_fx_scrolling&quot;:&quot;yes&quot;,&quot;motion_fx_translateY_effect&quot;:&quot;yes&quot;,&quot;motion_fx_translateY_direction&quot;:&quot;negative&quot;,&quot;motion_fx_translateY_speed&quot;:{&quot;unit&quot;:&quot;px&quot;,&quot;size&quot;:2,&quot;sizes&quot;:[]},&quot;motion_fx_rotateZ_effect&quot;:&quot;yes&quot;,&quot;motion_fx_rotateZ_speed&quot;:{&quot;unit&quot;:&quot;px&quot;,&quot;size&quot;:4,&quot;sizes&quot;:[]},&quot;motion_fx_translateY_affectedRange&quot;:{&quot;unit&quot;:&quot;%&quot;,&quot;size&quot;:&quot;&quot;,&quot;sizes&quot;:{&quot;start&quot;:0,&quot;end&quot;:100}},&quot;motion_fx_rotateZ_affectedRange&quot;:{&quot;unit&quot;:&quot;%&quot;,&quot;size&quot;:&quot;&quot;,&quot;sizes&quot;:{&quot;start&quot;:0,&quot;end&quot;:100}},&quot;motion_fx_devices&quot;:[&quot;desktop&quot;,&quot;tablet&quot;,&quot;mobile&quot;]}\" data-widget_type=\"icon.default\">\n\t\t\t\t<div class=\"elementor-widget-container\">\n\t\t\t\t\t\t\t<div class=\"elementor-icon-wrapper\">\n\t\t\t<div class=\"elementor-icon\">\n\t\t\t<svg xmlns=\"http:\/\/www.w3.org\/2000\/svg\" width=\"103.249\" height=\"98.816\" viewBox=\"0 0 103.249 98.816\"><path d=\"M49.558,2.14a5,5,0,0,1,5.883,0l46.624,33.922a5,5,0,0,1,1.814,5.586l-17.812,54.9A5,5,0,0,1,81.313,100H23.687a5,5,0,0,1-4.756-3.457L1.12,41.648a5,5,0,0,1,1.814-5.586Z\" transform=\"translate(-0.875 -1.184)\" fill=\"#ff8691\"><\/path><\/svg>\t\t\t<\/div>\n\t\t<\/div>\n\t\t\t\t\t\t<\/div>\n\t\t\t\t<\/div>\n\t\t\t\t\t<\/div>\n\t\t<\/div>\n\t\t\t\t<div class=\"elementor-column elementor-col-50 elementor-top-column elementor-element elementor-element-c1f3fc1\" data-id=\"c1f3fc1\" data-element_type=\"column\" data-e-type=\"column\">\n\t\t\t<div class=\"elementor-widget-wrap elementor-element-populated\">\n\t\t\t\t\t\t<div class=\"elementor-element elementor-element-8456004 sub-title elementor-widget elementor-widget-heading\" data-id=\"8456004\" data-element_type=\"widget\" data-e-type=\"widget\" data-widget_type=\"heading.default\">\n\t\t\t\t<div class=\"elementor-widget-container\">\n\t\t\t\t\t<p class=\"elementor-heading-title elementor-size-default\">Tjen penge<\/p>\t\t\t\t<\/div>\n\t\t\t\t<\/div>\n\t\t\t\t<div class=\"elementor-element elementor-element-57b4142 elementor-widget elementor-widget-text-editor\" data-id=\"57b4142\" data-element_type=\"widget\" data-e-type=\"widget\" data-widget_type=\"text-editor.default\">\n\t\t\t\t<div class=\"elementor-widget-container\">\n\t\t\t\t\t\t\t\t\t<h2>Opbyg nye indt\u00e6gtskilder<\/h2>\n<p>N\u00e5r I beslutter at anvende spil og opgaver p\u00e5 jeres site, kan I konvertere brugerengagement til en lukrativ indt\u00e6gtskilde \u2013 samtidig med at I \u00f8ger den samlede v\u00e6rdi for jeres publikum.<\/p>\n<p>Vi arbejder med to succesfulde forretningsmodeller:<\/p>\n<ul>\n<li><strong>Freemium-modellen:<\/strong> Brugeren en gratis pr\u00f8veversion og tilbydes adgang til ekstra spil og features. <span class=\"cf0\">Her afgiver brugeren samtykke til at afgive brugerdata som en del <\/span>af et abonnement.<\/li>\n<li><strong>Kanalstrategien: <\/strong>Her oprettes en kanal med spil og opgaver, hvortil brugerne kan tilk\u00f8be adgang gennem et abonnement.<\/li>\n<\/ul>\n<p>Modellerne har hver deres fordele og er begge effektive forretningsmodeller. Man kan ogs\u00e5 kombinere de to modeller.<\/p>\n\t\t\t\t\t\t\t\t<\/div>\n\t\t\t\t<\/div>\n\t\t\t\t<div class=\"elementor-element elementor-element-44da132 elementor-widget elementor-widget-button\" data-id=\"44da132\" data-element_type=\"widget\" data-e-type=\"widget\" data-settings=\"{&quot;enabled_visibility&quot;:&quot;yes&quot;,&quot;dce_visibility_selected&quot;:&quot;hide&quot;}\" data-widget_type=\"button.default\">\n\t\t\t\t<div class=\"elementor-widget-container\">\n\t\t\t\t\t\t\t\t\t<div class=\"elementor-button-wrapper\">\n\t\t\t\t\t<a class=\"elementor-button elementor-button-link elementor-size-sm\" href=\"https:\/\/braintainment.com\/da\/anmod-om-demo\/\">\n\t\t\t\t\t\t<span class=\"elementor-button-content-wrapper\">\n\t\t\t\t\t\t\t\t\t<span class=\"elementor-button-text\">Anmod om demo<\/span>\n\t\t\t\t\t<\/span>\n\t\t\t\t\t<\/a>\n\t\t\t\t<\/div>\n\t\t\t\t\t\t\t\t<\/div>\n\t\t\t\t<\/div>\n\t\t<!-- dce invisible element 7c5db23 -->\t\t<div class=\"elementor-element elementor-element-b89dc2b shape shape-2 elementor-widget elementor-widget-html\" data-id=\"b89dc2b\" data-element_type=\"widget\" data-e-type=\"widget\" data-widget_type=\"html.default\">\n\t\t\t\t<div class=\"elementor-widget-container\">\n\t\t\t\t\t<object type=\"image\/svg+xml\" data=\"\/wp-content\/uploads\/icon-arrows-groen.svg\" width=\"120\" height=\"200\"><\/object>\t\t\t\t<\/div>\n\t\t\t\t<\/div>\n\t\t\t\t\t<\/div>\n\t\t<\/div>\n\t\t\t\t\t<\/div>\n\t\t<\/section>\n\t\t\t\t<section class=\"elementor-section elementor-top-section elementor-element elementor-element-20b8cbf section-highlighted-black monetize elementor-section-boxed elementor-section-height-default elementor-section-height-default\" data-id=\"20b8cbf\" data-element_type=\"section\" data-e-type=\"section\">\n\t\t\t\t\t\t<div class=\"elementor-container elementor-column-gap-default\">\n\t\t\t\t\t<div class=\"elementor-column elementor-col-100 elementor-top-column elementor-element elementor-element-e891132\" data-id=\"e891132\" data-element_type=\"column\" data-e-type=\"column\">\n\t\t\t<div class=\"elementor-widget-wrap elementor-element-populated\">\n\t\t\t\t\t\t<div class=\"elementor-element elementor-element-638a14c sub-title elementor-widget elementor-widget-heading\" data-id=\"638a14c\" data-element_type=\"widget\" data-e-type=\"widget\" data-widget_type=\"heading.default\">\n\t\t\t\t<div class=\"elementor-widget-container\">\n\t\t\t\t\t<p class=\"elementor-heading-title elementor-size-default\">Kundeeksempel<\/p>\t\t\t\t<\/div>\n\t\t\t\t<\/div>\n\t\t\t\t<div class=\"elementor-element elementor-element-7816c8a elementor-widget elementor-widget-text-editor\" data-id=\"7816c8a\" data-element_type=\"widget\" data-e-type=\"widget\" data-widget_type=\"text-editor.default\">\n\t\t\t\t<div class=\"elementor-widget-container\">\n\t\t\t\t\t\t\t\t\t<h2><strong>Vores kundes succeshistorie<\/strong><\/h2>\r\n<ul> <p> En fremtr\u00e6dende nordisk medievirksomhed \u00f8nskede at fremme deres brugerengagement og udvide sin abonnentbase. Virksomheden skiftede strategi for at f\u00e5 udbytte af det voksende potentiale, der findes i det popul\u00e6re marked inden for opgaver og spil. Samtidig s\u00f8satte de en premium-forretningsmodel. De begyndte deres rejse med at tilbyde r\u00e6kke gratis opgaver og spil, hvilket tiltrak brugere i betragtelig antal.\r\n\r\nDenne f\u00f8rste fase var afg\u00f8rende for at opbygge tillid, fremme engagement og forst\u00e5 brugernes pr\u00e6ferencer.\r\n<br>\r\n\r\nHer er resultatet: <\/p>\r\n<br>\r\n \t<li><strong>Stigning i abonnenter:<\/strong> Hele 50 % af alle nye abonnenter blev hvervet gennem kanalen med opgaver og spil, hvilket understreger dennes afg\u00f8rende rolle i at samle leads og fremme konverteringer.<\/li>\r\n \t<li><strong>Engageret brugerbase:<\/strong> Den indledende gratis model resulterede i en markant stigning i engagerede brugere, hvilket lagde grundlaget for at forts\u00e6tte det succesfulde arbejde med at generere indt\u00e6gter.<\/li>\r\n \t<li><strong>Vedvarende indt\u00e6gtskilde:<\/strong> Gennem premium-modellen kunne virksomheden effektivt generere ny indt\u00e6gt fra sin brugerbase, ved at en betydelig del af gratisbrugerne overgik til at blive betalende abonnenter.<\/li>\r\n \t<li><strong>Indt\u00e6gtsstigning:<\/strong> Skiftet til en premium-model styrkede indt\u00e6gtskilderne markant, hvilket viser, at det kan betale sig at tilgodese en dedikeret brugerbase af spillere og opgavel\u00f8sere.<\/li>\r\n<\/ul>\t\t\t\t\t\t\t\t<\/div>\n\t\t\t\t<\/div>\n\t\t\t\t<div class=\"elementor-element elementor-element-5602219 elementor-widget elementor-widget-html\" data-id=\"5602219\" data-element_type=\"widget\" data-e-type=\"widget\" data-widget_type=\"html.default\">\n\t\t\t\t<div class=\"elementor-widget-container\">\n\t\t\t\t\t<object type=\"image\/svg+xml\" data=\"\/wp-content\/uploads\/icon-dots-animated.svg\" width=\"120\" height=\"260\"><\/object>\t\t\t\t<\/div>\n\t\t\t\t<\/div>\n\t\t\t\t\t<\/div>\n\t\t<\/div>\n\t\t\t\t\t<\/div>\n\t\t<\/section>\n\t\t\t\t<\/div>\n\t\t","protected":false},"excerpt":{"rendered":"<p>Tjen penge Nye indt\u00e6gtskilder F\u00e5 det fulde udbytte af jeres opgaver og spil. Tjen penge Opbyg nye indt\u00e6gtskilder N\u00e5r I beslutter at anvende spil og opgaver p\u00e5 jeres site, kan I konvertere brugerengagement til en lukrativ indt\u00e6gtskilde \u2013 samtidig med at I \u00f8ger den samlede v\u00e6rdi for jeres publikum. Vi arbejder med to succesfulde forretningsmodeller: [&hellip;]<\/p>\n","protected":false},"author":1,"featured_media":0,"parent":0,"menu_order":0,"comment_status":"closed","ping_status":"closed","template":"","meta":{"_acf_changed":false,"footnotes":""},"class_list":["post-3590","page","type-page","status-publish","hentry"],"acf":[],"yoast_head":"<!-- This site is optimized with the Yoast SEO plugin v27.5 - https:\/\/yoast.com\/product\/yoast-seo-wordpress\/ -->\n<title>Indt\u00e6gtsgenerering - Tjen penge og skab nye indt\u00e6gtsstr\u00f8mme<\/title>\n<meta name=\"description\" content=\"Ved at investere strategisk i spil og opgaver kan du konvertere brugerengagement til en lukrativ indt\u00e6gtsstr\u00f8m og samtidig \u00f8ge publikums v\u00e6rdi.\" \/>\n<meta name=\"robots\" content=\"index, follow, max-snippet:-1, max-image-preview:large, max-video-preview:-1\" \/>\n<link rel=\"canonical\" href=\"https:\/\/braintainment.com\/da\/tjen-penge\/\" \/>\n<meta property=\"og:locale\" content=\"da_DK\" \/>\n<meta property=\"og:type\" content=\"article\" \/>\n<meta property=\"og:title\" content=\"Indt\u00e6gtsgenerering - Tjen penge og skab nye indt\u00e6gtsstr\u00f8mme\" \/>\n<meta property=\"og:description\" content=\"Ved at investere strategisk i spil og opgaver kan du konvertere brugerengagement til en lukrativ indt\u00e6gtsstr\u00f8m og samtidig \u00f8ge publikums v\u00e6rdi.\" \/>\n<meta property=\"og:url\" content=\"https:\/\/braintainment.com\/da\/tjen-penge\/\" \/>\n<meta property=\"og:site_name\" content=\"Braintainment\" \/>\n<meta property=\"article:modified_time\" content=\"2025-03-26T09:33:30+00:00\" \/>\n<meta property=\"og:image\" content=\"https:\/\/braintainment.com\/wp-content\/uploads\/site-image-keesing.jpg\" \/>\n\t<meta property=\"og:image:width\" content=\"1200\" \/>\n\t<meta property=\"og:image:height\" content=\"675\" \/>\n\t<meta property=\"og:image:type\" content=\"image\/jpeg\" \/>\n<meta name=\"twitter:card\" content=\"summary_large_image\" \/>\n<meta name=\"twitter:label1\" content=\"Estimeret l\u00e6setid\" \/>\n\t<meta name=\"twitter:data1\" content=\"2 minutter\" \/>\n<script type=\"application\/ld+json\" class=\"yoast-schema-graph\">{\"@context\":\"https:\\\/\\\/schema.org\",\"@graph\":[{\"@type\":\"WebPage\",\"@id\":\"https:\\\/\\\/braintainment.com\\\/da\\\/tjen-penge\\\/\",\"url\":\"https:\\\/\\\/braintainment.com\\\/da\\\/tjen-penge\\\/\",\"name\":\"Indt\u00e6gtsgenerering - Tjen penge og skab nye indt\u00e6gtsstr\u00f8mme\",\"isPartOf\":{\"@id\":\"https:\\\/\\\/braintainment.com\\\/da\\\/#website\"},\"primaryImageOfPage\":{\"@id\":\"https:\\\/\\\/braintainment.com\\\/da\\\/tjen-penge\\\/#primaryimage\"},\"image\":{\"@id\":\"https:\\\/\\\/braintainment.com\\\/da\\\/tjen-penge\\\/#primaryimage\"},\"thumbnailUrl\":\"https:\\\/\\\/braintainment.com\\\/wp-content\\\/uploads\\\/monetize-build-your-own-revenue.svg\",\"datePublished\":\"2024-01-18T09:54:49+00:00\",\"dateModified\":\"2025-03-26T09:33:30+00:00\",\"description\":\"Ved at investere strategisk i spil og opgaver kan du konvertere brugerengagement til en lukrativ indt\u00e6gtsstr\u00f8m og samtidig \u00f8ge publikums v\u00e6rdi.\",\"breadcrumb\":{\"@id\":\"https:\\\/\\\/braintainment.com\\\/da\\\/tjen-penge\\\/#breadcrumb\"},\"inLanguage\":\"da-DK\",\"potentialAction\":[{\"@type\":\"ReadAction\",\"target\":[\"https:\\\/\\\/braintainment.com\\\/da\\\/tjen-penge\\\/\"]}]},{\"@type\":\"ImageObject\",\"inLanguage\":\"da-DK\",\"@id\":\"https:\\\/\\\/braintainment.com\\\/da\\\/tjen-penge\\\/#primaryimage\",\"url\":\"https:\\\/\\\/braintainment.com\\\/wp-content\\\/uploads\\\/monetize-build-your-own-revenue.svg\",\"contentUrl\":\"https:\\\/\\\/braintainment.com\\\/wp-content\\\/uploads\\\/monetize-build-your-own-revenue.svg\"},{\"@type\":\"BreadcrumbList\",\"@id\":\"https:\\\/\\\/braintainment.com\\\/da\\\/tjen-penge\\\/#breadcrumb\",\"itemListElement\":[{\"@type\":\"ListItem\",\"position\":1,\"name\":\"Home\",\"item\":\"https:\\\/\\\/braintainment.com\\\/da\\\/\"},{\"@type\":\"ListItem\",\"position\":2,\"name\":\"Tjen penge\"}]},{\"@type\":\"WebSite\",\"@id\":\"https:\\\/\\\/braintainment.com\\\/da\\\/#website\",\"url\":\"https:\\\/\\\/braintainment.com\\\/da\\\/\",\"name\":\"Braintainment\",\"description\":\"\",\"publisher\":{\"@id\":\"https:\\\/\\\/braintainment.com\\\/da\\\/#organization\"},\"potentialAction\":[{\"@type\":\"SearchAction\",\"target\":{\"@type\":\"EntryPoint\",\"urlTemplate\":\"https:\\\/\\\/braintainment.com\\\/da\\\/?s={search_term_string}\"},\"query-input\":{\"@type\":\"PropertyValueSpecification\",\"valueRequired\":true,\"valueName\":\"search_term_string\"}}],\"inLanguage\":\"da-DK\"},{\"@type\":\"Organization\",\"@id\":\"https:\\\/\\\/braintainment.com\\\/da\\\/#organization\",\"name\":\"Braintainment\",\"url\":\"https:\\\/\\\/braintainment.com\\\/da\\\/\",\"logo\":{\"@type\":\"ImageObject\",\"inLanguage\":\"da-DK\",\"@id\":\"https:\\\/\\\/braintainment.com\\\/da\\\/#\\\/schema\\\/logo\\\/image\\\/\",\"url\":\"https:\\\/\\\/braintainment.com\\\/wp-content\\\/uploads\\\/Logo-Braintaiment-Keesing-Color.png\",\"contentUrl\":\"https:\\\/\\\/braintainment.com\\\/wp-content\\\/uploads\\\/Logo-Braintaiment-Keesing-Color.png\",\"width\":468,\"height\":98,\"caption\":\"Braintainment\"},\"image\":{\"@id\":\"https:\\\/\\\/braintainment.com\\\/da\\\/#\\\/schema\\\/logo\\\/image\\\/\"}}]}<\/script>\n<!-- \/ Yoast SEO plugin. -->","yoast_head_json":{"title":"Indt\u00e6gtsgenerering - Tjen penge og skab nye indt\u00e6gtsstr\u00f8mme","description":"Ved at investere strategisk i spil og opgaver kan du konvertere brugerengagement til en lukrativ indt\u00e6gtsstr\u00f8m og samtidig \u00f8ge publikums v\u00e6rdi.","robots":{"index":"index","follow":"follow","max-snippet":"max-snippet:-1","max-image-preview":"max-image-preview:large","max-video-preview":"max-video-preview:-1"},"canonical":"https:\/\/braintainment.com\/da\/tjen-penge\/","og_locale":"da_DK","og_type":"article","og_title":"Indt\u00e6gtsgenerering - Tjen penge og skab nye indt\u00e6gtsstr\u00f8mme","og_description":"Ved at investere strategisk i spil og opgaver kan du konvertere brugerengagement til en lukrativ indt\u00e6gtsstr\u00f8m og samtidig \u00f8ge publikums v\u00e6rdi.","og_url":"https:\/\/braintainment.com\/da\/tjen-penge\/","og_site_name":"Braintainment","article_modified_time":"2025-03-26T09:33:30+00:00","og_image":[{"width":1200,"height":675,"url":"https:\/\/braintainment.com\/wp-content\/uploads\/site-image-keesing.jpg","type":"image\/jpeg"}],"twitter_card":"summary_large_image","twitter_misc":{"Estimeret l\u00e6setid":"2 minutter"},"schema":{"@context":"https:\/\/schema.org","@graph":[{"@type":"WebPage","@id":"https:\/\/braintainment.com\/da\/tjen-penge\/","url":"https:\/\/braintainment.com\/da\/tjen-penge\/","name":"Indt\u00e6gtsgenerering - Tjen penge og skab nye indt\u00e6gtsstr\u00f8mme","isPartOf":{"@id":"https:\/\/braintainment.com\/da\/#website"},"primaryImageOfPage":{"@id":"https:\/\/braintainment.com\/da\/tjen-penge\/#primaryimage"},"image":{"@id":"https:\/\/braintainment.com\/da\/tjen-penge\/#primaryimage"},"thumbnailUrl":"https:\/\/braintainment.com\/wp-content\/uploads\/monetize-build-your-own-revenue.svg","datePublished":"2024-01-18T09:54:49+00:00","dateModified":"2025-03-26T09:33:30+00:00","description":"Ved at investere strategisk i spil og opgaver kan du konvertere brugerengagement til en lukrativ indt\u00e6gtsstr\u00f8m og samtidig \u00f8ge publikums v\u00e6rdi.","breadcrumb":{"@id":"https:\/\/braintainment.com\/da\/tjen-penge\/#breadcrumb"},"inLanguage":"da-DK","potentialAction":[{"@type":"ReadAction","target":["https:\/\/braintainment.com\/da\/tjen-penge\/"]}]},{"@type":"ImageObject","inLanguage":"da-DK","@id":"https:\/\/braintainment.com\/da\/tjen-penge\/#primaryimage","url":"https:\/\/braintainment.com\/wp-content\/uploads\/monetize-build-your-own-revenue.svg","contentUrl":"https:\/\/braintainment.com\/wp-content\/uploads\/monetize-build-your-own-revenue.svg"},{"@type":"BreadcrumbList","@id":"https:\/\/braintainment.com\/da\/tjen-penge\/#breadcrumb","itemListElement":[{"@type":"ListItem","position":1,"name":"Home","item":"https:\/\/braintainment.com\/da\/"},{"@type":"ListItem","position":2,"name":"Tjen penge"}]},{"@type":"WebSite","@id":"https:\/\/braintainment.com\/da\/#website","url":"https:\/\/braintainment.com\/da\/","name":"Braintainment","description":"","publisher":{"@id":"https:\/\/braintainment.com\/da\/#organization"},"potentialAction":[{"@type":"SearchAction","target":{"@type":"EntryPoint","urlTemplate":"https:\/\/braintainment.com\/da\/?s={search_term_string}"},"query-input":{"@type":"PropertyValueSpecification","valueRequired":true,"valueName":"search_term_string"}}],"inLanguage":"da-DK"},{"@type":"Organization","@id":"https:\/\/braintainment.com\/da\/#organization","name":"Braintainment","url":"https:\/\/braintainment.com\/da\/","logo":{"@type":"ImageObject","inLanguage":"da-DK","@id":"https:\/\/braintainment.com\/da\/#\/schema\/logo\/image\/","url":"https:\/\/braintainment.com\/wp-content\/uploads\/Logo-Braintaiment-Keesing-Color.png","contentUrl":"https:\/\/braintainment.com\/wp-content\/uploads\/Logo-Braintaiment-Keesing-Color.png","width":468,"height":98,"caption":"Braintainment"},"image":{"@id":"https:\/\/braintainment.com\/da\/#\/schema\/logo\/image\/"}}]}},"_links":{"self":[{"href":"https:\/\/braintainment.com\/da\/wp-json\/wp\/v2\/pages\/3590","targetHints":{"allow":["GET"]}}],"collection":[{"href":"https:\/\/braintainment.com\/da\/wp-json\/wp\/v2\/pages"}],"about":[{"href":"https:\/\/braintainment.com\/da\/wp-json\/wp\/v2\/types\/page"}],"author":[{"embeddable":true,"href":"https:\/\/braintainment.com\/da\/wp-json\/wp\/v2\/users\/1"}],"replies":[{"embeddable":true,"href":"https:\/\/braintainment.com\/da\/wp-json\/wp\/v2\/comments?post=3590"}],"version-history":[{"count":5,"href":"https:\/\/braintainment.com\/da\/wp-json\/wp\/v2\/pages\/3590\/revisions"}],"predecessor-version":[{"id":4502,"href":"https:\/\/braintainment.com\/da\/wp-json\/wp\/v2\/pages\/3590\/revisions\/4502"}],"wp:attachment":[{"href":"https:\/\/braintainment.com\/da\/wp-json\/wp\/v2\/media?parent=3590"}],"curies":[{"name":"wp","href":"https:\/\/api.w.org\/{rel}","templated":true}]}}