{"id":3153,"date":"2024-01-18T15:08:36","date_gmt":"2024-01-18T15:08:36","guid":{"rendered":"https:\/\/braintainment.com\/anmod-om-demo\/"},"modified":"2025-03-26T10:00:56","modified_gmt":"2025-03-26T10:00:56","slug":"anmod-om-demo","status":"publish","type":"page","link":"https:\/\/braintainment.com\/da\/anmod-om-demo\/","title":{"rendered":"Anmod om demo"},"content":{"rendered":"\t\t<div data-elementor-type=\"wp-page\" data-elementor-id=\"3153\" class=\"elementor elementor-3153 elementor-476\" data-elementor-post-type=\"page\">\n\t\t\t\t\t\t<section class=\"elementor-section elementor-top-section elementor-element elementor-element-b59b216 section-member-form register elementor-section-boxed elementor-section-height-default elementor-section-height-default\" data-id=\"b59b216\" data-element_type=\"section\" data-e-type=\"section\">\n\t\t\t\t\t\t<div class=\"elementor-container elementor-column-gap-default\">\n\t\t\t\t\t<div class=\"elementor-column elementor-col-100 elementor-top-column elementor-element elementor-element-d83af00 column-form\" data-id=\"d83af00\" data-element_type=\"column\" data-e-type=\"column\">\n\t\t\t<div class=\"elementor-widget-wrap elementor-element-populated\">\n\t\t\t\t\t\t<div class=\"elementor-element elementor-element-9f1021e elementor-widget elementor-widget-text-editor\" data-id=\"9f1021e\" data-element_type=\"widget\" data-e-type=\"widget\" data-widget_type=\"text-editor.default\">\n\t\t\t\t<div class=\"elementor-widget-container\">\n\t\t\t\t\t\t\t\t\t<h1>Anmod om demo<\/h1>\n<p>F\u00e5 adgang til demoen og oplev, hvad vi kan tilbyde jer.<\/p>\n\t\t\t\t\t\t\t\t<\/div>\n\t\t\t\t<\/div>\n\t\t\t\t<div class=\"elementor-element elementor-element-56565c3 form elementor-widget elementor-widget-shortcode\" data-id=\"56565c3\" data-element_type=\"widget\" data-e-type=\"widget\" data-widget_type=\"shortcode.default\">\n\t\t\t\t<div class=\"elementor-widget-container\">\n\t\t\t\t\t\t\t<div class=\"elementor-shortcode\"><div class=\"swpm-registration-widget-form\">\n    <form id=\"swpm-registration-form\" class=\"swpm-validate-form\" name=\"swpm-registration-form\" method=\"post\" action=\"\">\n        <input type =\"hidden\" name=\"level_identifier\" value=\"c81e728d9d4c2f636f067f89cc14862c\" \/>\n        <table>\n            <tr class=\"swpm-registration-username-row\" >\n                <td><label for=\"user_name\">Brugernavn<\/label><\/td>\n                <td><input type=\"text\" id=\"user_name\" class=\"validate[required,custom[noapostrophe],custom[SWPMUserName],minSize[4],ajax[ajaxUserCall]]\" value=\"\" size=\"50\" name=\"user_name\" \/><\/td>\n            <\/tr>\n            <tr class=\"swpm-registration-email-row\">\n                <td><label for=\"email\">Email<\/label><\/td>\n                <td><input type=\"text\" autocomplete=\"off\" id=\"email\" class=\"validate[required,custom[email],ajax[ajaxEmailCall]]\" value=\"\" size=\"50\" name=\"email\" \/><\/td>\n            <\/tr>\n            <tr class=\"swpm-registration-password-row\">\n                <td><label for=\"password\">Kodeord<\/label><\/td>\n                <td><input type=\"password\" autocomplete=\"off\" id=\"password\" class=\"\" value=\"\" size=\"50\" name=\"password\" \/><\/td>\n            <\/tr>\n            <tr class=\"swpm-registration-password-retype-row\">\n                <td><label for=\"password_re\">Gentag kodeord<\/label><\/td>\n                <td><input type=\"password\" autocomplete=\"off\" id=\"password_re\" value=\"\" size=\"50\" name=\"password_re\" \/><\/td>\n            <\/tr>\n            <tr class=\"swpm-registration-firstname-row\" >\n                <td><label for=\"first_name\">Fornavn<\/label><\/td>\n                <td><input type=\"text\" id=\"first_name\" value=\"\" size=\"50\" name=\"first_name\" \/><\/td>\n            <\/tr>\n            <tr class=\"swpm-registration-lastname-row\" >\n                <td><label for=\"last_name\">Efternavn<\/label><\/td>\n                <td><input type=\"text\" id=\"last_name\" value=\"\" size=\"50\" name=\"last_name\" \/><\/td>\n            <\/tr>\n            <tr\n                class=\"swpm-registration-membership-level-row\"\n                                style=\"\"\n            >\n                <td><label for=\"membership_level\">Medlemskatergori<\/label><\/td>\n                <td>\n                    Demo account<input type=\"hidden\" value=\"2\" size=\"50\" name=\"swpm_membership_level\" id=\"membership_level\" \/><input type=\"hidden\" name=\"swpm_level_hash\" value=\"12b7bd452765a48b304e500da186160a\" \/>                <\/td>\n            <\/tr>\n                            <tr>\n                    <td colspan=\"2\" style=\"text-align: center;\">\n                        <label><input type=\"checkbox\" id=\"swpm-accept-terms\" name=\"accept_terms\" class=\"validate[required]\" value=\"1\"> I accept the  <a href=\"\/terms-and-conditions\/\" target=\"_blank\">Terms and Conditions<\/a><\/label>\n                    <\/td>\n                <\/tr>\n                        <\/table>\n\n        <div class=\"swpm-before-registration-submit-section\" align=\"center\">        <script src=\"https:\/\/www.google.com\/recaptcha\/api.js?render=6LcTN4YpAAAAAIj0mfeviwnj1Att4ymCL_47tf-i&onload=onGoogleCaptchaV3ScriptLoaded\"><\/script>\n\n        <input type=\"hidden\" class=\"g-recaptcha-response\" name=\"g-recaptcha-response\" \/>\n\n        <script>\n            function onGoogleCaptchaV3ScriptLoaded (){\n                grecaptcha.ready(function() {\n                    const captchaResponseInput = document.querySelector(\".g-recaptcha-response\");\n                    grecaptcha.execute(\n                        \"6LcTN4YpAAAAAIj0mfeviwnj1Att4ymCL_47tf-i\",\n                        {\n                            action: \"registration\"\n                        }\n                    )\n                    .then(function(token) {\n                        \/\/ Add your logic to submit to your backend server here.\n                        captchaResponseInput.value = token\n                        console.log(token) \/\/ Debug purpose only.\n                    });\n                });\n            }\n        <\/script>\n\n        <\/div>\n\n        <div class=\"swpm-registration-submit-section\" align=\"center\">\n            <input type=\"submit\" value=\"Registrer\" class=\"swpm-registration-submit\" name=\"swpm_registration_submit\" \/>\n        <\/div>\n\n        <input type=\"hidden\" name=\"action\" value=\"custom_posts\" \/>\n\n    <\/form>\n<\/div>\n<\/div>\n\t\t\t\t\t\t<\/div>\n\t\t\t\t<\/div>\n\t\t\t\t<div class=\"elementor-element elementor-element-39e912f register-login elementor-widget elementor-widget-text-editor\" data-id=\"39e912f\" data-element_type=\"widget\" data-e-type=\"widget\" data-widget_type=\"text-editor.default\">\n\t\t\t\t<div class=\"elementor-widget-container\">\n\t\t\t\t\t\t\t\t\t<p>Har du allerede en konto?  <a href=\"https:\/\/braintainment.com\/da\/log-ind\/\">Log ind<\/a><\/p>\n\t\t\t\t\t\t\t\t<\/div>\n\t\t\t\t<\/div>\n\t\t\t\t\t<\/div>\n\t\t<\/div>\n\t\t\t\t\t<\/div>\n\t\t<\/section>\n\t\t\t\t<\/div>\n\t\t","protected":false},"excerpt":{"rendered":"<p>Anmod om demo F\u00e5 adgang til demoen og oplev, hvad vi kan tilbyde jer. Har du allerede en konto? Log ind<\/p>\n","protected":false},"author":1,"featured_media":0,"parent":0,"menu_order":0,"comment_status":"closed","ping_status":"closed","template":"","meta":{"_acf_changed":false,"footnotes":""},"class_list":["post-3153","page","type-page","status-publish","hentry"],"acf":[],"yoast_head":"<!-- This site is optimized with the Yoast SEO plugin v27.4 - https:\/\/yoast.com\/product\/yoast-seo-wordpress\/ -->\n<title>Anmod om demo oplev hvad vi kan tilbyde jer - Braintainment<\/title>\n<meta name=\"description\" content=\"Bed om en demo og se, hvad vi kan tilbyde dig for at \u00f8ge dit kundeengagement, din indtjening og din v\u00e6rdipropagering. Pr\u00f8v vores spil og g\u00e5der nu\" \/>\n<meta name=\"robots\" content=\"index, follow, max-snippet:-1, max-image-preview:large, max-video-preview:-1\" \/>\n<link rel=\"canonical\" href=\"https:\/\/braintainment.com\/da\/anmod-om-demo\/\" \/>\n<meta property=\"og:locale\" content=\"da_DK\" \/>\n<meta property=\"og:type\" content=\"article\" \/>\n<meta property=\"og:title\" content=\"Anmod om demo oplev hvad vi kan tilbyde jer - Braintainment\" \/>\n<meta property=\"og:description\" content=\"Bed om en demo og se, hvad vi kan tilbyde dig for at \u00f8ge dit kundeengagement, din indtjening og din v\u00e6rdipropagering. Pr\u00f8v vores spil og g\u00e5der nu\" \/>\n<meta property=\"og:url\" content=\"https:\/\/braintainment.com\/da\/anmod-om-demo\/\" \/>\n<meta property=\"og:site_name\" content=\"Braintainment\" \/>\n<meta property=\"article:modified_time\" content=\"2025-03-26T10:00:56+00:00\" \/>\n<meta property=\"og:image\" content=\"https:\/\/braintainment.com\/wp-content\/uploads\/site-image-keesing.jpg\" \/>\n\t<meta property=\"og:image:width\" content=\"1200\" \/>\n\t<meta property=\"og:image:height\" content=\"675\" \/>\n\t<meta property=\"og:image:type\" content=\"image\/jpeg\" \/>\n<meta name=\"twitter:card\" content=\"summary_large_image\" \/>\n<meta name=\"twitter:label1\" content=\"Estimeret l\u00e6setid\" \/>\n\t<meta name=\"twitter:data1\" content=\"1 minut\" \/>\n<script type=\"application\/ld+json\" class=\"yoast-schema-graph\">{\"@context\":\"https:\\\/\\\/schema.org\",\"@graph\":[{\"@type\":\"WebPage\",\"@id\":\"https:\\\/\\\/braintainment.com\\\/da\\\/anmod-om-demo\\\/\",\"url\":\"https:\\\/\\\/braintainment.com\\\/da\\\/anmod-om-demo\\\/\",\"name\":\"Anmod om demo oplev hvad vi kan tilbyde jer - Braintainment\",\"isPartOf\":{\"@id\":\"https:\\\/\\\/braintainment.com\\\/da\\\/#website\"},\"datePublished\":\"2024-01-18T15:08:36+00:00\",\"dateModified\":\"2025-03-26T10:00:56+00:00\",\"description\":\"Bed om en demo og se, hvad vi kan tilbyde dig for at \u00f8ge dit kundeengagement, din indtjening og din v\u00e6rdipropagering. Pr\u00f8v vores spil og g\u00e5der nu\",\"breadcrumb\":{\"@id\":\"https:\\\/\\\/braintainment.com\\\/da\\\/anmod-om-demo\\\/#breadcrumb\"},\"inLanguage\":\"da-DK\",\"potentialAction\":[{\"@type\":\"ReadAction\",\"target\":[\"https:\\\/\\\/braintainment.com\\\/da\\\/anmod-om-demo\\\/\"]}]},{\"@type\":\"BreadcrumbList\",\"@id\":\"https:\\\/\\\/braintainment.com\\\/da\\\/anmod-om-demo\\\/#breadcrumb\",\"itemListElement\":[{\"@type\":\"ListItem\",\"position\":1,\"name\":\"Home\",\"item\":\"https:\\\/\\\/braintainment.com\\\/da\\\/\"},{\"@type\":\"ListItem\",\"position\":2,\"name\":\"Anmod om demo\"}]},{\"@type\":\"WebSite\",\"@id\":\"https:\\\/\\\/braintainment.com\\\/da\\\/#website\",\"url\":\"https:\\\/\\\/braintainment.com\\\/da\\\/\",\"name\":\"Braintainment\",\"description\":\"\",\"publisher\":{\"@id\":\"https:\\\/\\\/braintainment.com\\\/da\\\/#organization\"},\"potentialAction\":[{\"@type\":\"SearchAction\",\"target\":{\"@type\":\"EntryPoint\",\"urlTemplate\":\"https:\\\/\\\/braintainment.com\\\/da\\\/?s={search_term_string}\"},\"query-input\":{\"@type\":\"PropertyValueSpecification\",\"valueRequired\":true,\"valueName\":\"search_term_string\"}}],\"inLanguage\":\"da-DK\"},{\"@type\":\"Organization\",\"@id\":\"https:\\\/\\\/braintainment.com\\\/da\\\/#organization\",\"name\":\"Braintainment\",\"url\":\"https:\\\/\\\/braintainment.com\\\/da\\\/\",\"logo\":{\"@type\":\"ImageObject\",\"inLanguage\":\"da-DK\",\"@id\":\"https:\\\/\\\/braintainment.com\\\/da\\\/#\\\/schema\\\/logo\\\/image\\\/\",\"url\":\"https:\\\/\\\/braintainment.com\\\/wp-content\\\/uploads\\\/Logo-Braintaiment-Keesing-Color.png\",\"contentUrl\":\"https:\\\/\\\/braintainment.com\\\/wp-content\\\/uploads\\\/Logo-Braintaiment-Keesing-Color.png\",\"width\":468,\"height\":98,\"caption\":\"Braintainment\"},\"image\":{\"@id\":\"https:\\\/\\\/braintainment.com\\\/da\\\/#\\\/schema\\\/logo\\\/image\\\/\"}}]}<\/script>\n<!-- \/ Yoast SEO plugin. -->","yoast_head_json":{"title":"Anmod om demo oplev hvad vi kan tilbyde jer - Braintainment","description":"Bed om en demo og se, hvad vi kan tilbyde dig for at \u00f8ge dit kundeengagement, din indtjening og din v\u00e6rdipropagering. Pr\u00f8v vores spil og g\u00e5der nu","robots":{"index":"index","follow":"follow","max-snippet":"max-snippet:-1","max-image-preview":"max-image-preview:large","max-video-preview":"max-video-preview:-1"},"canonical":"https:\/\/braintainment.com\/da\/anmod-om-demo\/","og_locale":"da_DK","og_type":"article","og_title":"Anmod om demo oplev hvad vi kan tilbyde jer - Braintainment","og_description":"Bed om en demo og se, hvad vi kan tilbyde dig for at \u00f8ge dit kundeengagement, din indtjening og din v\u00e6rdipropagering. Pr\u00f8v vores spil og g\u00e5der nu","og_url":"https:\/\/braintainment.com\/da\/anmod-om-demo\/","og_site_name":"Braintainment","article_modified_time":"2025-03-26T10:00:56+00:00","og_image":[{"width":1200,"height":675,"url":"https:\/\/braintainment.com\/wp-content\/uploads\/site-image-keesing.jpg","type":"image\/jpeg"}],"twitter_card":"summary_large_image","twitter_misc":{"Estimeret l\u00e6setid":"1 minut"},"schema":{"@context":"https:\/\/schema.org","@graph":[{"@type":"WebPage","@id":"https:\/\/braintainment.com\/da\/anmod-om-demo\/","url":"https:\/\/braintainment.com\/da\/anmod-om-demo\/","name":"Anmod om demo oplev hvad vi kan tilbyde jer - Braintainment","isPartOf":{"@id":"https:\/\/braintainment.com\/da\/#website"},"datePublished":"2024-01-18T15:08:36+00:00","dateModified":"2025-03-26T10:00:56+00:00","description":"Bed om en demo og se, hvad vi kan tilbyde dig for at \u00f8ge dit kundeengagement, din indtjening og din v\u00e6rdipropagering. Pr\u00f8v vores spil og g\u00e5der nu","breadcrumb":{"@id":"https:\/\/braintainment.com\/da\/anmod-om-demo\/#breadcrumb"},"inLanguage":"da-DK","potentialAction":[{"@type":"ReadAction","target":["https:\/\/braintainment.com\/da\/anmod-om-demo\/"]}]},{"@type":"BreadcrumbList","@id":"https:\/\/braintainment.com\/da\/anmod-om-demo\/#breadcrumb","itemListElement":[{"@type":"ListItem","position":1,"name":"Home","item":"https:\/\/braintainment.com\/da\/"},{"@type":"ListItem","position":2,"name":"Anmod om demo"}]},{"@type":"WebSite","@id":"https:\/\/braintainment.com\/da\/#website","url":"https:\/\/braintainment.com\/da\/","name":"Braintainment","description":"","publisher":{"@id":"https:\/\/braintainment.com\/da\/#organization"},"potentialAction":[{"@type":"SearchAction","target":{"@type":"EntryPoint","urlTemplate":"https:\/\/braintainment.com\/da\/?s={search_term_string}"},"query-input":{"@type":"PropertyValueSpecification","valueRequired":true,"valueName":"search_term_string"}}],"inLanguage":"da-DK"},{"@type":"Organization","@id":"https:\/\/braintainment.com\/da\/#organization","name":"Braintainment","url":"https:\/\/braintainment.com\/da\/","logo":{"@type":"ImageObject","inLanguage":"da-DK","@id":"https:\/\/braintainment.com\/da\/#\/schema\/logo\/image\/","url":"https:\/\/braintainment.com\/wp-content\/uploads\/Logo-Braintaiment-Keesing-Color.png","contentUrl":"https:\/\/braintainment.com\/wp-content\/uploads\/Logo-Braintaiment-Keesing-Color.png","width":468,"height":98,"caption":"Braintainment"},"image":{"@id":"https:\/\/braintainment.com\/da\/#\/schema\/logo\/image\/"}}]}},"_links":{"self":[{"href":"https:\/\/braintainment.com\/da\/wp-json\/wp\/v2\/pages\/3153","targetHints":{"allow":["GET"]}}],"collection":[{"href":"https:\/\/braintainment.com\/da\/wp-json\/wp\/v2\/pages"}],"about":[{"href":"https:\/\/braintainment.com\/da\/wp-json\/wp\/v2\/types\/page"}],"author":[{"embeddable":true,"href":"https:\/\/braintainment.com\/da\/wp-json\/wp\/v2\/users\/1"}],"replies":[{"embeddable":true,"href":"https:\/\/braintainment.com\/da\/wp-json\/wp\/v2\/comments?post=3153"}],"version-history":[{"count":1,"href":"https:\/\/braintainment.com\/da\/wp-json\/wp\/v2\/pages\/3153\/revisions"}],"predecessor-version":[{"id":3154,"href":"https:\/\/braintainment.com\/da\/wp-json\/wp\/v2\/pages\/3153\/revisions\/3154"}],"wp:attachment":[{"href":"https:\/\/braintainment.com\/da\/wp-json\/wp\/v2\/media?parent=3153"}],"curies":[{"name":"wp","href":"https:\/\/api.w.org\/{rel}","templated":true}]}}