{"id":3139,"date":"2024-01-23T13:45:35","date_gmt":"2024-01-23T13:45:35","guid":{"rendered":"https:\/\/braintainment.com\/kontrolpanel\/rapportering\/"},"modified":"2024-10-03T14:10:04","modified_gmt":"2024-10-03T14:10:04","slug":"rapportering","status":"publish","type":"page","link":"https:\/\/braintainment.com\/da\/kontrolpanel\/rapportering\/","title":{"rendered":"Rapportering"},"content":{"rendered":"\t\t<div data-elementor-type=\"wp-page\" data-elementor-id=\"3139\" class=\"elementor elementor-3139 elementor-617\" data-elementor-post-type=\"page\">\n\t\t\t\t\t\t<section class=\"elementor-section elementor-top-section elementor-element elementor-element-6cdecc0 section-demo elementor-section-boxed elementor-section-height-default elementor-section-height-default\" data-id=\"6cdecc0\" data-element_type=\"section\" data-e-type=\"section\">\n\t\t\t\t\t\t<div class=\"elementor-container elementor-column-gap-default\">\n\t\t\t\t\t<div class=\"elementor-column elementor-col-33 elementor-top-column elementor-element elementor-element-66f5684 column-nav\" data-id=\"66f5684\" data-element_type=\"column\" data-e-type=\"column\">\n\t\t\t<div class=\"elementor-widget-wrap elementor-element-populated\">\n\t\t\t\t\t\t<div class=\"elementor-element elementor-element-76a251a elementor-nav-menu--dropdown-none elementor-widget elementor-widget-nav-menu\" data-id=\"76a251a\" data-element_type=\"widget\" data-e-type=\"widget\" data-settings=\"{&quot;layout&quot;:&quot;vertical&quot;,&quot;submenu_icon&quot;:{&quot;value&quot;:&quot;&lt;i aria-hidden=\\&quot;true\\&quot; class=\\&quot;\\&quot;&gt;&lt;\\\/i&gt;&quot;,&quot;library&quot;:&quot;&quot;}}\" data-widget_type=\"nav-menu.default\">\n\t\t\t\t<div class=\"elementor-widget-container\">\n\t\t\t\t\t\t\t\t<nav aria-label=\"Menu\" class=\"elementor-nav-menu--main elementor-nav-menu__container elementor-nav-menu--layout-vertical e--pointer-none\">\n\t\t\t\t<ul id=\"menu-1-76a251a\" class=\"elementor-nav-menu sm-vertical\"><li class=\"menu-item menu-item-type-post_type menu-item-object-page menu-item-3927\"><a href=\"https:\/\/braintainment.com\/da\/kontrolpanel\/\" class=\"elementor-item\">Kontrolpanel<\/a><\/li>\n<li class=\"menu-item menu-item-type-post_type menu-item-object-page menu-item-3954\"><a href=\"https:\/\/braintainment.com\/da\/kontrolpanel\/platform-demo\/\" class=\"elementor-item\">Platform demo<\/a><\/li>\n<li class=\"menu-item menu-item-type-post_type menu-item-object-page menu-item-3955\"><a href=\"https:\/\/braintainment.com\/da\/kontrolpanel\/rapportering\/\" class=\"elementor-item\">Rapportering<\/a><\/li>\n<li class=\"menu-item menu-item-type-post_type menu-item-object-page menu-item-3956\"><a href=\"https:\/\/braintainment.com\/da\/kontrolpanel\/dokumentation\/\" class=\"elementor-item\">Dokumentation<\/a><\/li>\n<li class=\"menu-item menu-item-type-post_type menu-item-object-page menu-item-3957\"><a href=\"https:\/\/braintainment.com\/da\/kontrolpanel\/min-konto\/\" class=\"elementor-item\">Min konto<\/a><\/li>\n<li class=\"button-logout menu-item menu-item-type-custom menu-item-object-custom menu-item-3958\"><a href=\"https:\/\/braintainment.com\/da\/log-ind\/?swpm-logout=true\" class=\"elementor-item\">Log out<\/a><\/li>\n<\/ul>\t\t\t<\/nav>\n\t\t\t\t\t\t<nav class=\"elementor-nav-menu--dropdown elementor-nav-menu__container\" aria-hidden=\"true\">\n\t\t\t\t<ul id=\"menu-2-76a251a\" class=\"elementor-nav-menu sm-vertical\"><li class=\"menu-item menu-item-type-post_type menu-item-object-page menu-item-3927\"><a href=\"https:\/\/braintainment.com\/da\/kontrolpanel\/\" class=\"elementor-item\" tabindex=\"-1\">Kontrolpanel<\/a><\/li>\n<li class=\"menu-item menu-item-type-post_type menu-item-object-page menu-item-3954\"><a href=\"https:\/\/braintainment.com\/da\/kontrolpanel\/platform-demo\/\" class=\"elementor-item\" tabindex=\"-1\">Platform demo<\/a><\/li>\n<li class=\"menu-item menu-item-type-post_type menu-item-object-page menu-item-3955\"><a href=\"https:\/\/braintainment.com\/da\/kontrolpanel\/rapportering\/\" class=\"elementor-item\" tabindex=\"-1\">Rapportering<\/a><\/li>\n<li class=\"menu-item menu-item-type-post_type menu-item-object-page menu-item-3956\"><a href=\"https:\/\/braintainment.com\/da\/kontrolpanel\/dokumentation\/\" class=\"elementor-item\" tabindex=\"-1\">Dokumentation<\/a><\/li>\n<li class=\"menu-item menu-item-type-post_type menu-item-object-page menu-item-3957\"><a href=\"https:\/\/braintainment.com\/da\/kontrolpanel\/min-konto\/\" class=\"elementor-item\" tabindex=\"-1\">Min konto<\/a><\/li>\n<li class=\"button-logout menu-item menu-item-type-custom menu-item-object-custom menu-item-3958\"><a href=\"https:\/\/braintainment.com\/da\/log-ind\/?swpm-logout=true\" class=\"elementor-item\" tabindex=\"-1\">Log out<\/a><\/li>\n<\/ul>\t\t\t<\/nav>\n\t\t\t\t\t\t<\/div>\n\t\t\t\t<\/div>\n\t\t\t\t\t<\/div>\n\t\t<\/div>\n\t\t\t\t<div class=\"elementor-column elementor-col-66 elementor-top-column elementor-element elementor-element-3f55056\" data-id=\"3f55056\" data-element_type=\"column\" data-e-type=\"column\">\n\t\t\t<div class=\"elementor-widget-wrap elementor-element-populated\">\n\t\t\t\t\t\t<div class=\"elementor-element elementor-element-8768cb9 sub-title elementor-widget elementor-widget-heading\" data-id=\"8768cb9\" data-element_type=\"widget\" data-e-type=\"widget\" data-widget_type=\"heading.default\">\n\t\t\t\t<div class=\"elementor-widget-container\">\n\t\t\t\t\t<p class=\"elementor-heading-title elementor-size-default\">Analyse<\/p>\t\t\t\t<\/div>\n\t\t\t\t<\/div>\n\t\t\t\t<div class=\"elementor-element elementor-element-3c4043b elementor-widget elementor-widget-text-editor\" data-id=\"3c4043b\" data-element_type=\"widget\" data-e-type=\"widget\" data-widget_type=\"text-editor.default\">\n\t\t\t\t<div class=\"elementor-widget-container\">\n\t\t\t\t\t\t\t\t\t<h1>Rapportering<\/h1>\n<p>Hver m\u00e5ned giver vi jer en oversigt over, hvordan jeres platforme pr\u00e6sterer. Her kan I finde vigtige KPI\u2019er s\u00e5som tilbagevendende brugere, gennemsnitlig bes\u00f8gstid osv.<\/p>\n\t\t\t\t\t\t\t\t<\/div>\n\t\t\t\t<\/div>\n\t\t\t\t<div class=\"elementor-element elementor-element-0e621f4 elementor-widget elementor-widget-image\" data-id=\"0e621f4\" data-element_type=\"widget\" data-e-type=\"widget\" data-widget_type=\"image.default\">\n\t\t\t\t<div class=\"elementor-widget-container\">\n\t\t\t\t\t\t\t\t\t\t\t\t\t\t\t<img fetchpriority=\"high\" decoding=\"async\" width=\"800\" height=\"288\" src=\"https:\/\/braintainment.com\/wp-content\/uploads\/product-reporting-image-1024x368.webp\" class=\"attachment-large size-large wp-image-2481\" alt=\"\" srcset=\"https:\/\/braintainment.com\/wp-content\/uploads\/product-reporting-image-1024x368.webp 1024w, https:\/\/braintainment.com\/wp-content\/uploads\/product-reporting-image-300x108.webp 300w, https:\/\/braintainment.com\/wp-content\/uploads\/product-reporting-image-768x276.webp 768w, https:\/\/braintainment.com\/wp-content\/uploads\/product-reporting-image-1536x551.webp 1536w, https:\/\/braintainment.com\/wp-content\/uploads\/product-reporting-image.webp 1950w\" sizes=\"(max-width: 800px) 100vw, 800px\" \/>\t\t\t\t\t\t\t\t\t\t\t\t\t\t\t<\/div>\n\t\t\t\t<\/div>\n\t\t\t\t<div class=\"elementor-element elementor-element-04ea519 elementor-widget elementor-widget-text-editor\" data-id=\"04ea519\" data-element_type=\"widget\" data-e-type=\"widget\" data-widget_type=\"text-editor.default\">\n\t\t\t\t<div class=\"elementor-widget-container\">\n\t\t\t\t\t\t\t\t\t<h2>Styrk jeres analysedata<\/h2>\n<p>Vores platform registrerer event triggers, n\u00e5r jeres brugere spiller vores opgaver og spil. Det betyder, at I kan bruge det til at styrke jeres analysedata og optimere jeres konvertering.<\/p>\n\t\t\t\t\t\t\t\t<\/div>\n\t\t\t\t<\/div>\n\t\t\t\t\t<\/div>\n\t\t<\/div>\n\t\t\t\t\t<\/div>\n\t\t<\/section>\n\t\t\t\t<\/div>\n\t\t","protected":false},"excerpt":{"rendered":"<p>Analyse Rapportering Hver m\u00e5ned giver vi jer en oversigt over, hvordan jeres platforme pr\u00e6sterer. Her kan I finde vigtige KPI\u2019er s\u00e5som tilbagevendende brugere, gennemsnitlig bes\u00f8gstid osv. Styrk jeres analysedata Vores platform registrerer event triggers, n\u00e5r jeres brugere spiller vores opgaver og spil. Det betyder, at I kan bruge det til at styrke jeres analysedata og [&hellip;]<\/p>\n","protected":false},"author":1,"featured_media":0,"parent":3137,"menu_order":0,"comment_status":"closed","ping_status":"closed","template":"","meta":{"_acf_changed":false,"footnotes":""},"class_list":["post-3139","page","type-page","status-publish","hentry"],"acf":[],"yoast_head":"<!-- This site is optimized with the Yoast SEO plugin v27.4 - https:\/\/yoast.com\/product\/yoast-seo-wordpress\/ -->\n<title>Produktrapportering - analyser dine brugeres engagement<\/title>\n<meta name=\"description\" content=\"Hver m\u00e5ned giver vi dig et overblik over, hvordan dine platforme klarer sig. Her finder du vigtige KPI&#039;er som tilbagevendende brugere, bes\u00f8gstid osv.\" \/>\n<meta name=\"robots\" content=\"index, follow, max-snippet:-1, max-image-preview:large, max-video-preview:-1\" \/>\n<link rel=\"canonical\" href=\"https:\/\/braintainment.com\/da\/kontrolpanel\/rapportering\/\" \/>\n<meta property=\"og:locale\" content=\"da_DK\" \/>\n<meta property=\"og:type\" content=\"article\" \/>\n<meta property=\"og:title\" content=\"Produktrapportering - analyser dine brugeres engagement\" \/>\n<meta property=\"og:description\" content=\"Hver m\u00e5ned giver vi dig et overblik over, hvordan dine platforme klarer sig. Her finder du vigtige KPI&#039;er som tilbagevendende brugere, bes\u00f8gstid osv.\" \/>\n<meta property=\"og:url\" content=\"https:\/\/braintainment.com\/da\/kontrolpanel\/rapportering\/\" \/>\n<meta property=\"og:site_name\" content=\"Braintainment\" \/>\n<meta property=\"article:modified_time\" content=\"2024-10-03T14:10:04+00:00\" \/>\n<meta property=\"og:image\" content=\"http:\/\/braintainment.com\/wp-content\/uploads\/product-reporting-image-1024x368.webp\" \/>\n<meta name=\"twitter:card\" content=\"summary_large_image\" \/>\n<meta name=\"twitter:label1\" content=\"Estimeret l\u00e6setid\" \/>\n\t<meta name=\"twitter:data1\" content=\"1 minut\" \/>\n<script type=\"application\/ld+json\" class=\"yoast-schema-graph\">{\"@context\":\"https:\\\/\\\/schema.org\",\"@graph\":[{\"@type\":\"WebPage\",\"@id\":\"https:\\\/\\\/braintainment.com\\\/da\\\/kontrolpanel\\\/rapportering\\\/\",\"url\":\"https:\\\/\\\/braintainment.com\\\/da\\\/kontrolpanel\\\/rapportering\\\/\",\"name\":\"Produktrapportering - analyser dine brugeres engagement\",\"isPartOf\":{\"@id\":\"https:\\\/\\\/braintainment.com\\\/da\\\/#website\"},\"primaryImageOfPage\":{\"@id\":\"https:\\\/\\\/braintainment.com\\\/da\\\/kontrolpanel\\\/rapportering\\\/#primaryimage\"},\"image\":{\"@id\":\"https:\\\/\\\/braintainment.com\\\/da\\\/kontrolpanel\\\/rapportering\\\/#primaryimage\"},\"thumbnailUrl\":\"http:\\\/\\\/braintainment.com\\\/wp-content\\\/uploads\\\/product-reporting-image-1024x368.webp\",\"datePublished\":\"2024-01-23T13:45:35+00:00\",\"dateModified\":\"2024-10-03T14:10:04+00:00\",\"description\":\"Hver m\u00e5ned giver vi dig et overblik over, hvordan dine platforme klarer sig. Her finder du vigtige KPI'er som tilbagevendende brugere, bes\u00f8gstid osv.\",\"breadcrumb\":{\"@id\":\"https:\\\/\\\/braintainment.com\\\/da\\\/kontrolpanel\\\/rapportering\\\/#breadcrumb\"},\"inLanguage\":\"da-DK\",\"potentialAction\":[{\"@type\":\"ReadAction\",\"target\":[\"https:\\\/\\\/braintainment.com\\\/da\\\/kontrolpanel\\\/rapportering\\\/\"]}]},{\"@type\":\"ImageObject\",\"inLanguage\":\"da-DK\",\"@id\":\"https:\\\/\\\/braintainment.com\\\/da\\\/kontrolpanel\\\/rapportering\\\/#primaryimage\",\"url\":\"http:\\\/\\\/braintainment.com\\\/wp-content\\\/uploads\\\/product-reporting-image-1024x368.webp\",\"contentUrl\":\"http:\\\/\\\/braintainment.com\\\/wp-content\\\/uploads\\\/product-reporting-image-1024x368.webp\"},{\"@type\":\"BreadcrumbList\",\"@id\":\"https:\\\/\\\/braintainment.com\\\/da\\\/kontrolpanel\\\/rapportering\\\/#breadcrumb\",\"itemListElement\":[{\"@type\":\"ListItem\",\"position\":1,\"name\":\"Home\",\"item\":\"https:\\\/\\\/braintainment.com\\\/da\\\/\"},{\"@type\":\"ListItem\",\"position\":2,\"name\":\"Kontrolpanel\",\"item\":\"https:\\\/\\\/braintainment.com\\\/da\\\/dashboard\\\/\"},{\"@type\":\"ListItem\",\"position\":3,\"name\":\"Rapportering\"}]},{\"@type\":\"WebSite\",\"@id\":\"https:\\\/\\\/braintainment.com\\\/da\\\/#website\",\"url\":\"https:\\\/\\\/braintainment.com\\\/da\\\/\",\"name\":\"Braintainment\",\"description\":\"\",\"publisher\":{\"@id\":\"https:\\\/\\\/braintainment.com\\\/da\\\/#organization\"},\"potentialAction\":[{\"@type\":\"SearchAction\",\"target\":{\"@type\":\"EntryPoint\",\"urlTemplate\":\"https:\\\/\\\/braintainment.com\\\/da\\\/?s={search_term_string}\"},\"query-input\":{\"@type\":\"PropertyValueSpecification\",\"valueRequired\":true,\"valueName\":\"search_term_string\"}}],\"inLanguage\":\"da-DK\"},{\"@type\":\"Organization\",\"@id\":\"https:\\\/\\\/braintainment.com\\\/da\\\/#organization\",\"name\":\"Braintainment\",\"url\":\"https:\\\/\\\/braintainment.com\\\/da\\\/\",\"logo\":{\"@type\":\"ImageObject\",\"inLanguage\":\"da-DK\",\"@id\":\"https:\\\/\\\/braintainment.com\\\/da\\\/#\\\/schema\\\/logo\\\/image\\\/\",\"url\":\"https:\\\/\\\/braintainment.com\\\/wp-content\\\/uploads\\\/Logo-Braintaiment-Keesing-Color.png\",\"contentUrl\":\"https:\\\/\\\/braintainment.com\\\/wp-content\\\/uploads\\\/Logo-Braintaiment-Keesing-Color.png\",\"width\":468,\"height\":98,\"caption\":\"Braintainment\"},\"image\":{\"@id\":\"https:\\\/\\\/braintainment.com\\\/da\\\/#\\\/schema\\\/logo\\\/image\\\/\"}}]}<\/script>\n<!-- \/ Yoast SEO plugin. -->","yoast_head_json":{"title":"Produktrapportering - analyser dine brugeres engagement","description":"Hver m\u00e5ned giver vi dig et overblik over, hvordan dine platforme klarer sig. Her finder du vigtige KPI'er som tilbagevendende brugere, bes\u00f8gstid osv.","robots":{"index":"index","follow":"follow","max-snippet":"max-snippet:-1","max-image-preview":"max-image-preview:large","max-video-preview":"max-video-preview:-1"},"canonical":"https:\/\/braintainment.com\/da\/kontrolpanel\/rapportering\/","og_locale":"da_DK","og_type":"article","og_title":"Produktrapportering - analyser dine brugeres engagement","og_description":"Hver m\u00e5ned giver vi dig et overblik over, hvordan dine platforme klarer sig. Her finder du vigtige KPI'er som tilbagevendende brugere, bes\u00f8gstid osv.","og_url":"https:\/\/braintainment.com\/da\/kontrolpanel\/rapportering\/","og_site_name":"Braintainment","article_modified_time":"2024-10-03T14:10:04+00:00","og_image":[{"url":"http:\/\/braintainment.com\/wp-content\/uploads\/product-reporting-image-1024x368.webp","type":"","width":"","height":""}],"twitter_card":"summary_large_image","twitter_misc":{"Estimeret l\u00e6setid":"1 minut"},"schema":{"@context":"https:\/\/schema.org","@graph":[{"@type":"WebPage","@id":"https:\/\/braintainment.com\/da\/kontrolpanel\/rapportering\/","url":"https:\/\/braintainment.com\/da\/kontrolpanel\/rapportering\/","name":"Produktrapportering - analyser dine brugeres engagement","isPartOf":{"@id":"https:\/\/braintainment.com\/da\/#website"},"primaryImageOfPage":{"@id":"https:\/\/braintainment.com\/da\/kontrolpanel\/rapportering\/#primaryimage"},"image":{"@id":"https:\/\/braintainment.com\/da\/kontrolpanel\/rapportering\/#primaryimage"},"thumbnailUrl":"http:\/\/braintainment.com\/wp-content\/uploads\/product-reporting-image-1024x368.webp","datePublished":"2024-01-23T13:45:35+00:00","dateModified":"2024-10-03T14:10:04+00:00","description":"Hver m\u00e5ned giver vi dig et overblik over, hvordan dine platforme klarer sig. Her finder du vigtige KPI'er som tilbagevendende brugere, bes\u00f8gstid osv.","breadcrumb":{"@id":"https:\/\/braintainment.com\/da\/kontrolpanel\/rapportering\/#breadcrumb"},"inLanguage":"da-DK","potentialAction":[{"@type":"ReadAction","target":["https:\/\/braintainment.com\/da\/kontrolpanel\/rapportering\/"]}]},{"@type":"ImageObject","inLanguage":"da-DK","@id":"https:\/\/braintainment.com\/da\/kontrolpanel\/rapportering\/#primaryimage","url":"http:\/\/braintainment.com\/wp-content\/uploads\/product-reporting-image-1024x368.webp","contentUrl":"http:\/\/braintainment.com\/wp-content\/uploads\/product-reporting-image-1024x368.webp"},{"@type":"BreadcrumbList","@id":"https:\/\/braintainment.com\/da\/kontrolpanel\/rapportering\/#breadcrumb","itemListElement":[{"@type":"ListItem","position":1,"name":"Home","item":"https:\/\/braintainment.com\/da\/"},{"@type":"ListItem","position":2,"name":"Kontrolpanel","item":"https:\/\/braintainment.com\/da\/dashboard\/"},{"@type":"ListItem","position":3,"name":"Rapportering"}]},{"@type":"WebSite","@id":"https:\/\/braintainment.com\/da\/#website","url":"https:\/\/braintainment.com\/da\/","name":"Braintainment","description":"","publisher":{"@id":"https:\/\/braintainment.com\/da\/#organization"},"potentialAction":[{"@type":"SearchAction","target":{"@type":"EntryPoint","urlTemplate":"https:\/\/braintainment.com\/da\/?s={search_term_string}"},"query-input":{"@type":"PropertyValueSpecification","valueRequired":true,"valueName":"search_term_string"}}],"inLanguage":"da-DK"},{"@type":"Organization","@id":"https:\/\/braintainment.com\/da\/#organization","name":"Braintainment","url":"https:\/\/braintainment.com\/da\/","logo":{"@type":"ImageObject","inLanguage":"da-DK","@id":"https:\/\/braintainment.com\/da\/#\/schema\/logo\/image\/","url":"https:\/\/braintainment.com\/wp-content\/uploads\/Logo-Braintaiment-Keesing-Color.png","contentUrl":"https:\/\/braintainment.com\/wp-content\/uploads\/Logo-Braintaiment-Keesing-Color.png","width":468,"height":98,"caption":"Braintainment"},"image":{"@id":"https:\/\/braintainment.com\/da\/#\/schema\/logo\/image\/"}}]}},"_links":{"self":[{"href":"https:\/\/braintainment.com\/da\/wp-json\/wp\/v2\/pages\/3139","targetHints":{"allow":["GET"]}}],"collection":[{"href":"https:\/\/braintainment.com\/da\/wp-json\/wp\/v2\/pages"}],"about":[{"href":"https:\/\/braintainment.com\/da\/wp-json\/wp\/v2\/types\/page"}],"author":[{"embeddable":true,"href":"https:\/\/braintainment.com\/da\/wp-json\/wp\/v2\/users\/1"}],"replies":[{"embeddable":true,"href":"https:\/\/braintainment.com\/da\/wp-json\/wp\/v2\/comments?post=3139"}],"version-history":[{"count":1,"href":"https:\/\/braintainment.com\/da\/wp-json\/wp\/v2\/pages\/3139\/revisions"}],"predecessor-version":[{"id":3140,"href":"https:\/\/braintainment.com\/da\/wp-json\/wp\/v2\/pages\/3139\/revisions\/3140"}],"up":[{"embeddable":true,"href":"https:\/\/braintainment.com\/da\/wp-json\/wp\/v2\/pages\/3137"}],"wp:attachment":[{"href":"https:\/\/braintainment.com\/da\/wp-json\/wp\/v2\/media?parent=3139"}],"curies":[{"name":"wp","href":"https:\/\/api.w.org\/{rel}","templated":true}]}}