{"id":3137,"date":"2024-01-23T11:12:19","date_gmt":"2024-01-23T11:12:19","guid":{"rendered":"https:\/\/braintainment.com\/kontrolpanel\/"},"modified":"2025-03-26T08:52:51","modified_gmt":"2025-03-26T08:52:51","slug":"kontrolpanel","status":"publish","type":"page","link":"https:\/\/braintainment.com\/da\/kontrolpanel\/","title":{"rendered":"Kontrolpanel"},"content":{"rendered":"\t\t<div data-elementor-type=\"wp-page\" data-elementor-id=\"3137\" class=\"elementor elementor-3137 elementor-558\" data-elementor-post-type=\"page\">\n\t\t\t\t\t\t<section class=\"elementor-section elementor-top-section elementor-element elementor-element-c358adc section-intro elementor-section-boxed elementor-section-height-default elementor-section-height-default\" data-id=\"c358adc\" data-element_type=\"section\" data-e-type=\"section\">\n\t\t\t\t\t\t<div class=\"elementor-container elementor-column-gap-default\">\n\t\t\t\t\t<div class=\"elementor-column elementor-col-100 elementor-top-column elementor-element elementor-element-5097ec8\" data-id=\"5097ec8\" data-element_type=\"column\" data-e-type=\"column\">\n\t\t\t<div class=\"elementor-widget-wrap elementor-element-populated\">\n\t\t\t\t\t\t<div class=\"elementor-element elementor-element-e829b70 elementor-widget elementor-widget-text-editor\" data-id=\"e829b70\" data-element_type=\"widget\" data-e-type=\"widget\" data-widget_type=\"text-editor.default\">\n\t\t\t\t<div class=\"elementor-widget-container\">\n\t\t\t\t\t\t\t\t\t<h1>Velkommen<\/h1>\n<p>Afpr\u00f8v vores demoer, og l\u00e6r hvordan I nemt kan udv\u00e6lge opgaver og spil og integrere dem p\u00e5 jeres hjemmeside.<\/p>\n\t\t\t\t\t\t\t\t<\/div>\n\t\t\t\t<\/div>\n\t\t\t\t\t<\/div>\n\t\t<\/div>\n\t\t\t\t\t<\/div>\n\t\t<\/section>\n\t\t\t\t<section class=\"elementor-section elementor-top-section elementor-element elementor-element-5e23b12 section-dashboard elementor-section-boxed elementor-section-height-default elementor-section-height-default\" data-id=\"5e23b12\" data-element_type=\"section\" data-e-type=\"section\">\n\t\t\t\t\t\t<div class=\"elementor-container elementor-column-gap-default\">\n\t\t\t\t\t<div class=\"make-column-clickable-elementor elementor-column elementor-col-50 elementor-top-column elementor-element elementor-element-87549ae column-green\" style=\"cursor: pointer;\" data-column-clickable=\"https:\/\/braintainment.com\/dashboard\/product-reporting\/\" data-column-clickable-blank=\"_self\" data-id=\"87549ae\" data-element_type=\"column\" data-e-type=\"column\">\n\t\t\t<div class=\"elementor-widget-wrap elementor-element-populated\">\n\t\t\t\t\t\t<div class=\"elementor-element elementor-element-327d725 elementor-widget elementor-widget-text-editor\" data-id=\"327d725\" data-element_type=\"widget\" data-e-type=\"widget\" data-widget_type=\"text-editor.default\">\n\t\t\t\t<div class=\"elementor-widget-container\">\n\t\t\t\t\t\t\t\t\t<h2>Produktrapportering<\/h2>\n<p>F\u00e5 indsigt i v\u00e6rdifuld analysedata til at finjustere jeres strategier, forbedre jeres brugeroplevelser og skabe unikke digitale underholdningstilbud.<\/p>\n\t\t\t\t\t\t\t\t<\/div>\n\t\t\t\t<\/div>\n\t\t\t\t\t<\/div>\n\t\t<\/div>\n\t\t\t\t<div class=\"make-column-clickable-elementor elementor-column elementor-col-50 elementor-top-column elementor-element elementor-element-a3189c2 column-purple\" style=\"cursor: pointer;\" data-column-clickable=\"https:\/\/braintainment.com\/dashboard\/platform-demo\/\" data-column-clickable-blank=\"_self\" data-id=\"a3189c2\" data-element_type=\"column\" data-e-type=\"column\">\n\t\t\t<div class=\"elementor-widget-wrap elementor-element-populated\">\n\t\t\t\t\t\t<div class=\"elementor-element elementor-element-5c2f1fc elementor-widget elementor-widget-text-editor\" data-id=\"5c2f1fc\" data-element_type=\"widget\" data-e-type=\"widget\" data-widget_type=\"text-editor.default\">\n\t\t\t\t<div class=\"elementor-widget-container\">\n\t\t\t\t\t\t\t\t\t<h2>Platformsl\u00f8sning (demo)<\/h2>\n<p>Pr\u00f8v og test vores demoplatform, og l\u00e6r hvordan I nemt og problemfrit kan integrere disse medrivende opgaver og spil p\u00e5 jeres hjemmeside.<\/p>\n\t\t\t\t\t\t\t\t<\/div>\n\t\t\t\t<\/div>\n\t\t\t\t\t<\/div>\n\t\t<\/div>\n\t\t\t\t\t<\/div>\n\t\t<\/section>\n\t\t\t\t<section class=\"elementor-section elementor-top-section elementor-element elementor-element-9e2f352 section-dashboard elementor-section-boxed elementor-section-height-default elementor-section-height-default\" data-id=\"9e2f352\" data-element_type=\"section\" data-e-type=\"section\">\n\t\t\t\t\t\t<div class=\"elementor-container elementor-column-gap-default\">\n\t\t\t\t\t<div class=\"make-column-clickable-elementor elementor-column elementor-col-50 elementor-top-column elementor-element elementor-element-2ff5a1f column-pink\" style=\"cursor: pointer;\" data-column-clickable=\"https:\/\/braintainment.com\/dashboard\/documentation\/\" data-column-clickable-blank=\"_self\" data-id=\"2ff5a1f\" data-element_type=\"column\" data-e-type=\"column\">\n\t\t\t<div class=\"elementor-widget-wrap elementor-element-populated\">\n\t\t\t\t\t\t<div class=\"elementor-element elementor-element-9673511 elementor-widget elementor-widget-text-editor\" data-id=\"9673511\" data-element_type=\"widget\" data-e-type=\"widget\" data-widget_type=\"text-editor.default\">\n\t\t\t\t<div class=\"elementor-widget-container\">\n\t\t\t\t\t\t\t\t\t<h2>Dokumentation<\/h2>\n<p>F\u00e5 den vejledning, I beh\u00f8ver for nemt og problemfrit at integrere, optimere og l\u00f8fte jeres brugeroplevelse med vores opgaver og spil p\u00e5 jeres platform.<\/p>\n\t\t\t\t\t\t\t\t<\/div>\n\t\t\t\t<\/div>\n\t\t\t\t\t<\/div>\n\t\t<\/div>\n\t\t\t\t<div class=\"elementor-column elementor-col-50 elementor-top-column elementor-element elementor-element-e6e2d5c column-orange\" data-id=\"e6e2d5c\" data-element_type=\"column\" data-e-type=\"column\">\n\t\t\t<div class=\"elementor-widget-wrap elementor-element-populated\">\n\t\t\t\t\t\t<div class=\"elementor-element elementor-element-35971e9 elementor-widget elementor-widget-text-editor\" data-id=\"35971e9\" data-element_type=\"widget\" data-e-type=\"widget\" data-widget_type=\"text-editor.default\">\n\t\t\t\t<div class=\"elementor-widget-container\">\n\t\t\t\t\t\t\t\t\t<h2>Kontakt<\/h2>\n<p><strong>Braintainment Danmark<\/strong><br \/>CEO Henrik L\u00f8vstr\u00f8m<\/p>\n<p><a href=\"tel:0858883276\"><img decoding=\"async\" class=\"alignnone wp-image-1044 size-full\" src=\"http:\/\/braintainment.com\/wp-content\/uploads\/icon-phone.svg\" alt=\"\" width=\"29\" height=\"30\" \/> +45 2063 9578<\/a><a href=\"mailto:h.lovstrom@keesing.dk\"><img decoding=\"async\" class=\"alignnone wp-image-1043 size-full\" src=\"http:\/\/braintainment.com\/wp-content\/uploads\/icon-email.svg\" alt=\"\" width=\"29\" height=\"30\" \/> h.lovstrom@keesing.dk<\/a><\/p>\n\t\t\t\t\t\t\t\t<\/div>\n\t\t\t\t<\/div>\n\t\t\t\t\t<\/div>\n\t\t<\/div>\n\t\t\t\t\t<\/div>\n\t\t<\/section>\n\t\t\t\t<\/div>\n\t\t","protected":false},"excerpt":{"rendered":"<p>Velkommen Afpr\u00f8v vores demoer, og l\u00e6r hvordan I nemt kan udv\u00e6lge opgaver og spil og integrere dem p\u00e5 jeres hjemmeside. Produktrapportering F\u00e5 indsigt i v\u00e6rdifuld analysedata til at finjustere jeres strategier, forbedre jeres brugeroplevelser og skabe unikke digitale underholdningstilbud. Platformsl\u00f8sning (demo) Pr\u00f8v og test vores demoplatform, og l\u00e6r hvordan I nemt og problemfrit kan integrere [&hellip;]<\/p>\n","protected":false},"author":1,"featured_media":0,"parent":0,"menu_order":0,"comment_status":"closed","ping_status":"closed","template":"","meta":{"_acf_changed":false,"footnotes":""},"class_list":["post-3137","page","type-page","status-publish","hentry"],"acf":[],"yoast_head":"<!-- This site is optimized with the Yoast SEO plugin v27.4 - https:\/\/yoast.com\/product\/yoast-seo-wordpress\/ -->\n<title>Dashboard - Pr\u00f8v og test vores demoer og \u00f8g engagementet<\/title>\n<meta name=\"description\" content=\"Pr\u00f8v og test vores demoer, og find ud af, hvordan du nemt og problemfrit kan integrere disse engagerende opgaver og spil p\u00e5 dit website.\" \/>\n<meta name=\"robots\" content=\"index, follow, max-snippet:-1, max-image-preview:large, max-video-preview:-1\" \/>\n<link rel=\"canonical\" href=\"https:\/\/braintainment.com\/da\/kontrolpanel\/\" \/>\n<meta property=\"og:locale\" content=\"da_DK\" \/>\n<meta property=\"og:type\" content=\"article\" \/>\n<meta property=\"og:title\" content=\"Dashboard - Pr\u00f8v og test vores demoer og \u00f8g engagementet\" \/>\n<meta property=\"og:description\" content=\"Pr\u00f8v og test vores demoer, og find ud af, hvordan du nemt og problemfrit kan integrere disse engagerende opgaver og spil p\u00e5 dit website.\" \/>\n<meta property=\"og:url\" content=\"https:\/\/braintainment.com\/da\/kontrolpanel\/\" \/>\n<meta property=\"og:site_name\" content=\"Braintainment\" \/>\n<meta property=\"article:modified_time\" content=\"2025-03-26T08:52:51+00:00\" \/>\n<meta property=\"og:image\" content=\"http:\/\/braintainment.com\/wp-content\/uploads\/icon-phone.svg\" \/>\n<meta name=\"twitter:card\" content=\"summary_large_image\" \/>\n<meta name=\"twitter:label1\" content=\"Estimeret l\u00e6setid\" \/>\n\t<meta name=\"twitter:data1\" content=\"1 minut\" \/>\n<script type=\"application\/ld+json\" class=\"yoast-schema-graph\">{\"@context\":\"https:\\\/\\\/schema.org\",\"@graph\":[{\"@type\":\"WebPage\",\"@id\":\"https:\\\/\\\/braintainment.com\\\/da\\\/kontrolpanel\\\/\",\"url\":\"https:\\\/\\\/braintainment.com\\\/da\\\/kontrolpanel\\\/\",\"name\":\"Dashboard - Pr\u00f8v og test vores demoer og \u00f8g engagementet\",\"isPartOf\":{\"@id\":\"https:\\\/\\\/braintainment.com\\\/da\\\/#website\"},\"primaryImageOfPage\":{\"@id\":\"https:\\\/\\\/braintainment.com\\\/da\\\/kontrolpanel\\\/#primaryimage\"},\"image\":{\"@id\":\"https:\\\/\\\/braintainment.com\\\/da\\\/kontrolpanel\\\/#primaryimage\"},\"thumbnailUrl\":\"http:\\\/\\\/braintainment.com\\\/wp-content\\\/uploads\\\/icon-phone.svg\",\"datePublished\":\"2024-01-23T11:12:19+00:00\",\"dateModified\":\"2025-03-26T08:52:51+00:00\",\"description\":\"Pr\u00f8v og test vores demoer, og find ud af, hvordan du nemt og problemfrit kan integrere disse engagerende opgaver og spil p\u00e5 dit website.\",\"breadcrumb\":{\"@id\":\"https:\\\/\\\/braintainment.com\\\/da\\\/kontrolpanel\\\/#breadcrumb\"},\"inLanguage\":\"da-DK\",\"potentialAction\":[{\"@type\":\"ReadAction\",\"target\":[\"https:\\\/\\\/braintainment.com\\\/da\\\/kontrolpanel\\\/\"]}]},{\"@type\":\"ImageObject\",\"inLanguage\":\"da-DK\",\"@id\":\"https:\\\/\\\/braintainment.com\\\/da\\\/kontrolpanel\\\/#primaryimage\",\"url\":\"http:\\\/\\\/braintainment.com\\\/wp-content\\\/uploads\\\/icon-phone.svg\",\"contentUrl\":\"http:\\\/\\\/braintainment.com\\\/wp-content\\\/uploads\\\/icon-phone.svg\"},{\"@type\":\"BreadcrumbList\",\"@id\":\"https:\\\/\\\/braintainment.com\\\/da\\\/kontrolpanel\\\/#breadcrumb\",\"itemListElement\":[{\"@type\":\"ListItem\",\"position\":1,\"name\":\"Home\",\"item\":\"https:\\\/\\\/braintainment.com\\\/da\\\/\"},{\"@type\":\"ListItem\",\"position\":2,\"name\":\"Kontrolpanel\"}]},{\"@type\":\"WebSite\",\"@id\":\"https:\\\/\\\/braintainment.com\\\/da\\\/#website\",\"url\":\"https:\\\/\\\/braintainment.com\\\/da\\\/\",\"name\":\"Braintainment\",\"description\":\"\",\"publisher\":{\"@id\":\"https:\\\/\\\/braintainment.com\\\/da\\\/#organization\"},\"potentialAction\":[{\"@type\":\"SearchAction\",\"target\":{\"@type\":\"EntryPoint\",\"urlTemplate\":\"https:\\\/\\\/braintainment.com\\\/da\\\/?s={search_term_string}\"},\"query-input\":{\"@type\":\"PropertyValueSpecification\",\"valueRequired\":true,\"valueName\":\"search_term_string\"}}],\"inLanguage\":\"da-DK\"},{\"@type\":\"Organization\",\"@id\":\"https:\\\/\\\/braintainment.com\\\/da\\\/#organization\",\"name\":\"Braintainment\",\"url\":\"https:\\\/\\\/braintainment.com\\\/da\\\/\",\"logo\":{\"@type\":\"ImageObject\",\"inLanguage\":\"da-DK\",\"@id\":\"https:\\\/\\\/braintainment.com\\\/da\\\/#\\\/schema\\\/logo\\\/image\\\/\",\"url\":\"https:\\\/\\\/braintainment.com\\\/wp-content\\\/uploads\\\/Logo-Braintaiment-Keesing-Color.png\",\"contentUrl\":\"https:\\\/\\\/braintainment.com\\\/wp-content\\\/uploads\\\/Logo-Braintaiment-Keesing-Color.png\",\"width\":468,\"height\":98,\"caption\":\"Braintainment\"},\"image\":{\"@id\":\"https:\\\/\\\/braintainment.com\\\/da\\\/#\\\/schema\\\/logo\\\/image\\\/\"}}]}<\/script>\n<!-- \/ Yoast SEO plugin. -->","yoast_head_json":{"title":"Dashboard - Pr\u00f8v og test vores demoer og \u00f8g engagementet","description":"Pr\u00f8v og test vores demoer, og find ud af, hvordan du nemt og problemfrit kan integrere disse engagerende opgaver og spil p\u00e5 dit website.","robots":{"index":"index","follow":"follow","max-snippet":"max-snippet:-1","max-image-preview":"max-image-preview:large","max-video-preview":"max-video-preview:-1"},"canonical":"https:\/\/braintainment.com\/da\/kontrolpanel\/","og_locale":"da_DK","og_type":"article","og_title":"Dashboard - Pr\u00f8v og test vores demoer og \u00f8g engagementet","og_description":"Pr\u00f8v og test vores demoer, og find ud af, hvordan du nemt og problemfrit kan integrere disse engagerende opgaver og spil p\u00e5 dit website.","og_url":"https:\/\/braintainment.com\/da\/kontrolpanel\/","og_site_name":"Braintainment","article_modified_time":"2025-03-26T08:52:51+00:00","og_image":[{"url":"http:\/\/braintainment.com\/wp-content\/uploads\/icon-phone.svg","type":"","width":"","height":""}],"twitter_card":"summary_large_image","twitter_misc":{"Estimeret l\u00e6setid":"1 minut"},"schema":{"@context":"https:\/\/schema.org","@graph":[{"@type":"WebPage","@id":"https:\/\/braintainment.com\/da\/kontrolpanel\/","url":"https:\/\/braintainment.com\/da\/kontrolpanel\/","name":"Dashboard - Pr\u00f8v og test vores demoer og \u00f8g engagementet","isPartOf":{"@id":"https:\/\/braintainment.com\/da\/#website"},"primaryImageOfPage":{"@id":"https:\/\/braintainment.com\/da\/kontrolpanel\/#primaryimage"},"image":{"@id":"https:\/\/braintainment.com\/da\/kontrolpanel\/#primaryimage"},"thumbnailUrl":"http:\/\/braintainment.com\/wp-content\/uploads\/icon-phone.svg","datePublished":"2024-01-23T11:12:19+00:00","dateModified":"2025-03-26T08:52:51+00:00","description":"Pr\u00f8v og test vores demoer, og find ud af, hvordan du nemt og problemfrit kan integrere disse engagerende opgaver og spil p\u00e5 dit website.","breadcrumb":{"@id":"https:\/\/braintainment.com\/da\/kontrolpanel\/#breadcrumb"},"inLanguage":"da-DK","potentialAction":[{"@type":"ReadAction","target":["https:\/\/braintainment.com\/da\/kontrolpanel\/"]}]},{"@type":"ImageObject","inLanguage":"da-DK","@id":"https:\/\/braintainment.com\/da\/kontrolpanel\/#primaryimage","url":"http:\/\/braintainment.com\/wp-content\/uploads\/icon-phone.svg","contentUrl":"http:\/\/braintainment.com\/wp-content\/uploads\/icon-phone.svg"},{"@type":"BreadcrumbList","@id":"https:\/\/braintainment.com\/da\/kontrolpanel\/#breadcrumb","itemListElement":[{"@type":"ListItem","position":1,"name":"Home","item":"https:\/\/braintainment.com\/da\/"},{"@type":"ListItem","position":2,"name":"Kontrolpanel"}]},{"@type":"WebSite","@id":"https:\/\/braintainment.com\/da\/#website","url":"https:\/\/braintainment.com\/da\/","name":"Braintainment","description":"","publisher":{"@id":"https:\/\/braintainment.com\/da\/#organization"},"potentialAction":[{"@type":"SearchAction","target":{"@type":"EntryPoint","urlTemplate":"https:\/\/braintainment.com\/da\/?s={search_term_string}"},"query-input":{"@type":"PropertyValueSpecification","valueRequired":true,"valueName":"search_term_string"}}],"inLanguage":"da-DK"},{"@type":"Organization","@id":"https:\/\/braintainment.com\/da\/#organization","name":"Braintainment","url":"https:\/\/braintainment.com\/da\/","logo":{"@type":"ImageObject","inLanguage":"da-DK","@id":"https:\/\/braintainment.com\/da\/#\/schema\/logo\/image\/","url":"https:\/\/braintainment.com\/wp-content\/uploads\/Logo-Braintaiment-Keesing-Color.png","contentUrl":"https:\/\/braintainment.com\/wp-content\/uploads\/Logo-Braintaiment-Keesing-Color.png","width":468,"height":98,"caption":"Braintainment"},"image":{"@id":"https:\/\/braintainment.com\/da\/#\/schema\/logo\/image\/"}}]}},"_links":{"self":[{"href":"https:\/\/braintainment.com\/da\/wp-json\/wp\/v2\/pages\/3137","targetHints":{"allow":["GET"]}}],"collection":[{"href":"https:\/\/braintainment.com\/da\/wp-json\/wp\/v2\/pages"}],"about":[{"href":"https:\/\/braintainment.com\/da\/wp-json\/wp\/v2\/types\/page"}],"author":[{"embeddable":true,"href":"https:\/\/braintainment.com\/da\/wp-json\/wp\/v2\/users\/1"}],"replies":[{"embeddable":true,"href":"https:\/\/braintainment.com\/da\/wp-json\/wp\/v2\/comments?post=3137"}],"version-history":[{"count":2,"href":"https:\/\/braintainment.com\/da\/wp-json\/wp\/v2\/pages\/3137\/revisions"}],"predecessor-version":[{"id":4481,"href":"https:\/\/braintainment.com\/da\/wp-json\/wp\/v2\/pages\/3137\/revisions\/4481"}],"wp:attachment":[{"href":"https:\/\/braintainment.com\/da\/wp-json\/wp\/v2\/media?parent=3137"}],"curies":[{"name":"wp","href":"https:\/\/api.w.org\/{rel}","templated":true}]}}