{"id":3135,"date":"2024-01-18T11:25:20","date_gmt":"2024-01-18T11:25:20","guid":{"rendered":"https:\/\/braintainment.com\/kontakt\/"},"modified":"2025-04-03T07:45:34","modified_gmt":"2025-04-03T07:45:34","slug":"kontakt","status":"publish","type":"page","link":"https:\/\/braintainment.com\/da\/kontakt\/","title":{"rendered":"Kontakt"},"content":{"rendered":"<p><svg xmlns=\"http:\/\/www.w3.org\/2000\/svg\" width=\"98.443\" height=\"94.229\" viewBox=\"0 0 98.443 94.229\"><path d=\"M48.4,5.857a5,5,0,0,1,8.194,0L71.2,26.733a5,5,0,0,0,2.632,1.915l24.35,7.46a5,5,0,0,1,2.531,7.786L85.388,64.27a5,5,0,0,0-1,3.092l.439,25.5A5,5,0,0,1,78.2,97.674L54.129,89.381a5,5,0,0,0-3.258,0L26.8,97.674a5,5,0,0,1-6.628-4.813l.439-25.5a5,5,0,0,0-1-3.092L4.286,43.894a5,5,0,0,1,2.531-7.786l24.35-7.46A5,5,0,0,0,33.8,26.733Z\" transform=\"translate(-3.279 -3.723)\" fill=\"#ff8691\"><\/path><\/svg>\t\t\t<\/p>\n<h1>Kontakt os<\/h1>\n<p>Er I interesserede i vores l\u00f8sninger, eller har I sp\u00f8rgsm\u00e5l til vores produkter? Kontakt os her:<\/p>\n<p><strong>Henrik L\u00f8vstr\u00f8m, CEO<\/strong><\/p>\n<p><img decoding=\"async\" src=\"\/wp-content\/uploads\/icon-phone-filled.svg\" alt=\"\" width=\"30\" height=\"30\" \/> <a href=\"http:\/\/+45 2063 9578\">+45 2063 9578<\/a><\/p>\n<p><img decoding=\"async\" src=\"\/wp-content\/uploads\/icon-email-filled.svg\" alt=\"\" width=\"30\" height=\"30\" \/> <a href=\"mailto:info@tankesport.dk\">h.lovstrom@keesing.dk<\/a><\/p>\n<script>\nvar gform;gform||(document.addEventListener(\"gform_main_scripts_loaded\",function(){gform.scriptsLoaded=!0}),document.addEventListener(\"gform\/theme\/scripts_loaded\",function(){gform.themeScriptsLoaded=!0}),window.addEventListener(\"DOMContentLoaded\",function(){gform.domLoaded=!0}),gform={domLoaded:!1,scriptsLoaded:!1,themeScriptsLoaded:!1,isFormEditor:()=>\"function\"==typeof InitializeEditor,callIfLoaded:function(o){return!(!gform.domLoaded||!gform.scriptsLoaded||!gform.themeScriptsLoaded&&!gform.isFormEditor()||(gform.isFormEditor()&&console.warn(\"The use of gform.initializeOnLoaded() is deprecated in the form editor context and will be removed in Gravity Forms 3.1.\"),o(),0))},initializeOnLoaded:function(o){gform.callIfLoaded(o)||(document.addEventListener(\"gform_main_scripts_loaded\",()=>{gform.scriptsLoaded=!0,gform.callIfLoaded(o)}),document.addEventListener(\"gform\/theme\/scripts_loaded\",()=>{gform.themeScriptsLoaded=!0,gform.callIfLoaded(o)}),window.addEventListener(\"DOMContentLoaded\",()=>{gform.domLoaded=!0,gform.callIfLoaded(o)}))},hooks:{action:{},filter:{}},addAction:function(o,r,e,t){gform.addHook(\"action\",o,r,e,t)},addFilter:function(o,r,e,t){gform.addHook(\"filter\",o,r,e,t)},doAction:function(o){gform.doHook(\"action\",o,arguments)},applyFilters:function(o){return gform.doHook(\"filter\",o,arguments)},removeAction:function(o,r){gform.removeHook(\"action\",o,r)},removeFilter:function(o,r,e){gform.removeHook(\"filter\",o,r,e)},addHook:function(o,r,e,t,n){null==gform.hooks[o][r]&&(gform.hooks[o][r]=[]);var d=gform.hooks[o][r];null==n&&(n=r+\"_\"+d.length),gform.hooks[o][r].push({tag:n,callable:e,priority:t=null==t?10:t})},doHook:function(r,o,e){var t;if(e=Array.prototype.slice.call(e,1),null!=gform.hooks[r][o]&&((o=gform.hooks[r][o]).sort(function(o,r){return o.priority-r.priority}),o.forEach(function(o){\"function\"!=typeof(t=o.callable)&&(t=window[t]),\"action\"==r?t.apply(null,e):e[0]=t.apply(null,e)})),\"filter\"==r)return e[0]},removeHook:function(o,r,t,n){var e;null!=gform.hooks[o][r]&&(e=(e=gform.hooks[o][r]).filter(function(o,r,e){return!!(null!=n&&n!=o.tag||null!=t&&t!=o.priority)}),gform.hooks[o][r]=e)}});\n<\/script>\n\n                <div class='gf_browser_gecko gform_wrapper gravity-theme gform-theme--no-framework' data-form-theme='gravity-theme' data-form-index='0' id='gform_wrapper_1' >\n                        <div class='gform_heading'>\n\t\t\t\t\t\t\t<p class='gform_required_legend'>&quot;<span class=\"gfield_required gfield_required_asterisk\">*<\/span>&quot; indikerer p\u00e5kr\u00e6vede felter<\/p>\n                        <\/div><form method='post' enctype='multipart\/form-data'  id='gform_1'  action='\/da\/wp-json\/wp\/v2\/pages\/3135' data-formid='1' novalidate><div class='gf_invisible ginput_recaptchav3' data-sitekey='6LcTN4YpAAAAAIj0mfeviwnj1Att4ymCL_47tf-i' data-tabindex='0'><input id=\"input_e517638e2a02b500dbd58385f459b548\" class=\"gfield_recaptcha_response\" type=\"hidden\" name=\"input_e517638e2a02b500dbd58385f459b548\" value=\"\"\/><\/div>\n                        <div class='gform-body gform_body'><div id='gform_fields_1' class='gform_fields top_label form_sublabel_below description_below validation_below'><div id=\"field_1_1\" class=\"gfield gfield--type-text gfield--width-half field_sublabel_below gfield--no-description field_description_below field_validation_below gfield_visibility_visible\"  ><label class='gfield_label gform-field-label' for='input_1_1'>Fornavn<\/label><div class='ginput_container ginput_container_text'><input name='input_1' id='input_1_1' type='text' value='' class='large'    placeholder='Fornavn'  aria-invalid=\"false\"   \/><\/div><\/div><div id=\"field_1_3\" class=\"gfield gfield--type-text gfield--width-half field_sublabel_below gfield--no-description field_description_below field_validation_below gfield_visibility_visible\"  ><label class='gfield_label gform-field-label' for='input_1_3'>Efternavn<\/label><div class='ginput_container ginput_container_text'><input name='input_3' id='input_1_3' type='text' value='' class='large'    placeholder='Efternavn'  aria-invalid=\"false\"   \/><\/div><\/div><div id=\"field_1_4\" class=\"gfield gfield--type-text gfield--width-half field_sublabel_below gfield--no-description field_description_below field_validation_below gfield_visibility_visible\"  ><label class='gfield_label gform-field-label' for='input_1_4'>Virksomhed<\/label><div class='ginput_container ginput_container_text'><input name='input_4' id='input_1_4' type='text' value='' class='large'    placeholder='Virksomhed'  aria-invalid=\"false\"   \/><\/div><\/div><div id=\"field_1_5\" class=\"gfield gfield--type-phone gfield--width-half field_sublabel_below gfield--no-description field_description_below field_validation_below gfield_visibility_visible\"  ><label class='gfield_label gform-field-label' for='input_1_5'>Telefonnummer<\/label><div class='ginput_container ginput_container_phone'><input name='input_5' id='input_1_5' type='tel' value='' class='large'  placeholder='Telefonnummer'  aria-invalid=\"false\"   \/><\/div><\/div><div id=\"field_1_6\" class=\"gfield gfield--type-email gfield--width-half gfield_contains_required field_sublabel_below gfield--no-description field_description_below field_validation_below gfield_visibility_visible\"  ><label class='gfield_label gform-field-label' for='input_1_6'>E-mailadresse<span class=\"gfield_required\"><span class=\"gfield_required gfield_required_asterisk\">*<\/span><\/span><\/label><div class='ginput_container ginput_container_email'>\n                            <input name='input_6' id='input_1_6' type='email' value='' class='large'   placeholder='E-mailadresse' aria-required=\"true\" aria-invalid=\"false\"  \/>\n                        <\/div><\/div><div id=\"field_1_7\" class=\"gfield gfield--type-textarea gfield--width-full gfield_contains_required field_sublabel_below gfield--no-description field_description_below field_validation_below gfield_visibility_visible\"  ><label class='gfield_label gform-field-label' for='input_1_7'>Skriv din besked<span class=\"gfield_required\"><span class=\"gfield_required gfield_required_asterisk\">*<\/span><\/span><\/label><div class='ginput_container ginput_container_textarea'><textarea name='input_7' id='input_1_7' class='textarea large'    placeholder='Din besked\u2026' aria-required=\"true\" aria-invalid=\"false\"   rows='10' cols='50'><\/textarea><\/div><\/div><\/div><\/div>\n        <div class='gform-footer gform_footer top_label'> <input type='submit' id='gform_submit_button_1' class='gform_button button' onclick='gform.submission.handleButtonClick(this);' data-submission-type='submit' value='Send'  \/> \n            <input type='hidden' class='gform_hidden' name='gform_submission_method' data-js='gform_submission_method_1' value='postback' \/>\n            <input type='hidden' class='gform_hidden' name='gform_theme' data-js='gform_theme_1' id='gform_theme_1' value='gravity-theme' \/>\n            <input type='hidden' class='gform_hidden' name='gform_style_settings' data-js='gform_style_settings_1' id='gform_style_settings_1' value='[]' \/>\n            <input type='hidden' class='gform_hidden' name='is_submit_1' value='1' \/>\n            <input type='hidden' class='gform_hidden' name='gform_submit' value='1' \/>\n            \n            <input type='hidden' class='gform_hidden' name='gform_currency' data-currency='EUR' value='dhoiFNjxTe0LjOSURzJa0jKH72KVoKxpZzOutH6jTJIkz9GvhPjuxrjNT99pZog1dBkDa2QOHfKOXEMSV+7CrVxaKz\/pYYRG\/nC6m2hkFD4SewU=' \/>\n            <input type='hidden' class='gform_hidden' name='gform_unique_id' value='' \/>\n            <input type='hidden' class='gform_hidden' name='state_1' value='WyJbXSIsIjQ2ZjdmNWVlMjlkMDYyMDgyNzIxZWI2NTYyYzA4NjE2Il0=' \/>\n            <input type='hidden' autocomplete='off' class='gform_hidden' name='gform_target_page_number_1' id='gform_target_page_number_1' value='0' \/>\n            <input type='hidden' autocomplete='off' class='gform_hidden' name='gform_source_page_number_1' id='gform_source_page_number_1' value='1' \/>\n            <input type='hidden' name='gform_field_values' value='' \/>\n            \n        <\/div>\n                        <\/form>\n                        <\/div><script>\ngform.initializeOnLoaded( function() {gformInitSpinner( 1, 'https:\/\/braintainment.com\/wp-content\/plugins\/gravityforms\/images\/spinner.svg', true );jQuery('#gform_ajax_frame_1').on('load',function(){var contents = jQuery(this).contents().find('*').html();var is_postback = contents.indexOf('GF_AJAX_POSTBACK') >= 0;if(!is_postback){return;}var form_content = jQuery(this).contents().find('#gform_wrapper_1');var is_confirmation = jQuery(this).contents().find('#gform_confirmation_wrapper_1').length > 0;var is_redirect = contents.indexOf('gformRedirect(){') >= 0;var is_form = form_content.length > 0 && ! is_redirect && ! is_confirmation;var mt = parseInt(jQuery('html').css('margin-top'), 10) + parseInt(jQuery('body').css('margin-top'), 10) + 100;if(is_form){jQuery('#gform_wrapper_1').html(form_content.html());if(form_content.hasClass('gform_validation_error')){jQuery('#gform_wrapper_1').addClass('gform_validation_error');} else {jQuery('#gform_wrapper_1').removeClass('gform_validation_error');}setTimeout( function() { \/* delay the scroll by 50 milliseconds to fix a bug in chrome *\/  }, 50 );if(window['gformInitDatepicker']) {gformInitDatepicker();}if(window['gformInitPriceFields']) {gformInitPriceFields();}var current_page = jQuery('#gform_source_page_number_1').val();gformInitSpinner( 1, 'https:\/\/braintainment.com\/wp-content\/plugins\/gravityforms\/images\/spinner.svg', true );jQuery(document).trigger('gform_page_loaded', [1, current_page]);window['gf_submitting_1'] = false;}else if(!is_redirect){var confirmation_content = jQuery(this).contents().find('.GF_AJAX_POSTBACK').html();if(!confirmation_content){confirmation_content = contents;}jQuery('#gform_wrapper_1').replaceWith(confirmation_content);jQuery(document).trigger('gform_confirmation_loaded', [1]);window['gf_submitting_1'] = false;wp.a11y.speak(jQuery('#gform_confirmation_message_1').text());}else{jQuery('#gform_1').append(contents);if(window['gformRedirect']) {gformRedirect();}}jQuery(document).trigger(\"gform_pre_post_render\", [{ formId: \"1\", currentPage: \"current_page\", abort: function() { this.preventDefault(); } }]);        if (event && event.defaultPrevented) {                return;        }        const gformWrapperDiv = document.getElementById( \"gform_wrapper_1\" );        if ( gformWrapperDiv ) {            const visibilitySpan = document.createElement( \"span\" );            visibilitySpan.id = \"gform_visibility_test_1\";            gformWrapperDiv.insertAdjacentElement( \"afterend\", visibilitySpan );        }        const visibilityTestDiv = document.getElementById( \"gform_visibility_test_1\" );        let postRenderFired = false;        function triggerPostRender() {            if ( postRenderFired ) {                return;            }            postRenderFired = true;            gform.core.triggerPostRenderEvents( 1, current_page );            if ( visibilityTestDiv ) {                visibilityTestDiv.parentNode.removeChild( visibilityTestDiv );            }        }        function debounce( func, wait, immediate ) {            var timeout;            return function() {                var context = this, args = arguments;                var later = function() {                    timeout = null;                    if ( !immediate ) func.apply( context, args );                };                var callNow = immediate && !timeout;                clearTimeout( timeout );                timeout = setTimeout( later, wait );                if ( callNow ) func.apply( context, args );            };        }        const debouncedTriggerPostRender = debounce( function() {            triggerPostRender();        }, 200 );        if ( visibilityTestDiv && visibilityTestDiv.offsetParent === null ) {            const observer = new MutationObserver( ( mutations ) => {                mutations.forEach( ( mutation ) => {                    if ( mutation.type === 'attributes' && visibilityTestDiv.offsetParent !== null ) {                        debouncedTriggerPostRender();                        observer.disconnect();                    }                });            });            observer.observe( document.body, {                attributes: true,                childList: false,                subtree: true,                attributeFilter: [ 'style', 'class' ],            });        } else {            triggerPostRender();        }    } );} );\n<\/script>\n\n","protected":false},"excerpt":{"rendered":"<p>Kontakt os Er I interesserede i vores l\u00f8sninger, eller har I sp\u00f8rgsm\u00e5l til vores produkter? Kontakt os her: Henrik L\u00f8vstr\u00f8m, CEO +45 2063 9578 h.lovstrom@keesing.dk<\/p>\n","protected":false},"author":1,"featured_media":0,"parent":0,"menu_order":0,"comment_status":"closed","ping_status":"closed","template":"","meta":{"_acf_changed":false,"footnotes":""},"class_list":["post-3135","page","type-page","status-publish","hentry"],"acf":[],"yoast_head":"<!-- This site is optimized with the Yoast SEO plugin v27.5 - https:\/\/yoast.com\/product\/yoast-seo-wordpress\/ -->\n<title>Kontakt Braintainment - Kom i kontakt med os<\/title>\n<meta name=\"description\" content=\"Er du interesseret i vores l\u00f8sninger, eller har du sp\u00f8rgsm\u00e5l om vores produkter? Kontakt os med det samme ved hj\u00e6lp af oplysningerne p\u00e5 denne webside.\" \/>\n<meta name=\"robots\" content=\"index, follow, max-snippet:-1, max-image-preview:large, max-video-preview:-1\" \/>\n<link rel=\"canonical\" href=\"https:\/\/braintainment.com\/da\/kontakt\/\" \/>\n<meta property=\"og:locale\" content=\"da_DK\" \/>\n<meta property=\"og:type\" content=\"article\" \/>\n<meta property=\"og:title\" content=\"Kontakt Braintainment - Kom i kontakt med os\" \/>\n<meta property=\"og:description\" content=\"Er du interesseret i vores l\u00f8sninger, eller har du sp\u00f8rgsm\u00e5l om vores produkter? Kontakt os med det samme ved hj\u00e6lp af oplysningerne p\u00e5 denne webside.\" \/>\n<meta property=\"og:url\" content=\"https:\/\/braintainment.com\/da\/kontakt\/\" \/>\n<meta property=\"og:site_name\" content=\"Braintainment\" \/>\n<meta property=\"article:modified_time\" content=\"2025-04-03T07:45:34+00:00\" \/>\n<meta property=\"og:image\" content=\"https:\/\/braintainment.com\/wp-content\/uploads\/site-image-keesing.jpg\" \/>\n\t<meta property=\"og:image:width\" content=\"1200\" \/>\n\t<meta property=\"og:image:height\" content=\"675\" \/>\n\t<meta property=\"og:image:type\" content=\"image\/jpeg\" \/>\n<meta name=\"twitter:card\" content=\"summary_large_image\" \/>\n<meta name=\"twitter:label1\" content=\"Estimeret l\u00e6setid\" \/>\n\t<meta name=\"twitter:data1\" content=\"1 minut\" \/>\n<script type=\"application\/ld+json\" class=\"yoast-schema-graph\">{\"@context\":\"https:\\\/\\\/schema.org\",\"@graph\":[{\"@type\":\"WebPage\",\"@id\":\"https:\\\/\\\/braintainment.com\\\/da\\\/kontakt\\\/\",\"url\":\"https:\\\/\\\/braintainment.com\\\/da\\\/kontakt\\\/\",\"name\":\"Kontakt Braintainment - Kom i kontakt med os\",\"isPartOf\":{\"@id\":\"https:\\\/\\\/braintainment.com\\\/da\\\/#website\"},\"datePublished\":\"2024-01-18T11:25:20+00:00\",\"dateModified\":\"2025-04-03T07:45:34+00:00\",\"description\":\"Er du interesseret i vores l\u00f8sninger, eller har du sp\u00f8rgsm\u00e5l om vores produkter? Kontakt os med det samme ved hj\u00e6lp af oplysningerne p\u00e5 denne webside.\",\"breadcrumb\":{\"@id\":\"https:\\\/\\\/braintainment.com\\\/da\\\/kontakt\\\/#breadcrumb\"},\"inLanguage\":\"da-DK\",\"potentialAction\":[{\"@type\":\"ReadAction\",\"target\":[\"https:\\\/\\\/braintainment.com\\\/da\\\/kontakt\\\/\"]}]},{\"@type\":\"BreadcrumbList\",\"@id\":\"https:\\\/\\\/braintainment.com\\\/da\\\/kontakt\\\/#breadcrumb\",\"itemListElement\":[{\"@type\":\"ListItem\",\"position\":1,\"name\":\"Home\",\"item\":\"https:\\\/\\\/braintainment.com\\\/da\\\/\"},{\"@type\":\"ListItem\",\"position\":2,\"name\":\"Kontakt\"}]},{\"@type\":\"WebSite\",\"@id\":\"https:\\\/\\\/braintainment.com\\\/da\\\/#website\",\"url\":\"https:\\\/\\\/braintainment.com\\\/da\\\/\",\"name\":\"Braintainment\",\"description\":\"\",\"publisher\":{\"@id\":\"https:\\\/\\\/braintainment.com\\\/da\\\/#organization\"},\"potentialAction\":[{\"@type\":\"SearchAction\",\"target\":{\"@type\":\"EntryPoint\",\"urlTemplate\":\"https:\\\/\\\/braintainment.com\\\/da\\\/?s={search_term_string}\"},\"query-input\":{\"@type\":\"PropertyValueSpecification\",\"valueRequired\":true,\"valueName\":\"search_term_string\"}}],\"inLanguage\":\"da-DK\"},{\"@type\":\"Organization\",\"@id\":\"https:\\\/\\\/braintainment.com\\\/da\\\/#organization\",\"name\":\"Braintainment\",\"url\":\"https:\\\/\\\/braintainment.com\\\/da\\\/\",\"logo\":{\"@type\":\"ImageObject\",\"inLanguage\":\"da-DK\",\"@id\":\"https:\\\/\\\/braintainment.com\\\/da\\\/#\\\/schema\\\/logo\\\/image\\\/\",\"url\":\"https:\\\/\\\/braintainment.com\\\/wp-content\\\/uploads\\\/Logo-Braintaiment-Keesing-Color.png\",\"contentUrl\":\"https:\\\/\\\/braintainment.com\\\/wp-content\\\/uploads\\\/Logo-Braintaiment-Keesing-Color.png\",\"width\":468,\"height\":98,\"caption\":\"Braintainment\"},\"image\":{\"@id\":\"https:\\\/\\\/braintainment.com\\\/da\\\/#\\\/schema\\\/logo\\\/image\\\/\"}}]}<\/script>\n<!-- \/ Yoast SEO plugin. -->","yoast_head_json":{"title":"Kontakt Braintainment - Kom i kontakt med os","description":"Er du interesseret i vores l\u00f8sninger, eller har du sp\u00f8rgsm\u00e5l om vores produkter? Kontakt os med det samme ved hj\u00e6lp af oplysningerne p\u00e5 denne webside.","robots":{"index":"index","follow":"follow","max-snippet":"max-snippet:-1","max-image-preview":"max-image-preview:large","max-video-preview":"max-video-preview:-1"},"canonical":"https:\/\/braintainment.com\/da\/kontakt\/","og_locale":"da_DK","og_type":"article","og_title":"Kontakt Braintainment - Kom i kontakt med os","og_description":"Er du interesseret i vores l\u00f8sninger, eller har du sp\u00f8rgsm\u00e5l om vores produkter? Kontakt os med det samme ved hj\u00e6lp af oplysningerne p\u00e5 denne webside.","og_url":"https:\/\/braintainment.com\/da\/kontakt\/","og_site_name":"Braintainment","article_modified_time":"2025-04-03T07:45:34+00:00","og_image":[{"width":1200,"height":675,"url":"https:\/\/braintainment.com\/wp-content\/uploads\/site-image-keesing.jpg","type":"image\/jpeg"}],"twitter_card":"summary_large_image","twitter_misc":{"Estimeret l\u00e6setid":"1 minut"},"schema":{"@context":"https:\/\/schema.org","@graph":[{"@type":"WebPage","@id":"https:\/\/braintainment.com\/da\/kontakt\/","url":"https:\/\/braintainment.com\/da\/kontakt\/","name":"Kontakt Braintainment - Kom i kontakt med os","isPartOf":{"@id":"https:\/\/braintainment.com\/da\/#website"},"datePublished":"2024-01-18T11:25:20+00:00","dateModified":"2025-04-03T07:45:34+00:00","description":"Er du interesseret i vores l\u00f8sninger, eller har du sp\u00f8rgsm\u00e5l om vores produkter? Kontakt os med det samme ved hj\u00e6lp af oplysningerne p\u00e5 denne webside.","breadcrumb":{"@id":"https:\/\/braintainment.com\/da\/kontakt\/#breadcrumb"},"inLanguage":"da-DK","potentialAction":[{"@type":"ReadAction","target":["https:\/\/braintainment.com\/da\/kontakt\/"]}]},{"@type":"BreadcrumbList","@id":"https:\/\/braintainment.com\/da\/kontakt\/#breadcrumb","itemListElement":[{"@type":"ListItem","position":1,"name":"Home","item":"https:\/\/braintainment.com\/da\/"},{"@type":"ListItem","position":2,"name":"Kontakt"}]},{"@type":"WebSite","@id":"https:\/\/braintainment.com\/da\/#website","url":"https:\/\/braintainment.com\/da\/","name":"Braintainment","description":"","publisher":{"@id":"https:\/\/braintainment.com\/da\/#organization"},"potentialAction":[{"@type":"SearchAction","target":{"@type":"EntryPoint","urlTemplate":"https:\/\/braintainment.com\/da\/?s={search_term_string}"},"query-input":{"@type":"PropertyValueSpecification","valueRequired":true,"valueName":"search_term_string"}}],"inLanguage":"da-DK"},{"@type":"Organization","@id":"https:\/\/braintainment.com\/da\/#organization","name":"Braintainment","url":"https:\/\/braintainment.com\/da\/","logo":{"@type":"ImageObject","inLanguage":"da-DK","@id":"https:\/\/braintainment.com\/da\/#\/schema\/logo\/image\/","url":"https:\/\/braintainment.com\/wp-content\/uploads\/Logo-Braintaiment-Keesing-Color.png","contentUrl":"https:\/\/braintainment.com\/wp-content\/uploads\/Logo-Braintaiment-Keesing-Color.png","width":468,"height":98,"caption":"Braintainment"},"image":{"@id":"https:\/\/braintainment.com\/da\/#\/schema\/logo\/image\/"}}]}},"_links":{"self":[{"href":"https:\/\/braintainment.com\/da\/wp-json\/wp\/v2\/pages\/3135","targetHints":{"allow":["GET"]}}],"collection":[{"href":"https:\/\/braintainment.com\/da\/wp-json\/wp\/v2\/pages"}],"about":[{"href":"https:\/\/braintainment.com\/da\/wp-json\/wp\/v2\/types\/page"}],"author":[{"embeddable":true,"href":"https:\/\/braintainment.com\/da\/wp-json\/wp\/v2\/users\/1"}],"replies":[{"embeddable":true,"href":"https:\/\/braintainment.com\/da\/wp-json\/wp\/v2\/comments?post=3135"}],"version-history":[{"count":5,"href":"https:\/\/braintainment.com\/da\/wp-json\/wp\/v2\/pages\/3135\/revisions"}],"predecessor-version":[{"id":4751,"href":"https:\/\/braintainment.com\/da\/wp-json\/wp\/v2\/pages\/3135\/revisions\/4751"}],"wp:attachment":[{"href":"https:\/\/braintainment.com\/da\/wp-json\/wp\/v2\/media?parent=3135"}],"curies":[{"name":"wp","href":"https:\/\/api.w.org\/{rel}","templated":true}]}}