{"id":3127,"date":"2024-04-18T10:08:50","date_gmt":"2024-04-18T10:08:50","guid":{"rendered":"https:\/\/braintainment.com\/tilpasset-integration\/"},"modified":"2025-03-25T12:51:16","modified_gmt":"2025-03-25T12:51:16","slug":"tilpasset-integration","status":"publish","type":"page","link":"https:\/\/braintainment.com\/da\/tilpasset-integration\/","title":{"rendered":"Tilpasset indhold"},"content":{"rendered":"\t\t<div data-elementor-type=\"wp-page\" data-elementor-id=\"3127\" class=\"elementor elementor-3127 elementor-1768\" data-elementor-post-type=\"page\">\n\t\t\t\t\t\t<section class=\"elementor-section elementor-top-section elementor-element elementor-element-a682887 section-pagetitle vertical elementor-section-boxed elementor-section-height-default elementor-section-height-default\" data-id=\"a682887\" data-element_type=\"section\" data-e-type=\"section\">\n\t\t\t\t\t\t<div class=\"elementor-container elementor-column-gap-default\">\n\t\t\t\t\t<div class=\"elementor-column elementor-col-100 elementor-top-column elementor-element elementor-element-f4c45ed\" data-id=\"f4c45ed\" data-element_type=\"column\" data-e-type=\"column\">\n\t\t\t<div class=\"elementor-widget-wrap elementor-element-populated\">\n\t\t\t\t\t\t<div class=\"elementor-element elementor-element-df358c9 shape elementor-view-default elementor-widget elementor-widget-icon\" data-id=\"df358c9\" data-element_type=\"widget\" data-e-type=\"widget\" data-settings=\"{&quot;motion_fx_motion_fx_scrolling&quot;:&quot;yes&quot;,&quot;motion_fx_translateY_speed&quot;:{&quot;unit&quot;:&quot;px&quot;,&quot;size&quot;:2.5,&quot;sizes&quot;:[]},&quot;motion_fx_translateY_effect&quot;:&quot;yes&quot;,&quot;motion_fx_translateY_affectedRange&quot;:{&quot;unit&quot;:&quot;%&quot;,&quot;size&quot;:&quot;&quot;,&quot;sizes&quot;:{&quot;start&quot;:0,&quot;end&quot;:100}},&quot;motion_fx_devices&quot;:[&quot;desktop&quot;,&quot;tablet&quot;,&quot;mobile&quot;]}\" data-widget_type=\"icon.default\">\n\t\t\t\t<div class=\"elementor-widget-container\">\n\t\t\t\t\t\t\t<div class=\"elementor-icon-wrapper\">\n\t\t\t<div class=\"elementor-icon\">\n\t\t\t<svg xmlns=\"http:\/\/www.w3.org\/2000\/svg\" width=\"98.442\" height=\"94.229\" viewBox=\"0 0 98.442 94.229\"><path d=\"M48.4,5.857a5,5,0,0,1,8.194,0L71.2,26.733a5,5,0,0,0,2.632,1.915l24.35,7.46a5,5,0,0,1,2.531,7.786L85.388,64.27a5,5,0,0,0-1,3.092l.439,25.5A5,5,0,0,1,78.2,97.674L54.129,89.381a5,5,0,0,0-3.258,0L26.8,97.674a5,5,0,0,1-6.628-4.813l.439-25.5a5,5,0,0,0-1-3.092L4.286,43.894a5,5,0,0,1,2.531-7.786l24.35-7.46A5,5,0,0,0,33.8,26.733Z\" transform=\"translate(-3.279 -3.723)\" fill=\"#6a82e0\"><\/path><\/svg>\t\t\t<\/div>\n\t\t<\/div>\n\t\t\t\t\t\t<\/div>\n\t\t\t\t<\/div>\n\t\t\t\t<div class=\"elementor-element elementor-element-59eb941 sub-title elementor-widget elementor-widget-heading\" data-id=\"59eb941\" data-element_type=\"widget\" data-e-type=\"widget\" data-widget_type=\"heading.default\">\n\t\t\t\t<div class=\"elementor-widget-container\">\n\t\t\t\t\t<p class=\"elementor-heading-title elementor-size-default\">Tilpasset indhold<\/p>\t\t\t\t<\/div>\n\t\t\t\t<\/div>\n\t\t\t\t<div class=\"elementor-element elementor-element-209db71 elementor-widget elementor-widget-text-editor\" data-id=\"209db71\" data-element_type=\"widget\" data-e-type=\"widget\" data-widget_type=\"text-editor.default\">\n\t\t\t\t<div class=\"elementor-widget-container\">\n\t\t\t\t\t\t\t\t\t<h1>Vores skr\u00e6ddersyede l\u00f8sninger<\/h1>\n<p>Uanset om I \u00f8nsker at forbedre jeres app, nyhedsbrev eller hjemmeside, s\u00e5 har Keesing de l\u00f8sninger, I har brug for til at optimere jeres indhold og engagere jeres brugere. Vi er professionelle med flere \u00e5rs erfaring og arbejder dedikeret for at sikre, at vores l\u00f8sninger kan skr\u00e6ddersyes til jeres specifikke behov og m\u00e5ls\u00e6tninger.<\/p>\n\t\t\t\t\t\t\t\t<\/div>\n\t\t\t\t<\/div>\n\t\t\t\t<div class=\"elementor-element elementor-element-8a482b4 shape shape-1 elementor-hidden-tablet elementor-hidden-mobile elementor-view-default elementor-widget elementor-widget-icon\" data-id=\"8a482b4\" data-element_type=\"widget\" data-e-type=\"widget\" data-settings=\"{&quot;motion_fx_motion_fx_scrolling&quot;:&quot;yes&quot;,&quot;motion_fx_rotateZ_speed&quot;:{&quot;unit&quot;:&quot;px&quot;,&quot;size&quot;:4,&quot;sizes&quot;:[]},&quot;motion_fx_rotateZ_effect&quot;:&quot;yes&quot;,&quot;motion_fx_rotateZ_affectedRange&quot;:{&quot;unit&quot;:&quot;%&quot;,&quot;size&quot;:&quot;&quot;,&quot;sizes&quot;:{&quot;start&quot;:0,&quot;end&quot;:100}},&quot;motion_fx_devices&quot;:[&quot;desktop&quot;,&quot;tablet&quot;,&quot;mobile&quot;]}\" data-widget_type=\"icon.default\">\n\t\t\t\t<div class=\"elementor-widget-container\">\n\t\t\t\t\t\t\t<div class=\"elementor-icon-wrapper\">\n\t\t\t<div class=\"elementor-icon\">\n\t\t\t<svg xmlns=\"http:\/\/www.w3.org\/2000\/svg\" width=\"103.249\" height=\"98.816\" viewBox=\"0 0 103.249 98.816\"><path d=\"M49.558,2.14a5,5,0,0,1,5.883,0l46.624,33.922a5,5,0,0,1,1.814,5.586l-17.812,54.9A5,5,0,0,1,81.313,100H23.687a5,5,0,0,1-4.756-3.457L1.12,41.648a5,5,0,0,1,1.814-5.586Z\" transform=\"translate(-0.875 -1.184)\" fill=\"#fc9335\"><\/path><\/svg>\t\t\t<\/div>\n\t\t<\/div>\n\t\t\t\t\t\t<\/div>\n\t\t\t\t<\/div>\n\t\t\t\t\t<\/div>\n\t\t<\/div>\n\t\t\t\t\t<\/div>\n\t\t<\/section>\n\t\t\t\t<section class=\"elementor-section elementor-top-section elementor-element elementor-element-679f28d section-image-content custom elementor-section-boxed elementor-section-height-default elementor-section-height-default\" data-id=\"679f28d\" data-element_type=\"section\" data-e-type=\"section\">\n\t\t\t\t\t\t<div class=\"elementor-container elementor-column-gap-default\">\n\t\t\t\t\t<div class=\"elementor-column elementor-col-50 elementor-top-column elementor-element elementor-element-c1f3fc1 column-content\" data-id=\"c1f3fc1\" data-element_type=\"column\" data-e-type=\"column\">\n\t\t\t<div class=\"elementor-widget-wrap elementor-element-populated\">\n\t\t\t\t\t\t<div class=\"elementor-element elementor-element-8456004 sub-title elementor-widget elementor-widget-heading\" data-id=\"8456004\" data-element_type=\"widget\" data-e-type=\"widget\" data-widget_type=\"heading.default\">\n\t\t\t\t<div class=\"elementor-widget-container\">\n\t\t\t\t\t<p class=\"elementor-heading-title elementor-size-default\">Tilpasset indhold<\/p>\t\t\t\t<\/div>\n\t\t\t\t<\/div>\n\t\t\t\t<div class=\"elementor-element elementor-element-57b4142 elementor-widget elementor-widget-text-editor\" data-id=\"57b4142\" data-element_type=\"widget\" data-e-type=\"widget\" data-widget_type=\"text-editor.default\">\n\t\t\t\t<div class=\"elementor-widget-container\">\n\t\t\t\t\t\t\t\t\t<h2>Eksperter i krydsord og spil<\/h2>\n<p>Alle vores kunder er unikke. Derfor tilbyder vi en r\u00e6kke forskellige formater og l\u00f8sninger, som passer til netop jeres \u00f8nsker. Uanset om I er lokal sportsforening eller en landsd\u00e6kkende avis, s\u00f8rger vi for at hj\u00e6lpe jer p\u00e5 rette vej.<\/p>\n<p>Med Braintainment kan I forvente:<\/p>\n<ul>\n<li>Engagerende digitale opgaver og hyggelige spil<\/li>\n<li>Hurtig integration p\u00e5 alle digitale platforme<\/li>\n<li>Opgaver og spil skr\u00e6ddersyet til jeres behov<\/li>\n<li>Professionel r\u00e5dgivning fra vores erfarne redaktion<\/li>\n<\/ul>\n<p>Hvis det lyder interessant, s\u00e5 giv os et kald p\u00e5 2063 9578, eller test vores produkter nedenfor.<\/p>\n\t\t\t\t\t\t\t\t<\/div>\n\t\t\t\t<\/div>\n\t\t\t\t<div class=\"elementor-element elementor-element-44da132 elementor-widget elementor-widget-button\" data-id=\"44da132\" data-element_type=\"widget\" data-e-type=\"widget\" data-settings=\"{&quot;enabled_visibility&quot;:&quot;yes&quot;,&quot;dce_visibility_selected&quot;:&quot;hide&quot;}\" data-widget_type=\"button.default\">\n\t\t\t\t<div class=\"elementor-widget-container\">\n\t\t\t\t\t\t\t\t\t<div class=\"elementor-button-wrapper\">\n\t\t\t\t\t<a class=\"elementor-button elementor-button-link elementor-size-sm\" href=\"https:\/\/braintainment.com\/da\/anmod-om-demo\/\">\n\t\t\t\t\t\t<span class=\"elementor-button-content-wrapper\">\n\t\t\t\t\t\t\t\t\t<span class=\"elementor-button-text\">Anmod om demo<\/span>\n\t\t\t\t\t<\/span>\n\t\t\t\t\t<\/a>\n\t\t\t\t<\/div>\n\t\t\t\t\t\t\t\t<\/div>\n\t\t\t\t<\/div>\n\t\t<!-- dce invisible element 8850cd8 -->\t\t\t<\/div>\n\t\t<\/div>\n\t\t\t\t<div class=\"elementor-column elementor-col-50 elementor-top-column elementor-element elementor-element-ea5803f column-image\" data-id=\"ea5803f\" data-element_type=\"column\" data-e-type=\"column\">\n\t\t\t<div class=\"elementor-widget-wrap elementor-element-populated\">\n\t\t\t\t\t\t<div class=\"elementor-element elementor-element-645734d elementor-widget elementor-widget-image\" data-id=\"645734d\" data-element_type=\"widget\" data-e-type=\"widget\" data-widget_type=\"image.default\">\n\t\t\t\t<div class=\"elementor-widget-container\">\n\t\t\t\t\t\t\t\t\t\t\t\t\t\t\t<img fetchpriority=\"high\" decoding=\"async\" width=\"800\" height=\"478\" src=\"https:\/\/braintainment.com\/wp-content\/uploads\/custom-tailored-solutions-1024x612.webp\" class=\"attachment-large size-large wp-image-3020\" alt=\"Dashboard van puzzels en integratie\" srcset=\"https:\/\/braintainment.com\/wp-content\/uploads\/custom-tailored-solutions-1024x612.webp 1024w, https:\/\/braintainment.com\/wp-content\/uploads\/custom-tailored-solutions-300x179.webp 300w, https:\/\/braintainment.com\/wp-content\/uploads\/custom-tailored-solutions-768x459.webp 768w, https:\/\/braintainment.com\/wp-content\/uploads\/custom-tailored-solutions-1536x918.webp 1536w, https:\/\/braintainment.com\/wp-content\/uploads\/custom-tailored-solutions.webp 1642w\" sizes=\"(max-width: 800px) 100vw, 800px\" \/>\t\t\t\t\t\t\t\t\t\t\t\t\t\t\t<\/div>\n\t\t\t\t<\/div>\n\t\t\t\t\t<\/div>\n\t\t<\/div>\n\t\t\t\t\t<\/div>\n\t\t<\/section>\n\t\t\t\t<\/div>\n\t\t","protected":false},"excerpt":{"rendered":"<p>Tilpasset indhold Vores skr\u00e6ddersyede l\u00f8sninger Uanset om I \u00f8nsker at forbedre jeres app, nyhedsbrev eller hjemmeside, s\u00e5 har Keesing de l\u00f8sninger, I har brug for til at optimere jeres indhold og engagere jeres brugere. Vi er professionelle med flere \u00e5rs erfaring og arbejder dedikeret for at sikre, at vores l\u00f8sninger kan skr\u00e6ddersyes til jeres specifikke [&hellip;]<\/p>\n","protected":false},"author":1,"featured_media":0,"parent":0,"menu_order":0,"comment_status":"closed","ping_status":"closed","template":"","meta":{"_acf_changed":false,"footnotes":""},"class_list":["post-3127","page","type-page","status-publish","hentry"],"acf":[],"yoast_head":"<!-- This site is optimized with the Yoast SEO plugin v27.4 - https:\/\/yoast.com\/product\/yoast-seo-wordpress\/ -->\n<title>Skr\u00e6ddersyet integration - Vores skr\u00e6ddersyede l\u00f8sninger<\/title>\n<meta name=\"description\" content=\"Vi er professionelle med mange \u00e5rs erfaring og er dedikerede til at sikre, at vores l\u00f8sninger kan skr\u00e6ddersys til dine specifikke behov, platform og m\u00e5l.\" \/>\n<meta name=\"robots\" content=\"index, follow, max-snippet:-1, max-image-preview:large, max-video-preview:-1\" \/>\n<link rel=\"canonical\" href=\"https:\/\/braintainment.com\/da\/tilpasset-integration\/\" \/>\n<meta property=\"og:locale\" content=\"da_DK\" \/>\n<meta property=\"og:type\" content=\"article\" \/>\n<meta property=\"og:title\" content=\"Skr\u00e6ddersyet integration - Vores skr\u00e6ddersyede l\u00f8sninger\" \/>\n<meta property=\"og:description\" content=\"Vi er professionelle med mange \u00e5rs erfaring og er dedikerede til at sikre, at vores l\u00f8sninger kan skr\u00e6ddersys til dine specifikke behov, platform og m\u00e5l.\" \/>\n<meta property=\"og:url\" content=\"https:\/\/braintainment.com\/da\/tilpasset-integration\/\" \/>\n<meta property=\"og:site_name\" content=\"Braintainment\" \/>\n<meta property=\"article:modified_time\" content=\"2025-03-25T12:51:16+00:00\" \/>\n<meta property=\"og:image\" content=\"https:\/\/braintainment.com\/wp-content\/uploads\/custom-tailored-solutions.webp\" \/>\n\t<meta property=\"og:image:width\" content=\"1642\" \/>\n\t<meta property=\"og:image:height\" content=\"981\" \/>\n\t<meta property=\"og:image:type\" content=\"image\/webp\" \/>\n<meta name=\"twitter:card\" content=\"summary_large_image\" \/>\n<meta name=\"twitter:label1\" content=\"Estimeret l\u00e6setid\" \/>\n\t<meta name=\"twitter:data1\" content=\"2 minutter\" \/>\n<script type=\"application\/ld+json\" class=\"yoast-schema-graph\">{\"@context\":\"https:\\\/\\\/schema.org\",\"@graph\":[{\"@type\":\"WebPage\",\"@id\":\"https:\\\/\\\/braintainment.com\\\/da\\\/tilpasset-integration\\\/\",\"url\":\"https:\\\/\\\/braintainment.com\\\/da\\\/tilpasset-integration\\\/\",\"name\":\"Skr\u00e6ddersyet integration - Vores skr\u00e6ddersyede l\u00f8sninger\",\"isPartOf\":{\"@id\":\"https:\\\/\\\/braintainment.com\\\/da\\\/#website\"},\"primaryImageOfPage\":{\"@id\":\"https:\\\/\\\/braintainment.com\\\/da\\\/tilpasset-integration\\\/#primaryimage\"},\"image\":{\"@id\":\"https:\\\/\\\/braintainment.com\\\/da\\\/tilpasset-integration\\\/#primaryimage\"},\"thumbnailUrl\":\"https:\\\/\\\/braintainment.com\\\/wp-content\\\/uploads\\\/custom-tailored-solutions-1024x612.webp\",\"datePublished\":\"2024-04-18T10:08:50+00:00\",\"dateModified\":\"2025-03-25T12:51:16+00:00\",\"description\":\"Vi er professionelle med mange \u00e5rs erfaring og er dedikerede til at sikre, at vores l\u00f8sninger kan skr\u00e6ddersys til dine specifikke behov, platform og m\u00e5l.\",\"breadcrumb\":{\"@id\":\"https:\\\/\\\/braintainment.com\\\/da\\\/tilpasset-integration\\\/#breadcrumb\"},\"inLanguage\":\"da-DK\",\"potentialAction\":[{\"@type\":\"ReadAction\",\"target\":[\"https:\\\/\\\/braintainment.com\\\/da\\\/tilpasset-integration\\\/\"]}]},{\"@type\":\"ImageObject\",\"inLanguage\":\"da-DK\",\"@id\":\"https:\\\/\\\/braintainment.com\\\/da\\\/tilpasset-integration\\\/#primaryimage\",\"url\":\"https:\\\/\\\/braintainment.com\\\/wp-content\\\/uploads\\\/custom-tailored-solutions-1024x612.webp\",\"contentUrl\":\"https:\\\/\\\/braintainment.com\\\/wp-content\\\/uploads\\\/custom-tailored-solutions-1024x612.webp\"},{\"@type\":\"BreadcrumbList\",\"@id\":\"https:\\\/\\\/braintainment.com\\\/da\\\/tilpasset-integration\\\/#breadcrumb\",\"itemListElement\":[{\"@type\":\"ListItem\",\"position\":1,\"name\":\"Home\",\"item\":\"https:\\\/\\\/braintainment.com\\\/da\\\/\"},{\"@type\":\"ListItem\",\"position\":2,\"name\":\"Tilpasset indhold\"}]},{\"@type\":\"WebSite\",\"@id\":\"https:\\\/\\\/braintainment.com\\\/da\\\/#website\",\"url\":\"https:\\\/\\\/braintainment.com\\\/da\\\/\",\"name\":\"Braintainment\",\"description\":\"\",\"publisher\":{\"@id\":\"https:\\\/\\\/braintainment.com\\\/da\\\/#organization\"},\"potentialAction\":[{\"@type\":\"SearchAction\",\"target\":{\"@type\":\"EntryPoint\",\"urlTemplate\":\"https:\\\/\\\/braintainment.com\\\/da\\\/?s={search_term_string}\"},\"query-input\":{\"@type\":\"PropertyValueSpecification\",\"valueRequired\":true,\"valueName\":\"search_term_string\"}}],\"inLanguage\":\"da-DK\"},{\"@type\":\"Organization\",\"@id\":\"https:\\\/\\\/braintainment.com\\\/da\\\/#organization\",\"name\":\"Braintainment\",\"url\":\"https:\\\/\\\/braintainment.com\\\/da\\\/\",\"logo\":{\"@type\":\"ImageObject\",\"inLanguage\":\"da-DK\",\"@id\":\"https:\\\/\\\/braintainment.com\\\/da\\\/#\\\/schema\\\/logo\\\/image\\\/\",\"url\":\"https:\\\/\\\/braintainment.com\\\/wp-content\\\/uploads\\\/Logo-Braintaiment-Keesing-Color.png\",\"contentUrl\":\"https:\\\/\\\/braintainment.com\\\/wp-content\\\/uploads\\\/Logo-Braintaiment-Keesing-Color.png\",\"width\":468,\"height\":98,\"caption\":\"Braintainment\"},\"image\":{\"@id\":\"https:\\\/\\\/braintainment.com\\\/da\\\/#\\\/schema\\\/logo\\\/image\\\/\"}}]}<\/script>\n<!-- \/ Yoast SEO plugin. -->","yoast_head_json":{"title":"Skr\u00e6ddersyet integration - Vores skr\u00e6ddersyede l\u00f8sninger","description":"Vi er professionelle med mange \u00e5rs erfaring og er dedikerede til at sikre, at vores l\u00f8sninger kan skr\u00e6ddersys til dine specifikke behov, platform og m\u00e5l.","robots":{"index":"index","follow":"follow","max-snippet":"max-snippet:-1","max-image-preview":"max-image-preview:large","max-video-preview":"max-video-preview:-1"},"canonical":"https:\/\/braintainment.com\/da\/tilpasset-integration\/","og_locale":"da_DK","og_type":"article","og_title":"Skr\u00e6ddersyet integration - Vores skr\u00e6ddersyede l\u00f8sninger","og_description":"Vi er professionelle med mange \u00e5rs erfaring og er dedikerede til at sikre, at vores l\u00f8sninger kan skr\u00e6ddersys til dine specifikke behov, platform og m\u00e5l.","og_url":"https:\/\/braintainment.com\/da\/tilpasset-integration\/","og_site_name":"Braintainment","article_modified_time":"2025-03-25T12:51:16+00:00","og_image":[{"width":1642,"height":981,"url":"https:\/\/braintainment.com\/wp-content\/uploads\/custom-tailored-solutions.webp","type":"image\/webp"}],"twitter_card":"summary_large_image","twitter_misc":{"Estimeret l\u00e6setid":"2 minutter"},"schema":{"@context":"https:\/\/schema.org","@graph":[{"@type":"WebPage","@id":"https:\/\/braintainment.com\/da\/tilpasset-integration\/","url":"https:\/\/braintainment.com\/da\/tilpasset-integration\/","name":"Skr\u00e6ddersyet integration - Vores skr\u00e6ddersyede l\u00f8sninger","isPartOf":{"@id":"https:\/\/braintainment.com\/da\/#website"},"primaryImageOfPage":{"@id":"https:\/\/braintainment.com\/da\/tilpasset-integration\/#primaryimage"},"image":{"@id":"https:\/\/braintainment.com\/da\/tilpasset-integration\/#primaryimage"},"thumbnailUrl":"https:\/\/braintainment.com\/wp-content\/uploads\/custom-tailored-solutions-1024x612.webp","datePublished":"2024-04-18T10:08:50+00:00","dateModified":"2025-03-25T12:51:16+00:00","description":"Vi er professionelle med mange \u00e5rs erfaring og er dedikerede til at sikre, at vores l\u00f8sninger kan skr\u00e6ddersys til dine specifikke behov, platform og m\u00e5l.","breadcrumb":{"@id":"https:\/\/braintainment.com\/da\/tilpasset-integration\/#breadcrumb"},"inLanguage":"da-DK","potentialAction":[{"@type":"ReadAction","target":["https:\/\/braintainment.com\/da\/tilpasset-integration\/"]}]},{"@type":"ImageObject","inLanguage":"da-DK","@id":"https:\/\/braintainment.com\/da\/tilpasset-integration\/#primaryimage","url":"https:\/\/braintainment.com\/wp-content\/uploads\/custom-tailored-solutions-1024x612.webp","contentUrl":"https:\/\/braintainment.com\/wp-content\/uploads\/custom-tailored-solutions-1024x612.webp"},{"@type":"BreadcrumbList","@id":"https:\/\/braintainment.com\/da\/tilpasset-integration\/#breadcrumb","itemListElement":[{"@type":"ListItem","position":1,"name":"Home","item":"https:\/\/braintainment.com\/da\/"},{"@type":"ListItem","position":2,"name":"Tilpasset indhold"}]},{"@type":"WebSite","@id":"https:\/\/braintainment.com\/da\/#website","url":"https:\/\/braintainment.com\/da\/","name":"Braintainment","description":"","publisher":{"@id":"https:\/\/braintainment.com\/da\/#organization"},"potentialAction":[{"@type":"SearchAction","target":{"@type":"EntryPoint","urlTemplate":"https:\/\/braintainment.com\/da\/?s={search_term_string}"},"query-input":{"@type":"PropertyValueSpecification","valueRequired":true,"valueName":"search_term_string"}}],"inLanguage":"da-DK"},{"@type":"Organization","@id":"https:\/\/braintainment.com\/da\/#organization","name":"Braintainment","url":"https:\/\/braintainment.com\/da\/","logo":{"@type":"ImageObject","inLanguage":"da-DK","@id":"https:\/\/braintainment.com\/da\/#\/schema\/logo\/image\/","url":"https:\/\/braintainment.com\/wp-content\/uploads\/Logo-Braintaiment-Keesing-Color.png","contentUrl":"https:\/\/braintainment.com\/wp-content\/uploads\/Logo-Braintaiment-Keesing-Color.png","width":468,"height":98,"caption":"Braintainment"},"image":{"@id":"https:\/\/braintainment.com\/da\/#\/schema\/logo\/image\/"}}]}},"_links":{"self":[{"href":"https:\/\/braintainment.com\/da\/wp-json\/wp\/v2\/pages\/3127","targetHints":{"allow":["GET"]}}],"collection":[{"href":"https:\/\/braintainment.com\/da\/wp-json\/wp\/v2\/pages"}],"about":[{"href":"https:\/\/braintainment.com\/da\/wp-json\/wp\/v2\/types\/page"}],"author":[{"embeddable":true,"href":"https:\/\/braintainment.com\/da\/wp-json\/wp\/v2\/users\/1"}],"replies":[{"embeddable":true,"href":"https:\/\/braintainment.com\/da\/wp-json\/wp\/v2\/comments?post=3127"}],"version-history":[{"count":5,"href":"https:\/\/braintainment.com\/da\/wp-json\/wp\/v2\/pages\/3127\/revisions"}],"predecessor-version":[{"id":4468,"href":"https:\/\/braintainment.com\/da\/wp-json\/wp\/v2\/pages\/3127\/revisions\/4468"}],"wp:attachment":[{"href":"https:\/\/braintainment.com\/da\/wp-json\/wp\/v2\/media?parent=3127"}],"curies":[{"name":"wp","href":"https:\/\/api.w.org\/{rel}","templated":true}]}}